{"id":191,"date":"2023-10-10T21:24:20","date_gmt":"2023-10-10T21:24:20","guid":{"rendered":"https:\/\/www.enerconind.com\/it\/?page_id=191"},"modified":"2024-08-21T13:37:59","modified_gmt":"2024-08-21T13:37:59","slug":"frequently-asked-questions-treating","status":"publish","type":"page","link":"https:\/\/www.enerconind.com\/it\/frequently-asked-questions-treating\/","title":{"rendered":"Domande Frequenti (FAQ) &#8211; Trattamento"},"content":{"rendered":"\n\n\t\t<h1>\n\t\t\tDomande Frequenti (FAQ)\n\t\t<\/h1>\n\t\t\t<p>Come funziona il trattamento corona e che cosa fa esattamente alla superficie del sottostrato? Abbiamo risposto a queste domande e ad altre che ci vengono normalmente poste. In caso di altre domande sul trattamento delle superfici, inviarle tramite e-mail a uno dei nostri esperti per ottenere la risposta.<\/p>\t\t\n\t\t\t\tChe cosa fa il trattamento corona alla superficie delle pellicole in conversione?\n\t\t\t\t\t<p>Il trattamento corona forma un peso molecolare basso (LMWOM) sulla superficie della pellicola; <em>ossida<\/em> la superficie della pellicola e forma il lato positivo e negativo aggiungendo ed eliminando elettroni.<\/p>\n\t\t\t\tChe cos&#8217;\u00e8 la corona?\n\t\t\t\t\t<p>La corona \u00e8 aria ionizzata creata scaricando energia di tensione ad alta frequenza su un metallo o elettrodo isolato. Questo elettrodo \u00e8 posizionato sopra un rullo messo a terra. Lo spazio tra l&#8217;elettrodo e il rullo \u00e8 generalmente di 0,060&#8243; (1,5 mm) \u00c8 in questo intervallo d&#8217;aria in cui si genera la corona.<\/p>\n\t\t\t\tChe cosa sono le dine\/cm\u00b2?\n\t\t\t\t\t<p>Il livello dina \u00e8 un&#8217;unit\u00e0 di misura utilizzata per determinare l&#8217;energia di superficie (nel nostro settore) di pellicole o fogli. Molte pellicole di poliolefina hanno livelli dina bassi, intorno alla ventina superiore o trentina inferiore. Per essere in grado di convertire queste pellicole, la tensione di superficie dovr\u00e0 essere compresa tra la trentina superiore e la quarantina mediana. Il trattamento corona viene utilizzato per ottenere questo aumento nel livello dina. In che modo aderisce l&#8217;applicazione? Consultare la nostra\u00a0<a href=\"\/web-treating\/library-resource\/recommended-surface-energy-treatment-ranges-for-printing-coating-polymer-surfaces\/\" target=\"_blank\" rel=\"noopener\">matrice di intervalli di trattamento consigliati (Inglese)<\/a>.<\/p>\n\t\t\t\tQual \u00e8 la differenza tra un sistema di trattamento a rullo rivestito, a rullo nudo e a rullo universale?\n\t\t\t\t\t<p>La differenza tra i due sistemi \u00e8 relativa alla posizione dell&#8217;isolatore nella stazione di trattamento. In una stazione a rullo rivestito quest&#8217;ultimo \u00e8 isolato con qualche tipo di materiale dielettrico e l&#8217;elettrodo \u00e8 metallo nudo. In un sistema a rullo nudo, quest&#8217;ultimo non ha isolamento, ma l&#8217;elettrodo \u00e8 isolato. In una stazione a rullo universale sia il rullo a terra sia l&#8217;elettrodo sono isolati.<\/p>\n\t\t\t\t\u00c8 possibile trattare tutti i sottostrati su un sistema a rullo nudo, rivestito o universale?\n\t\t\t\t\t<p>No. Il sistema a rullo rivestito pu\u00f2 essere utilizzato solo per il trattamento di sottostrati non conduttivi. I sistemi a rullo nudo o universale possono trattare sia i sottostrati conduttivi sia quelli non conduttivi.<\/p>\n\n","protected":false},"excerpt":{"rendered":"<p>Domande Frequenti (FAQ) Come funziona il trattamento corona e che cosa fa esattamente alla superficie del sottostrato? Abbiamo risposto a queste domande e ad altre che ci vengono normalmente poste. In caso di altre domande sul trattamento delle superfici, inviarle tramite e-mail a uno dei nostri esperti per ottenere la risposta. Che cosa fa il&hellip;<\/p>\n","protected":false},"author":3,"featured_media":0,"parent":0,"menu_order":0,"comment_status":"closed","ping_status":"closed","template":"","meta":{"_acf_changed":false,"footnotes":""},"class_list":["post-191","page","type-page","status-publish","hentry"],"acf":[],"yoast_head":"<!-- This site is optimized with the Yoast SEO plugin v27.4 - https:\/\/yoast.com\/product\/yoast-seo-wordpress\/ -->\n<title>Domande Frequenti (FAQ) - Trattamento - Enercon Industries - Italiano<\/title>\n<meta name=\"description\" content=\"Hai una domanda di base sul trattamento superficiale? Trova la risposta qui.\" \/>\n<meta name=\"robots\" content=\"index, follow, max-snippet:-1, max-image-preview:large, max-video-preview:-1\" \/>\n<link rel=\"canonical\" href=\"https:\/\/www.enerconind.com\/it\/frequently-asked-questions-treating\/\" \/>\n<meta property=\"og:locale\" content=\"en_US\" \/>\n<meta property=\"og:type\" content=\"article\" \/>\n<meta property=\"og:title\" content=\"Domande Frequenti (FAQ) - Trattamento - Enercon Industries - Italiano\" \/>\n<meta property=\"og:description\" content=\"Hai una domanda di base sul trattamento superficiale? Trova la risposta qui.\" \/>\n<meta property=\"og:url\" content=\"https:\/\/www.enerconind.com\/it\/frequently-asked-questions-treating\/\" \/>\n<meta property=\"og:site_name\" content=\"Enercon Industries - Italiano\" \/>\n<meta property=\"article:modified_time\" content=\"2024-08-21T13:37:59+00:00\" \/>\n<meta name=\"twitter:card\" content=\"summary_large_image\" \/>\n<meta name=\"twitter:label1\" content=\"Est. reading time\" \/>\n\t<meta name=\"twitter:data1\" content=\"2 minutes\" \/>\n<script type=\"application\/ld+json\" class=\"yoast-schema-graph\">{\"@context\":\"https:\\\/\\\/schema.org\",\"@graph\":[{\"@type\":\"WebPage\",\"@id\":\"https:\\\/\\\/www.enerconind.com\\\/it\\\/frequently-asked-questions-treating\\\/\",\"url\":\"https:\\\/\\\/www.enerconind.com\\\/it\\\/frequently-asked-questions-treating\\\/\",\"name\":\"Domande Frequenti (FAQ) - Trattamento - Enercon Industries - Italiano\",\"isPartOf\":{\"@id\":\"https:\\\/\\\/www.enerconind.com\\\/it\\\/#website\"},\"datePublished\":\"2023-10-10T21:24:20+00:00\",\"dateModified\":\"2024-08-21T13:37:59+00:00\",\"description\":\"Hai una domanda di base sul trattamento superficiale? Trova la risposta qui.\",\"breadcrumb\":{\"@id\":\"https:\\\/\\\/www.enerconind.com\\\/it\\\/frequently-asked-questions-treating\\\/#breadcrumb\"},\"inLanguage\":\"en-US\",\"potentialAction\":[{\"@type\":\"ReadAction\",\"target\":[\"https:\\\/\\\/www.enerconind.com\\\/it\\\/frequently-asked-questions-treating\\\/\"]}]},{\"@type\":\"BreadcrumbList\",\"@id\":\"https:\\\/\\\/www.enerconind.com\\\/it\\\/frequently-asked-questions-treating\\\/#breadcrumb\",\"itemListElement\":[{\"@type\":\"ListItem\",\"position\":1,\"name\":\"Home\",\"item\":\"https:\\\/\\\/www.enerconind.com\\\/it\\\/\"},{\"@type\":\"ListItem\",\"position\":2,\"name\":\"Domande Frequenti (FAQ) &#8211; Trattamento\"}]},{\"@type\":\"WebSite\",\"@id\":\"https:\\\/\\\/www.enerconind.com\\\/it\\\/#website\",\"url\":\"https:\\\/\\\/www.enerconind.com\\\/it\\\/\",\"name\":\"Enercon Industries - Italiano\",\"description\":\"\",\"potentialAction\":[{\"@type\":\"SearchAction\",\"target\":{\"@type\":\"EntryPoint\",\"urlTemplate\":\"https:\\\/\\\/www.enerconind.com\\\/it\\\/?s={search_term_string}\"},\"query-input\":{\"@type\":\"PropertyValueSpecification\",\"valueRequired\":true,\"valueName\":\"search_term_string\"}}],\"inLanguage\":\"en-US\"}]}<\/script>\n<!-- \/ Yoast SEO plugin. -->","yoast_head_json":{"title":"Domande Frequenti (FAQ) - Trattamento - Enercon Industries - Italiano","description":"Hai una domanda di base sul trattamento superficiale? Trova la risposta qui.","robots":{"index":"index","follow":"follow","max-snippet":"max-snippet:-1","max-image-preview":"max-image-preview:large","max-video-preview":"max-video-preview:-1"},"canonical":"https:\/\/www.enerconind.com\/it\/frequently-asked-questions-treating\/","og_locale":"en_US","og_type":"article","og_title":"Domande Frequenti (FAQ) - Trattamento - Enercon Industries - Italiano","og_description":"Hai una domanda di base sul trattamento superficiale? Trova la risposta qui.","og_url":"https:\/\/www.enerconind.com\/it\/frequently-asked-questions-treating\/","og_site_name":"Enercon Industries - Italiano","article_modified_time":"2024-08-21T13:37:59+00:00","twitter_card":"summary_large_image","twitter_misc":{"Est. reading time":"2 minutes"},"schema":{"@context":"https:\/\/schema.org","@graph":[{"@type":"WebPage","@id":"https:\/\/www.enerconind.com\/it\/frequently-asked-questions-treating\/","url":"https:\/\/www.enerconind.com\/it\/frequently-asked-questions-treating\/","name":"Domande Frequenti (FAQ) - Trattamento - Enercon Industries - Italiano","isPartOf":{"@id":"https:\/\/www.enerconind.com\/it\/#website"},"datePublished":"2023-10-10T21:24:20+00:00","dateModified":"2024-08-21T13:37:59+00:00","description":"Hai una domanda di base sul trattamento superficiale? Trova la risposta qui.","breadcrumb":{"@id":"https:\/\/www.enerconind.com\/it\/frequently-asked-questions-treating\/#breadcrumb"},"inLanguage":"en-US","potentialAction":[{"@type":"ReadAction","target":["https:\/\/www.enerconind.com\/it\/frequently-asked-questions-treating\/"]}]},{"@type":"BreadcrumbList","@id":"https:\/\/www.enerconind.com\/it\/frequently-asked-questions-treating\/#breadcrumb","itemListElement":[{"@type":"ListItem","position":1,"name":"Home","item":"https:\/\/www.enerconind.com\/it\/"},{"@type":"ListItem","position":2,"name":"Domande Frequenti (FAQ) &#8211; Trattamento"}]},{"@type":"WebSite","@id":"https:\/\/www.enerconind.com\/it\/#website","url":"https:\/\/www.enerconind.com\/it\/","name":"Enercon Industries - Italiano","description":"","potentialAction":[{"@type":"SearchAction","target":{"@type":"EntryPoint","urlTemplate":"https:\/\/www.enerconind.com\/it\/?s={search_term_string}"},"query-input":{"@type":"PropertyValueSpecification","valueRequired":true,"valueName":"search_term_string"}}],"inLanguage":"en-US"}]}},"_links":{"self":[{"href":"https:\/\/www.enerconind.com\/it\/wp-json\/wp\/v2\/pages\/191","targetHints":{"allow":["GET"]}}],"collection":[{"href":"https:\/\/www.enerconind.com\/it\/wp-json\/wp\/v2\/pages"}],"about":[{"href":"https:\/\/www.enerconind.com\/it\/wp-json\/wp\/v2\/types\/page"}],"author":[{"embeddable":true,"href":"https:\/\/www.enerconind.com\/it\/wp-json\/wp\/v2\/users\/3"}],"replies":[{"embeddable":true,"href":"https:\/\/www.enerconind.com\/it\/wp-json\/wp\/v2\/comments?post=191"}],"version-history":[{"count":0,"href":"https:\/\/www.enerconind.com\/it\/wp-json\/wp\/v2\/pages\/191\/revisions"}],"wp:attachment":[{"href":"https:\/\/www.enerconind.com\/it\/wp-json\/wp\/v2\/media?parent=191"}],"curies":[{"name":"wp","href":"https:\/\/api.w.org\/{rel}","templated":true}]}}