{"id":190,"date":"2023-10-10T21:23:52","date_gmt":"2023-10-10T21:23:52","guid":{"rendered":"https:\/\/www.enerconind.com\/it\/?page_id=190"},"modified":"2024-08-21T13:36:18","modified_gmt":"2024-08-21T13:36:18","slug":"basics-treating","status":"publish","type":"page","link":"https:\/\/www.enerconind.com\/it\/basics-treating\/","title":{"rendered":"Principi Fondamentali &#8211; Trattamento"},"content":{"rendered":"\n<h1>\n\t\t\tElementi Fondamentali del Trattamento\n\t\t<\/h1>\n\t\t\t<p>Il trattamento a corona aumenta l&#8217;energia della superficie delle pellicole di plastica, fogli, carta e oggetti in polimero per migliorare la bagnabilit\u00e0 e l&#8217;adesione di inchiostri, rivestimenti e adesivi.Il trattamento \u00e8 migliore se viene trattato un sottostrato alla volta di estrusione e in linea prima della conversione.Il trattamento a corona migliora la qualit\u00e0 e la produttivit\u00e0 attraverso la qualit\u00e0 di stampa, velocit\u00e0 maggiori di pressione e minore scarto.<\/p>\t\t\n\t\t<h1>\n\t\t\tPerch\u00e9 ne ho bisogno?\n\t\t<\/h1>\n\t\t\t<p>Le pellicole e gli oggetti a polimero hanno superfici chimicamente inerti e non porose con basse tensioni di superficie che ne determinano la non ricettivit\u00e0 all&#8217;adesione di sottostrati, inchiostri di stampa, rivestimenti e adesivi.Le pellicole pretrattate, ossia quelle che hanno subito il trattamento al momento in cui sono state prodotte, mostrano una pi\u00f9 elevata energia di superficie che \u00e8 cruciale per realizzare prodotti stampati, rivestiti o laminati di qualit\u00e0.Le pellicole non trattate al momento della produzione non accettano bene la stampa, il rivestimento o la laminazione. Il contrario non sempre \u00e8 vero. Persino se la pellicola \u00e8 trattata al momento della produzione, non \u00e8 sempre garantito che la stampa, il rivestimento o la laminazione venga compiuta facilmente in un tempo successivo.Ciascun tipo di pellicola ha un&#8217;energia di superficie intrinseca (livello dina) che pu\u00f2 essere incrementata attraverso il trattamento a corona al momento della produzione. Questo livello di trattamento diminuisce nel tempo. Perci\u00f2, la pellicola che pu\u00f2 essere stampata e rivestita facilmente subito dopo la produzione pu\u00f2 perdere, nel giro di alcuni giorni o settimane, abbastanza energia di superficie da diventare non stampabile e non rivestibile.Poich\u00e9 \u00e8 pressoch\u00e9 impossibile garantire che la pellicola che si riceve venga convertita nel giro del tempo limite, \u00e8 spesso necessario ritrattarla in linea. \u00c8 importante notare che il trattamento in linea non pu\u00f2 sostituire il trattamento principale al momento della produzione. Infatti, molte pellicole, soprattutto le poliolefine (polietilene e polipropilene) sono pressoch\u00e9 intrattabili se predisposte dopo la produzione.Per assicurare una qualit\u00e0 costante, utilizzare pellicole che sono state trattate al momento della produzione e ritrattate in linea. Al fine di realizzare una produzione di qualit\u00e0 accettabile per il convertitore e il cliente finale, il sottostrato deve subire il trattamento a corona due volte:<\/p><ol><li>Al momento della produzione.<\/li><li>Prima della conversione.<\/li><\/ol><strong>Come funziona il trattamento delle superfici?<\/strong><br>Il sistema di trattamento a corona \u00e8 progettato per aumentare l&#8217;energia di superficie delle pellicole di plastica, fogli e carta per migliorarne la bagnabilit\u00e0 e l&#8217;adesione di inchiostri, rivestimenti e adesivi. Come risultato, il materiale trattato dimostrer\u00e0 una migliore qualit\u00e0 di stampa e rivestimento e una maggiore resistenza alla laminazione.Un sistema di trattamento corona consiste di due componenti principali: L&#8217;alimentatore e la stazione di trattamento.L&#8217;alimentatore accetta tensione di rete standard a 50\/60 Hz e la converte in alimentazione monofase, a frequenza pi\u00f9 elevata (10 ~ 30 kHz nominale) che viene fornita alla stazione di trattamento.La stazione di trattamento applica questa energia alla superficie del materiale, attraverso un intervallo d&#8217;aria, tramite una coppia di elettrodi ad alto potenziale un rullo con potenziale a terra che supporta il materiale. Soltanto il lato del materiale davanti all&#8217;elettrodo ad alto potenziale deve mostrare un aumento nella tensione di superficie. (Se il trattamento viene applicato all&#8217;altro lato del materiale viene chiamato trattamento sul lato posteriore).Un sistema di trattamento corona nella sua forma pi\u00f9 semplice pu\u00f2 essere visto come un condensatore. La tensione viene applicata alla piastra superiore, nel caso del sistema di trattamento corona, questo sar\u00e0 l&#8217;elettrodo. La parte dielettrica del condensatore \u00e8 costituita da qualche tipo di rullo coprente, l&#8217;aria e il sottostrato nel sistema di trattamento corona.Il componente finale o piastra inferiore, assume la forma di rullo elettricamente messo a terra. Nel sistema di trattamento corona, l&#8217;accumulo di tensione ionizza l&#8217;aria nell&#8217;intervallo, creando una corona, che aumenter\u00e0 la tensione di superficie del sottostrato passando sopra il rullo elettricamente a terra.<p><\/p>\t\t\n\t\t\t\t<img loading=\"lazy\" decoding=\"async\" src=\"https:\/\/media.enerconind.com\/wp-content\/uploads\/sites\/8\/2023\/10\/02150313\/printing-coating-laminating-3.jpg\" alt=\"printing-coating-laminating-3\" height=\"250\" width=\"350\" title=\"printing-coating-laminating-3\">\n","protected":false},"excerpt":{"rendered":"<p>Elementi Fondamentali del Trattamento Il trattamento a corona aumenta l&#8217;energia della superficie delle pellicole di plastica, fogli, carta e oggetti in polimero per migliorare la bagnabilit\u00e0 e l&#8217;adesione di inchiostri, rivestimenti e adesivi.Il trattamento \u00e8 migliore se viene trattato un sottostrato alla volta di estrusione e in linea prima della conversione.Il trattamento a corona migliora&hellip;<\/p>\n","protected":false},"author":3,"featured_media":0,"parent":0,"menu_order":0,"comment_status":"closed","ping_status":"closed","template":"","meta":{"_acf_changed":false,"footnotes":""},"class_list":["post-190","page","type-page","status-publish","hentry"],"acf":[],"yoast_head":"<!-- This site is optimized with the Yoast SEO plugin v27.4 - https:\/\/yoast.com\/product\/yoast-seo-wordpress\/ -->\n<title>Principi Fondamentali - Trattamento - Enercon Industries - Italiano<\/title>\n<meta name=\"description\" content=\"Scopri perch\u00e9 il trattamento superficiale \u00e8 importante e i componenti principali di un trattamento superficiale corona.\" \/>\n<meta name=\"robots\" content=\"index, follow, max-snippet:-1, max-image-preview:large, max-video-preview:-1\" \/>\n<link rel=\"canonical\" href=\"https:\/\/www.enerconind.com\/it\/basics-treating\/\" \/>\n<meta property=\"og:locale\" content=\"en_US\" \/>\n<meta property=\"og:type\" content=\"article\" \/>\n<meta property=\"og:title\" content=\"Principi Fondamentali - Trattamento - Enercon Industries - Italiano\" \/>\n<meta property=\"og:description\" content=\"Scopri perch\u00e9 il trattamento superficiale \u00e8 importante e i componenti principali di un trattamento superficiale corona.\" \/>\n<meta property=\"og:url\" content=\"https:\/\/www.enerconind.com\/it\/basics-treating\/\" \/>\n<meta property=\"og:site_name\" content=\"Enercon Industries - Italiano\" \/>\n<meta property=\"article:modified_time\" content=\"2024-08-21T13:36:18+00:00\" \/>\n<meta property=\"og:image\" content=\"https:\/\/www.enerconind.com\/it\/wp-content\/uploads\/sites\/8\/2023\/10\/printing-coating-laminating-3.jpg\" \/>\n<meta name=\"twitter:card\" content=\"summary_large_image\" \/>\n<meta name=\"twitter:label1\" content=\"Est. reading time\" \/>\n\t<meta name=\"twitter:data1\" content=\"4 minutes\" \/>\n<script type=\"application\/ld+json\" class=\"yoast-schema-graph\">{\"@context\":\"https:\\\/\\\/schema.org\",\"@graph\":[{\"@type\":\"WebPage\",\"@id\":\"https:\\\/\\\/www.enerconind.com\\\/it\\\/basics-treating\\\/\",\"url\":\"https:\\\/\\\/www.enerconind.com\\\/it\\\/basics-treating\\\/\",\"name\":\"Principi Fondamentali - Trattamento - Enercon Industries - Italiano\",\"isPartOf\":{\"@id\":\"https:\\\/\\\/www.enerconind.com\\\/it\\\/#website\"},\"primaryImageOfPage\":{\"@id\":\"https:\\\/\\\/www.enerconind.com\\\/it\\\/basics-treating\\\/#primaryimage\"},\"image\":{\"@id\":\"https:\\\/\\\/www.enerconind.com\\\/it\\\/basics-treating\\\/#primaryimage\"},\"thumbnailUrl\":\"https:\\\/\\\/www.enerconind.com\\\/it\\\/wp-content\\\/uploads\\\/sites\\\/8\\\/2023\\\/10\\\/printing-coating-laminating-3.jpg\",\"datePublished\":\"2023-10-10T21:23:52+00:00\",\"dateModified\":\"2024-08-21T13:36:18+00:00\",\"description\":\"Scopri perch\u00e9 il trattamento superficiale \u00e8 importante e i componenti principali di un trattamento superficiale corona.\",\"breadcrumb\":{\"@id\":\"https:\\\/\\\/www.enerconind.com\\\/it\\\/basics-treating\\\/#breadcrumb\"},\"inLanguage\":\"en-US\",\"potentialAction\":[{\"@type\":\"ReadAction\",\"target\":[\"https:\\\/\\\/www.enerconind.com\\\/it\\\/basics-treating\\\/\"]}]},{\"@type\":\"ImageObject\",\"inLanguage\":\"en-US\",\"@id\":\"https:\\\/\\\/www.enerconind.com\\\/it\\\/basics-treating\\\/#primaryimage\",\"url\":\"https:\\\/\\\/media.enerconind.com\\\/wp-content\\\/uploads\\\/sites\\\/8\\\/2023\\\/10\\\/02150313\\\/printing-coating-laminating-3.jpg\",\"contentUrl\":\"https:\\\/\\\/media.enerconind.com\\\/wp-content\\\/uploads\\\/sites\\\/8\\\/2023\\\/10\\\/02150313\\\/printing-coating-laminating-3.jpg\",\"width\":350,\"height\":250},{\"@type\":\"BreadcrumbList\",\"@id\":\"https:\\\/\\\/www.enerconind.com\\\/it\\\/basics-treating\\\/#breadcrumb\",\"itemListElement\":[{\"@type\":\"ListItem\",\"position\":1,\"name\":\"Home\",\"item\":\"https:\\\/\\\/www.enerconind.com\\\/it\\\/\"},{\"@type\":\"ListItem\",\"position\":2,\"name\":\"Principi Fondamentali &#8211; Trattamento\"}]},{\"@type\":\"WebSite\",\"@id\":\"https:\\\/\\\/www.enerconind.com\\\/it\\\/#website\",\"url\":\"https:\\\/\\\/www.enerconind.com\\\/it\\\/\",\"name\":\"Enercon Industries - Italiano\",\"description\":\"\",\"potentialAction\":[{\"@type\":\"SearchAction\",\"target\":{\"@type\":\"EntryPoint\",\"urlTemplate\":\"https:\\\/\\\/www.enerconind.com\\\/it\\\/?s={search_term_string}\"},\"query-input\":{\"@type\":\"PropertyValueSpecification\",\"valueRequired\":true,\"valueName\":\"search_term_string\"}}],\"inLanguage\":\"en-US\"}]}<\/script>\n<!-- \/ Yoast SEO plugin. -->","yoast_head_json":{"title":"Principi Fondamentali - Trattamento - Enercon Industries - Italiano","description":"Scopri perch\u00e9 il trattamento superficiale \u00e8 importante e i componenti principali di un trattamento superficiale corona.","robots":{"index":"index","follow":"follow","max-snippet":"max-snippet:-1","max-image-preview":"max-image-preview:large","max-video-preview":"max-video-preview:-1"},"canonical":"https:\/\/www.enerconind.com\/it\/basics-treating\/","og_locale":"en_US","og_type":"article","og_title":"Principi Fondamentali - Trattamento - Enercon Industries - Italiano","og_description":"Scopri perch\u00e9 il trattamento superficiale \u00e8 importante e i componenti principali di un trattamento superficiale corona.","og_url":"https:\/\/www.enerconind.com\/it\/basics-treating\/","og_site_name":"Enercon Industries - Italiano","article_modified_time":"2024-08-21T13:36:18+00:00","og_image":[{"url":"https:\/\/www.enerconind.com\/it\/wp-content\/uploads\/sites\/8\/2023\/10\/printing-coating-laminating-3.jpg","type":"","width":"","height":""}],"twitter_card":"summary_large_image","twitter_misc":{"Est. reading time":"4 minutes"},"schema":{"@context":"https:\/\/schema.org","@graph":[{"@type":"WebPage","@id":"https:\/\/www.enerconind.com\/it\/basics-treating\/","url":"https:\/\/www.enerconind.com\/it\/basics-treating\/","name":"Principi Fondamentali - Trattamento - Enercon Industries - Italiano","isPartOf":{"@id":"https:\/\/www.enerconind.com\/it\/#website"},"primaryImageOfPage":{"@id":"https:\/\/www.enerconind.com\/it\/basics-treating\/#primaryimage"},"image":{"@id":"https:\/\/www.enerconind.com\/it\/basics-treating\/#primaryimage"},"thumbnailUrl":"https:\/\/www.enerconind.com\/it\/wp-content\/uploads\/sites\/8\/2023\/10\/printing-coating-laminating-3.jpg","datePublished":"2023-10-10T21:23:52+00:00","dateModified":"2024-08-21T13:36:18+00:00","description":"Scopri perch\u00e9 il trattamento superficiale \u00e8 importante e i componenti principali di un trattamento superficiale corona.","breadcrumb":{"@id":"https:\/\/www.enerconind.com\/it\/basics-treating\/#breadcrumb"},"inLanguage":"en-US","potentialAction":[{"@type":"ReadAction","target":["https:\/\/www.enerconind.com\/it\/basics-treating\/"]}]},{"@type":"ImageObject","inLanguage":"en-US","@id":"https:\/\/www.enerconind.com\/it\/basics-treating\/#primaryimage","url":"https:\/\/media.enerconind.com\/wp-content\/uploads\/sites\/8\/2023\/10\/02150313\/printing-coating-laminating-3.jpg","contentUrl":"https:\/\/media.enerconind.com\/wp-content\/uploads\/sites\/8\/2023\/10\/02150313\/printing-coating-laminating-3.jpg","width":350,"height":250},{"@type":"BreadcrumbList","@id":"https:\/\/www.enerconind.com\/it\/basics-treating\/#breadcrumb","itemListElement":[{"@type":"ListItem","position":1,"name":"Home","item":"https:\/\/www.enerconind.com\/it\/"},{"@type":"ListItem","position":2,"name":"Principi Fondamentali &#8211; Trattamento"}]},{"@type":"WebSite","@id":"https:\/\/www.enerconind.com\/it\/#website","url":"https:\/\/www.enerconind.com\/it\/","name":"Enercon Industries - Italiano","description":"","potentialAction":[{"@type":"SearchAction","target":{"@type":"EntryPoint","urlTemplate":"https:\/\/www.enerconind.com\/it\/?s={search_term_string}"},"query-input":{"@type":"PropertyValueSpecification","valueRequired":true,"valueName":"search_term_string"}}],"inLanguage":"en-US"}]}},"_links":{"self":[{"href":"https:\/\/www.enerconind.com\/it\/wp-json\/wp\/v2\/pages\/190","targetHints":{"allow":["GET"]}}],"collection":[{"href":"https:\/\/www.enerconind.com\/it\/wp-json\/wp\/v2\/pages"}],"about":[{"href":"https:\/\/www.enerconind.com\/it\/wp-json\/wp\/v2\/types\/page"}],"author":[{"embeddable":true,"href":"https:\/\/www.enerconind.com\/it\/wp-json\/wp\/v2\/users\/3"}],"replies":[{"embeddable":true,"href":"https:\/\/www.enerconind.com\/it\/wp-json\/wp\/v2\/comments?post=190"}],"version-history":[{"count":0,"href":"https:\/\/www.enerconind.com\/it\/wp-json\/wp\/v2\/pages\/190\/revisions"}],"wp:attachment":[{"href":"https:\/\/www.enerconind.com\/it\/wp-json\/wp\/v2\/media?parent=190"}],"curies":[{"name":"wp","href":"https:\/\/api.w.org\/{rel}","templated":true}]}}