{"id":189,"date":"2023-10-10T21:23:35","date_gmt":"2023-10-10T21:23:35","guid":{"rendered":"https:\/\/www.enerconind.com\/it\/?page_id=189"},"modified":"2024-08-21T13:46:31","modified_gmt":"2024-08-21T13:46:31","slug":"products-treating","status":"publish","type":"page","link":"https:\/\/www.enerconind.com\/it\/products-treating\/","title":{"rendered":"Prodotti &#8211; Trattamento"},"content":{"rendered":"\n\n\t\t<h1>\n\t\t\tProdotti\n\t\t<\/h1>\n\t\t\t<p>I sistemi per il trattamento delle superfici di Enercon aumentano l&#8217;energia della superficie per promuovere l&#8217;adesione di stampa, rivestimento, laminazione e altri processi di conversione ed estruzione.La nostra linea di prodotti presenta la pi\u00f9 vasta gamma di soluzioni di trattamento delle superfici presente oggi sul mercato, tra cui la tecnologia a corona, fiamma e quella rivoluzionaria al plasma atmosferico. Queste tecnologie possono essere applicate a trame strette, larghe e ultra larghe, nonch\u00e9 a superfici di oggetti tridimensionali.<\/p>\t\t\n\t\n\t\t<h1>\n\t\t\tProdotti\n\t\t<\/h1>\n\t\t\t<p>In molti casi, una prova di laboratorio \u00e8 il modo migliore per determinare quale tecnologia \u00e8 pi\u00f9 adatta alla propria applicazione. Enercon pu\u00f2 aiutare il cliente a determinare se un elettrodo in metallo o ceramico \u00e8 la migliore scelta per il trattamento a corono e a massimizzare la produttivit\u00e0 combinando l&#8217;elettrodo con il rullo di trattamento ottimale. Per assistere il cliente nella valutazione delle tecnologie di trattamento, offriamo test di trattamento gratuiti presso diverse strutture di laboratorio in tutto il mondo.Molti clienti si avvalgono del nostro laboratorio per la prova dell&#8217;esclusivo sistema al plasma atmosferico Plasma3\u2122. La sua capacit\u00e0 nel fornire risultati di trattamento sui materiali che altrimenti risulterebbero non reattivi \u00e8 uno dei principali vantaggi di Plasma3\u2122. Tuttavia, la capacit\u00e0 di pulire, incidere e rendere funzionali le superfici ha reso Plasma3\u2122 soluzione irrinunciabile per molte aziende leader del settore.I sistemi per il trattamento delle superfici Enercon sono supportati centri operativi principali dislocati in modo strategico nel mondo, che a loro volta supportano la nostra estesa e altamente competente rete di vendita e assistenza.<\/p>\t\t\n\t\t<h2>\n\t\t\tPRODOTTI PER IL TRATTAMENTO DELLA CORONA\n\t\t\t\t\t\t\t\t\t\t\tAttrezzature per il Trattamento di Web e Film\n\t\t<\/h2>\n\t\t\t<a href=\"\/web-treating\/corona-treaters\/printing-coating-and-laminating\/\" target=\"_self\" rel=\"noopener\">\n\t\t\t\t\t\t\t<img decoding=\"async\" src=\"https:\/\/media.enerconind.com\/wp-content\/uploads\/sites\/8\/2023\/10\/02150322\/printing-coating-laminating-300x200.jpg\" alt=\"\" \/>\n\t\t\tStampa, Rivestimento e Laminazione\n\t\t<h4>Trattamento a larghezza fissa per convertitori<\/h4>\n\t\t\t<p>(Inglese)<\/p>\t\t\n\t\t<\/a>\n\t\t\t<a href=\"\/web-treating\/corona-treaters\/blown-and-cast-film\/\" target=\"_self\" rel=\"noopener\">\n\t\t\t\t\t\t\t<img decoding=\"async\" src=\"https:\/\/media.enerconind.com\/wp-content\/uploads\/sites\/8\/2023\/10\/02150321\/blown-and-cast-film-300x200.jpg\" alt=\"\" \/>\n\t\t\tEstrusione di Film in Bolla e Cast\n\t\t<h4>Trattamento corona a larghezza fissa e variabile<\/h4>\n\t\t\t<p>(Inglese)<\/p>\t\t\n\t\t<\/a>\n\t\t\t<a href=\"\/web-treating\/corona-treaters\/narrow-web\/\" target=\"_self\" rel=\"noopener\">\n\t\t\t\t\t\t\t<img decoding=\"async\" src=\"https:\/\/media.enerconind.com\/wp-content\/uploads\/sites\/8\/2023\/10\/02150321\/narrow-web-corona-treating-300x200.jpg\" alt=\"\" \/>\n\t\t\tBanda Stretta\n\t\t<h4>Cartellini ed etichette di larghezza inferiore a 32 pollici<\/h4>\n\t\t\t<p>(Inglese)<\/p>\t\t\n\t\t<\/a>\n\t\t\t<a href=\"\/web-treating\/corona-treaters\/power-supplies\/\" target=\"_self\" rel=\"noopener\">\n\t\t\t\t\t\t\t<img decoding=\"async\" src=\"https:\/\/media.enerconind.com\/wp-content\/uploads\/sites\/8\/2023\/10\/02150320\/power-supplies-300x200.jpg\" alt=\"\" \/>\n\t\t\tI Alimentatori\n\t\t<h4>Progettato per affidabilit\u00e0 e facilit\u00e0 d&#8217;uso<\/h4>\n\t\t\t<p>(Inglese)<\/p>\t\t\n\t\t<\/a>\n\t\t\t<a href=\"\/web-treating\/ozone\/ozonator-generator\/\" target=\"_self\" rel=\"noopener\">\n\t\t\t\t\t\t\t<img decoding=\"async\" src=\"https:\/\/media.enerconind.com\/wp-content\/uploads\/sites\/8\/2023\/10\/02150319\/ozone-generator-300x200.jpg\" alt=\"\" \/>\n\t\t\ti generatori dell&#8217;ozono\n\t\t<h4>Migliora i risultati del rivestimento per estrusione<\/h4>\n\t\t\t<p>(Inglese)<\/p>\t\t\n\t\t<\/a>\n\t\t\t<a href=\"\/web-treating\/ozone\/ozone-decomposer\/\" target=\"_self\" rel=\"noopener\">\n\t\t\t\t\t\t\t<img decoding=\"async\" src=\"https:\/\/media.enerconind.com\/wp-content\/uploads\/sites\/8\/2023\/10\/02150319\/ozone-decomposer-300x200.jpg\" alt=\"\" \/>\n\t\t\tagenti della decomposizione ozono\n\t\t<h4>Elimina l&#8217;ozono dal flusso di scarico<\/h4>\n\t\t\t<p>(Inglese)<\/p>\t\t\n\t\t<\/a>\n\t\t\t<a href=\"\/web-treating\/corona-treaters\/dyne-pens\/\" target=\"_self\" rel=\"noopener\">\n\t\t\t\t\t\t\t<img decoding=\"async\" src=\"https:\/\/media.enerconind.com\/wp-content\/uploads\/sites\/8\/2023\/10\/02150318\/dyne-pens-300x200.jpg\" alt=\"\" \/>\n\t\t\tmarcatori di dyne\n\t\t<h4>Misura dell&#8217;energia di superficie<\/h4>\n\t\t\t<p>(Inglese)<\/p>\t\t\n\t\t<\/a>\n\t\t<h2>\n\t\t\tPRODOTTI PER IL TRATTAMENTO DELLA PLASMA E FIAMMA\n\t\t\t\t\t\t\t\t\t\t\tAttrezzature per il Trattamento di Web e Film\n\t\t<\/h2>\n\t\t\t<a href=\"\/web-treating\/plasma-flame-treaters\/flame-plasma-for-webs\/\" target=\"_self\" rel=\"noopener\">\n\t\t\t\t\t\t\t<img decoding=\"async\" src=\"https:\/\/media.enerconind.com\/wp-content\/uploads\/sites\/8\/2023\/10\/02150317\/flame-plasma-web-300x200.jpg\" alt=\"\" \/>\n\t\t\tFiamma\n\t\t<h4>Trattamento alla fiamma per film e web<\/h4>\n\t\t\t<p>(Inglese)<\/p>\t\t\n\t\t<\/a>\n\t\t\t<a href=\"\/web-treating\/plasma-flame-treaters\/plasma3\/\" target=\"_self\" rel=\"noopener\">\n\t\t\t\t\t\t\t<img decoding=\"async\" src=\"https:\/\/media.enerconind.com\/wp-content\/uploads\/sites\/8\/2023\/10\/02150316\/plasma3-300x200.jpg\" alt=\"\" \/>\n\t\t\tTrattamento superficiale al plasma atmosferico\n\t\t<h4>Plasma3\u2122<\/h4>\n\t\t\t<p>(Inglese)<\/p>\t\t\n\t\t<\/a>\n\t\t\t<a href=\"\/web-treating\/plasma-flame-treaters\/plasma4\/\" target=\"_self\" rel=\"noopener\">\n\t\t\t\t\t\t\t<img decoding=\"async\" src=\"https:\/\/media.enerconind.com\/wp-content\/uploads\/sites\/8\/2023\/10\/02150315\/plasma4-main-image-300x200.jpg\" alt=\"\" \/>\n\t\t\tTrattamento superficiale al plasma atmosferico\n\t\t<h4>Plasma4\u2122<\/h4>\n\t\t\t<p>(Inglese)<\/p>\t\t\n\t\t<\/a>\n\t\t\t<a href=\"\/web-treating\/plasma-flame-treaters\/plasma-ready\/\" target=\"_self\" rel=\"noopener\">\n\t\t\t\t\t\t\t<img decoding=\"async\" src=\"https:\/\/media.enerconind.com\/wp-content\/uploads\/sites\/8\/2023\/10\/02150315\/plasma-ready-300x200.jpg\" alt=\"\" \/>\n\t\t\tTrattamento superficiale al plasma atmosferico\n\t\t<h4>PlasmaReady\u2122<\/h4>\n\t\t\t<p>(Inglese)<\/p>\t\t\n\t\t<\/a>\n\n","protected":false},"excerpt":{"rendered":"<p>Prodotti I sistemi per il trattamento delle superfici di Enercon aumentano l&#8217;energia della superficie per promuovere l&#8217;adesione di stampa, rivestimento, laminazione e altri processi di conversione ed estruzione.La nostra linea di prodotti presenta la pi\u00f9 vasta gamma di soluzioni di trattamento delle superfici presente oggi sul mercato, tra cui la tecnologia a corona, fiamma e&hellip;<\/p>\n","protected":false},"author":3,"featured_media":0,"parent":0,"menu_order":0,"comment_status":"closed","ping_status":"closed","template":"","meta":{"_acf_changed":false,"footnotes":""},"class_list":["post-189","page","type-page","status-publish","hentry"],"acf":[],"yoast_head":"<!-- This site is optimized with the Yoast SEO plugin v27.2 - https:\/\/yoast.com\/product\/yoast-seo-wordpress\/ -->\n<title>Prodotti - Trattamento - Enercon Industries - Italiano<\/title>\n<meta name=\"description\" content=\"Ottieni approfondimenti sui trattamenti superficiali al plasma e alla fiamma. Attrezzature per il trattamento superficiale al plasma e alla fiamma per produttori industriali, assemblatori e confezionatori.\" \/>\n<meta name=\"robots\" content=\"index, follow, max-snippet:-1, max-image-preview:large, max-video-preview:-1\" \/>\n<link rel=\"canonical\" href=\"https:\/\/www.enerconind.com\/it\/products-treating\/\" \/>\n<meta property=\"og:locale\" content=\"en_US\" \/>\n<meta property=\"og:type\" content=\"article\" \/>\n<meta property=\"og:title\" content=\"Prodotti - Trattamento - Enercon Industries - Italiano\" \/>\n<meta property=\"og:description\" content=\"Ottieni approfondimenti sui trattamenti superficiali al plasma e alla fiamma. Attrezzature per il trattamento superficiale al plasma e alla fiamma per produttori industriali, assemblatori e confezionatori.\" \/>\n<meta property=\"og:url\" content=\"https:\/\/www.enerconind.com\/it\/products-treating\/\" \/>\n<meta property=\"og:site_name\" content=\"Enercon Industries - Italiano\" \/>\n<meta property=\"article:modified_time\" content=\"2024-08-21T13:46:31+00:00\" \/>\n<meta property=\"og:image\" content=\"https:\/\/www.enerconind.com\/it\/wp-content\/uploads\/sites\/8\/2023\/10\/printing-coating-laminating-300x200.jpg\" \/>\n<meta name=\"twitter:card\" content=\"summary_large_image\" \/>\n<meta name=\"twitter:label1\" content=\"Est. reading time\" \/>\n\t<meta name=\"twitter:data1\" content=\"4 minutes\" \/>\n<script type=\"application\/ld+json\" class=\"yoast-schema-graph\">{\"@context\":\"https:\/\/schema.org\",\"@graph\":[{\"@type\":\"WebPage\",\"@id\":\"https:\/\/www.enerconind.com\/it\/products-treating\/\",\"url\":\"https:\/\/www.enerconind.com\/it\/products-treating\/\",\"name\":\"Prodotti - Trattamento - Enercon Industries - Italiano\",\"isPartOf\":{\"@id\":\"https:\/\/www.enerconind.com\/it\/#website\"},\"primaryImageOfPage\":{\"@id\":\"https:\/\/www.enerconind.com\/it\/products-treating\/#primaryimage\"},\"image\":{\"@id\":\"https:\/\/www.enerconind.com\/it\/products-treating\/#primaryimage\"},\"thumbnailUrl\":\"https:\/\/www.enerconind.com\/it\/wp-content\/uploads\/sites\/8\/2023\/10\/printing-coating-laminating-300x200.jpg\",\"datePublished\":\"2023-10-10T21:23:35+00:00\",\"dateModified\":\"2024-08-21T13:46:31+00:00\",\"description\":\"Ottieni approfondimenti sui trattamenti superficiali al plasma e alla fiamma. Attrezzature per il trattamento superficiale al plasma e alla fiamma per produttori industriali, assemblatori e confezionatori.\",\"breadcrumb\":{\"@id\":\"https:\/\/www.enerconind.com\/it\/products-treating\/#breadcrumb\"},\"inLanguage\":\"en-US\",\"potentialAction\":[{\"@type\":\"ReadAction\",\"target\":[\"https:\/\/www.enerconind.com\/it\/products-treating\/\"]}]},{\"@type\":\"ImageObject\",\"inLanguage\":\"en-US\",\"@id\":\"https:\/\/www.enerconind.com\/it\/products-treating\/#primaryimage\",\"url\":\"https:\/\/media.enerconind.com\/wp-content\/uploads\/sites\/8\/2023\/10\/02150322\/printing-coating-laminating.jpg\",\"contentUrl\":\"https:\/\/media.enerconind.com\/wp-content\/uploads\/sites\/8\/2023\/10\/02150322\/printing-coating-laminating.jpg\",\"width\":1500,\"height\":1000},{\"@type\":\"BreadcrumbList\",\"@id\":\"https:\/\/www.enerconind.com\/it\/products-treating\/#breadcrumb\",\"itemListElement\":[{\"@type\":\"ListItem\",\"position\":1,\"name\":\"Home\",\"item\":\"https:\/\/www.enerconind.com\/it\/\"},{\"@type\":\"ListItem\",\"position\":2,\"name\":\"Prodotti &#8211; Trattamento\"}]},{\"@type\":\"WebSite\",\"@id\":\"https:\/\/www.enerconind.com\/it\/#website\",\"url\":\"https:\/\/www.enerconind.com\/it\/\",\"name\":\"Enercon Industries - Italiano\",\"description\":\"\",\"potentialAction\":[{\"@type\":\"SearchAction\",\"target\":{\"@type\":\"EntryPoint\",\"urlTemplate\":\"https:\/\/www.enerconind.com\/it\/?s={search_term_string}\"},\"query-input\":{\"@type\":\"PropertyValueSpecification\",\"valueRequired\":true,\"valueName\":\"search_term_string\"}}],\"inLanguage\":\"en-US\"}]}<\/script>\n<!-- \/ Yoast SEO plugin. -->","yoast_head_json":{"title":"Prodotti - Trattamento - Enercon Industries - Italiano","description":"Ottieni approfondimenti sui trattamenti superficiali al plasma e alla fiamma. Attrezzature per il trattamento superficiale al plasma e alla fiamma per produttori industriali, assemblatori e confezionatori.","robots":{"index":"index","follow":"follow","max-snippet":"max-snippet:-1","max-image-preview":"max-image-preview:large","max-video-preview":"max-video-preview:-1"},"canonical":"https:\/\/www.enerconind.com\/it\/products-treating\/","og_locale":"en_US","og_type":"article","og_title":"Prodotti - Trattamento - Enercon Industries - Italiano","og_description":"Ottieni approfondimenti sui trattamenti superficiali al plasma e alla fiamma. Attrezzature per il trattamento superficiale al plasma e alla fiamma per produttori industriali, assemblatori e confezionatori.","og_url":"https:\/\/www.enerconind.com\/it\/products-treating\/","og_site_name":"Enercon Industries - Italiano","article_modified_time":"2024-08-21T13:46:31+00:00","og_image":[{"url":"https:\/\/www.enerconind.com\/it\/wp-content\/uploads\/sites\/8\/2023\/10\/printing-coating-laminating-300x200.jpg","type":"","width":"","height":""}],"twitter_card":"summary_large_image","twitter_misc":{"Est. reading time":"4 minutes"},"schema":{"@context":"https:\/\/schema.org","@graph":[{"@type":"WebPage","@id":"https:\/\/www.enerconind.com\/it\/products-treating\/","url":"https:\/\/www.enerconind.com\/it\/products-treating\/","name":"Prodotti - Trattamento - Enercon Industries - Italiano","isPartOf":{"@id":"https:\/\/www.enerconind.com\/it\/#website"},"primaryImageOfPage":{"@id":"https:\/\/www.enerconind.com\/it\/products-treating\/#primaryimage"},"image":{"@id":"https:\/\/www.enerconind.com\/it\/products-treating\/#primaryimage"},"thumbnailUrl":"https:\/\/www.enerconind.com\/it\/wp-content\/uploads\/sites\/8\/2023\/10\/printing-coating-laminating-300x200.jpg","datePublished":"2023-10-10T21:23:35+00:00","dateModified":"2024-08-21T13:46:31+00:00","description":"Ottieni approfondimenti sui trattamenti superficiali al plasma e alla fiamma. Attrezzature per il trattamento superficiale al plasma e alla fiamma per produttori industriali, assemblatori e confezionatori.","breadcrumb":{"@id":"https:\/\/www.enerconind.com\/it\/products-treating\/#breadcrumb"},"inLanguage":"en-US","potentialAction":[{"@type":"ReadAction","target":["https:\/\/www.enerconind.com\/it\/products-treating\/"]}]},{"@type":"ImageObject","inLanguage":"en-US","@id":"https:\/\/www.enerconind.com\/it\/products-treating\/#primaryimage","url":"https:\/\/media.enerconind.com\/wp-content\/uploads\/sites\/8\/2023\/10\/02150322\/printing-coating-laminating.jpg","contentUrl":"https:\/\/media.enerconind.com\/wp-content\/uploads\/sites\/8\/2023\/10\/02150322\/printing-coating-laminating.jpg","width":1500,"height":1000},{"@type":"BreadcrumbList","@id":"https:\/\/www.enerconind.com\/it\/products-treating\/#breadcrumb","itemListElement":[{"@type":"ListItem","position":1,"name":"Home","item":"https:\/\/www.enerconind.com\/it\/"},{"@type":"ListItem","position":2,"name":"Prodotti &#8211; Trattamento"}]},{"@type":"WebSite","@id":"https:\/\/www.enerconind.com\/it\/#website","url":"https:\/\/www.enerconind.com\/it\/","name":"Enercon Industries - Italiano","description":"","potentialAction":[{"@type":"SearchAction","target":{"@type":"EntryPoint","urlTemplate":"https:\/\/www.enerconind.com\/it\/?s={search_term_string}"},"query-input":{"@type":"PropertyValueSpecification","valueRequired":true,"valueName":"search_term_string"}}],"inLanguage":"en-US"}]}},"_links":{"self":[{"href":"https:\/\/www.enerconind.com\/it\/wp-json\/wp\/v2\/pages\/189","targetHints":{"allow":["GET"]}}],"collection":[{"href":"https:\/\/www.enerconind.com\/it\/wp-json\/wp\/v2\/pages"}],"about":[{"href":"https:\/\/www.enerconind.com\/it\/wp-json\/wp\/v2\/types\/page"}],"author":[{"embeddable":true,"href":"https:\/\/www.enerconind.com\/it\/wp-json\/wp\/v2\/users\/3"}],"replies":[{"embeddable":true,"href":"https:\/\/www.enerconind.com\/it\/wp-json\/wp\/v2\/comments?post=189"}],"version-history":[{"count":0,"href":"https:\/\/www.enerconind.com\/it\/wp-json\/wp\/v2\/pages\/189\/revisions"}],"wp:attachment":[{"href":"https:\/\/www.enerconind.com\/it\/wp-json\/wp\/v2\/media?parent=189"}],"curies":[{"name":"wp","href":"https:\/\/api.w.org\/{rel}","templated":true}]}}