{"id":188,"date":"2023-10-10T21:23:26","date_gmt":"2023-10-10T21:23:26","guid":{"rendered":"https:\/\/www.enerconind.com\/it\/?page_id=188"},"modified":"2024-08-21T13:35:25","modified_gmt":"2024-08-21T13:35:25","slug":"about-treating","status":"publish","type":"page","link":"https:\/\/www.enerconind.com\/it\/about-treating\/","title":{"rendered":"Sulla Enercon &#8211; Trattamento"},"content":{"rendered":"\n<h1>\n\t\t\tSulla Enercon\n\t\t<\/h1>\n\t\t\t<p>Enercon \u00e8 produttore leader mondiale di sistemi per il trattamento delle superfici e di attrezzature di supporto associate.Le societ\u00e0 appartenenti ai settori di stampa, rivestimento, laminazione ed estruzione si affidano a Enercon per la fornitura di soluzioni per il trattamento delle superfici che rendono funzionali le superfici di svariati materiali.&nbsp;<\/p>\t\t\n\t\t<h1>\n\t\t\tSulla Enercon\n\t\t<\/h1>\n\t\t\t<p><em>Sistemi per il Trattamento delle Superfici Enercon<\/em><br>Il nostro impegno \u00e8 rivolto a garantire soluzioni economiche e tecnologicamente avanzate per qualsiasi attivit\u00e0 dei clienti. Le nostre specifiche soluzioni applicative assicurano durata e prestazioni. Nel caso il cliente necessiti di assistenza supplementare, avr\u00e0 a disposizione i nostri servizi di assistenza internazionali, insuperati nel settore in termini di accessibilit\u00e0 e completezza.<em>Innovazione e impegno &#8211; Un leader mondiale<\/em><br>Le eccezionali e rivoluzionarie innovazioni sul trattamento delle superfici di Enercon potenziano le attivit\u00e0 di conversione in tutto il mondo. La nostra reputazione per tecnologia e assistenza innovative \u00e8 ben guadagnata. La nostra dedizione all&#8217;avanzamento del settore trova riscontro dal nostro pieno coinvolgimento nelle associazioni e organizzazioni commerciali.<em>Soluzioni personalizzate &#8211; Competenza applicativa<\/em><br>Offriamo da trent&#8217;anni soluzioni per il trattamento delle superfici in tutto il mondo. Il nostro rinomato team di tecnici di applicazione offre un&#8217;esperienza senza precedenti. Questi esperti di trattamento delle superfici ottimizzano le prestazioni del sistema configurando soluzioni per le specifiche esigenze del cliente.<em>Ricerca e sviluppo &#8211; Collaudo avanzato<\/em><br>Enercon impiega team di ricerca e sviluppo a tempo pieno. Le nostre strutture di collaudo esaustivo includono funzionalit\u00e0 di misura e analisi avanzate delle superfici. Livello dina, angolo di contatto, test di attrito\/scrostamento, spettroscopia fotoelettronica ai raggi X (XPS) e tempo di volo spettroscopia di massa ioni secondari (TOF-SIMS) fanno tutti parte del pacchetto di assistenza al cliente.<em>Prospettiva globale &#8211; Assistenza locale<\/em><br>La nostra rete mondiale di rappresentanti di vendita e assistenza lavorano in stretto contatto con il gruppo tecnico prima, durante e dopo l&#8217;installazione e il commissionamento. Essi offrono al cliente consulenza tecnica e assistenza pratica per assicurare che le attivit\u00e0 dello stesso funzionino con efficienza ottimale.La costante dedizione che Enercon rivolge ai clienti \u00e8 sottolineata dal servizio alla clientela e formazione, l&#8217;assistenza pronta in loco e l&#8217;avanzato servizio tecnico on-line interattivo.<\/p><h3>Tecnologie di trattamento delle superfici<\/h3><em>Sistemi per il trattamento delle superfici: Corona<\/em><br>Enercon offre una linea completa di soluzioni di trattamento a corona:<ul><li>I sistemi a rulli ricoperti sono ideali per applicazioni di estruzione di pellicole e funzionano bene nelle applicazioni di conversioni non conduttive.<\/li><li>I sistemi a rulli nudi sono potenti e affidabili e una scelta diffusa per la maggior parte delle applicazioni di conversione.<\/li><li>I sistemi a rulli universali, ossia quelli di trattamento a corona pi\u00f9 versatili, vengono utilizzati per tutte le applicazioni di conversione e possono gestire i materiali pi\u00f9 difficili da trattare.<\/li><\/ul><em>Sistemi per il trattamento delle superfici: Plasma atmosferico<\/em><br>Il rivoluzionario Plasma3\u2122 \u00e8 l&#8217;ultimissima scoperta nel trattamento delle superfici. Il sistema modifica le caratteristiche della superficie introducendovi un a &#8220;gas&#8221; o &#8220;plasma&#8221;. \u00c8 altamente efficace su materiali difficili da trattare e in applicazioni di pellicola, schiuma, tessuto, non tessuto, fibra, metallo e talco. Funziona in modo economico in atmosfera ed \u00e8 in grado di eseguire il trattamento con la maggior parte delle velocit\u00e0 di produzione.<em>Sistemi per il trattamento delle superfici: Fiamma<\/em><br>Enercon unisce oltre trent&#8217;anni di esperienza nel trattamento delle superfici con l&#8217;esperienza tecnica per creare uno straordinario trattamento al plasma con fiamma. L&#8217;esperienza di manipolazione delle reti per il trattamento delle superfici di Enercon assicura che queste vengano gestite in modo affidabile ad altissime velocit\u00e0. Un sofisticato sistema di controllo elettronico assicura che tutti gli aspetti del processo di trattamento siano controllati con precisione.<h3>Sistemi per il trattamento delle superfici dimensionati per l&#8217;applicazione del cliente<\/h3><em>Sistemi di trattamento 3D<\/em><br>I sistemi tridimensionali per il trattamento delle superfici di Enercon forniscono un maggiore adesione per applicazioni che comprendono stampa, verniciatura, rivestimento, adesione ed etichettatura. Offriamo 3 sistemi in svariate configurazioni, certi di poter trattare con successo la parte del cliente, sia essa piccola o di grandi dimensioni.<em>Sistemi a trama stretta<\/em><br>I nostri sistemi economici a trama stretta sono compatti, affidabili, semplici da azionare e offrono un trattamento a singolo e doppio lato.<em>Sistemi a trama larga<\/em><br>Gli alimentatori ultra affidabili di Enercon sono accoppiati con la tecnologia a rulli nudi, rivestiti o universale per garantire soluzioni efficaci per l&#8217;attivit\u00e0 del cliente.<em>Sistemi a trama ultra larga<\/em><br>Un progetto a gruppo elettrodi esclusivo mantiene la rigidit\u00e0 su un&#8217;ampia gamma di temperature di esercizio. \u00c8 cos\u00ec assicurato il trattamento affidabile su tutta l&#8217;intera lunghezza della stazione (fino a 10 m).<p><\/p>\n","protected":false},"excerpt":{"rendered":"<p>Sulla Enercon Enercon \u00e8 produttore leader mondiale di sistemi per il trattamento delle superfici e di attrezzature di supporto associate.Le societ\u00e0 appartenenti ai settori di stampa, rivestimento, laminazione ed estruzione si affidano a Enercon per la fornitura di soluzioni per il trattamento delle superfici che rendono funzionali le superfici di svariati materiali.&nbsp; Sulla Enercon Sistemi&hellip;<\/p>\n","protected":false},"author":3,"featured_media":0,"parent":0,"menu_order":0,"comment_status":"closed","ping_status":"closed","template":"","meta":{"_acf_changed":false,"footnotes":""},"class_list":["post-188","page","type-page","status-publish","hentry"],"acf":[],"yoast_head":"<!-- This site is optimized with the Yoast SEO plugin v27.4 - https:\/\/yoast.com\/product\/yoast-seo-wordpress\/ -->\n<title>Sulla Enercon - Trattamento - Enercon Industries - Italiano<\/title>\n<meta name=\"description\" content=\"Scopri perch\u00e9 Enercon \u00e8 leader del settore nel trattamento superficiale corona, plasma e fiamma.\" \/>\n<meta name=\"robots\" content=\"index, follow, max-snippet:-1, max-image-preview:large, max-video-preview:-1\" \/>\n<link rel=\"canonical\" href=\"https:\/\/www.enerconind.com\/it\/about-treating\/\" \/>\n<meta property=\"og:locale\" content=\"en_US\" \/>\n<meta property=\"og:type\" content=\"article\" \/>\n<meta property=\"og:title\" content=\"Sulla Enercon - Trattamento - Enercon Industries - Italiano\" \/>\n<meta property=\"og:description\" content=\"Scopri perch\u00e9 Enercon \u00e8 leader del settore nel trattamento superficiale corona, plasma e fiamma.\" \/>\n<meta property=\"og:url\" content=\"https:\/\/www.enerconind.com\/it\/about-treating\/\" \/>\n<meta property=\"og:site_name\" content=\"Enercon Industries - Italiano\" \/>\n<meta property=\"article:modified_time\" content=\"2024-08-21T13:35:25+00:00\" \/>\n<meta name=\"twitter:card\" content=\"summary_large_image\" \/>\n<meta name=\"twitter:label1\" content=\"Est. reading time\" \/>\n\t<meta name=\"twitter:data1\" content=\"4 minutes\" \/>\n<script type=\"application\/ld+json\" class=\"yoast-schema-graph\">{\"@context\":\"https:\\\/\\\/schema.org\",\"@graph\":[{\"@type\":\"WebPage\",\"@id\":\"https:\\\/\\\/www.enerconind.com\\\/it\\\/about-treating\\\/\",\"url\":\"https:\\\/\\\/www.enerconind.com\\\/it\\\/about-treating\\\/\",\"name\":\"Sulla Enercon - Trattamento - Enercon Industries - Italiano\",\"isPartOf\":{\"@id\":\"https:\\\/\\\/www.enerconind.com\\\/it\\\/#website\"},\"datePublished\":\"2023-10-10T21:23:26+00:00\",\"dateModified\":\"2024-08-21T13:35:25+00:00\",\"description\":\"Scopri perch\u00e9 Enercon \u00e8 leader del settore nel trattamento superficiale corona, plasma e fiamma.\",\"breadcrumb\":{\"@id\":\"https:\\\/\\\/www.enerconind.com\\\/it\\\/about-treating\\\/#breadcrumb\"},\"inLanguage\":\"en-US\",\"potentialAction\":[{\"@type\":\"ReadAction\",\"target\":[\"https:\\\/\\\/www.enerconind.com\\\/it\\\/about-treating\\\/\"]}]},{\"@type\":\"BreadcrumbList\",\"@id\":\"https:\\\/\\\/www.enerconind.com\\\/it\\\/about-treating\\\/#breadcrumb\",\"itemListElement\":[{\"@type\":\"ListItem\",\"position\":1,\"name\":\"Home\",\"item\":\"https:\\\/\\\/www.enerconind.com\\\/it\\\/\"},{\"@type\":\"ListItem\",\"position\":2,\"name\":\"Sulla Enercon &#8211; Trattamento\"}]},{\"@type\":\"WebSite\",\"@id\":\"https:\\\/\\\/www.enerconind.com\\\/it\\\/#website\",\"url\":\"https:\\\/\\\/www.enerconind.com\\\/it\\\/\",\"name\":\"Enercon Industries - Italiano\",\"description\":\"\",\"potentialAction\":[{\"@type\":\"SearchAction\",\"target\":{\"@type\":\"EntryPoint\",\"urlTemplate\":\"https:\\\/\\\/www.enerconind.com\\\/it\\\/?s={search_term_string}\"},\"query-input\":{\"@type\":\"PropertyValueSpecification\",\"valueRequired\":true,\"valueName\":\"search_term_string\"}}],\"inLanguage\":\"en-US\"}]}<\/script>\n<!-- \/ Yoast SEO plugin. -->","yoast_head_json":{"title":"Sulla Enercon - Trattamento - Enercon Industries - Italiano","description":"Scopri perch\u00e9 Enercon \u00e8 leader del settore nel trattamento superficiale corona, plasma e fiamma.","robots":{"index":"index","follow":"follow","max-snippet":"max-snippet:-1","max-image-preview":"max-image-preview:large","max-video-preview":"max-video-preview:-1"},"canonical":"https:\/\/www.enerconind.com\/it\/about-treating\/","og_locale":"en_US","og_type":"article","og_title":"Sulla Enercon - Trattamento - Enercon Industries - Italiano","og_description":"Scopri perch\u00e9 Enercon \u00e8 leader del settore nel trattamento superficiale corona, plasma e fiamma.","og_url":"https:\/\/www.enerconind.com\/it\/about-treating\/","og_site_name":"Enercon Industries - Italiano","article_modified_time":"2024-08-21T13:35:25+00:00","twitter_card":"summary_large_image","twitter_misc":{"Est. reading time":"4 minutes"},"schema":{"@context":"https:\/\/schema.org","@graph":[{"@type":"WebPage","@id":"https:\/\/www.enerconind.com\/it\/about-treating\/","url":"https:\/\/www.enerconind.com\/it\/about-treating\/","name":"Sulla Enercon - Trattamento - Enercon Industries - Italiano","isPartOf":{"@id":"https:\/\/www.enerconind.com\/it\/#website"},"datePublished":"2023-10-10T21:23:26+00:00","dateModified":"2024-08-21T13:35:25+00:00","description":"Scopri perch\u00e9 Enercon \u00e8 leader del settore nel trattamento superficiale corona, plasma e fiamma.","breadcrumb":{"@id":"https:\/\/www.enerconind.com\/it\/about-treating\/#breadcrumb"},"inLanguage":"en-US","potentialAction":[{"@type":"ReadAction","target":["https:\/\/www.enerconind.com\/it\/about-treating\/"]}]},{"@type":"BreadcrumbList","@id":"https:\/\/www.enerconind.com\/it\/about-treating\/#breadcrumb","itemListElement":[{"@type":"ListItem","position":1,"name":"Home","item":"https:\/\/www.enerconind.com\/it\/"},{"@type":"ListItem","position":2,"name":"Sulla Enercon &#8211; Trattamento"}]},{"@type":"WebSite","@id":"https:\/\/www.enerconind.com\/it\/#website","url":"https:\/\/www.enerconind.com\/it\/","name":"Enercon Industries - Italiano","description":"","potentialAction":[{"@type":"SearchAction","target":{"@type":"EntryPoint","urlTemplate":"https:\/\/www.enerconind.com\/it\/?s={search_term_string}"},"query-input":{"@type":"PropertyValueSpecification","valueRequired":true,"valueName":"search_term_string"}}],"inLanguage":"en-US"}]}},"_links":{"self":[{"href":"https:\/\/www.enerconind.com\/it\/wp-json\/wp\/v2\/pages\/188","targetHints":{"allow":["GET"]}}],"collection":[{"href":"https:\/\/www.enerconind.com\/it\/wp-json\/wp\/v2\/pages"}],"about":[{"href":"https:\/\/www.enerconind.com\/it\/wp-json\/wp\/v2\/types\/page"}],"author":[{"embeddable":true,"href":"https:\/\/www.enerconind.com\/it\/wp-json\/wp\/v2\/users\/3"}],"replies":[{"embeddable":true,"href":"https:\/\/www.enerconind.com\/it\/wp-json\/wp\/v2\/comments?post=188"}],"version-history":[{"count":0,"href":"https:\/\/www.enerconind.com\/it\/wp-json\/wp\/v2\/pages\/188\/revisions"}],"wp:attachment":[{"href":"https:\/\/www.enerconind.com\/it\/wp-json\/wp\/v2\/media?parent=188"}],"curies":[{"name":"wp","href":"https:\/\/api.w.org\/{rel}","templated":true}]}}