{"id":190,"date":"2023-10-10T20:57:34","date_gmt":"2023-10-10T20:57:34","guid":{"rendered":"https:\/\/www.enerconind.com\/fr\/?page_id=190"},"modified":"2024-08-21T13:27:00","modified_gmt":"2024-08-21T13:27:00","slug":"basics-treating","status":"publish","type":"page","link":"https:\/\/www.enerconind.com\/fr\/basics-treating\/","title":{"rendered":"Les Essentiels de traitement de surface"},"content":{"rendered":"\n<h1>\n\t\t\tFondamentaux sur le traitement\n\t\t<\/h1>\n\t\t\t<p>Le traitement couronne augmente l&#8217;\u00e9nergie de surface des films plastiques, feuilles, papier et objets en polym\u00e8re afin d&#8217;am\u00e9liorer la mouillabilit\u00e9 et l&#8217;adh\u00e9rence des encres, rev\u00eatements et adh\u00e9sifs.Le traitement est plus performant lorsqu&#8217;un substrat est trait\u00e9 au moment de l&#8217;extrusion et en ligne avant d&#8217;\u00eatre converti.Le traitement couronne am\u00e9liore la qualit\u00e9 et la productivit\u00e9 gr\u00e2ce \u00e0 une meilleure qualit\u00e9 d&#8217;impression, une plus grande vitesse des presses et moins de d\u00e9chets.<\/p>\t\t\n\t\t<h1>\n\t\t\tPourquoi en ai-je besoin ?\n\t\t<\/h1>\n\t\t\t<p>Les films et objets en polym\u00e8re pr\u00e9sentent des surfaces chimiquement inertes et non poreuses avec une faible tension des surfaces ce qui les rend non r\u00e9ceptives au collage des substrats, encres d&#8217;impression, rev\u00eatements et adh\u00e9sifs.Les films pr\u00e9trait\u00e9s, c&#8217;est \u00e0 dire les films dont la surface \u00e0 \u00e9t\u00e9 trait\u00e9e au moment de leur production, pr\u00e9sentent une \u00e9nergie de surface plus importante qui est cruciale pour fabriquer des produits imprim\u00e9s, enduits ou stratifi\u00e9s.Le film qui n&#8217;est pas trait\u00e9 au moment de sa production n&#8217;acceptera pas bien l&#8217;impression, le rev\u00eatement ou la stratification. L&#8217;inverse n&#8217;est pas toujours vrai. M\u00eame si le film est trait\u00e9 au moment le la production, il n&#8217;est pas toujours garanti que l&#8217;impression, le rev\u00eatement ou la stratification pourra ais\u00e9ment se faire ult\u00e9rieurement.Chaque type de film pr\u00e9sente une \u00e9nergie de surface inh\u00e9rente (dyne\/cm) que l&#8217;on peut accro\u00eetre au moyen du traitement couronne au moment de la production. Ce niveau de traitement diminue dans le temps. Donc, un film qui peut \u00eatre facilement imprim\u00e9 et enduit imm\u00e9diatement apr\u00e8s sa production peut, en quelques jours ou semaines, perdre suffisamment d&#8217;\u00e9nergie de surface pour ne plus pouvoir \u00eatre ni imprim\u00e9 ni enduit.Puisqu&#8217;il est impossible de garantir que le film que vous recevrez sera converti dans le temps requis, le retraitement en ligne est souvent indispensable. Remarquez bien que traiter en ligne ne peut remplacer le premier traitement au moment de la production. En fait de nombreux films, particuli\u00e8rement les polyol\u00e9fines (Poly\u00e9thyl\u00e8ne et Polypropyl\u00e8ne), ne peuvent pratiquement pas \u00eatre trait\u00e9s quand ils sont pr\u00e9par\u00e9s apr\u00e8s la production.Pour vous assurer d&#8217;une qualit\u00e9 constante, utilisez des films qui ont \u00e9t\u00e9 trait\u00e9s au moment de la production, puis retrait\u00e9s en ligne. Afin de fabriquer un produit qui soit d&#8217;une qualit\u00e9 acceptable pour le transformateur et le client, le substrat doit \u00eatre \u00e0 deux reprises trait\u00e9 couronne&nbsp;:<\/p><ol start=\"1\" type=\"1\"><li>Au moment de la production.<\/li><li>Avant la conversion.<\/li><\/ol><h4>Comment fonctionne le traitement de surface&nbsp;?<\/h4>Le traitement couronne a pour but d&#8217;augmenter l&#8217;\u00e9nergie en surface des films plastiques, feuilles et papier afin de permettre une meilleure mouillabilit\u00e9 et l&#8217;adh\u00e9rence des encres, rev\u00eatements et adh\u00e9sifs. Le r\u00e9sultat est que les mat\u00e9riaux trait\u00e9s pr\u00e9senteront une qualit\u00e9 am\u00e9lior\u00e9e d&#8217;impression et de rev\u00eatement et une r\u00e9sistance de la stratification plus importante.Un syst\u00e8me de traitement couronne est constitu\u00e9 de deux composants majeurs&nbsp;: l&#8217;alimentation et la station de traitement.L&#8217;alimentation \u00e9lectrique se fait \u00e0 partir du secteur en 50\/60 Hz, elle est convertie en monophas\u00e9 \u00e0 haute fr\u00e9quence (fr\u00e9quence nominale de 10 \u00e0 30 kHz) et est transmise \u00e0 la station de traitement.La station de traitement applique cette \u00e9nergie \u00e0 la surface du mat\u00e9riau \u00e0 travers un entrefer, via une paire d&#8217;\u00e9lectrodes \u00e0 fort potentiel, le rouleau supportant le mat\u00e9riau se trouvant au potentiel de la terre. Seul le c\u00f4t\u00e9 du mat\u00e9riau faisant face \u00e0 l&#8217;\u00e9lectrode \u00e0 fort potentiel doit montrer une augmentation de la tension de surface. (Si le traitement est appliqu\u00e9 de l&#8217;autre c\u00f4t\u00e9 du mat\u00e9riau il s&#8217;agit alors d&#8217;un traitement du revers).Sous sa forme la plus simple le syst\u00e8me de traitement peut \u00eatre d\u00e9crit comme un condensateur. On applique la tension sur la plaque sup\u00e9rieure qui, dans le cas du syst\u00e8me de traitement couronne, serait l&#8217;\u00e9lectrode. La partie di\u00e9lectrique du condensateur serait faite d&#8217;un type de rev\u00eatement de rouleau, d&#8217;air et d&#8217;un substrat dans le dispositif de traitement couronne. &nbsp;Le dernier composant ou la plaque du bas, prend la forme d&#8217;un rouleau \u00e9lectriquement mis \u00e0 la terre. Dans le syst\u00e8me de traitement couronne, la mont\u00e9e de la tension ionise l&#8217;air dans l&#8217;entrefer, cr\u00e9ant une couronne qui fait monter la tension de surface du substrat passant par-dessus le rouleau mis \u00e0 la terre.<p><\/p>\t\t\n\t\t\t\t<img loading=\"lazy\" decoding=\"async\" src=\"https:\/\/media.enerconind.com\/wp-content\/uploads\/sites\/7\/2023\/10\/02150244\/printing-coating-laminating-3.jpg\" alt=\"printing-coating-laminating-3\" height=\"250\" width=\"350\" title=\"printing-coating-laminating-3\">\n","protected":false},"excerpt":{"rendered":"<p>Fondamentaux sur le traitement Le traitement couronne augmente l&#8217;\u00e9nergie de surface des films plastiques, feuilles, papier et objets en polym\u00e8re afin d&#8217;am\u00e9liorer la mouillabilit\u00e9 et l&#8217;adh\u00e9rence des encres, rev\u00eatements et adh\u00e9sifs.Le traitement est plus performant lorsqu&#8217;un substrat est trait\u00e9 au moment de l&#8217;extrusion et en ligne avant d&#8217;\u00eatre converti.Le traitement couronne am\u00e9liore la qualit\u00e9 et&hellip;<\/p>\n","protected":false},"author":3,"featured_media":0,"parent":0,"menu_order":0,"comment_status":"closed","ping_status":"closed","template":"","meta":{"_acf_changed":false,"footnotes":""},"class_list":["post-190","page","type-page","status-publish","hentry"],"acf":[],"yoast_head":"<!-- This site is optimized with the Yoast SEO plugin v27.2 - https:\/\/yoast.com\/product\/yoast-seo-wordpress\/ -->\n<title>Les Essentiels de traitement de surface - Enercon Industries - Francais<\/title>\n<meta name=\"description\" content=\"D\u00e9couvrez pourquoi le traitement de surface est important et quels sont les principaux composants d&#039;un traitement de surface Corona.\" \/>\n<meta name=\"robots\" content=\"index, follow, max-snippet:-1, max-image-preview:large, max-video-preview:-1\" \/>\n<link rel=\"canonical\" href=\"https:\/\/www.enerconind.com\/fr\/basics-treating\/\" \/>\n<meta property=\"og:locale\" content=\"en_US\" \/>\n<meta property=\"og:type\" content=\"article\" \/>\n<meta property=\"og:title\" content=\"Les Essentiels de traitement de surface - Enercon Industries - Francais\" \/>\n<meta property=\"og:description\" content=\"D\u00e9couvrez pourquoi le traitement de surface est important et quels sont les principaux composants d&#039;un traitement de surface Corona.\" \/>\n<meta property=\"og:url\" content=\"https:\/\/www.enerconind.com\/fr\/basics-treating\/\" \/>\n<meta property=\"og:site_name\" content=\"Enercon Industries - Francais\" \/>\n<meta property=\"article:modified_time\" content=\"2024-08-21T13:27:00+00:00\" \/>\n<meta property=\"og:image\" content=\"https:\/\/www.enerconind.com\/fr\/wp-content\/uploads\/sites\/7\/2023\/10\/printing-coating-laminating-3.jpg\" \/>\n<meta name=\"twitter:card\" content=\"summary_large_image\" \/>\n<meta name=\"twitter:label1\" content=\"Est. reading time\" \/>\n\t<meta name=\"twitter:data1\" content=\"4 minutes\" \/>\n<script type=\"application\/ld+json\" class=\"yoast-schema-graph\">{\"@context\":\"https:\/\/schema.org\",\"@graph\":[{\"@type\":\"WebPage\",\"@id\":\"https:\/\/www.enerconind.com\/fr\/basics-treating\/\",\"url\":\"https:\/\/www.enerconind.com\/fr\/basics-treating\/\",\"name\":\"Les Essentiels de traitement de surface - Enercon Industries - Francais\",\"isPartOf\":{\"@id\":\"https:\/\/www.enerconind.com\/fr\/#website\"},\"primaryImageOfPage\":{\"@id\":\"https:\/\/www.enerconind.com\/fr\/basics-treating\/#primaryimage\"},\"image\":{\"@id\":\"https:\/\/www.enerconind.com\/fr\/basics-treating\/#primaryimage\"},\"thumbnailUrl\":\"https:\/\/www.enerconind.com\/fr\/wp-content\/uploads\/sites\/7\/2023\/10\/printing-coating-laminating-3.jpg\",\"datePublished\":\"2023-10-10T20:57:34+00:00\",\"dateModified\":\"2024-08-21T13:27:00+00:00\",\"description\":\"D\u00e9couvrez pourquoi le traitement de surface est important et quels sont les principaux composants d'un traitement de surface Corona.\",\"breadcrumb\":{\"@id\":\"https:\/\/www.enerconind.com\/fr\/basics-treating\/#breadcrumb\"},\"inLanguage\":\"en-US\",\"potentialAction\":[{\"@type\":\"ReadAction\",\"target\":[\"https:\/\/www.enerconind.com\/fr\/basics-treating\/\"]}]},{\"@type\":\"ImageObject\",\"inLanguage\":\"en-US\",\"@id\":\"https:\/\/www.enerconind.com\/fr\/basics-treating\/#primaryimage\",\"url\":\"https:\/\/media.enerconind.com\/wp-content\/uploads\/sites\/7\/2023\/10\/02150244\/printing-coating-laminating-3.jpg\",\"contentUrl\":\"https:\/\/media.enerconind.com\/wp-content\/uploads\/sites\/7\/2023\/10\/02150244\/printing-coating-laminating-3.jpg\",\"width\":350,\"height\":250},{\"@type\":\"BreadcrumbList\",\"@id\":\"https:\/\/www.enerconind.com\/fr\/basics-treating\/#breadcrumb\",\"itemListElement\":[{\"@type\":\"ListItem\",\"position\":1,\"name\":\"Home\",\"item\":\"https:\/\/www.enerconind.com\/fr\/\"},{\"@type\":\"ListItem\",\"position\":2,\"name\":\"Les Essentiels de traitement de surface\"}]},{\"@type\":\"WebSite\",\"@id\":\"https:\/\/www.enerconind.com\/fr\/#website\",\"url\":\"https:\/\/www.enerconind.com\/fr\/\",\"name\":\"Enercon Industries - Francais\",\"description\":\"\",\"potentialAction\":[{\"@type\":\"SearchAction\",\"target\":{\"@type\":\"EntryPoint\",\"urlTemplate\":\"https:\/\/www.enerconind.com\/fr\/?s={search_term_string}\"},\"query-input\":{\"@type\":\"PropertyValueSpecification\",\"valueRequired\":true,\"valueName\":\"search_term_string\"}}],\"inLanguage\":\"en-US\"}]}<\/script>\n<!-- \/ Yoast SEO plugin. -->","yoast_head_json":{"title":"Les Essentiels de traitement de surface - Enercon Industries - Francais","description":"D\u00e9couvrez pourquoi le traitement de surface est important et quels sont les principaux composants d'un traitement de surface Corona.","robots":{"index":"index","follow":"follow","max-snippet":"max-snippet:-1","max-image-preview":"max-image-preview:large","max-video-preview":"max-video-preview:-1"},"canonical":"https:\/\/www.enerconind.com\/fr\/basics-treating\/","og_locale":"en_US","og_type":"article","og_title":"Les Essentiels de traitement de surface - Enercon Industries - Francais","og_description":"D\u00e9couvrez pourquoi le traitement de surface est important et quels sont les principaux composants d'un traitement de surface Corona.","og_url":"https:\/\/www.enerconind.com\/fr\/basics-treating\/","og_site_name":"Enercon Industries - Francais","article_modified_time":"2024-08-21T13:27:00+00:00","og_image":[{"url":"https:\/\/www.enerconind.com\/fr\/wp-content\/uploads\/sites\/7\/2023\/10\/printing-coating-laminating-3.jpg","type":"","width":"","height":""}],"twitter_card":"summary_large_image","twitter_misc":{"Est. reading time":"4 minutes"},"schema":{"@context":"https:\/\/schema.org","@graph":[{"@type":"WebPage","@id":"https:\/\/www.enerconind.com\/fr\/basics-treating\/","url":"https:\/\/www.enerconind.com\/fr\/basics-treating\/","name":"Les Essentiels de traitement de surface - Enercon Industries - Francais","isPartOf":{"@id":"https:\/\/www.enerconind.com\/fr\/#website"},"primaryImageOfPage":{"@id":"https:\/\/www.enerconind.com\/fr\/basics-treating\/#primaryimage"},"image":{"@id":"https:\/\/www.enerconind.com\/fr\/basics-treating\/#primaryimage"},"thumbnailUrl":"https:\/\/www.enerconind.com\/fr\/wp-content\/uploads\/sites\/7\/2023\/10\/printing-coating-laminating-3.jpg","datePublished":"2023-10-10T20:57:34+00:00","dateModified":"2024-08-21T13:27:00+00:00","description":"D\u00e9couvrez pourquoi le traitement de surface est important et quels sont les principaux composants d'un traitement de surface Corona.","breadcrumb":{"@id":"https:\/\/www.enerconind.com\/fr\/basics-treating\/#breadcrumb"},"inLanguage":"en-US","potentialAction":[{"@type":"ReadAction","target":["https:\/\/www.enerconind.com\/fr\/basics-treating\/"]}]},{"@type":"ImageObject","inLanguage":"en-US","@id":"https:\/\/www.enerconind.com\/fr\/basics-treating\/#primaryimage","url":"https:\/\/media.enerconind.com\/wp-content\/uploads\/sites\/7\/2023\/10\/02150244\/printing-coating-laminating-3.jpg","contentUrl":"https:\/\/media.enerconind.com\/wp-content\/uploads\/sites\/7\/2023\/10\/02150244\/printing-coating-laminating-3.jpg","width":350,"height":250},{"@type":"BreadcrumbList","@id":"https:\/\/www.enerconind.com\/fr\/basics-treating\/#breadcrumb","itemListElement":[{"@type":"ListItem","position":1,"name":"Home","item":"https:\/\/www.enerconind.com\/fr\/"},{"@type":"ListItem","position":2,"name":"Les Essentiels de traitement de surface"}]},{"@type":"WebSite","@id":"https:\/\/www.enerconind.com\/fr\/#website","url":"https:\/\/www.enerconind.com\/fr\/","name":"Enercon Industries - Francais","description":"","potentialAction":[{"@type":"SearchAction","target":{"@type":"EntryPoint","urlTemplate":"https:\/\/www.enerconind.com\/fr\/?s={search_term_string}"},"query-input":{"@type":"PropertyValueSpecification","valueRequired":true,"valueName":"search_term_string"}}],"inLanguage":"en-US"}]}},"_links":{"self":[{"href":"https:\/\/www.enerconind.com\/fr\/wp-json\/wp\/v2\/pages\/190","targetHints":{"allow":["GET"]}}],"collection":[{"href":"https:\/\/www.enerconind.com\/fr\/wp-json\/wp\/v2\/pages"}],"about":[{"href":"https:\/\/www.enerconind.com\/fr\/wp-json\/wp\/v2\/types\/page"}],"author":[{"embeddable":true,"href":"https:\/\/www.enerconind.com\/fr\/wp-json\/wp\/v2\/users\/3"}],"replies":[{"embeddable":true,"href":"https:\/\/www.enerconind.com\/fr\/wp-json\/wp\/v2\/comments?post=190"}],"version-history":[{"count":0,"href":"https:\/\/www.enerconind.com\/fr\/wp-json\/wp\/v2\/pages\/190\/revisions"}],"wp:attachment":[{"href":"https:\/\/www.enerconind.com\/fr\/wp-json\/wp\/v2\/media?parent=190"}],"curies":[{"name":"wp","href":"https:\/\/api.w.org\/{rel}","templated":true}]}}