{"id":185,"date":"2023-10-10T20:56:17","date_gmt":"2023-10-10T20:56:17","guid":{"rendered":"https:\/\/www.enerconind.com\/fr\/?page_id=185"},"modified":"2024-08-21T13:26:40","modified_gmt":"2024-08-21T13:26:40","slug":"basics-sealing","status":"publish","type":"page","link":"https:\/\/www.enerconind.com\/fr\/basics-sealing\/","title":{"rendered":"Les Essentiels du processus de scellage"},"content":{"rendered":"\n<h1>\n\t\t\tLes Essentiels du processus de scellage\n\t\t<\/h1>\n\t\t\t<p>Depuis son introduction dans les ann\u00e9es 60 le processus de thermoscellage a toujours \u00e9t\u00e9 consider\u00e9 complique bien que cela ne soit pas le cas. Le thermoscellage est un processus au cour duquel une membrane de feuille d&#8217;aluminium (l&#8217;opercule) est soud\u00e9e au rebord des bocaux et des bouteilles \u00e0 l&#8217;aide de chaleur mais sans contact direct avec le produit. Le thermoscellage se d\u00e9roule apr\u00e8s avoir remplie et encapsul\u00e9 les r\u00e9cipients. Ces derniers passent tout simplement sous un syst\u00e8me de thermoscellage qui est mont\u00e9 sur la ceinture roulante. Le thermoscellage par induction est reconnu par la FDA en tant qu&#8217;un syst\u00e8me le plus efficace pour assurer des preuves de manipulation.<\/p>\t\t\n\t\t<h1>\n\t\t\tLes Essentiels du processus de scellage\n\t\t<\/h1>\n\t\t\t<p>Le syst\u00e8me standard consiste de deux composants principaux; l&#8217;alimentation \u00e9lectrique et la t\u00eate de scellage. L&#8217;\u00e9lectricit\u00e9 est un g\u00e9n\u00e9rateur \u00e9lectrique qui op\u00e8re sur medium et hautes fr\u00e9quences. La t\u00eate de scellage est un \u00e9tui en plastique o\u00fb se trouve un conducteur fa\u00e7onn\u00e9 en bobine. Une fois activ\u00e9e par l&#8217;alimentation \u00e9lectrique, la t\u00eate de scellage produit un courant \u00e9lectromagn\u00e9tique (le courant de Foucault). Une fois encapsul\u00e9es, les bouteilles passent \u00e0 travers ce courant et c&#8217;est \u00e0 ce moment que la membrane de feuille d&#8217;aluminium de l&#8217;opercule produit de la r\u00e9sistance \u00e9lectrique qui chauffe la membrane qui \u00e0 son tour fait fondre l&#8217;enduit de polym\u00e8re de l&#8217;opercule. La chaleur conjointement avec la pression \u00e9mise par le bouchon, fait lier l&#8217;opercule \u00e0 la l\u00e8vre du r\u00e9cipient. Un joint herm\u00e9tique est ainsi cr\u00e9e.La force de l&#8217;alimentation \u00e9lectrique d\u00e9pend de la taille de la fermeture et de la vitesse de la cha\u00eene de production. Le mod\u00e8le de la t\u00eate de scellage d\u00e9pend de l&#8217;application. Les formes les plus utilis\u00e9es sont les mod\u00e8les \u00ab&nbsp;t\u00eate plate&nbsp;\u00bb et mod\u00e8le \u00ab&nbsp;t\u00eate tunnel&nbsp;\u00bb. Mod\u00e8le t\u00eate plate disperse le champ magn\u00e9tique \u00e0 travers une superficie plus large, permettant de sceller un secteur plus avantageux. Mod\u00e8le t\u00eate de tunnel fait concentrer le champ magn\u00e9tique autour des c\u00f4t\u00e9s et au-dessus de la zone du bouchon. Les joints produits sont beaucoup plus herm\u00e9tiques car ces mod\u00e8les fournissent un champ \u00e9lectromagn\u00e9tique plus uniforme.L&#8217;opercule&nbsp;choisi d\u00e9pend \u00e9galement de l&#8217;application. De plus, il existe plusieurs combinaisons de mat\u00e9riaux disponibles pour la fabrication des opercules y compris les membranes de feuille d&#8217;aluminium avec doublure int\u00e9rieure de caoutchouc mousse ou de papier. Les opercules peuvent \u00e9galement inclure des logos choisis par le client, marques d\u00e9pos\u00e9es, ou d&#8217;autres messages, tels que &#8220;scell\u00e9 pour la fra\u00eecheur.&#8221; Aux circonstances o\u00f9 la membrane de l&#8217;opercule se compose de deux couches, la membrane de feuille d&#8217;aluminium chauff\u00e9e, fait fondre \u00e9galement la couche de cire. La cire est absorb\u00e9e par la membrane en carton de p\u00e2te de l&#8217;opercule de ce fait lib\u00e9rant la membrane de feuille d&#8217;aluminium du panneau de pulpe.<br>En certains cas, les opercules sont tr\u00e8s forts et il faut qu&#8217;ils soient bris\u00e9s afin d&#8217;avoir acc\u00e8s au contenu du r\u00e9cipient. Dans d&#8217;autres cas les opercules sont facilement d\u00e9coll\u00e9s. L&#8217;opercule qui convient mieux \u00e0 votre produit d\u00e9pend de plusieurs variables. Pour trouver le bon opercule, nous vous recommandons de consulter votre fournisseur de bouchons ou les fabricants m\u00eames des opercules.Il est plus facile de sceller les r\u00e9cipients en plastique aux capsules en plastique \u00e0 vis, que de sceller les autres genres d&#8217;application ou il faut &#8211; par fois &#8211; plus de temps afin de r\u00e9ussir. Il est \u00e9galement possible de sceller les r\u00e9cipients en verre et de les faire sceller avec des capsules en m\u00e9tal. De toute fa\u00e7on, ces deux applications posent des d\u00e9fis. Il se pourrait que les r\u00e9cipients en verre devraient \u00eatre trait\u00e9s afin que la l\u00e8vre du r\u00e9cipient puisse \u00eatre scell\u00e9e. Bien qu&#8217;il soit possible au point de vue technique, le thermoscellage par induction utilisant des capsules en m\u00e9tal exige certaines consid\u00e9rations. Le thermoscelleur chauffera la membrane de feuille d&#8217;aluminium de&nbsp;l&#8217;opercule et la capsule en m\u00e9tal. Ceci pr\u00e9sentera un probl\u00e8me de s\u00fbret\u00e9 possible car la capsule prendra du temps \u00e0 refroidir. En effet, la chaleur des capsules m\u00e9tals chauf\u00e9es pourra \u00e9galement fondre les fils en plastique d&#8217;un r\u00e9cipient.<\/p><h3><a name=\"whatsnew\"><\/a>Les Nouvelles T\u00e9chnologies<\/h3>Les thermoscelleurs produisent de la chaleur, et les fabricants les ont traditionnellement refroidis \u00e0 l&#8217;eau. Dans les 5 derni\u00e8res ann\u00e9es, le refroidissement \u00e0 l&#8217;air est devenue la solution pr\u00e9f\u00e9r\u00e9e gr\u00e2ce aux am\u00e9liorations dans le domaine de la technologie de l&#8217;alimentation \u00e9lectrique. Actuellement, les g\u00e9n\u00e9rateurs \u00e9lectriques refroidis \u00e0 l&#8217;air sont en mesure de fonctionner aux vitesses qui, autre fois, n&#8217;\u00e9taient possibles qu&#8217;avec les g\u00e9n\u00e9rateurs \u00e9lectriques refroidis \u00e0 l&#8217;eau. En outre, les g\u00e9n\u00e9rateurs \u00e9lectriques refroidis \u00e0 l&#8217;air sont moins on\u00e9reux que ses \u00e9quivalents refroidis \u00e0 l&#8217;eau et ils ne pr\u00e9sentent pas la difficult\u00e9 de maintenir un syst\u00e8me de recyclage d&#8217;eau. La gamme d&#8217;application \u00e0 la quelle les syst\u00e8mes refroidis \u00e0 l&#8217;air peuvent r\u00e9pondre est plus \u00e9tendue que celle des syst\u00e8mes refroidis \u00e0 l&#8217;eau.Le thermoscellage sans aide de capsule, est une innovation assez r\u00e9cente. Normalement, il faut de la chaleur ainsi que la pression exer\u00e7\u00e9e par les capsules pour d\u00e9rouler le processus de scellage afin de souder l&#8217;opercule \u00e0 la l\u00e8vre du r\u00e9cipient. S&#8217;il n y a pas de capsule, il faut trouver un autre moyen de cr\u00e9er de la pression. Certains syst\u00e8mes utilisent une ceinture a\u00e9rienne pour appliquer la pression et certains utilisent des m\u00e9thodes pneumatiques.Pour conclure, il existe des kits de conversion pour changer des syst\u00e8mes de scellage de conduction en syst\u00e8mes de thermoscellage. Ayant la capacit\u00e9 de se mettre en marche de mani\u00e8re spontan\u00e9e, de fonctionner \u00e0 des vitesses plus \u00e9lev\u00e9es, \u00e9conomique et d&#8217;exiger moins d&#8217;entretien; les syst\u00e8mes de thermoscellage sont plus efficaces que leurs \u00e9quivalents de conduction.<h3>Choisir le meilleur scelleur<\/h3>La taille et le style de la capsule ainsi que la vitesse de la cha\u00eene de production repr\u00e9sentent les trois facteurs principaux \u00e0 consid\u00e9rer au moment de choisir un thermoscelleur. Il est \u00e9galement important de prendre en consid\u00e9ration le style et la composition du r\u00e9cipient, la composition de l&#8217;opercule et les propri\u00e9t\u00e9s du produit lui-m\u00eame. Comme mentionn\u00e9 pr\u00e9c\u00e9demment, l&#8217;encapsulage des bouteilles en plastique aux capsules en plastique est&nbsp;le processus le plus facile.<br>En g\u00e9n\u00e9ral il est con\u00e7u qu&#8217;il un rapport entre le niveau de l&#8217;alimentation \u00e9lectrique en terme de kilowatt et sa possibilit\u00e9 de sceller, ceci n&#8217;est pas correcte. Bien qu&#8217;il soit g\u00e9n\u00e9ralement accept\u00e9 que la puissance du syst\u00e8me d\u00e9pend du taux de kilowatt, un niveau \u00e9lev\u00e9 de kilowatts ne m\u00e8ne pas n\u00e9cessairement \u00e0 un taux plus \u00e9lev\u00e9 de scellage. Le taux de kilowatt fait partie d&#8217;une \u00e9quation plus compliqu\u00e9e. Le transfert d&#8217;\u00e9nergie du g\u00e9n\u00e9rateur \u00e9lectrique \u00e0 la t\u00eate de scellage repr\u00e9sente la secret du succ\u00e8s pour cr\u00e9er un system de scellage rapide, efficace et constant.Les t\u00eates de scellage sont toutes diff\u00e9rentes; concevoir une bobine d&#8217;induction pour chaque t\u00eate de scellage est un art ainsi qu&#8217;une science. Si le mod\u00e8le de la bobine lui-m\u00eame n&#8217;est pas correct, l&#8217;augmentation de l&#8217;alimentation \u00e9lectrique ne r\u00e9sultera qu&#8217;en pertes d&#8217;\u00e9nergie et cela n&#8217;am\u00e9liorera ni la qualit\u00e9, ni le taux de scellage \u00e0 un niveau exceptionel.Les fournisseurs r\u00e9put\u00e9s est bien connus, souligneront l&#8217;importance de la performance du processus de scellage et de l&#8217;efficacit\u00e9 du syst\u00e8me plut\u00f4t que les taux de kilowatt du syst\u00e8me. Nous avons vu beaucoup de thermoscelleurs dou\u00e9s \u00e0 1 ou \u00e0 2 kilowatts qui ont surpass\u00e9s des syst\u00e8mes avec des taux de kilowatt plus \u00e9lev\u00e9s. Ne vous fiez pas aux fournisseurs qui proclament que l&#8217;efficacit\u00e9 du processus de thermoscellage d\u00e9pend du niveau de kilowatt disponible&nbsp;; ce n&#8217;est simplement pas le cas.<p><\/p>\t\t\n\t\t\t\t<img loading=\"lazy\" decoding=\"async\" src=\"https:\/\/media.enerconind.com\/wp-content\/uploads\/sites\/7\/2023\/10\/02150254\/how-do-i-set-up-my-induction-sealer.jpg\" alt=\"how-do-i-set-up-my-induction-sealer\" height=\"225\" width=\"400\" title=\"how-do-i-set-up-my-induction-sealer\">\n","protected":false},"excerpt":{"rendered":"<p>Les Essentiels du processus de scellage Depuis son introduction dans les ann\u00e9es 60 le processus de thermoscellage a toujours \u00e9t\u00e9 consider\u00e9 complique bien que cela ne soit pas le cas. Le thermoscellage est un processus au cour duquel une membrane de feuille d&#8217;aluminium (l&#8217;opercule) est soud\u00e9e au rebord des bocaux et des bouteilles \u00e0 l&#8217;aide&hellip;<\/p>\n","protected":false},"author":3,"featured_media":0,"parent":0,"menu_order":0,"comment_status":"closed","ping_status":"closed","template":"","meta":{"_acf_changed":false,"footnotes":""},"class_list":["post-185","page","type-page","status-publish","hentry"],"acf":[],"yoast_head":"<!-- This site is optimized with the Yoast SEO plugin v27.4 - https:\/\/yoast.com\/product\/yoast-seo-wordpress\/ -->\n<title>Les Essentiels du processus de scellage - Enercon Industries - Francais<\/title>\n<meta name=\"description\" content=\"Apprenez les bases d\u2019une scelleuse de bouchons par induction et de ses principaux composants.\" \/>\n<meta name=\"robots\" content=\"index, follow, max-snippet:-1, max-image-preview:large, max-video-preview:-1\" \/>\n<link rel=\"canonical\" href=\"https:\/\/www.enerconind.com\/fr\/basics-sealing\/\" \/>\n<meta property=\"og:locale\" content=\"en_US\" \/>\n<meta property=\"og:type\" content=\"article\" \/>\n<meta property=\"og:title\" content=\"Les Essentiels du processus de scellage - Enercon Industries - Francais\" \/>\n<meta property=\"og:description\" content=\"Apprenez les bases d\u2019une scelleuse de bouchons par induction et de ses principaux composants.\" \/>\n<meta property=\"og:url\" content=\"https:\/\/www.enerconind.com\/fr\/basics-sealing\/\" \/>\n<meta property=\"og:site_name\" content=\"Enercon Industries - Francais\" \/>\n<meta property=\"article:modified_time\" content=\"2024-08-21T13:26:40+00:00\" \/>\n<meta property=\"og:image\" content=\"https:\/\/www.enerconind.com\/fr\/wp-content\/uploads\/sites\/7\/2023\/10\/how-do-i-set-up-my-induction-sealer.jpg\" \/>\n<meta name=\"twitter:card\" content=\"summary_large_image\" \/>\n<meta name=\"twitter:label1\" content=\"Est. reading time\" \/>\n\t<meta name=\"twitter:data1\" content=\"6 minutes\" \/>\n<script type=\"application\/ld+json\" class=\"yoast-schema-graph\">{\"@context\":\"https:\\\/\\\/schema.org\",\"@graph\":[{\"@type\":\"WebPage\",\"@id\":\"https:\\\/\\\/www.enerconind.com\\\/fr\\\/basics-sealing\\\/\",\"url\":\"https:\\\/\\\/www.enerconind.com\\\/fr\\\/basics-sealing\\\/\",\"name\":\"Les Essentiels du processus de scellage - Enercon Industries - Francais\",\"isPartOf\":{\"@id\":\"https:\\\/\\\/www.enerconind.com\\\/fr\\\/#website\"},\"primaryImageOfPage\":{\"@id\":\"https:\\\/\\\/www.enerconind.com\\\/fr\\\/basics-sealing\\\/#primaryimage\"},\"image\":{\"@id\":\"https:\\\/\\\/www.enerconind.com\\\/fr\\\/basics-sealing\\\/#primaryimage\"},\"thumbnailUrl\":\"https:\\\/\\\/www.enerconind.com\\\/fr\\\/wp-content\\\/uploads\\\/sites\\\/7\\\/2023\\\/10\\\/how-do-i-set-up-my-induction-sealer.jpg\",\"datePublished\":\"2023-10-10T20:56:17+00:00\",\"dateModified\":\"2024-08-21T13:26:40+00:00\",\"description\":\"Apprenez les bases d\u2019une scelleuse de bouchons par induction et de ses principaux composants.\",\"breadcrumb\":{\"@id\":\"https:\\\/\\\/www.enerconind.com\\\/fr\\\/basics-sealing\\\/#breadcrumb\"},\"inLanguage\":\"en-US\",\"potentialAction\":[{\"@type\":\"ReadAction\",\"target\":[\"https:\\\/\\\/www.enerconind.com\\\/fr\\\/basics-sealing\\\/\"]}]},{\"@type\":\"ImageObject\",\"inLanguage\":\"en-US\",\"@id\":\"https:\\\/\\\/www.enerconind.com\\\/fr\\\/basics-sealing\\\/#primaryimage\",\"url\":\"https:\\\/\\\/media.enerconind.com\\\/wp-content\\\/uploads\\\/sites\\\/7\\\/2023\\\/10\\\/02150254\\\/how-do-i-set-up-my-induction-sealer.jpg\",\"contentUrl\":\"https:\\\/\\\/media.enerconind.com\\\/wp-content\\\/uploads\\\/sites\\\/7\\\/2023\\\/10\\\/02150254\\\/how-do-i-set-up-my-induction-sealer.jpg\",\"width\":400,\"height\":225},{\"@type\":\"BreadcrumbList\",\"@id\":\"https:\\\/\\\/www.enerconind.com\\\/fr\\\/basics-sealing\\\/#breadcrumb\",\"itemListElement\":[{\"@type\":\"ListItem\",\"position\":1,\"name\":\"Home\",\"item\":\"https:\\\/\\\/www.enerconind.com\\\/fr\\\/\"},{\"@type\":\"ListItem\",\"position\":2,\"name\":\"Les Essentiels du processus de scellage\"}]},{\"@type\":\"WebSite\",\"@id\":\"https:\\\/\\\/www.enerconind.com\\\/fr\\\/#website\",\"url\":\"https:\\\/\\\/www.enerconind.com\\\/fr\\\/\",\"name\":\"Enercon Industries - Francais\",\"description\":\"\",\"potentialAction\":[{\"@type\":\"SearchAction\",\"target\":{\"@type\":\"EntryPoint\",\"urlTemplate\":\"https:\\\/\\\/www.enerconind.com\\\/fr\\\/?s={search_term_string}\"},\"query-input\":{\"@type\":\"PropertyValueSpecification\",\"valueRequired\":true,\"valueName\":\"search_term_string\"}}],\"inLanguage\":\"en-US\"}]}<\/script>\n<!-- \/ Yoast SEO plugin. -->","yoast_head_json":{"title":"Les Essentiels du processus de scellage - Enercon Industries - Francais","description":"Apprenez les bases d\u2019une scelleuse de bouchons par induction et de ses principaux composants.","robots":{"index":"index","follow":"follow","max-snippet":"max-snippet:-1","max-image-preview":"max-image-preview:large","max-video-preview":"max-video-preview:-1"},"canonical":"https:\/\/www.enerconind.com\/fr\/basics-sealing\/","og_locale":"en_US","og_type":"article","og_title":"Les Essentiels du processus de scellage - Enercon Industries - Francais","og_description":"Apprenez les bases d\u2019une scelleuse de bouchons par induction et de ses principaux composants.","og_url":"https:\/\/www.enerconind.com\/fr\/basics-sealing\/","og_site_name":"Enercon Industries - Francais","article_modified_time":"2024-08-21T13:26:40+00:00","og_image":[{"url":"https:\/\/www.enerconind.com\/fr\/wp-content\/uploads\/sites\/7\/2023\/10\/how-do-i-set-up-my-induction-sealer.jpg","type":"","width":"","height":""}],"twitter_card":"summary_large_image","twitter_misc":{"Est. reading time":"6 minutes"},"schema":{"@context":"https:\/\/schema.org","@graph":[{"@type":"WebPage","@id":"https:\/\/www.enerconind.com\/fr\/basics-sealing\/","url":"https:\/\/www.enerconind.com\/fr\/basics-sealing\/","name":"Les Essentiels du processus de scellage - Enercon Industries - Francais","isPartOf":{"@id":"https:\/\/www.enerconind.com\/fr\/#website"},"primaryImageOfPage":{"@id":"https:\/\/www.enerconind.com\/fr\/basics-sealing\/#primaryimage"},"image":{"@id":"https:\/\/www.enerconind.com\/fr\/basics-sealing\/#primaryimage"},"thumbnailUrl":"https:\/\/www.enerconind.com\/fr\/wp-content\/uploads\/sites\/7\/2023\/10\/how-do-i-set-up-my-induction-sealer.jpg","datePublished":"2023-10-10T20:56:17+00:00","dateModified":"2024-08-21T13:26:40+00:00","description":"Apprenez les bases d\u2019une scelleuse de bouchons par induction et de ses principaux composants.","breadcrumb":{"@id":"https:\/\/www.enerconind.com\/fr\/basics-sealing\/#breadcrumb"},"inLanguage":"en-US","potentialAction":[{"@type":"ReadAction","target":["https:\/\/www.enerconind.com\/fr\/basics-sealing\/"]}]},{"@type":"ImageObject","inLanguage":"en-US","@id":"https:\/\/www.enerconind.com\/fr\/basics-sealing\/#primaryimage","url":"https:\/\/media.enerconind.com\/wp-content\/uploads\/sites\/7\/2023\/10\/02150254\/how-do-i-set-up-my-induction-sealer.jpg","contentUrl":"https:\/\/media.enerconind.com\/wp-content\/uploads\/sites\/7\/2023\/10\/02150254\/how-do-i-set-up-my-induction-sealer.jpg","width":400,"height":225},{"@type":"BreadcrumbList","@id":"https:\/\/www.enerconind.com\/fr\/basics-sealing\/#breadcrumb","itemListElement":[{"@type":"ListItem","position":1,"name":"Home","item":"https:\/\/www.enerconind.com\/fr\/"},{"@type":"ListItem","position":2,"name":"Les Essentiels du processus de scellage"}]},{"@type":"WebSite","@id":"https:\/\/www.enerconind.com\/fr\/#website","url":"https:\/\/www.enerconind.com\/fr\/","name":"Enercon Industries - Francais","description":"","potentialAction":[{"@type":"SearchAction","target":{"@type":"EntryPoint","urlTemplate":"https:\/\/www.enerconind.com\/fr\/?s={search_term_string}"},"query-input":{"@type":"PropertyValueSpecification","valueRequired":true,"valueName":"search_term_string"}}],"inLanguage":"en-US"}]}},"_links":{"self":[{"href":"https:\/\/www.enerconind.com\/fr\/wp-json\/wp\/v2\/pages\/185","targetHints":{"allow":["GET"]}}],"collection":[{"href":"https:\/\/www.enerconind.com\/fr\/wp-json\/wp\/v2\/pages"}],"about":[{"href":"https:\/\/www.enerconind.com\/fr\/wp-json\/wp\/v2\/types\/page"}],"author":[{"embeddable":true,"href":"https:\/\/www.enerconind.com\/fr\/wp-json\/wp\/v2\/users\/3"}],"replies":[{"embeddable":true,"href":"https:\/\/www.enerconind.com\/fr\/wp-json\/wp\/v2\/comments?post=185"}],"version-history":[{"count":0,"href":"https:\/\/www.enerconind.com\/fr\/wp-json\/wp\/v2\/pages\/185\/revisions"}],"wp:attachment":[{"href":"https:\/\/www.enerconind.com\/fr\/wp-json\/wp\/v2\/media?parent=185"}],"curies":[{"name":"wp","href":"https:\/\/api.w.org\/{rel}","templated":true}]}}