{"id":183,"date":"2023-10-10T20:55:46","date_gmt":"2023-10-10T20:55:46","guid":{"rendered":"https:\/\/www.enerconind.com\/fr\/?page_id=183"},"modified":"2024-08-21T13:25:48","modified_gmt":"2024-08-21T13:25:48","slug":"about-sealing","status":"publish","type":"page","link":"https:\/\/www.enerconind.com\/fr\/about-sealing\/","title":{"rendered":"\u00c0 propos d\u2019Enercon &#8211; Scellage"},"content":{"rendered":"\n<h1>\n\t\t\t\u00c0 propos d&#8217;Enercon\n\t\t<\/h1>\n\t\t\t<p>Enercon est le leader mondial de fabrication des syst\u00e8mes de thermoscellage par induction et des \u00e9quipements de soutien associ\u00e9s.L&#8217;industrie d&#8217;emballage compte sur Enercon pour fournir la solution d&#8217;encapsulage par induction ainsi que celles de scellage sans bouchons, qui guaranti des joints herm\u00e9tiques pour emp\u00eacher les fuites, pour prolonger la dur\u00e9e de conservation des produits, pour fournir des preuves de manipulation et pour conserver la fra\u00eecheur.<\/p>\t\t\n\t\t<h1>\n\t\t\t\u00c0 propos d&#8217;Enercon\n\t\t<\/h1>\n\t\t\t<p><em>Les systems de thermoscellage par induction d&#8217;Enercon<\/em><br>Nous engageons \u00e0 resoudre vos problemes de thermoscellage en utilisant la toute derni\u00e8re technologie et la plus rentable. Nos solutions sp\u00e9cifiques d&#8217;application, assurent une dur\u00e9e et une performance de production la plus rapide et la plus favorable. Au besoinsd&#8217;aide suplementaire vous decouvrirez que nos op\u00e9rations mondiales de soutien sont les plus accessibles et les plus compr\u00e9hensives de notre industrie.<em>L&#8217;Innovation et l&#8217;Engagement &#8211; Leader Mondial<\/em><br>La fiabilit\u00e9 incomparable d&#8217;Enercon ainsi que ses innovations r\u00e9volutionnaires de thermoscellage par induction, facilitent la mani\u00e8re de travailler pour l&#8217;industrie d&#8217;emballage dans le monde entier. Nous avons bien travaill\u00e9 pour \u00e9tablir non seulement une r\u00e9putation incomparable mais aussi un r\u00e9seau de soutien de niveau international. Notre participation vigoureuse dans les associations et les organisations commerciales fait preuve du fait que nous tenons \u00e0 faire avancer l&#8217;industrie.<em>Les solutions adapt\u00e9es aux besoins du client &#8211; Expertise d&#8217;Application<\/em><br>Depuis plus de 35 ans, Enercon a fourni des solutions de thermoscellage par induction \u00e0 l&#8217;\u00e9chelle mondiale. Notre \u00e9quipe respect\u00e9e d&#8217;ing\u00e9nieurs t\u00e9chnico-commercials offre une \u00e9tendue incomparable d&#8217;exp\u00e9rience. En configurant des solutions adapt\u00e9es a vos besoins sp\u00e9cifiques, ces experts en mati\u00e8re d&#8217;encapsulage par induction, sont a m\u00eame d&#8217;optimiser la performance des syst\u00e8mes.<em>Recherche et D\u00e9veloppement &#8211; Execution d&#8217;Essais Avanc\u00e9es<\/em><br>Enercon dispose d&#8217;une \u00e9quipe de recherche et de d\u00e9veloppement qui travaille \u00e0 plein temps. Il existe dans notre r\u00e9seau \u00e9tendu de laboratoires d&#8217;essai des possibilit\u00e9s pour d\u00e9velopper des solutions innovatrices de thermoscellage. L&#8217;\u00e9volution continuelle des r\u00e9cipients et des fermetures de formes rondes aux formes differentes, a pousse Enercon a etre \u00ab&nbsp;Premiere&nbsp;\u00bb \u00e0 d\u00e9velopper de nouvelles solutions d&#8217;encapsulage par induction pour ces applications uniques.<em>Perspective Mondiale &#8211; Appui Local<\/em><br>Notre r\u00e9seau mondial de service de vente et de service de client\u00e8le travaille en \u00e9troite collaboration avec votre \u00e9quipe technique au cours de l&#8217;installation enti\u00e8re (de d\u00e9but \u00e0 la fin) de votre syst\u00e8me. Vous aurez donc \u00e0 votre disposition les meilleurs conseils techniques ainsi que l&#8217;aide pratique, ce qui assurera a la continuation de votre production un maximum d&#8217;efficacit\u00e9.La sup\u00e9riorit\u00e9 de notre service client\u00e8le et de nos programmes de formation, notre rapide capacit\u00e9 de pourvoir un service global sur le champ et de fournir un soutien technique interactif en ligne le plus avanc\u00e9, font preuve de la d\u00e9dication \u00e0 la client\u00e8le d&#8217;Enercon.<\/p><h3>Les T\u00e9chnologie d&#8217;Encapsulage par Induction<\/h3>L&#8217;innovation continue \u00e0 faire avancer la technologie de thermoscellage par induction. Cette innovation a non seulement permi de cr\u00e9er des syst\u00e8mes plus petits en utilisant une \u00e9lectronique moins volumineuse, mais a \u00e9galement simplifi\u00e9 les fonctions du thermoscelleur en \u00e9liminant la n\u00e9cessit\u00e9, pour la plupart d&#8217;applications, d&#8217;utiliser un syst\u00e8me de refroidissement \u00e0 l&#8217;eau. L&#8217;entretien du thermoscelleur d&#8217;aujourd&#8217;hui est minimal et sa fiabilit\u00e9 est in\u00e9gale.Cette innovation a non seulement facilit\u00e9 l&#8217;am\u00e9lioration de nos syst\u00e8mes traditionnels, mais elle a \u00e9galement donn\u00e9 lieu \u00e0 la cr\u00e9ation d&#8217;une solution diff\u00e9rente pour les syst\u00e8mes de thermoscellage! Gr\u00e2ce \u00e0 la technologie d&#8217;induction actuelle, il est maintenant possible de faire sceller les r\u00e9cipients sans capsule en plastique rigide! Qu&#8217;il faille sceller un produit sans capsule, ou qu&#8217;il faille encapsuler le produit apr\u00e8s l&#8217;avoir contr\u00f4ler, au cas ou ce dernier n&#8217;aurait pas besoin de capsule (eg les yaourts, jus de fruits).<h3>Systemes de scellage d&#8217;induction pour vos besoins specifiques<\/h3>Les formes et les tailles de syst\u00e8mes de thermoscellage par induction actuellement disponibles sont nombreuse. Vos conditions d&#8217;application et de production, d\u00e9terminent le meilleur syst\u00e8me pour vous. Notre thermoscelleur portatif &nbsp;&nbsp;<a href=\"\/sealing\/cap-sealers\/super-seal-jr\/\" target=\"_blank\" rel=\"noopener\">Super Seal Jr\u2122 (Anglais)<\/a>, est con\u00e7u pour les essais laboratoires et pour les occasions de petites productions manuelles. En outre, nous offrons une reprise jusqu&#8217;\u00e0 100% de valeur sur nos syst\u00e8mes Compak Junior\u2122 si vous choisissiez d&#8217;am\u00e9liorer \u00e0 un syst\u00e8me int\u00e9gr\u00e9 d&#8217;encapsulage Enercon.Que votre produit soit encapsule \u00e0 une nombre modeste de r\u00e9cipient par minute ou \u00e0 une centaine de r\u00e9cipient par minute, Enercon a un syst\u00e8me int\u00e9gr\u00e9 qui scellera votre produit de la fa\u00e7on qui vous conviendra le mieux. Le mod\u00e8le de capsule, la taille de capsule, la rapidit\u00e9 au quel le produit passe sur la ligne de production, ainsi que les particularit\u00e9s que vous d\u00e9sir\u00e9z, d\u00e9termineront si notre gamme&nbsp;<a href=\"\/sealing\/cap-sealers\/super-seal\/\" target=\"_blank\" rel=\"noopener\">Super Seal\u2122 (Anglais)<\/a>&nbsp;refroidi a l&#8217;air.<p><\/p>\n","protected":false},"excerpt":{"rendered":"<p>\u00c0 propos d&#8217;Enercon Enercon est le leader mondial de fabrication des syst\u00e8mes de thermoscellage par induction et des \u00e9quipements de soutien associ\u00e9s.L&#8217;industrie d&#8217;emballage compte sur Enercon pour fournir la solution d&#8217;encapsulage par induction ainsi que celles de scellage sans bouchons, qui guaranti des joints herm\u00e9tiques pour emp\u00eacher les fuites, pour prolonger la dur\u00e9e de conservation&hellip;<\/p>\n","protected":false},"author":3,"featured_media":0,"parent":0,"menu_order":0,"comment_status":"closed","ping_status":"closed","template":"","meta":{"_acf_changed":false,"footnotes":""},"class_list":["post-183","page","type-page","status-publish","hentry"],"acf":[],"yoast_head":"<!-- This site is optimized with the Yoast SEO plugin v27.2 - https:\/\/yoast.com\/product\/yoast-seo-wordpress\/ -->\n<title>\u00c0 propos d\u2019Enercon - Scellage - Enercon Industries - Francais<\/title>\n<meta name=\"description\" content=\"D\u00e9couvrez pourquoi Enercon est le leader de l&#039;industrie du scellage de bouchons par induction.\" \/>\n<meta name=\"robots\" content=\"index, follow, max-snippet:-1, max-image-preview:large, max-video-preview:-1\" \/>\n<link rel=\"canonical\" href=\"https:\/\/www.enerconind.com\/fr\/about-sealing\/\" \/>\n<meta property=\"og:locale\" content=\"en_US\" \/>\n<meta property=\"og:type\" content=\"article\" \/>\n<meta property=\"og:title\" content=\"\u00c0 propos d\u2019Enercon - Scellage - Enercon Industries - Francais\" \/>\n<meta property=\"og:description\" content=\"D\u00e9couvrez pourquoi Enercon est le leader de l&#039;industrie du scellage de bouchons par induction.\" \/>\n<meta property=\"og:url\" content=\"https:\/\/www.enerconind.com\/fr\/about-sealing\/\" \/>\n<meta property=\"og:site_name\" content=\"Enercon Industries - Francais\" \/>\n<meta property=\"article:modified_time\" content=\"2024-08-21T13:25:48+00:00\" \/>\n<meta name=\"twitter:card\" content=\"summary_large_image\" \/>\n<meta name=\"twitter:label1\" content=\"Est. reading time\" \/>\n\t<meta name=\"twitter:data1\" content=\"4 minutes\" \/>\n<script type=\"application\/ld+json\" class=\"yoast-schema-graph\">{\"@context\":\"https:\/\/schema.org\",\"@graph\":[{\"@type\":\"WebPage\",\"@id\":\"https:\/\/www.enerconind.com\/fr\/about-sealing\/\",\"url\":\"https:\/\/www.enerconind.com\/fr\/about-sealing\/\",\"name\":\"\u00c0 propos d\u2019Enercon - Scellage - Enercon Industries - Francais\",\"isPartOf\":{\"@id\":\"https:\/\/www.enerconind.com\/fr\/#website\"},\"datePublished\":\"2023-10-10T20:55:46+00:00\",\"dateModified\":\"2024-08-21T13:25:48+00:00\",\"description\":\"D\u00e9couvrez pourquoi Enercon est le leader de l'industrie du scellage de bouchons par induction.\",\"breadcrumb\":{\"@id\":\"https:\/\/www.enerconind.com\/fr\/about-sealing\/#breadcrumb\"},\"inLanguage\":\"en-US\",\"potentialAction\":[{\"@type\":\"ReadAction\",\"target\":[\"https:\/\/www.enerconind.com\/fr\/about-sealing\/\"]}]},{\"@type\":\"BreadcrumbList\",\"@id\":\"https:\/\/www.enerconind.com\/fr\/about-sealing\/#breadcrumb\",\"itemListElement\":[{\"@type\":\"ListItem\",\"position\":1,\"name\":\"Home\",\"item\":\"https:\/\/www.enerconind.com\/fr\/\"},{\"@type\":\"ListItem\",\"position\":2,\"name\":\"\u00c0 propos d\u2019Enercon &#8211; Scellage\"}]},{\"@type\":\"WebSite\",\"@id\":\"https:\/\/www.enerconind.com\/fr\/#website\",\"url\":\"https:\/\/www.enerconind.com\/fr\/\",\"name\":\"Enercon Industries - Francais\",\"description\":\"\",\"potentialAction\":[{\"@type\":\"SearchAction\",\"target\":{\"@type\":\"EntryPoint\",\"urlTemplate\":\"https:\/\/www.enerconind.com\/fr\/?s={search_term_string}\"},\"query-input\":{\"@type\":\"PropertyValueSpecification\",\"valueRequired\":true,\"valueName\":\"search_term_string\"}}],\"inLanguage\":\"en-US\"}]}<\/script>\n<!-- \/ Yoast SEO plugin. -->","yoast_head_json":{"title":"\u00c0 propos d\u2019Enercon - Scellage - Enercon Industries - Francais","description":"D\u00e9couvrez pourquoi Enercon est le leader de l'industrie du scellage de bouchons par induction.","robots":{"index":"index","follow":"follow","max-snippet":"max-snippet:-1","max-image-preview":"max-image-preview:large","max-video-preview":"max-video-preview:-1"},"canonical":"https:\/\/www.enerconind.com\/fr\/about-sealing\/","og_locale":"en_US","og_type":"article","og_title":"\u00c0 propos d\u2019Enercon - Scellage - Enercon Industries - Francais","og_description":"D\u00e9couvrez pourquoi Enercon est le leader de l'industrie du scellage de bouchons par induction.","og_url":"https:\/\/www.enerconind.com\/fr\/about-sealing\/","og_site_name":"Enercon Industries - Francais","article_modified_time":"2024-08-21T13:25:48+00:00","twitter_card":"summary_large_image","twitter_misc":{"Est. reading time":"4 minutes"},"schema":{"@context":"https:\/\/schema.org","@graph":[{"@type":"WebPage","@id":"https:\/\/www.enerconind.com\/fr\/about-sealing\/","url":"https:\/\/www.enerconind.com\/fr\/about-sealing\/","name":"\u00c0 propos d\u2019Enercon - Scellage - Enercon Industries - Francais","isPartOf":{"@id":"https:\/\/www.enerconind.com\/fr\/#website"},"datePublished":"2023-10-10T20:55:46+00:00","dateModified":"2024-08-21T13:25:48+00:00","description":"D\u00e9couvrez pourquoi Enercon est le leader de l'industrie du scellage de bouchons par induction.","breadcrumb":{"@id":"https:\/\/www.enerconind.com\/fr\/about-sealing\/#breadcrumb"},"inLanguage":"en-US","potentialAction":[{"@type":"ReadAction","target":["https:\/\/www.enerconind.com\/fr\/about-sealing\/"]}]},{"@type":"BreadcrumbList","@id":"https:\/\/www.enerconind.com\/fr\/about-sealing\/#breadcrumb","itemListElement":[{"@type":"ListItem","position":1,"name":"Home","item":"https:\/\/www.enerconind.com\/fr\/"},{"@type":"ListItem","position":2,"name":"\u00c0 propos d\u2019Enercon &#8211; Scellage"}]},{"@type":"WebSite","@id":"https:\/\/www.enerconind.com\/fr\/#website","url":"https:\/\/www.enerconind.com\/fr\/","name":"Enercon Industries - Francais","description":"","potentialAction":[{"@type":"SearchAction","target":{"@type":"EntryPoint","urlTemplate":"https:\/\/www.enerconind.com\/fr\/?s={search_term_string}"},"query-input":{"@type":"PropertyValueSpecification","valueRequired":true,"valueName":"search_term_string"}}],"inLanguage":"en-US"}]}},"_links":{"self":[{"href":"https:\/\/www.enerconind.com\/fr\/wp-json\/wp\/v2\/pages\/183","targetHints":{"allow":["GET"]}}],"collection":[{"href":"https:\/\/www.enerconind.com\/fr\/wp-json\/wp\/v2\/pages"}],"about":[{"href":"https:\/\/www.enerconind.com\/fr\/wp-json\/wp\/v2\/types\/page"}],"author":[{"embeddable":true,"href":"https:\/\/www.enerconind.com\/fr\/wp-json\/wp\/v2\/users\/3"}],"replies":[{"embeddable":true,"href":"https:\/\/www.enerconind.com\/fr\/wp-json\/wp\/v2\/comments?post=183"}],"version-history":[{"count":0,"href":"https:\/\/www.enerconind.com\/fr\/wp-json\/wp\/v2\/pages\/183\/revisions"}],"wp:attachment":[{"href":"https:\/\/www.enerconind.com\/fr\/wp-json\/wp\/v2\/media?parent=183"}],"curies":[{"name":"wp","href":"https:\/\/api.w.org\/{rel}","templated":true}]}}