{"id":64,"date":"2023-06-15T20:16:13","date_gmt":"2023-06-15T20:16:13","guid":{"rendered":"https:\/\/www.enerconind.com\/es\/?page_id=64"},"modified":"2025-03-17T20:06:32","modified_gmt":"2025-03-17T20:06:32","slug":"sealing","status":"publish","type":"page","link":"https:\/\/www.enerconind.com\/es\/sealing\/","title":{"rendered":"Soluciones de sellado por inducci\u00f3n"},"content":{"rendered":"\n\n\t\t<h1>\n\t\t\tEquipos de Sellado de Tapas por Inducci\u00f3n y accesorios que le ayudan a obtener un sello perfecto.\n\t\t<\/h1>\n\t\t\t<p><strong>\u00a0<\/strong>\u00bfPor qu\u00e9 elegir el sellado de tapas\u00a0por inducci\u00f3n? El sellado herm\u00e9tico por inducci\u00f3n previene el goteo, provee evidencia de adulteraci\u00f3n y conserva la frescura del producto.\u00bfPor qu\u00e9 elegir Enercon? Nuestras selladoras de tapas por inducci\u00f3n son l\u00edderes en el mercado a nivel mundial. Con la tecnolog\u00eda Super Seal\u2122 hemos sellado billones y billones de envases en todo el mundo. Desde la selladora de tapas port\u00e1til hasta la m\u00e1quina de alta producci\u00f3n en l\u00ednea m\u00e1s r\u00e1pida del mundo, Enercon les ofrece el rango m\u00e1s amplio de selladoras por inducci\u00f3n en la industria.Nuestro programa de Lograr un Sello Perfecto le garantiza al usuario acceso al servicio m\u00e1s completo en el mercado. Por medio de pruebas en su aplicaci\u00f3n, servicio t\u00e9cnico y apoyo local, le ayudaremos a lograr un sello por inducci\u00f3n perfecto para proteger sus productos, mejorar la productividad y salvaguardar su reputaci\u00f3n.<\/p>\t\t\n\t<a href=\"\/es\/sealing\/productos\/\" target=\"_self\" role=\"button\" aria-label=\"Soluciones de sellado por inducci\u00f3n\">\n\t\t\t\t\t\tSoluciones de sellado por inducci\u00f3n\n\t\t\t<\/a>\n\t<iframe loading=\"lazy\" width=\"560\" height=\"315\" src=\"https:\/\/www.youtube.com\/embed\/0UTSeU7ychQ\" title=\"YouTube video player\" frameborder=\"0\" allow=\"accelerometer; autoplay; clipboard-write; encrypted-media; gyroscope; picture-in-picture; web-share\" allowfullscreen><\/iframe>\n\t\t<h2>\n\t\t\tNosotros Productos\n\t\t\t\t\t\t\t\t\t\t\tSoluciones de sellado por inducci\u00f3n\n\t\t<\/h2>\n\t\t\t\t<img loading=\"lazy\" decoding=\"async\" src=\"https:\/\/media.enerconind.com\/wp-content\/uploads\/sites\/6\/2025\/02\/25152510\/enercon-super-seal-max-3rd-gen-1250x900-1.png\" alt=\"enercon-super-seal-max-3rd-gen-1250x900-1\" itemprop=\"image\" height=\"900\" width=\"1250\" title=\"enercon-super-seal-max-3rd-gen-1250x900-1\" onerror=\"this.style.display='none'\"  \/>\n\t\t<h2>\n\t\t\t\u00a1TODO NUEVO!<br \/>Super Seal\u2122 Max (Generaci\u00f3n 3)\n\t\t\t\t\t\t\t\t\t\t\tSelladora por Inducci\u00f3n de Alta Velocidad\n\t\t<\/h2>\n\t\t\t<p>La selladora m\u00e1s potente con varias funcionalidades.<\/p>\t\t\n\t<a href=\"\/es\/sealing\/productos\/super-seal-max-3rd-gen\/\" target=\"_self\" role=\"button\" aria-label=\"Ver la Super Seal Max\">\n\t\t\t\t\t\tVer la Super Seal Max\n\t\t\t\t\t<\/a>\n\t\t\t\t<img loading=\"lazy\" decoding=\"async\" src=\"https:\/\/media.enerconind.com\/wp-content\/uploads\/sites\/6\/2023\/10\/02150048\/enercon-super-seal-pro-1250x900-1-1.png\" alt=\"enercon-super-seal-pro-1250x900-1\" itemprop=\"image\" height=\"900\" width=\"1250\" title=\"enercon-super-seal-pro-1250x900-1\" onerror=\"this.style.display='none'\"  \/>\n\t\t<h2>\n\t\t\tSuper Seal Pro\n\t\t\t\t\t\t\t\t\t\t\tSelladora por Inducci\u00f3n Avanzado\n\t\t<\/h2>\n\t\t\t<p>Poder de sellado con intuitiva pantalla t\u00e1ctil.<\/p>\t\t\n\t<a href=\"\/es\/sealing\/productos\/super-seal-pro\/\" target=\"_self\" role=\"button\" aria-label=\"Ver la Super Seal Pro\">\n\t\t\t\t\t\tVer la Super Seal Pro\n\t\t\t\t\t<\/a>\n\t\t\t\t<img decoding=\"async\" src=\"https:\/\/media.enerconind.com\/wp-content\/uploads\/sites\/6\/2023\/06\/02150223\/SuperSeal-Max-left.png\" alt=\"\" itemprop=\"image\" onerror=\"this.style.display='none'\"  \/>\n\t\t<h2>\n\t\t\tSuper Seal Max\n\t\t\t\t\t\t\t\t\t\t\tSelladora por Inducci\u00f3n de Alta Velocidad\n\t\t<\/h2>\n\t\t\t<p>La selladora m\u00e1s potente con varias funcionalidades.<\/p>\t\t\n\t<a href=\"\/es\/sealing\/productos\/super-seal-max\/\" target=\"_self\" role=\"button\" aria-label=\"Ver la Super Seal Max\">\n\t\t\t\t\t\tVer la Super Seal Max\n\t\t\t\t\t<\/a>\n\t\t\t\t<img decoding=\"async\" src=\"https:\/\/media.enerconind.com\/wp-content\/uploads\/sites\/6\/2023\/06\/02150220\/SuperSeal-JR.png\" alt=\"\" itemprop=\"image\" onerror=\"this.style.display='none'\"  \/>\n\t\t<h2>\n\t\t\tSuper Seal Junior\n\t\t\t\t\t\t\t\t\t\t\tSelladora por inducci\u00f3n port\u00e1til (manual).\n\t\t<\/h2>\n\t\t\t<p>Dise\u00f1ado para laboratorios y operaci\u00f3n manual.<\/p>\t\t\n\t<a href=\"\/es\/sealing\/productos\/super-seal-jr\/\" target=\"_self\" role=\"button\" aria-label=\"Ver la Super Seal Junior\">\n\t\t\t\t\t\tVer la Super Seal Junior\n\t\t\t\t\t<\/a>\n\t\t\t\t<img loading=\"lazy\" decoding=\"async\" src=\"https:\/\/media.enerconind.com\/wp-content\/uploads\/sites\/6\/2023\/06\/02150237\/Cap-Sealers-cropped.png\" alt=\"Cap-Sealers-cropped\" itemprop=\"image\" height=\"1250\" width=\"1750\" title=\"Cap-Sealers-cropped\" onerror=\"this.style.display='none'\"  \/>\n\t\t<h2>\n\t\t\tSuper Seal\n\t\t\t\t\t\t\t\t\t\t\tSelladora de Tapas por Inducci\u00f3n\n\t\t<\/h2>\n\t\t\t<p>El modelo emblem\u00e1tico ofrece un sellado confiable con tecnolog\u00eda probada.<\/p>\t\t\n\t<a href=\"\/es\/sealing\/productos\/nueva-super-seal\/\" target=\"_self\" role=\"button\" aria-label=\"Ver la Super Seal\">\n\t\t\t\t\t\tVer la Super Seal\n\t\t\t\t\t<\/a>\n\t\t\t<a href=\"https:\/\/www.enerconind.com\/es\/library-resource\/logre-un-sello-perfecto\/\" target=\"_self\">\n\t\t\t\t\t\t\t<img loading=\"lazy\" decoding=\"async\" src=\"https:\/\/media.enerconind.com\/wp-content\/uploads\/sites\/6\/2023\/08\/02150135\/achieve-a-perfect-seal-webinar.jpg\" alt=\"achieve-a-perfect-seal-webinar\" width=\"370\" height=\"250\" \/>\n\t\t\t\t\tON DEMAND WEBINAR\n\t\t<h4>Logre un Sello Perfecto<\/h4>\n\t\t\t\t\t<p>Watch Now!<\/p>\t\t\t\t\n\t\t<\/a>\n\t\t<h2>\n\t\t\tSoporte t\u00e9cnico\n\t\t\t\t\t\t\t\t\t\t\tSoporte t\u00e9cnico para su Selladora de Tapas por Inducci\u00f3n\n\t\t<\/h2>\n\t\t\t<ul><li><a href=\"\/es\/sealing\/aspectos-basicos\/\">Conocimientos B\u00e1sicos Acerca del Proceso de Aplicar un Sello de Inducci\u00f3n<\/a><\/li><li><a href=\"\/es\/sealing\/preguntas-frecuentes\/\">Preguntas Frecuentes<\/a><\/li><\/ul>\t\t\n\t<a href=\"\/es\/acerca-de-enercon\/\" target=\"_self\" role=\"button\" aria-label=\"Acerca de Enercon\">\n\t\t\t\t\t\tAcerca de Enercon\n\t\t\t\t\t<\/a>\n\t\t<h5>\n\t\t\tPerfect Seal\n\t\t\t\t\t\t\t\t\t\t\tGuaranteed\n\t\t<\/h5>\n\t\t\t\t\t\t\t\t\t<img decoding=\"async\" src=\"https:\/\/media.enerconind.com\/wp-content\/uploads\/sites\/6\/2023\/06\/02150210\/woman-factory-left.png\" alt=\"\" itemprop=\"image\" onerror=\"this.style.display='none'\"  \/>\n\t\t<h2>\n\t\t\tAprende M\u00e1s\n\t\t\t\t\t\t\t\t\t\t\tBiblioteca del sellado de inducci\u00f3n\n\t\t<\/h2>\n\t\t\t<ul><li><a href=\"\/es\/library-resource\/optimizar-la-productividad-de-la-selladora-de-tapas\/\">Seminario: Optimizar la Productividad de la Selladora de Tapas<\/a><\/li><li><a href=\"\/es\/library-resource\/lograr-un-sello-perfecto\/\">Tesis: C\u00f3mo lograr un sello perfecto cada vez<\/a><\/li><\/ul>\t\t\n\t<a href=\"\/es\/sealing\/biblioteca-de-sellado\/\" target=\"_self\" role=\"button\" aria-label=\"Biblioteca\">\n\t\t\t\t\t\tBiblioteca\n\t\t\t\t\t<\/a>\n\n","protected":false},"excerpt":{"rendered":"<p>Equipos de Sellado de Tapas por Inducci\u00f3n y accesorios que le ayudan a obtener un sello perfecto. \u00a0\u00bfPor qu\u00e9 elegir el sellado de tapas\u00a0por inducci\u00f3n? El sellado herm\u00e9tico por inducci\u00f3n previene el goteo, provee evidencia de adulteraci\u00f3n y conserva la frescura del producto.\u00bfPor qu\u00e9 elegir Enercon? Nuestras selladoras de tapas por inducci\u00f3n son l\u00edderes en&hellip;<\/p>\n","protected":false},"author":3,"featured_media":0,"parent":0,"menu_order":0,"comment_status":"closed","ping_status":"closed","template":"","meta":{"_acf_changed":false,"footnotes":""},"class_list":["post-64","page","type-page","status-publish","hentry"],"acf":[],"yoast_head":"<!-- This site is optimized with the Yoast SEO plugin v27.4 - https:\/\/yoast.com\/product\/yoast-seo-wordpress\/ -->\n<title>Soluciones de sellado por inducci\u00f3n - Enercon Industries - Espanol<\/title>\n<meta name=\"description\" content=\"Obtenga informaci\u00f3n sobre el sellado de tapas por inducci\u00f3n y los selladores por inducci\u00f3n para la prevenci\u00f3n de fugas, evidencia de manipulaci\u00f3n y frescura del producto del l\u00edder de la industria.\" \/>\n<meta name=\"robots\" content=\"index, follow, max-snippet:-1, max-image-preview:large, max-video-preview:-1\" \/>\n<link rel=\"canonical\" href=\"https:\/\/www.enerconind.com\/es\/sealing\/\" \/>\n<meta property=\"og:locale\" content=\"en_US\" \/>\n<meta property=\"og:type\" content=\"article\" \/>\n<meta property=\"og:title\" content=\"Soluciones de sellado por inducci\u00f3n - Enercon Industries - Espanol\" \/>\n<meta property=\"og:description\" content=\"Obtenga informaci\u00f3n sobre el sellado de tapas por inducci\u00f3n y los selladores por inducci\u00f3n para la prevenci\u00f3n de fugas, evidencia de manipulaci\u00f3n y frescura del producto del l\u00edder de la industria.\" \/>\n<meta property=\"og:url\" content=\"https:\/\/www.enerconind.com\/es\/sealing\/\" \/>\n<meta property=\"og:site_name\" content=\"Enercon Industries - Espanol\" \/>\n<meta property=\"article:modified_time\" content=\"2025-03-17T20:06:32+00:00\" \/>\n<meta property=\"og:image\" content=\"https:\/\/www.enerconind.com\/es\/wp-content\/uploads\/sites\/6\/2025\/02\/enercon-super-seal-max-3rd-gen-1250x900-1.png\" \/>\n<meta name=\"twitter:card\" content=\"summary_large_image\" \/>\n<meta name=\"twitter:label1\" content=\"Est. reading time\" \/>\n\t<meta name=\"twitter:data1\" content=\"3 minutes\" \/>\n<script type=\"application\/ld+json\" class=\"yoast-schema-graph\">{\"@context\":\"https:\\\/\\\/schema.org\",\"@graph\":[{\"@type\":\"WebPage\",\"@id\":\"https:\\\/\\\/www.enerconind.com\\\/es\\\/sealing\\\/\",\"url\":\"https:\\\/\\\/www.enerconind.com\\\/es\\\/sealing\\\/\",\"name\":\"Soluciones de sellado por inducci\u00f3n - Enercon Industries - Espanol\",\"isPartOf\":{\"@id\":\"https:\\\/\\\/www.enerconind.com\\\/es\\\/#website\"},\"primaryImageOfPage\":{\"@id\":\"https:\\\/\\\/www.enerconind.com\\\/es\\\/sealing\\\/#primaryimage\"},\"image\":{\"@id\":\"https:\\\/\\\/www.enerconind.com\\\/es\\\/sealing\\\/#primaryimage\"},\"thumbnailUrl\":\"https:\\\/\\\/www.enerconind.com\\\/es\\\/wp-content\\\/uploads\\\/sites\\\/6\\\/2025\\\/02\\\/enercon-super-seal-max-3rd-gen-1250x900-1.png\",\"datePublished\":\"2023-06-15T20:16:13+00:00\",\"dateModified\":\"2025-03-17T20:06:32+00:00\",\"description\":\"Obtenga informaci\u00f3n sobre el sellado de tapas por inducci\u00f3n y los selladores por inducci\u00f3n para la prevenci\u00f3n de fugas, evidencia de manipulaci\u00f3n y frescura del producto del l\u00edder de la industria.\",\"breadcrumb\":{\"@id\":\"https:\\\/\\\/www.enerconind.com\\\/es\\\/sealing\\\/#breadcrumb\"},\"inLanguage\":\"en-US\",\"potentialAction\":[{\"@type\":\"ReadAction\",\"target\":[\"https:\\\/\\\/www.enerconind.com\\\/es\\\/sealing\\\/\"]}]},{\"@type\":\"ImageObject\",\"inLanguage\":\"en-US\",\"@id\":\"https:\\\/\\\/www.enerconind.com\\\/es\\\/sealing\\\/#primaryimage\",\"url\":\"https:\\\/\\\/media.enerconind.com\\\/wp-content\\\/uploads\\\/sites\\\/6\\\/2025\\\/02\\\/25152510\\\/enercon-super-seal-max-3rd-gen-1250x900-1.png\",\"contentUrl\":\"https:\\\/\\\/media.enerconind.com\\\/wp-content\\\/uploads\\\/sites\\\/6\\\/2025\\\/02\\\/25152510\\\/enercon-super-seal-max-3rd-gen-1250x900-1.png\",\"width\":1250,\"height\":900},{\"@type\":\"BreadcrumbList\",\"@id\":\"https:\\\/\\\/www.enerconind.com\\\/es\\\/sealing\\\/#breadcrumb\",\"itemListElement\":[{\"@type\":\"ListItem\",\"position\":1,\"name\":\"Home\",\"item\":\"https:\\\/\\\/www.enerconind.com\\\/es\\\/\"},{\"@type\":\"ListItem\",\"position\":2,\"name\":\"Soluciones de sellado por inducci\u00f3n\"}]},{\"@type\":\"WebSite\",\"@id\":\"https:\\\/\\\/www.enerconind.com\\\/es\\\/#website\",\"url\":\"https:\\\/\\\/www.enerconind.com\\\/es\\\/\",\"name\":\"Enercon Industries - Espanol\",\"description\":\"\",\"potentialAction\":[{\"@type\":\"SearchAction\",\"target\":{\"@type\":\"EntryPoint\",\"urlTemplate\":\"https:\\\/\\\/www.enerconind.com\\\/es\\\/?s={search_term_string}\"},\"query-input\":{\"@type\":\"PropertyValueSpecification\",\"valueRequired\":true,\"valueName\":\"search_term_string\"}}],\"inLanguage\":\"en-US\"}]}<\/script>\n<!-- \/ Yoast SEO plugin. -->","yoast_head_json":{"title":"Soluciones de sellado por inducci\u00f3n - Enercon Industries - Espanol","description":"Obtenga informaci\u00f3n sobre el sellado de tapas por inducci\u00f3n y los selladores por inducci\u00f3n para la prevenci\u00f3n de fugas, evidencia de manipulaci\u00f3n y frescura del producto del l\u00edder de la industria.","robots":{"index":"index","follow":"follow","max-snippet":"max-snippet:-1","max-image-preview":"max-image-preview:large","max-video-preview":"max-video-preview:-1"},"canonical":"https:\/\/www.enerconind.com\/es\/sealing\/","og_locale":"en_US","og_type":"article","og_title":"Soluciones de sellado por inducci\u00f3n - Enercon Industries - Espanol","og_description":"Obtenga informaci\u00f3n sobre el sellado de tapas por inducci\u00f3n y los selladores por inducci\u00f3n para la prevenci\u00f3n de fugas, evidencia de manipulaci\u00f3n y frescura del producto del l\u00edder de la industria.","og_url":"https:\/\/www.enerconind.com\/es\/sealing\/","og_site_name":"Enercon Industries - Espanol","article_modified_time":"2025-03-17T20:06:32+00:00","og_image":[{"url":"https:\/\/www.enerconind.com\/es\/wp-content\/uploads\/sites\/6\/2025\/02\/enercon-super-seal-max-3rd-gen-1250x900-1.png","type":"","width":"","height":""}],"twitter_card":"summary_large_image","twitter_misc":{"Est. reading time":"3 minutes"},"schema":{"@context":"https:\/\/schema.org","@graph":[{"@type":"WebPage","@id":"https:\/\/www.enerconind.com\/es\/sealing\/","url":"https:\/\/www.enerconind.com\/es\/sealing\/","name":"Soluciones de sellado por inducci\u00f3n - Enercon Industries - Espanol","isPartOf":{"@id":"https:\/\/www.enerconind.com\/es\/#website"},"primaryImageOfPage":{"@id":"https:\/\/www.enerconind.com\/es\/sealing\/#primaryimage"},"image":{"@id":"https:\/\/www.enerconind.com\/es\/sealing\/#primaryimage"},"thumbnailUrl":"https:\/\/www.enerconind.com\/es\/wp-content\/uploads\/sites\/6\/2025\/02\/enercon-super-seal-max-3rd-gen-1250x900-1.png","datePublished":"2023-06-15T20:16:13+00:00","dateModified":"2025-03-17T20:06:32+00:00","description":"Obtenga informaci\u00f3n sobre el sellado de tapas por inducci\u00f3n y los selladores por inducci\u00f3n para la prevenci\u00f3n de fugas, evidencia de manipulaci\u00f3n y frescura del producto del l\u00edder de la industria.","breadcrumb":{"@id":"https:\/\/www.enerconind.com\/es\/sealing\/#breadcrumb"},"inLanguage":"en-US","potentialAction":[{"@type":"ReadAction","target":["https:\/\/www.enerconind.com\/es\/sealing\/"]}]},{"@type":"ImageObject","inLanguage":"en-US","@id":"https:\/\/www.enerconind.com\/es\/sealing\/#primaryimage","url":"https:\/\/media.enerconind.com\/wp-content\/uploads\/sites\/6\/2025\/02\/25152510\/enercon-super-seal-max-3rd-gen-1250x900-1.png","contentUrl":"https:\/\/media.enerconind.com\/wp-content\/uploads\/sites\/6\/2025\/02\/25152510\/enercon-super-seal-max-3rd-gen-1250x900-1.png","width":1250,"height":900},{"@type":"BreadcrumbList","@id":"https:\/\/www.enerconind.com\/es\/sealing\/#breadcrumb","itemListElement":[{"@type":"ListItem","position":1,"name":"Home","item":"https:\/\/www.enerconind.com\/es\/"},{"@type":"ListItem","position":2,"name":"Soluciones de sellado por inducci\u00f3n"}]},{"@type":"WebSite","@id":"https:\/\/www.enerconind.com\/es\/#website","url":"https:\/\/www.enerconind.com\/es\/","name":"Enercon Industries - Espanol","description":"","potentialAction":[{"@type":"SearchAction","target":{"@type":"EntryPoint","urlTemplate":"https:\/\/www.enerconind.com\/es\/?s={search_term_string}"},"query-input":{"@type":"PropertyValueSpecification","valueRequired":true,"valueName":"search_term_string"}}],"inLanguage":"en-US"}]}},"_links":{"self":[{"href":"https:\/\/www.enerconind.com\/es\/wp-json\/wp\/v2\/pages\/64","targetHints":{"allow":["GET"]}}],"collection":[{"href":"https:\/\/www.enerconind.com\/es\/wp-json\/wp\/v2\/pages"}],"about":[{"href":"https:\/\/www.enerconind.com\/es\/wp-json\/wp\/v2\/types\/page"}],"author":[{"embeddable":true,"href":"https:\/\/www.enerconind.com\/es\/wp-json\/wp\/v2\/users\/3"}],"replies":[{"embeddable":true,"href":"https:\/\/www.enerconind.com\/es\/wp-json\/wp\/v2\/comments?post=64"}],"version-history":[{"count":0,"href":"https:\/\/www.enerconind.com\/es\/wp-json\/wp\/v2\/pages\/64\/revisions"}],"wp:attachment":[{"href":"https:\/\/www.enerconind.com\/es\/wp-json\/wp\/v2\/media?parent=64"}],"curies":[{"name":"wp","href":"https:\/\/api.w.org\/{rel}","templated":true}]}}