{"id":24,"date":"2023-06-15T14:58:02","date_gmt":"2023-06-15T14:58:02","guid":{"rendered":"https:\/\/www.enerconind.com\/es\/?page_id=24"},"modified":"2024-08-21T14:38:34","modified_gmt":"2024-08-21T14:38:34","slug":"preguntas-frecuentes","status":"publish","type":"page","link":"https:\/\/www.enerconind.com\/es\/sealing\/preguntas-frecuentes\/","title":{"rendered":"Preguntas Frecuentes"},"content":{"rendered":"\n\n\t\t<h1>\n\t\t\tPreguntas Frecuentes\n\t\t<\/h1>\n\t\t\t\t\t\t<h5>Uno de cada diez o veinte envases no se sella. Sin importar cual sea la frecuencia, la pregunta m\u00e1s com\u00fan es &#8220;Qu\u00e9 es lo que funciona mal en el equipo de sellado inductivo?&#8221;<\/h5>\n\t\t\t<p>Un sellado inductivo consistente, es el resultado de un proceso consistente. Aquellas funciones indirectas o que aparentemente no tiene relaci\u00f3n con el sellado en s\u00ed, resultan fundamentales a la hora de obtener un buen sellado. Para lograr un sellado apropiado, todo el borde del sello debe estar en contacto con la boca del envase con una torsi\u00f3n adecuada, adem\u00e1s el material del sello y el material del envase deben ser compatibles entre s\u00ed, y, por \u00faltimo debe haber suficiente exposici\u00f3n al campo magn\u00e9tico para que se caliente el aluminio (sello) y de esta forma lograr el sellado del envase. Una falla en cualquier punto de este procedimiento puede dar como resultado un sello de mala calidad o inconsistente. Casi siempre, lo primero que se hace es culpar err\u00f3neamente a la selladora inductiva.<\/p>\n<p>La causa m\u00e1s com\u00fan por la que se obtienen sellos inconsistentes es la falta de fuerza (torsi\u00f3n) para asegurar que todo el borde del sello se encuentre en contacto con la boca del envase, otra causa muy com\u00fan es una exposici\u00f3n insuficiente del sello de aluminio al campo magn\u00e9tico. Por \u00faltimo se puede sospechar de la imcompatibilidad entre los materiales o se puede suponer que el lote de sellos o de envases utilizados sea otro del que se estuvo utilizando hasta ese momento.<\/p>\n\t\t\t\t\t\t<h5>Qu\u00e9 est\u00e1 ocurriendo en la selladora &#8220;por calor&#8221;?<\/h5>\n\t\t\t<p>Muchas veces se hace referencia al sistema de sellado por inducci\u00f3n como &#8220;selladora por calor&#8221;. El proceso actual de sellado por inducci\u00f3n es el resultado de la conversi\u00f3n de energ\u00eda inducida dentro del sello. De esta manera, transformando energ\u00eda de el\u00e9ctrica a magn\u00e9tica, de magn\u00e9tica a el\u00e9ctrica, y finalmente de el\u00e9ctrica a t\u00e9rmica o energ\u00eda caliente, es que se completa el procedimiento y se logra el sellado. La fuente de potencia de la selladora convierte la energ\u00eda que provee la compa\u00f1\u00eda proveedora de electricidad a una corriente alterna regulada de alta frecuencia. El cabezal de sellado transforma la energ\u00eda el\u00e9ctrica en un campo magn\u00e9tico. El sello de aluminio se expone a dicho campo magn\u00e9tico. La resistencia del disco de aluminio del sello interact\u00faa con la energ\u00eda el\u00e9ctrica llamada corriente circulante, la cual resulta en el calentamiento del aluminio (sello). El disco de aluminio deber\u00e1 calentarse lo suficiente como para derretir la capa de pol\u00edmero que se encuentra sobre el mismo. Una vez que se enfr\u00eda el pol\u00edmero se adherir\u00e1 tanto al sello como a la boca del envase, creando de esta manera un sellado herm\u00e9tico.<\/p>\n\t\t\t\t\t\t<h5>Por qu\u00e9 la tapa se afloja luego de pasar a trav\u00e9s del equipo de sellado por inducci\u00f3n?<\/h5>\n\t\t\t<p>El sello est\u00e1 compuesto por una l\u00e1mina de aluminio con una capa de pol\u00edmero aplicada del lado que entrar\u00e1 en contacto con la boca del envase. La cera se utiliza como adhesivo a fin de mantener el sello en su lugar dentro de la tapa. Cuando se calienta el disco de aluminio, se desarrollan dos funciones: el derretimiento del pol\u00edmero logra que se produzca el sellado, y la capa de cera al derretirse, libera al foil del respaldo de cart\u00f3n. La cera es absorbida por el cart\u00f3n y el sello se adhiere a la boca del envase. El espacio que queda vacante al derretirse la capa de cera, por m\u00e1s delgada que \u00e9sta sea, hace que se afloje la tapa.<\/p>\n\t\t\t\t\t\t<h5>A qu\u00e9 distancia de la salida de la selladora inductiva debe ubicarse un retorsionador de tapas?<\/h5>\n\t\t\t<p>Muchas aplicaciones de llenado de envases utilizan un retorsionador de tapas en la l\u00ednea de llenado, ya que un envase con la tapa floja da la sensaci\u00f3n de que el producto no es seguro. Dado que el disco de aluminio retiene el calor, deber\u00e1 disiparse la energ\u00eda el\u00e9ctrica antes de romper el pol\u00edmero, ya que, si al mismo no se le permite &#8220;curar&#8221; puede ocasionar fallas en el sellado. Es por todo esto que el mejor lugar para ubicar un retorsionador de tapas ser\u00e1 tan lejos o tan al final de la l\u00ednea de producci\u00f3n como sea posible.<\/p>\n\t\t\t\t\t\t<h5>Qu\u00e9 dise\u00f1o de cabezal de sellado es mejor para un tipo de envase en particular?<\/h5>\n\t\t\t<p>El dise\u00f1o del cabezal de sellado est\u00e1 basado en el punto en el que el sello se encuentra ubicado en relaci\u00f3n a la parte superior de la tapa. Tal y como se ha mencionado previamente, el campo magn\u00e9tico desarrollado por la corriente alterna aplicado al espiral del cabezal de sellado interact\u00faa con el disco de aluminio. La distancia a la cual el campo magn\u00e9tico se puede propagar a trav\u00e9s del aire es muy limitada. Lo ideal ser\u00eda que el disco de aluminio estuviera a una distancia entre 1\/8&#8243; a \u00bc&#8221; de la parte inferior del cabezal de sellado. Este \u00e1rea proporciona el m\u00e1ximo de fuerza del campo magn\u00e9tico. Cuando el sello se encuentra m\u00e1s lejos, como ser en el caso de las tapas con pico o los envases CRC, el campo magn\u00e9tico debe ser aplicado desde el costado de la tapa (de lado). Este tipo de cabezales de sellado se conocen como cabezales tipo t\u00fanel o canal. La ubicaci\u00f3n de los componentes que desarrollan el campo magn\u00e9tico se encuentran debajo de la parte superior del envase, adyacentes a la posici\u00f3n del sello de la tapa.<\/p>\n\t\t\t\t\t\t\t\t\t<img loading=\"lazy\" decoding=\"async\" src=\"https:\/\/media.enerconind.com\/wp-content\/uploads\/sites\/6\/2023\/08\/02150145\/applications-food-beverage-dairy-scaled-1.jpg\" alt=\"applications-food-beverage-dairy-scaled-1\" height=\"1667\" width=\"2500\" title=\"applications-food-beverage-dairy-scaled-1\" \/>\n\n","protected":false},"excerpt":{"rendered":"<p>Preguntas Frecuentes Uno de cada diez o veinte envases no se sella. Sin importar cual sea la frecuencia, la pregunta m\u00e1s com\u00fan es &#8220;Qu\u00e9 es lo que funciona mal en el equipo de sellado inductivo?&#8221; Un sellado inductivo consistente, es el resultado de un proceso consistente. Aquellas funciones indirectas o que aparentemente no tiene relaci\u00f3n&hellip;<\/p>\n","protected":false},"author":3,"featured_media":0,"parent":64,"menu_order":0,"comment_status":"closed","ping_status":"closed","template":"","meta":{"_acf_changed":false,"footnotes":""},"class_list":["post-24","page","type-page","status-publish","hentry"],"acf":[],"yoast_head":"<!-- This site is optimized with the Yoast SEO plugin v27.4 - https:\/\/yoast.com\/product\/yoast-seo-wordpress\/ -->\n<title>Preguntas Frecuentes - Enercon Industries - Espanol<\/title>\n<meta name=\"description\" content=\"\u00bfTiene alguna pregunta b\u00e1sica sobre el sellado de tapas por inducci\u00f3n? Encuentra la respuesta aqu\u00ed.\" \/>\n<meta name=\"robots\" content=\"index, follow, max-snippet:-1, max-image-preview:large, max-video-preview:-1\" \/>\n<link rel=\"canonical\" href=\"https:\/\/www.enerconind.com\/es\/sealing\/preguntas-frecuentes\/\" \/>\n<meta property=\"og:locale\" content=\"en_US\" \/>\n<meta property=\"og:type\" content=\"article\" \/>\n<meta property=\"og:title\" content=\"Preguntas Frecuentes - Enercon Industries - Espanol\" \/>\n<meta property=\"og:description\" content=\"\u00bfTiene alguna pregunta b\u00e1sica sobre el sellado de tapas por inducci\u00f3n? Encuentra la respuesta aqu\u00ed.\" \/>\n<meta property=\"og:url\" content=\"https:\/\/www.enerconind.com\/es\/sealing\/preguntas-frecuentes\/\" \/>\n<meta property=\"og:site_name\" content=\"Enercon Industries - Espanol\" \/>\n<meta property=\"article:modified_time\" content=\"2024-08-21T14:38:34+00:00\" \/>\n<meta property=\"og:image\" content=\"https:\/\/www.enerconind.com\/es\/wp-content\/uploads\/sites\/6\/2023\/08\/applications-food-beverage-dairy-scaled-1.jpg\" \/>\n<meta name=\"twitter:card\" content=\"summary_large_image\" \/>\n<meta name=\"twitter:label1\" content=\"Est. reading time\" \/>\n\t<meta name=\"twitter:data1\" content=\"5 minutes\" \/>\n<script type=\"application\/ld+json\" class=\"yoast-schema-graph\">{\"@context\":\"https:\\\/\\\/schema.org\",\"@graph\":[{\"@type\":\"WebPage\",\"@id\":\"https:\\\/\\\/www.enerconind.com\\\/es\\\/sealing\\\/preguntas-frecuentes\\\/\",\"url\":\"https:\\\/\\\/www.enerconind.com\\\/es\\\/sealing\\\/preguntas-frecuentes\\\/\",\"name\":\"Preguntas Frecuentes - Enercon Industries - Espanol\",\"isPartOf\":{\"@id\":\"https:\\\/\\\/www.enerconind.com\\\/es\\\/#website\"},\"primaryImageOfPage\":{\"@id\":\"https:\\\/\\\/www.enerconind.com\\\/es\\\/sealing\\\/preguntas-frecuentes\\\/#primaryimage\"},\"image\":{\"@id\":\"https:\\\/\\\/www.enerconind.com\\\/es\\\/sealing\\\/preguntas-frecuentes\\\/#primaryimage\"},\"thumbnailUrl\":\"https:\\\/\\\/www.enerconind.com\\\/es\\\/wp-content\\\/uploads\\\/sites\\\/6\\\/2023\\\/08\\\/applications-food-beverage-dairy-scaled-1.jpg\",\"datePublished\":\"2023-06-15T14:58:02+00:00\",\"dateModified\":\"2024-08-21T14:38:34+00:00\",\"description\":\"\u00bfTiene alguna pregunta b\u00e1sica sobre el sellado de tapas por inducci\u00f3n? Encuentra la respuesta aqu\u00ed.\",\"breadcrumb\":{\"@id\":\"https:\\\/\\\/www.enerconind.com\\\/es\\\/sealing\\\/preguntas-frecuentes\\\/#breadcrumb\"},\"inLanguage\":\"en-US\",\"potentialAction\":[{\"@type\":\"ReadAction\",\"target\":[\"https:\\\/\\\/www.enerconind.com\\\/es\\\/sealing\\\/preguntas-frecuentes\\\/\"]}]},{\"@type\":\"ImageObject\",\"inLanguage\":\"en-US\",\"@id\":\"https:\\\/\\\/www.enerconind.com\\\/es\\\/sealing\\\/preguntas-frecuentes\\\/#primaryimage\",\"url\":\"https:\\\/\\\/media.enerconind.com\\\/wp-content\\\/uploads\\\/sites\\\/6\\\/2023\\\/08\\\/02150145\\\/applications-food-beverage-dairy-scaled-1.jpg\",\"contentUrl\":\"https:\\\/\\\/media.enerconind.com\\\/wp-content\\\/uploads\\\/sites\\\/6\\\/2023\\\/08\\\/02150145\\\/applications-food-beverage-dairy-scaled-1.jpg\",\"width\":2500,\"height\":1667},{\"@type\":\"BreadcrumbList\",\"@id\":\"https:\\\/\\\/www.enerconind.com\\\/es\\\/sealing\\\/preguntas-frecuentes\\\/#breadcrumb\",\"itemListElement\":[{\"@type\":\"ListItem\",\"position\":1,\"name\":\"Home\",\"item\":\"https:\\\/\\\/www.enerconind.com\\\/es\\\/\"},{\"@type\":\"ListItem\",\"position\":2,\"name\":\"Soluciones de sellado por inducci\u00f3n\",\"item\":\"https:\\\/\\\/www.enerconind.com\\\/es\\\/sealing\\\/\"},{\"@type\":\"ListItem\",\"position\":3,\"name\":\"Preguntas Frecuentes\"}]},{\"@type\":\"WebSite\",\"@id\":\"https:\\\/\\\/www.enerconind.com\\\/es\\\/#website\",\"url\":\"https:\\\/\\\/www.enerconind.com\\\/es\\\/\",\"name\":\"Enercon Industries - Espanol\",\"description\":\"\",\"potentialAction\":[{\"@type\":\"SearchAction\",\"target\":{\"@type\":\"EntryPoint\",\"urlTemplate\":\"https:\\\/\\\/www.enerconind.com\\\/es\\\/?s={search_term_string}\"},\"query-input\":{\"@type\":\"PropertyValueSpecification\",\"valueRequired\":true,\"valueName\":\"search_term_string\"}}],\"inLanguage\":\"en-US\"}]}<\/script>\n<!-- \/ Yoast SEO plugin. -->","yoast_head_json":{"title":"Preguntas Frecuentes - Enercon Industries - Espanol","description":"\u00bfTiene alguna pregunta b\u00e1sica sobre el sellado de tapas por inducci\u00f3n? Encuentra la respuesta aqu\u00ed.","robots":{"index":"index","follow":"follow","max-snippet":"max-snippet:-1","max-image-preview":"max-image-preview:large","max-video-preview":"max-video-preview:-1"},"canonical":"https:\/\/www.enerconind.com\/es\/sealing\/preguntas-frecuentes\/","og_locale":"en_US","og_type":"article","og_title":"Preguntas Frecuentes - Enercon Industries - Espanol","og_description":"\u00bfTiene alguna pregunta b\u00e1sica sobre el sellado de tapas por inducci\u00f3n? Encuentra la respuesta aqu\u00ed.","og_url":"https:\/\/www.enerconind.com\/es\/sealing\/preguntas-frecuentes\/","og_site_name":"Enercon Industries - Espanol","article_modified_time":"2024-08-21T14:38:34+00:00","og_image":[{"url":"https:\/\/www.enerconind.com\/es\/wp-content\/uploads\/sites\/6\/2023\/08\/applications-food-beverage-dairy-scaled-1.jpg","type":"","width":"","height":""}],"twitter_card":"summary_large_image","twitter_misc":{"Est. reading time":"5 minutes"},"schema":{"@context":"https:\/\/schema.org","@graph":[{"@type":"WebPage","@id":"https:\/\/www.enerconind.com\/es\/sealing\/preguntas-frecuentes\/","url":"https:\/\/www.enerconind.com\/es\/sealing\/preguntas-frecuentes\/","name":"Preguntas Frecuentes - Enercon Industries - Espanol","isPartOf":{"@id":"https:\/\/www.enerconind.com\/es\/#website"},"primaryImageOfPage":{"@id":"https:\/\/www.enerconind.com\/es\/sealing\/preguntas-frecuentes\/#primaryimage"},"image":{"@id":"https:\/\/www.enerconind.com\/es\/sealing\/preguntas-frecuentes\/#primaryimage"},"thumbnailUrl":"https:\/\/www.enerconind.com\/es\/wp-content\/uploads\/sites\/6\/2023\/08\/applications-food-beverage-dairy-scaled-1.jpg","datePublished":"2023-06-15T14:58:02+00:00","dateModified":"2024-08-21T14:38:34+00:00","description":"\u00bfTiene alguna pregunta b\u00e1sica sobre el sellado de tapas por inducci\u00f3n? Encuentra la respuesta aqu\u00ed.","breadcrumb":{"@id":"https:\/\/www.enerconind.com\/es\/sealing\/preguntas-frecuentes\/#breadcrumb"},"inLanguage":"en-US","potentialAction":[{"@type":"ReadAction","target":["https:\/\/www.enerconind.com\/es\/sealing\/preguntas-frecuentes\/"]}]},{"@type":"ImageObject","inLanguage":"en-US","@id":"https:\/\/www.enerconind.com\/es\/sealing\/preguntas-frecuentes\/#primaryimage","url":"https:\/\/media.enerconind.com\/wp-content\/uploads\/sites\/6\/2023\/08\/02150145\/applications-food-beverage-dairy-scaled-1.jpg","contentUrl":"https:\/\/media.enerconind.com\/wp-content\/uploads\/sites\/6\/2023\/08\/02150145\/applications-food-beverage-dairy-scaled-1.jpg","width":2500,"height":1667},{"@type":"BreadcrumbList","@id":"https:\/\/www.enerconind.com\/es\/sealing\/preguntas-frecuentes\/#breadcrumb","itemListElement":[{"@type":"ListItem","position":1,"name":"Home","item":"https:\/\/www.enerconind.com\/es\/"},{"@type":"ListItem","position":2,"name":"Soluciones de sellado por inducci\u00f3n","item":"https:\/\/www.enerconind.com\/es\/sealing\/"},{"@type":"ListItem","position":3,"name":"Preguntas Frecuentes"}]},{"@type":"WebSite","@id":"https:\/\/www.enerconind.com\/es\/#website","url":"https:\/\/www.enerconind.com\/es\/","name":"Enercon Industries - Espanol","description":"","potentialAction":[{"@type":"SearchAction","target":{"@type":"EntryPoint","urlTemplate":"https:\/\/www.enerconind.com\/es\/?s={search_term_string}"},"query-input":{"@type":"PropertyValueSpecification","valueRequired":true,"valueName":"search_term_string"}}],"inLanguage":"en-US"}]}},"_links":{"self":[{"href":"https:\/\/www.enerconind.com\/es\/wp-json\/wp\/v2\/pages\/24","targetHints":{"allow":["GET"]}}],"collection":[{"href":"https:\/\/www.enerconind.com\/es\/wp-json\/wp\/v2\/pages"}],"about":[{"href":"https:\/\/www.enerconind.com\/es\/wp-json\/wp\/v2\/types\/page"}],"author":[{"embeddable":true,"href":"https:\/\/www.enerconind.com\/es\/wp-json\/wp\/v2\/users\/3"}],"replies":[{"embeddable":true,"href":"https:\/\/www.enerconind.com\/es\/wp-json\/wp\/v2\/comments?post=24"}],"version-history":[{"count":0,"href":"https:\/\/www.enerconind.com\/es\/wp-json\/wp\/v2\/pages\/24\/revisions"}],"up":[{"embeddable":true,"href":"https:\/\/www.enerconind.com\/es\/wp-json\/wp\/v2\/pages\/64"}],"wp:attachment":[{"href":"https:\/\/www.enerconind.com\/es\/wp-json\/wp\/v2\/media?parent=24"}],"curies":[{"name":"wp","href":"https:\/\/api.w.org\/{rel}","templated":true}]}}