{"id":22,"date":"2023-06-15T14:57:28","date_gmt":"2023-06-15T14:57:28","guid":{"rendered":"https:\/\/www.enerconind.com\/es\/?page_id=22"},"modified":"2024-08-21T14:57:49","modified_gmt":"2024-08-21T14:57:49","slug":"tratamiento-flama","status":"publish","type":"page","link":"https:\/\/www.enerconind.com\/es\/tratando\/tratamiento-flama\/","title":{"rendered":"Tratamiento Flama"},"content":{"rendered":"\n\n\t\t<h1>\n\t\t\tTratadores Flama &amp; Tratamiento Flama para objetos y webs\n\t\t<\/h1>\n\t\t\t<p>Plasma Tratamiento flama es ideal para funcionalizar BOPP, PET, OPP, PE, films coextruidos, cartoncillo, laminas metalizadas, y espumas para aplicaciones numerosos de productos en las industrias alimenticias, automovil\u00edstica, medica, de cintas adhesivas &amp; textil.El dise\u00f1o \u00fanico de tratador de flama de Enercon con quemadores de tecnolog\u00eda PowerFlame\u2122 que optimiza la efectividad del tratamiento superficial. Un avance en tecnolog\u00eda de control de combusti\u00f3n asegura una operaci\u00f3n segura y consistencia de resultados en tratamientos repetitivos.<\/p>\t\t\n\t\t\t\t\t\t\t\t\t<img loading=\"lazy\" decoding=\"async\" src=\"https:\/\/media.enerconind.com\/wp-content\/uploads\/sites\/6\/2023\/09\/02150127\/570A0004w360-1.jpg\" alt=\"570A0004w360 (1)\" height=\"180\" width=\"360\" title=\"570A0004w360 (1)\" \/>\n\t\t<h2>\n\t\t\tFilms &amp; Webs\n\t\t\t\t\t\t\t\t\t\t\tTratamiento Flama\n\t\t<\/h2>\n\t\t\t<p>Tratadores de flama de alta calidad de producci\u00f3n de flama en alta velocidad para films y cartoncillos de todos los anchos. Control avanzado &amp; confiable de manejo de banda aseguran sus resultados.<\/p>\t\t\n\t\t\t\t\t\t\t\t\t<img loading=\"lazy\" decoding=\"async\" src=\"https:\/\/media.enerconind.com\/wp-content\/uploads\/sites\/6\/2023\/09\/02150127\/580B0019w360-2.jpg\" alt=\"580B0019w360 (2)\" height=\"180\" width=\"360\" title=\"580B0019w360 (2)\" \/>\n\t\t<h2>\n\t\t\tDyne-A-Flame\u2122 \n\t\t\t\t\t\t\t\t\t\t\t Tratador para Objetos\n\t\t<\/h2>\n\t\t\t<p>Tratadores para superficie Seguros y confiables. Con poderoso quemador de flama y sistema de avanzado de control de combusti\u00f3n. Se integra a un robot o montaje en posici\u00f3n fija.<\/p>\t\t\n\t\t\t\t<img loading=\"lazy\" decoding=\"async\" src=\"https:\/\/media.enerconind.com\/wp-content\/uploads\/sites\/6\/2023\/10\/02145957\/flame-close-up-web-treating.jpg\" alt=\"flame-close-up-web-treating\" height=\"450\" width=\"600\" title=\"flame-close-up-web-treating\" \/>\n\t\t<h2>\n\t\t\tTratamiento Flama\n\t\t\t\t\t\t\t\t\t\t\tPotente tratamiento de llama<br \/>con control preciso\n\t\t<\/h2>\n\t\t<ul>\n\t\t\t\t\t<li>\n\t\t\t\t\n\t\t<p>Mejorar la adherencia en pl\u00e1sticos, vidrio, metales y m\u00e1s.<\/p>\t\t\t\n\t\t\t<\/li>\n\t\t\t\t\t<li>\n\t\t\t\t\n\t\t<p>MEJORA LA ADHERENCIA DE LAS TINTAS,<br \/>RECUBRIMIENTOS Y ADHESIVOS<\/p>\t\t\t\n\t\t\t<\/li>\n\t\t\t\t\t<li>\n\t\t\t\t\n\t\t<p>DE LARGA DURACI\u00d3N, UNIFORME, ALTA NIVELES DE TRATAMIENTO<\/p>\t\t\t\n\t\t\t<\/li>\n\t\t\t\t\t<li>\n\t\t\t\t\n\t\t<p>CONTROL AVANZADO GARANTIZA LA FIABILIDAD<\/p>\t\t\t\n\t\t\t<\/li>\n\t\t\t\t<\/ul>\n\t\t<h2>\n\t\t\tCaracter\u00edsticas claves de Flama\n\t\t<\/h2>\n\t\t\t<ul><li>Construcci\u00f3n ruda para tratamiento confiable<\/li><li>Control electr\u00f3nico avanzado<\/li><li>Manejo de banda superior<\/li><li>Available with either ribbon burner or Enercon PowerFlame\u2122 burner<\/li><\/ul>\t\t\n\t\t<h2>\n\t\t\tDyne-A-Flame\u2122 Beneficios\n\t\t<\/h2>\n\t\t\t<ul><li>Adhesi\u00f3n segura de decoraciones, tintas, recubrimientos y etiquetas<\/li><li>Duradero, consistente, altos niveles de tratamiento<\/li><li>Dise\u00f1o seguro<\/li><li>Control avanzado asegura confiabilidad<\/li><\/ul>\t\t\n\t\t<h2>\n\t\t\tBeneficios del Tratamiento Flama Plasma\n\t\t<\/h2>\n\t\t\t<ul><li>Altos niveles de tratamiento<\/li><li>Velocidad baja de decadencia de tratamiento<\/li><li>No tratamiento al reverso<\/li><\/ul>\t\t\n\t\t<h2>\n\t\t\tDyne-A-Flame\u2122 Incluye\n\t\t<\/h2>\n\t\t\t<ul><li>Circuito cerrado mesclador de aire\/gas proporciona flama constante atrev\u00e9s del rango<\/li><li>Medidores de aire y gas proporcionan una reproducci\u00f3n precisa de los par\u00e1metros<\/li><li>Ajuste de potencia de flama con un solo control<\/li><li>Opera en gas natural o propano<\/li><li>Paquete electr\u00f3nico opcional integrado para los dos usos remoto o local<\/li><li>Control preciso de proporci\u00f3n de aire\/gas y potencia aplicada<\/li><li>No ajustes manuales o procesos de calibraci\u00f3n requeridos<\/li><\/ul>\t\t\n\t\t<h2>\n\t\t\tCaracter\u00edsticas de seguridad\n\t\t<\/h2>\n\t\t<h4>Dise\u00f1o a Prueba de Fallas:<\/h4>\n\t\t\t\t\t<p>Clausura el flujo de gas si alguno de los dispositivos cr\u00edticos del gabinete fallan<\/p>\t\t\t\t\n\t\t<h4>Interruptores de Presi\u00f3n:<\/h4>\n\t\t\t\t\t<p>Montado en las l\u00edneas de gas que detectan presi\u00f3n adecuada<\/p>\t\t\t\t\n\t\t<h4>Electrodo de Detecci\u00f3n de Flama:<\/h4>\n\t\t\t\t\t<p>Trabaja con el rel\u00e9 de flama de seguridad para detectar la flama en el quemador<\/p>\t\t\t\t\n\t\t<h4>V\u00e1lvulas de Seguridad Solenoide:<\/h4>\n\t\t\t\t\t<p>Previene el flujo de gas si los variables monitoreados no son satisfechos<\/p>\t\t\t\t\n\t\t<h4>Rel\u00e9 de Seguridad de Flama:<\/h4>\n\t\t\t\t\t<p>Monitorea la flama &amp; controla el solenoide redundante de seguridad de las l\u00edneas de gas<\/p>\t\t\t\t\n\t\t<h4>V\u00e1lvula de Flujo en Reverso:<\/h4>\n\t\t\t\t\t<p>Previene la circulaci\u00f3n en reverso a la l\u00ednea de gas<\/p>\t\t\t\t\n\t\t\t\t<img loading=\"lazy\" decoding=\"async\" src=\"https:\/\/media.enerconind.com\/wp-content\/uploads\/sites\/6\/2023\/10\/02145957\/flame-close-up-web-treating.jpg\" alt=\"flame-close-up-web-treating\" height=\"450\" width=\"600\" title=\"flame-close-up-web-treating\" \/>\n\t\t\t\t\t\t\t\t\t<img decoding=\"async\" src=\"https:\/\/media.enerconind.com\/wp-content\/uploads\/sites\/6\/2023\/06\/02150155\/manager-factory-left.png\" alt=\"\" \/>\n\t\t<h2>\n\t\t\tAplicaciones Flama de Tratado de Superficies &amp; Industrias\n\t\t<\/h2>\n\t\t<h2>\n\t\t\tEn Ingl\u00e9s:\n\t\t<\/h2>\n\t\t\t<ul>\n<li><a href=\"\/web-treating\/library-resource\/improve-lamination-adhesion-with-surface-treating\/\">Ensamble<\/a><\/li>\n<li><a href=\"\/plasma-treating\/applications\/automotive\/\">Automotivo<\/a><\/li>\n<li><a href=\"\/web-treating\/library\/\">Construcci\u00f3n<\/a><\/li>\n<li><a href=\"\/web-treating\/library-resource\/extrusion-bonding-success-improved-with-surface-treating\/\">Revestimiento por Extrusi\u00f3n<\/a><\/li>\n<li><a href=\"\/web-treating\/library\/\">Films<\/a><\/li>\n<li><a href=\"\/web-treating\/library-resource\/lofton-label-reaches-lofty-heights-with-the-help-of-surface-treaters\/\">Etiquetado<\/a><\/li>\n<\/ul>\n\t\t<h2>\n\t\t\tFlashing Light Indicator\n\t\t<\/h2>\n\t\t\t<ul>\n<li><a href=\"\/plasma-treating\/library\/\">Opticos<\/a><\/li>\n<li><a href=\"\/web-treating\/library-resource\/roll-aluminum-surface-preparation-for-packaging-applications\/\">Empacado<\/a><\/li>\n<li>Cartoncillo<\/li>\n<li><a href=\"\/web-treating\/library-resource\/corona-plasma-and-flame-pretreatment-for-surface-treating-plastics\/\">Pl\u00e1sticos<\/a><\/li>\n<\/ul>\n\n","protected":false},"excerpt":{"rendered":"<p>Tratadores Flama &amp; Tratamiento Flama para objetos y webs Plasma Tratamiento flama es ideal para funcionalizar BOPP, PET, OPP, PE, films coextruidos, cartoncillo, laminas metalizadas, y espumas para aplicaciones numerosos de productos en las industrias alimenticias, automovil\u00edstica, medica, de cintas adhesivas &amp; textil.El dise\u00f1o \u00fanico de tratador de flama de Enercon con quemadores de tecnolog\u00eda&hellip;<\/p>\n","protected":false},"author":3,"featured_media":0,"parent":19,"menu_order":0,"comment_status":"closed","ping_status":"closed","template":"","meta":{"_acf_changed":false,"footnotes":""},"class_list":["post-22","page","type-page","status-publish","hentry"],"acf":[],"yoast_head":"<!-- This site is optimized with the Yoast SEO plugin v27.4 - https:\/\/yoast.com\/product\/yoast-seo-wordpress\/ -->\n<title>Tratamiento Flama - Enercon Industries - Espanol<\/title>\n<meta name=\"description\" content=\"Obtenga informaci\u00f3n sobre los tratadores de superficies con flama l\u00edderes en la industria. Utilizado por los fabricantes para mejorar la adherencia en el montaje y decoraci\u00f3n de todo tipo de superficies.\" \/>\n<meta name=\"robots\" content=\"index, follow, max-snippet:-1, max-image-preview:large, max-video-preview:-1\" \/>\n<link rel=\"canonical\" href=\"https:\/\/www.enerconind.com\/es\/tratando\/tratamiento-flama\/\" \/>\n<meta property=\"og:locale\" content=\"en_US\" \/>\n<meta property=\"og:type\" content=\"article\" \/>\n<meta property=\"og:title\" content=\"Tratamiento Flama - Enercon Industries - Espanol\" \/>\n<meta property=\"og:description\" content=\"Obtenga informaci\u00f3n sobre los tratadores de superficies con flama l\u00edderes en la industria. Utilizado por los fabricantes para mejorar la adherencia en el montaje y decoraci\u00f3n de todo tipo de superficies.\" \/>\n<meta property=\"og:url\" content=\"https:\/\/www.enerconind.com\/es\/tratando\/tratamiento-flama\/\" \/>\n<meta property=\"og:site_name\" content=\"Enercon Industries - Espanol\" \/>\n<meta property=\"article:modified_time\" content=\"2024-08-21T14:57:49+00:00\" \/>\n<meta property=\"og:image\" content=\"https:\/\/www.enerconind.com\/es\/wp-content\/uploads\/sites\/6\/2023\/09\/570A0004w360-1.jpg\" \/>\n<meta name=\"twitter:card\" content=\"summary_large_image\" \/>\n<meta name=\"twitter:label1\" content=\"Est. reading time\" \/>\n\t<meta name=\"twitter:data1\" content=\"3 minutes\" \/>\n<script type=\"application\/ld+json\" class=\"yoast-schema-graph\">{\"@context\":\"https:\\\/\\\/schema.org\",\"@graph\":[{\"@type\":\"WebPage\",\"@id\":\"https:\\\/\\\/www.enerconind.com\\\/es\\\/tratando\\\/tratamiento-flama\\\/\",\"url\":\"https:\\\/\\\/www.enerconind.com\\\/es\\\/tratando\\\/tratamiento-flama\\\/\",\"name\":\"Tratamiento Flama - Enercon Industries - Espanol\",\"isPartOf\":{\"@id\":\"https:\\\/\\\/www.enerconind.com\\\/es\\\/#website\"},\"primaryImageOfPage\":{\"@id\":\"https:\\\/\\\/www.enerconind.com\\\/es\\\/tratando\\\/tratamiento-flama\\\/#primaryimage\"},\"image\":{\"@id\":\"https:\\\/\\\/www.enerconind.com\\\/es\\\/tratando\\\/tratamiento-flama\\\/#primaryimage\"},\"thumbnailUrl\":\"https:\\\/\\\/www.enerconind.com\\\/es\\\/wp-content\\\/uploads\\\/sites\\\/6\\\/2023\\\/09\\\/570A0004w360-1.jpg\",\"datePublished\":\"2023-06-15T14:57:28+00:00\",\"dateModified\":\"2024-08-21T14:57:49+00:00\",\"description\":\"Obtenga informaci\u00f3n sobre los tratadores de superficies con flama l\u00edderes en la industria. Utilizado por los fabricantes para mejorar la adherencia en el montaje y decoraci\u00f3n de todo tipo de superficies.\",\"breadcrumb\":{\"@id\":\"https:\\\/\\\/www.enerconind.com\\\/es\\\/tratando\\\/tratamiento-flama\\\/#breadcrumb\"},\"inLanguage\":\"en-US\",\"potentialAction\":[{\"@type\":\"ReadAction\",\"target\":[\"https:\\\/\\\/www.enerconind.com\\\/es\\\/tratando\\\/tratamiento-flama\\\/\"]}]},{\"@type\":\"ImageObject\",\"inLanguage\":\"en-US\",\"@id\":\"https:\\\/\\\/www.enerconind.com\\\/es\\\/tratando\\\/tratamiento-flama\\\/#primaryimage\",\"url\":\"https:\\\/\\\/media.enerconind.com\\\/wp-content\\\/uploads\\\/sites\\\/6\\\/2023\\\/09\\\/02150127\\\/570A0004w360-1.jpg\",\"contentUrl\":\"https:\\\/\\\/media.enerconind.com\\\/wp-content\\\/uploads\\\/sites\\\/6\\\/2023\\\/09\\\/02150127\\\/570A0004w360-1.jpg\",\"width\":360,\"height\":180},{\"@type\":\"BreadcrumbList\",\"@id\":\"https:\\\/\\\/www.enerconind.com\\\/es\\\/tratando\\\/tratamiento-flama\\\/#breadcrumb\",\"itemListElement\":[{\"@type\":\"ListItem\",\"position\":1,\"name\":\"Home\",\"item\":\"https:\\\/\\\/www.enerconind.com\\\/es\\\/\"},{\"@type\":\"ListItem\",\"position\":2,\"name\":\"Tratamiento De Superficies\",\"item\":\"https:\\\/\\\/www.enerconind.com\\\/es\\\/tratando\\\/\"},{\"@type\":\"ListItem\",\"position\":3,\"name\":\"Tratamiento Flama\"}]},{\"@type\":\"WebSite\",\"@id\":\"https:\\\/\\\/www.enerconind.com\\\/es\\\/#website\",\"url\":\"https:\\\/\\\/www.enerconind.com\\\/es\\\/\",\"name\":\"Enercon Industries - Espanol\",\"description\":\"\",\"potentialAction\":[{\"@type\":\"SearchAction\",\"target\":{\"@type\":\"EntryPoint\",\"urlTemplate\":\"https:\\\/\\\/www.enerconind.com\\\/es\\\/?s={search_term_string}\"},\"query-input\":{\"@type\":\"PropertyValueSpecification\",\"valueRequired\":true,\"valueName\":\"search_term_string\"}}],\"inLanguage\":\"en-US\"}]}<\/script>\n<!-- \/ Yoast SEO plugin. -->","yoast_head_json":{"title":"Tratamiento Flama - Enercon Industries - Espanol","description":"Obtenga informaci\u00f3n sobre los tratadores de superficies con flama l\u00edderes en la industria. Utilizado por los fabricantes para mejorar la adherencia en el montaje y decoraci\u00f3n de todo tipo de superficies.","robots":{"index":"index","follow":"follow","max-snippet":"max-snippet:-1","max-image-preview":"max-image-preview:large","max-video-preview":"max-video-preview:-1"},"canonical":"https:\/\/www.enerconind.com\/es\/tratando\/tratamiento-flama\/","og_locale":"en_US","og_type":"article","og_title":"Tratamiento Flama - Enercon Industries - Espanol","og_description":"Obtenga informaci\u00f3n sobre los tratadores de superficies con flama l\u00edderes en la industria. Utilizado por los fabricantes para mejorar la adherencia en el montaje y decoraci\u00f3n de todo tipo de superficies.","og_url":"https:\/\/www.enerconind.com\/es\/tratando\/tratamiento-flama\/","og_site_name":"Enercon Industries - Espanol","article_modified_time":"2024-08-21T14:57:49+00:00","og_image":[{"url":"https:\/\/www.enerconind.com\/es\/wp-content\/uploads\/sites\/6\/2023\/09\/570A0004w360-1.jpg","type":"","width":"","height":""}],"twitter_card":"summary_large_image","twitter_misc":{"Est. reading time":"3 minutes"},"schema":{"@context":"https:\/\/schema.org","@graph":[{"@type":"WebPage","@id":"https:\/\/www.enerconind.com\/es\/tratando\/tratamiento-flama\/","url":"https:\/\/www.enerconind.com\/es\/tratando\/tratamiento-flama\/","name":"Tratamiento Flama - Enercon Industries - Espanol","isPartOf":{"@id":"https:\/\/www.enerconind.com\/es\/#website"},"primaryImageOfPage":{"@id":"https:\/\/www.enerconind.com\/es\/tratando\/tratamiento-flama\/#primaryimage"},"image":{"@id":"https:\/\/www.enerconind.com\/es\/tratando\/tratamiento-flama\/#primaryimage"},"thumbnailUrl":"https:\/\/www.enerconind.com\/es\/wp-content\/uploads\/sites\/6\/2023\/09\/570A0004w360-1.jpg","datePublished":"2023-06-15T14:57:28+00:00","dateModified":"2024-08-21T14:57:49+00:00","description":"Obtenga informaci\u00f3n sobre los tratadores de superficies con flama l\u00edderes en la industria. Utilizado por los fabricantes para mejorar la adherencia en el montaje y decoraci\u00f3n de todo tipo de superficies.","breadcrumb":{"@id":"https:\/\/www.enerconind.com\/es\/tratando\/tratamiento-flama\/#breadcrumb"},"inLanguage":"en-US","potentialAction":[{"@type":"ReadAction","target":["https:\/\/www.enerconind.com\/es\/tratando\/tratamiento-flama\/"]}]},{"@type":"ImageObject","inLanguage":"en-US","@id":"https:\/\/www.enerconind.com\/es\/tratando\/tratamiento-flama\/#primaryimage","url":"https:\/\/media.enerconind.com\/wp-content\/uploads\/sites\/6\/2023\/09\/02150127\/570A0004w360-1.jpg","contentUrl":"https:\/\/media.enerconind.com\/wp-content\/uploads\/sites\/6\/2023\/09\/02150127\/570A0004w360-1.jpg","width":360,"height":180},{"@type":"BreadcrumbList","@id":"https:\/\/www.enerconind.com\/es\/tratando\/tratamiento-flama\/#breadcrumb","itemListElement":[{"@type":"ListItem","position":1,"name":"Home","item":"https:\/\/www.enerconind.com\/es\/"},{"@type":"ListItem","position":2,"name":"Tratamiento De Superficies","item":"https:\/\/www.enerconind.com\/es\/tratando\/"},{"@type":"ListItem","position":3,"name":"Tratamiento Flama"}]},{"@type":"WebSite","@id":"https:\/\/www.enerconind.com\/es\/#website","url":"https:\/\/www.enerconind.com\/es\/","name":"Enercon Industries - Espanol","description":"","potentialAction":[{"@type":"SearchAction","target":{"@type":"EntryPoint","urlTemplate":"https:\/\/www.enerconind.com\/es\/?s={search_term_string}"},"query-input":{"@type":"PropertyValueSpecification","valueRequired":true,"valueName":"search_term_string"}}],"inLanguage":"en-US"}]}},"_links":{"self":[{"href":"https:\/\/www.enerconind.com\/es\/wp-json\/wp\/v2\/pages\/22","targetHints":{"allow":["GET"]}}],"collection":[{"href":"https:\/\/www.enerconind.com\/es\/wp-json\/wp\/v2\/pages"}],"about":[{"href":"https:\/\/www.enerconind.com\/es\/wp-json\/wp\/v2\/types\/page"}],"author":[{"embeddable":true,"href":"https:\/\/www.enerconind.com\/es\/wp-json\/wp\/v2\/users\/3"}],"replies":[{"embeddable":true,"href":"https:\/\/www.enerconind.com\/es\/wp-json\/wp\/v2\/comments?post=22"}],"version-history":[{"count":0,"href":"https:\/\/www.enerconind.com\/es\/wp-json\/wp\/v2\/pages\/22\/revisions"}],"up":[{"embeddable":true,"href":"https:\/\/www.enerconind.com\/es\/wp-json\/wp\/v2\/pages\/19"}],"wp:attachment":[{"href":"https:\/\/www.enerconind.com\/es\/wp-json\/wp\/v2\/media?parent=22"}],"curies":[{"name":"wp","href":"https:\/\/api.w.org\/{rel}","templated":true}]}}