{"id":20,"date":"2023-06-15T14:56:52","date_gmt":"2023-06-15T14:56:52","guid":{"rendered":"https:\/\/www.enerconind.com\/es\/?page_id=20"},"modified":"2024-08-21T15:02:41","modified_gmt":"2024-08-21T15:02:41","slug":"tratamiento-plasma-web","status":"publish","type":"page","link":"https:\/\/www.enerconind.com\/es\/tratando\/tratamiento-plasma-web\/","title":{"rendered":"Tratamiento Plasma Web"},"content":{"rendered":"\n\n\t\t<h1>\n\t\t\tTratadores de Superficies de Plasma Atmosf\u00e9rico y Tratamiento para Webs\n\t\t<\/h1>\n\t\t\t<p>Los tratadores de plasma atmosf\u00e9rico de Enercon Plasma3\u2122 y Plasma4\u2122 son ideales para una gran variedad de substratos web. Estos sistemas son dise\u00f1ados para limpiar, delinear y funcionalizar superficies de pol\u00edmeros, textiles, nonwovens, superficies metalizadas y mucho m\u00e1s. Distribuyendo alta energ\u00eda superficial y activaci\u00f3n superficial duradera con qu\u00edmicas espec\u00edficas de gas que hacen estos sistemas ideales para aplicaciones con requerimientos de tratamiento riguroso imposible para otras tecnolog\u00edas de obtener.Enercon le ofrece m\u00e1s de una d\u00e9cada de experiencia en ser los pioneros de la aplicaci\u00f3n industrial de sistemas plasma de producci\u00f3n de grado industrial. Nuestros dise\u00f1os avanzados maximizan el rendimiento con el sistema ambiental m\u00e1s consciente del uso de qu\u00edmicas de gases. Los dise\u00f1os avanzados de Enercon crean producci\u00f3n avanzada<\/p>\t\t\n\t\n\t\t\t\t<img loading=\"lazy\" decoding=\"async\" src=\"https:\/\/media.enerconind.com\/wp-content\/uploads\/sites\/6\/2023\/10\/02150040\/illustration-plasma-source.jpg\" alt=\"illustration-plasma-source\" height=\"552\" width=\"1044\" title=\"illustration-plasma-source\" \/>\n\t\t<h2>\n\t\t\tTRATADORES DE PLASMA ATMOSF\u00c9RICO\n\t\t\t\t\t\t\t\t\t\t\tAplicaciones\n\t\t<\/h2>\n\t\t<ul>\n\t\t\t\t\t<li>\n\t\t\t\t\n\t\t<p><strong>Empaque Flexible Y Conversi\u00f3n<\/strong><\/p>\t\t\t\n\t\t\t<\/li>\n\t\t\t\t\t<li>\n\t\t\t\t\n\t\t<p><strong>Fotovoltaicos<\/strong><\/p>\t\t\t\n\t\t\t<\/li>\n\t\t\t\t\t<li>\n\t\t\t\t\n\t\t<p><strong>Bater\u00edas<\/strong><\/p>\t\t\t\n\t\t\t<\/li>\n\t\t\t\t\t<li>\n\t\t\t\t\n\t\t<p><strong>Espumas<\/strong><\/p>\t\t\t\n\t\t\t<\/li>\n\t\t\t\t\t<li>\n\t\t\t\t\n\t\t<p><strong>No-tejidos\/Tejidos<\/strong><\/p>\t\t\t\n\t\t\t<\/li>\n\t\t\t\t\t<li>\n\t\t\t\t\n\t\t<p><strong>Tableros de Circuitos Impresos<\/strong><\/p>\t\t\t\n\t\t\t<\/li>\n\t\t\t\t\t<li>\n\t\t\t\t\n\t\t<p><strong>Pel\u00edcula Cast Soplada<\/strong><\/p>\t\t\t\n\t\t\t<\/li>\n\t\t\t\t\t<li>\n\t\t\t\t\n\t\t<p><strong>Etiquetas RFID<\/strong><\/p>\t\t\t\n\t\t\t<\/li>\n\t\t\t\t\t<li>\n\t\t\t\t\n\t\t<p><strong>Pel\u00edculas Metalizadas<\/strong><\/p>\t\t\t\n\t\t\t<\/li>\n\t\t\t\t<\/ul>\n\t\t<h2>\n\t\t\tTecnolog\u00edas de Tratamiento Plasma\n\t\t<\/h2>\n\t\t\t\t<img loading=\"lazy\" decoding=\"async\" src=\"https:\/\/media.enerconind.com\/wp-content\/uploads\/sites\/6\/2023\/09\/02150124\/465B0024w220.jpg\" alt=\"465B0024w220\" height=\"100\" width=\"220\" title=\"465B0024w220\" \/>\n\t\t<h2>\n\t\t\t\t\t\t\t<a href=\"\/es\/tratando\/tratamiento-plasma-web\/plasma3-tratadores-de-plasma-atmosferico\/\" target=\"_self\" rel=\"noopener\">\n\t\t\tPlasma3\u2122\n\t\t\t\t\t\t\t<\/a>\n\t\t<\/h2>\n\t\t\t<p>Obtenga alto nivel de dinas, tratamiento duradero y funcionaliza films dise\u00f1ados &amp; superficies nonwovens. Qu\u00edmicas espec\u00edficas de gas modifican los superficiales dif\u00edciles de tratar.<\/p>\t\t\n\t\t\t\t<img loading=\"lazy\" decoding=\"async\" src=\"https:\/\/media.enerconind.com\/wp-content\/uploads\/sites\/6\/2023\/09\/02150123\/4660001w220.jpg\" alt=\"4660001w220\" height=\"100\" width=\"220\" title=\"4660001w220\" \/>\n\t\t<h2>\n\t\t\t\t\t\t\t<a href=\"\/es\/tratando\/tratamiento-plasma-web\/tratamiento-de-plasma-atmosferico-plasma4\/\" target=\"_self\" rel=\"noopener\">\n\t\t\tPlasma4\u2122\n\t\t\t\t\t\t\t<\/a>\n\t\t<\/h2>\n\t\t\t<p>El Nuevo dise\u00f1o mejora Plasma3\u2122 el l\u00edder en econom\u00eda de gas sin comprometerlo. Trata una gran variedad de films ofrece ajuste no-ozono corona<\/p>\t\t\n\n","protected":false},"excerpt":{"rendered":"<p>Tratadores de Superficies de Plasma Atmosf\u00e9rico y Tratamiento para Webs Los tratadores de plasma atmosf\u00e9rico de Enercon Plasma3\u2122 y Plasma4\u2122 son ideales para una gran variedad de substratos web. Estos sistemas son dise\u00f1ados para limpiar, delinear y funcionalizar superficies de pol\u00edmeros, textiles, nonwovens, superficies metalizadas y mucho m\u00e1s. Distribuyendo alta energ\u00eda superficial y activaci\u00f3n superficial&hellip;<\/p>\n","protected":false},"author":3,"featured_media":0,"parent":19,"menu_order":0,"comment_status":"closed","ping_status":"closed","template":"","meta":{"_acf_changed":false,"footnotes":""},"class_list":["post-20","page","type-page","status-publish","hentry"],"acf":[],"yoast_head":"<!-- This site is optimized with the Yoast SEO plugin v27.2 - https:\/\/yoast.com\/product\/yoast-seo-wordpress\/ -->\n<title>Tratamiento Plasma Web - Enercon Industries - Espanol<\/title>\n<meta name=\"description\" content=\"Descubra c\u00f3mo los tratadores de flama de Enercon brindan un tratamiento confiable de la superficie de la flama con control de combusti\u00f3n avanzado y tecnolog\u00eda de quemador de flama de alta velocidad.\" \/>\n<meta name=\"robots\" content=\"index, follow, max-snippet:-1, max-image-preview:large, max-video-preview:-1\" \/>\n<link rel=\"canonical\" href=\"https:\/\/www.enerconind.com\/es\/tratando\/tratamiento-plasma-web\/\" \/>\n<meta property=\"og:locale\" content=\"en_US\" \/>\n<meta property=\"og:type\" content=\"article\" \/>\n<meta property=\"og:title\" content=\"Tratamiento Plasma Web - Enercon Industries - Espanol\" \/>\n<meta property=\"og:description\" content=\"Descubra c\u00f3mo los tratadores de flama de Enercon brindan un tratamiento confiable de la superficie de la flama con control de combusti\u00f3n avanzado y tecnolog\u00eda de quemador de flama de alta velocidad.\" \/>\n<meta property=\"og:url\" content=\"https:\/\/www.enerconind.com\/es\/tratando\/tratamiento-plasma-web\/\" \/>\n<meta property=\"og:site_name\" content=\"Enercon Industries - Espanol\" \/>\n<meta property=\"article:modified_time\" content=\"2024-08-21T15:02:41+00:00\" \/>\n<meta property=\"og:image\" content=\"https:\/\/www.enerconind.com\/es\/wp-content\/uploads\/sites\/6\/2023\/10\/illustration-plasma-source.jpg\" \/>\n<meta name=\"twitter:card\" content=\"summary_large_image\" \/>\n<meta name=\"twitter:label1\" content=\"Est. reading time\" \/>\n\t<meta name=\"twitter:data1\" content=\"2 minutes\" \/>\n<script type=\"application\/ld+json\" class=\"yoast-schema-graph\">{\"@context\":\"https:\/\/schema.org\",\"@graph\":[{\"@type\":\"WebPage\",\"@id\":\"https:\/\/www.enerconind.com\/es\/tratando\/tratamiento-plasma-web\/\",\"url\":\"https:\/\/www.enerconind.com\/es\/tratando\/tratamiento-plasma-web\/\",\"name\":\"Tratamiento Plasma Web - Enercon Industries - Espanol\",\"isPartOf\":{\"@id\":\"https:\/\/www.enerconind.com\/es\/#website\"},\"primaryImageOfPage\":{\"@id\":\"https:\/\/www.enerconind.com\/es\/tratando\/tratamiento-plasma-web\/#primaryimage\"},\"image\":{\"@id\":\"https:\/\/www.enerconind.com\/es\/tratando\/tratamiento-plasma-web\/#primaryimage\"},\"thumbnailUrl\":\"https:\/\/www.enerconind.com\/es\/wp-content\/uploads\/sites\/6\/2023\/10\/illustration-plasma-source.jpg\",\"datePublished\":\"2023-06-15T14:56:52+00:00\",\"dateModified\":\"2024-08-21T15:02:41+00:00\",\"description\":\"Descubra c\u00f3mo los tratadores de flama de Enercon brindan un tratamiento confiable de la superficie de la flama con control de combusti\u00f3n avanzado y tecnolog\u00eda de quemador de flama de alta velocidad.\",\"breadcrumb\":{\"@id\":\"https:\/\/www.enerconind.com\/es\/tratando\/tratamiento-plasma-web\/#breadcrumb\"},\"inLanguage\":\"en-US\",\"potentialAction\":[{\"@type\":\"ReadAction\",\"target\":[\"https:\/\/www.enerconind.com\/es\/tratando\/tratamiento-plasma-web\/\"]}]},{\"@type\":\"ImageObject\",\"inLanguage\":\"en-US\",\"@id\":\"https:\/\/www.enerconind.com\/es\/tratando\/tratamiento-plasma-web\/#primaryimage\",\"url\":\"https:\/\/media.enerconind.com\/wp-content\/uploads\/sites\/6\/2023\/10\/02150040\/illustration-plasma-source.jpg\",\"contentUrl\":\"https:\/\/media.enerconind.com\/wp-content\/uploads\/sites\/6\/2023\/10\/02150040\/illustration-plasma-source.jpg\",\"width\":1044,\"height\":552},{\"@type\":\"BreadcrumbList\",\"@id\":\"https:\/\/www.enerconind.com\/es\/tratando\/tratamiento-plasma-web\/#breadcrumb\",\"itemListElement\":[{\"@type\":\"ListItem\",\"position\":1,\"name\":\"Home\",\"item\":\"https:\/\/www.enerconind.com\/es\/\"},{\"@type\":\"ListItem\",\"position\":2,\"name\":\"Tratamiento De Superficies\",\"item\":\"https:\/\/www.enerconind.com\/es\/tratando\/\"},{\"@type\":\"ListItem\",\"position\":3,\"name\":\"Tratamiento Plasma Web\"}]},{\"@type\":\"WebSite\",\"@id\":\"https:\/\/www.enerconind.com\/es\/#website\",\"url\":\"https:\/\/www.enerconind.com\/es\/\",\"name\":\"Enercon Industries - Espanol\",\"description\":\"\",\"potentialAction\":[{\"@type\":\"SearchAction\",\"target\":{\"@type\":\"EntryPoint\",\"urlTemplate\":\"https:\/\/www.enerconind.com\/es\/?s={search_term_string}\"},\"query-input\":{\"@type\":\"PropertyValueSpecification\",\"valueRequired\":true,\"valueName\":\"search_term_string\"}}],\"inLanguage\":\"en-US\"}]}<\/script>\n<!-- \/ Yoast SEO plugin. -->","yoast_head_json":{"title":"Tratamiento Plasma Web - Enercon Industries - Espanol","description":"Descubra c\u00f3mo los tratadores de flama de Enercon brindan un tratamiento confiable de la superficie de la flama con control de combusti\u00f3n avanzado y tecnolog\u00eda de quemador de flama de alta velocidad.","robots":{"index":"index","follow":"follow","max-snippet":"max-snippet:-1","max-image-preview":"max-image-preview:large","max-video-preview":"max-video-preview:-1"},"canonical":"https:\/\/www.enerconind.com\/es\/tratando\/tratamiento-plasma-web\/","og_locale":"en_US","og_type":"article","og_title":"Tratamiento Plasma Web - Enercon Industries - Espanol","og_description":"Descubra c\u00f3mo los tratadores de flama de Enercon brindan un tratamiento confiable de la superficie de la flama con control de combusti\u00f3n avanzado y tecnolog\u00eda de quemador de flama de alta velocidad.","og_url":"https:\/\/www.enerconind.com\/es\/tratando\/tratamiento-plasma-web\/","og_site_name":"Enercon Industries - Espanol","article_modified_time":"2024-08-21T15:02:41+00:00","og_image":[{"url":"https:\/\/www.enerconind.com\/es\/wp-content\/uploads\/sites\/6\/2023\/10\/illustration-plasma-source.jpg","type":"","width":"","height":""}],"twitter_card":"summary_large_image","twitter_misc":{"Est. reading time":"2 minutes"},"schema":{"@context":"https:\/\/schema.org","@graph":[{"@type":"WebPage","@id":"https:\/\/www.enerconind.com\/es\/tratando\/tratamiento-plasma-web\/","url":"https:\/\/www.enerconind.com\/es\/tratando\/tratamiento-plasma-web\/","name":"Tratamiento Plasma Web - Enercon Industries - Espanol","isPartOf":{"@id":"https:\/\/www.enerconind.com\/es\/#website"},"primaryImageOfPage":{"@id":"https:\/\/www.enerconind.com\/es\/tratando\/tratamiento-plasma-web\/#primaryimage"},"image":{"@id":"https:\/\/www.enerconind.com\/es\/tratando\/tratamiento-plasma-web\/#primaryimage"},"thumbnailUrl":"https:\/\/www.enerconind.com\/es\/wp-content\/uploads\/sites\/6\/2023\/10\/illustration-plasma-source.jpg","datePublished":"2023-06-15T14:56:52+00:00","dateModified":"2024-08-21T15:02:41+00:00","description":"Descubra c\u00f3mo los tratadores de flama de Enercon brindan un tratamiento confiable de la superficie de la flama con control de combusti\u00f3n avanzado y tecnolog\u00eda de quemador de flama de alta velocidad.","breadcrumb":{"@id":"https:\/\/www.enerconind.com\/es\/tratando\/tratamiento-plasma-web\/#breadcrumb"},"inLanguage":"en-US","potentialAction":[{"@type":"ReadAction","target":["https:\/\/www.enerconind.com\/es\/tratando\/tratamiento-plasma-web\/"]}]},{"@type":"ImageObject","inLanguage":"en-US","@id":"https:\/\/www.enerconind.com\/es\/tratando\/tratamiento-plasma-web\/#primaryimage","url":"https:\/\/media.enerconind.com\/wp-content\/uploads\/sites\/6\/2023\/10\/02150040\/illustration-plasma-source.jpg","contentUrl":"https:\/\/media.enerconind.com\/wp-content\/uploads\/sites\/6\/2023\/10\/02150040\/illustration-plasma-source.jpg","width":1044,"height":552},{"@type":"BreadcrumbList","@id":"https:\/\/www.enerconind.com\/es\/tratando\/tratamiento-plasma-web\/#breadcrumb","itemListElement":[{"@type":"ListItem","position":1,"name":"Home","item":"https:\/\/www.enerconind.com\/es\/"},{"@type":"ListItem","position":2,"name":"Tratamiento De Superficies","item":"https:\/\/www.enerconind.com\/es\/tratando\/"},{"@type":"ListItem","position":3,"name":"Tratamiento Plasma Web"}]},{"@type":"WebSite","@id":"https:\/\/www.enerconind.com\/es\/#website","url":"https:\/\/www.enerconind.com\/es\/","name":"Enercon Industries - Espanol","description":"","potentialAction":[{"@type":"SearchAction","target":{"@type":"EntryPoint","urlTemplate":"https:\/\/www.enerconind.com\/es\/?s={search_term_string}"},"query-input":{"@type":"PropertyValueSpecification","valueRequired":true,"valueName":"search_term_string"}}],"inLanguage":"en-US"}]}},"_links":{"self":[{"href":"https:\/\/www.enerconind.com\/es\/wp-json\/wp\/v2\/pages\/20","targetHints":{"allow":["GET"]}}],"collection":[{"href":"https:\/\/www.enerconind.com\/es\/wp-json\/wp\/v2\/pages"}],"about":[{"href":"https:\/\/www.enerconind.com\/es\/wp-json\/wp\/v2\/types\/page"}],"author":[{"embeddable":true,"href":"https:\/\/www.enerconind.com\/es\/wp-json\/wp\/v2\/users\/3"}],"replies":[{"embeddable":true,"href":"https:\/\/www.enerconind.com\/es\/wp-json\/wp\/v2\/comments?post=20"}],"version-history":[{"count":0,"href":"https:\/\/www.enerconind.com\/es\/wp-json\/wp\/v2\/pages\/20\/revisions"}],"up":[{"embeddable":true,"href":"https:\/\/www.enerconind.com\/es\/wp-json\/wp\/v2\/pages\/19"}],"wp:attachment":[{"href":"https:\/\/www.enerconind.com\/es\/wp-json\/wp\/v2\/media?parent=20"}],"curies":[{"name":"wp","href":"https:\/\/api.w.org\/{rel}","templated":true}]}}