{"id":19,"date":"2023-06-15T14:56:23","date_gmt":"2023-06-15T14:56:23","guid":{"rendered":"https:\/\/www.enerconind.com\/es\/?page_id=19"},"modified":"2024-08-26T21:25:30","modified_gmt":"2024-08-26T21:25:30","slug":"tratando","status":"publish","type":"page","link":"https:\/\/www.enerconind.com\/es\/tratando\/","title":{"rendered":"Tratamiento De Superficies"},"content":{"rendered":"\n<h1>\n\t\t\tTratamiento Corona, Plasma y Flama &#8211; Tratadores de Superficies\n\t\t<\/h1>\n\t\t\t<p>Los tratadores corona aumentan la energ\u00eda superficial de pl\u00e1sticos, films, foils y papel para mejorar la permeabilidad y adhesi\u00f3n de tintas, revestimiento y adhesivos.Solicite a Enercon soluciones de tratamiento de superficie personalizadas a su proyecto para acceso a un mundo de experiencia. Nuestra experiencia de aplicaci\u00f3n surge de las miles de instalaciones que apoyamos alrededor del mundo. Nuestro electrodo de alta potencia &amp; nuestro rodillo con cubrimiento \u00fanico de cer\u00e1mica optimiza los niveles de tratamiento y minimiza problemas de aplicaci\u00f3n de impresi\u00f3n, recubrimiento, &amp; laminaci\u00f3n.Para l\u00edneas de film de soplado y extrusi\u00f3n puede seleccionar<br>entre ancho fijo y electrodos de acero inoxidable segmentados para obtener un patr\u00f3n en su tratado.<\/p>\t\t\n\t<a href=\"\/es\/tratando\/tratamiento-corona\/\" target=\"_self\" role=\"button\" aria-label=\"Tratadores de Superficies para Bandas y Pel\u00edculas\" rel=\"noopener\">\n\t\t\t\t\t\tTratadores de Superficies para Bandas y Pel\u00edculas\n\t\t\t<\/a>\n\t<a href=\"\/es\/tratando\/tratamiento-plasma-de-objetos\/\" target=\"_self\" role=\"button\" aria-label=\"Tratadores de Superficies para Objetos\" rel=\"noopener\">\n\t\t\t\t\t\tTratadores de Superficies para Objetos\n\t\t\t<\/a>\n\t\t<h2>\n\t\t\tNosotros Productos\n\t\t\t\t\t\t\t\t\t\t\tTratadores de Superficies\n\t\t<\/h2>\n\t\t\t\t<img loading=\"lazy\" decoding=\"async\" src=\"https:\/\/media.enerconind.com\/wp-content\/uploads\/sites\/6\/2023\/06\/02150226\/425C0032.png\" alt=\"425C0032\" height=\"813\" width=\"1175\" title=\"425C0032\">\n\t\t<h2>\n\t\t\tTratadores de Superficies para Bandas y Pel\u00edculas\n\t\t<\/h2>\n\t\t\t<p>Los tratadores de corona, plasma y flama aumentan la energ\u00eda superficial de las pel\u00edculas, las l\u00e1minas y el papel para mejorar la permeabilidad y la adhesi\u00f3n de tintas, recubrimientos y adhesivos.<\/p>\t\t\n\t<a href=\"\/es\/tratando\/tratamiento-corona\/\" target=\"_self\" role=\"button\" aria-label=\"Tratadores de Superficies para Bandas y Pel\u00edculas\" rel=\"noopener\">\n\t\t\t\t\t\tTratadores de Superficies para Bandas y Pel\u00edculas\n\t\t\t\t\t<\/a>\n\t\t\t\t<img loading=\"lazy\" decoding=\"async\" src=\"https:\/\/media.enerconind.com\/wp-content\/uploads\/sites\/6\/2023\/06\/02150225\/EnerconBlownIonDischarge.png\" alt=\"EnerconBlownIonDischarge\" height=\"778\" width=\"1166\" title=\"EnerconBlownIonDischarge\">\n\t\t<h2>\n\t\t\tTratadores Plasma &amp; Tecnolog\u00eda de Tratamiento para Objetos\n\t\t<\/h2>\n\t\t\t<p>Tratadores de plasma atmosf\u00e9rico promueven la adhesi\u00f3n eliminando contaminantes org\u00e1nicos e inorg\u00e1nicos de la superficie. Cada tratador Enercon plasma tiene caracter\u00edsticas de descarga \u00fanicas optimizadas para aplicaciones espec\u00edficas. El tratamiento plasma es efectivo en pol\u00edmeros, elast\u00f3meros, vidrio y metales.<\/p>\t\t\n\t<a href=\"\/es\/tratando\/tratamiento-plasma-de-objetos\/\" target=\"_self\" role=\"button\" aria-label=\"Tratadores Plasma &amp; Tecnolog\u00eda de Tratamiento para Objetos\" rel=\"noopener\">\n\t\t\t\t\t\tTratadores Plasma &amp; Tecnolog\u00eda de Tratamiento para Objetos\n\t\t\t\t\t<\/a>\n\t\t\t<a href=\"\" target=\"_self\" rel=\"noopener\">\n\t\t\t\t\t\t\t<img decoding=\"async\" src=\"https:\/\/media.enerconind.com\/wp-content\/uploads\/sites\/6\/2023\/06\/02150209\/enercon-corona-treater-2.png\" alt=\"enercon-corona-treater-2\">\n\t\t\t\t\tProximo Seminario Web\n\t\t<p>Sea un Experto de Tratadores Corona y sus Coberturas de Rodillos para las L\u00edneas de Extrusi\u00f3n<\/p>\n\t\t\t\t\t<p><strong>\u00a1 Reg\u00edstrate Ahora!<\/strong><\/p>\t\t\t\t\n\t\t<\/a>\n\t\t<h2>\n\t\t\tM\u00e1s Informaci\u00f3n\n\t\t<\/h2>\n\t\t\t<a href=\"\/es\/tratando\/aspectos-basicos\/\" target=\"_self\" rel=\"noopener\">\n\t\t\t\t\t\t\t<img decoding=\"async\" src=\"https:\/\/media.enerconind.com\/wp-content\/uploads\/sites\/6\/2023\/06\/02150209\/enercon-corona-treater-2.png\" alt=\"enercon-corona-treater-2\">\n\t\t<h4>Aspectos B\u00e1sicos Acerca del Tratamiento Corona<\/h4>\n\t\t<\/a>\n\t\t\t<a href=\"\/es\/library-resource\/introduccion-al-tratamiento-de-superficies-con-plasma-atmosferico\/\" target=\"_self\" rel=\"noopener\">\n\t\t\t\t\t\t\t<img decoding=\"async\" src=\"https:\/\/media.enerconind.com\/wp-content\/uploads\/sites\/6\/2023\/06\/02150225\/EnerconBlownIonDischarge.png\" alt=\"EnerconBlownIonDischarge\">\n\t\t<h4>Introducci\u00f3n al Tratamiento de Superficies con Plasma Atmosferico<\/h4>\n\t\t<\/a>\n\t\t<h2>\n\t\t\tAprende M\u00e1s\n\t\t<\/h2>\n\t<a href=\"\/es\/tratando\/biblioteca\/\" target=\"_self\" role=\"button\" aria-label=\"Biblioteca\" rel=\"noopener\">\n\t\t\t\t\t\tBiblioteca\n\t\t\t\t\t<\/a>\n","protected":false},"excerpt":{"rendered":"<p>Tratamiento Corona, Plasma y Flama &#8211; Tratadores de Superficies Los tratadores corona aumentan la energ\u00eda superficial de pl\u00e1sticos, films, foils y papel para mejorar la permeabilidad y adhesi\u00f3n de tintas, revestimiento y adhesivos.Solicite a Enercon soluciones de tratamiento de superficie personalizadas a su proyecto para acceso a un mundo de experiencia. Nuestra experiencia de aplicaci\u00f3n&hellip;<\/p>\n","protected":false},"author":3,"featured_media":0,"parent":0,"menu_order":0,"comment_status":"closed","ping_status":"closed","template":"","meta":{"_acf_changed":false,"footnotes":""},"class_list":["post-19","page","type-page","status-publish","hentry"],"acf":[],"yoast_head":"<!-- This site is optimized with the Yoast SEO plugin v27.4 - https:\/\/yoast.com\/product\/yoast-seo-wordpress\/ -->\n<title>Tratamiento De Superficies - Enercon Industries - Espanol<\/title>\n<meta name=\"description\" content=\"Obtenga informaci\u00f3n sobre aplicaciones y mejores pr\u00e1cticas sobre tratamientos de superficies de corona, plasma y flama del l\u00edder en tratamiento de superficies.\" \/>\n<meta name=\"robots\" content=\"index, follow, max-snippet:-1, max-image-preview:large, max-video-preview:-1\" \/>\n<link rel=\"canonical\" href=\"https:\/\/www.enerconind.com\/es\/tratando\/\" \/>\n<meta property=\"og:locale\" content=\"en_US\" \/>\n<meta property=\"og:type\" content=\"article\" \/>\n<meta property=\"og:title\" content=\"Tratamiento De Superficies - Enercon Industries - Espanol\" \/>\n<meta property=\"og:description\" content=\"Obtenga informaci\u00f3n sobre aplicaciones y mejores pr\u00e1cticas sobre tratamientos de superficies de corona, plasma y flama del l\u00edder en tratamiento de superficies.\" \/>\n<meta property=\"og:url\" content=\"https:\/\/www.enerconind.com\/es\/tratando\/\" \/>\n<meta property=\"og:site_name\" content=\"Enercon Industries - Espanol\" \/>\n<meta property=\"article:modified_time\" content=\"2024-08-26T21:25:30+00:00\" \/>\n<meta property=\"og:image\" content=\"https:\/\/www.enerconind.com\/es\/wp-content\/uploads\/sites\/6\/2023\/06\/425C0032.png\" \/>\n<meta name=\"twitter:card\" content=\"summary_large_image\" \/>\n<meta name=\"twitter:label1\" content=\"Est. reading time\" \/>\n\t<meta name=\"twitter:data1\" content=\"3 minutes\" \/>\n<script type=\"application\/ld+json\" class=\"yoast-schema-graph\">{\"@context\":\"https:\\\/\\\/schema.org\",\"@graph\":[{\"@type\":\"WebPage\",\"@id\":\"https:\\\/\\\/www.enerconind.com\\\/es\\\/tratando\\\/\",\"url\":\"https:\\\/\\\/www.enerconind.com\\\/es\\\/tratando\\\/\",\"name\":\"Tratamiento De Superficies - Enercon Industries - Espanol\",\"isPartOf\":{\"@id\":\"https:\\\/\\\/www.enerconind.com\\\/es\\\/#website\"},\"primaryImageOfPage\":{\"@id\":\"https:\\\/\\\/www.enerconind.com\\\/es\\\/tratando\\\/#primaryimage\"},\"image\":{\"@id\":\"https:\\\/\\\/www.enerconind.com\\\/es\\\/tratando\\\/#primaryimage\"},\"thumbnailUrl\":\"https:\\\/\\\/www.enerconind.com\\\/es\\\/wp-content\\\/uploads\\\/sites\\\/6\\\/2023\\\/06\\\/425C0032.png\",\"datePublished\":\"2023-06-15T14:56:23+00:00\",\"dateModified\":\"2024-08-26T21:25:30+00:00\",\"description\":\"Obtenga informaci\u00f3n sobre aplicaciones y mejores pr\u00e1cticas sobre tratamientos de superficies de corona, plasma y flama del l\u00edder en tratamiento de superficies.\",\"breadcrumb\":{\"@id\":\"https:\\\/\\\/www.enerconind.com\\\/es\\\/tratando\\\/#breadcrumb\"},\"inLanguage\":\"en-US\",\"potentialAction\":[{\"@type\":\"ReadAction\",\"target\":[\"https:\\\/\\\/www.enerconind.com\\\/es\\\/tratando\\\/\"]}]},{\"@type\":\"ImageObject\",\"inLanguage\":\"en-US\",\"@id\":\"https:\\\/\\\/www.enerconind.com\\\/es\\\/tratando\\\/#primaryimage\",\"url\":\"https:\\\/\\\/media.enerconind.com\\\/wp-content\\\/uploads\\\/sites\\\/6\\\/2023\\\/06\\\/02150226\\\/425C0032.png\",\"contentUrl\":\"https:\\\/\\\/media.enerconind.com\\\/wp-content\\\/uploads\\\/sites\\\/6\\\/2023\\\/06\\\/02150226\\\/425C0032.png\",\"width\":1175,\"height\":813},{\"@type\":\"BreadcrumbList\",\"@id\":\"https:\\\/\\\/www.enerconind.com\\\/es\\\/tratando\\\/#breadcrumb\",\"itemListElement\":[{\"@type\":\"ListItem\",\"position\":1,\"name\":\"Home\",\"item\":\"https:\\\/\\\/www.enerconind.com\\\/es\\\/\"},{\"@type\":\"ListItem\",\"position\":2,\"name\":\"Tratamiento De Superficies\"}]},{\"@type\":\"WebSite\",\"@id\":\"https:\\\/\\\/www.enerconind.com\\\/es\\\/#website\",\"url\":\"https:\\\/\\\/www.enerconind.com\\\/es\\\/\",\"name\":\"Enercon Industries - Espanol\",\"description\":\"\",\"potentialAction\":[{\"@type\":\"SearchAction\",\"target\":{\"@type\":\"EntryPoint\",\"urlTemplate\":\"https:\\\/\\\/www.enerconind.com\\\/es\\\/?s={search_term_string}\"},\"query-input\":{\"@type\":\"PropertyValueSpecification\",\"valueRequired\":true,\"valueName\":\"search_term_string\"}}],\"inLanguage\":\"en-US\"}]}<\/script>\n<!-- \/ Yoast SEO plugin. -->","yoast_head_json":{"title":"Tratamiento De Superficies - Enercon Industries - Espanol","description":"Obtenga informaci\u00f3n sobre aplicaciones y mejores pr\u00e1cticas sobre tratamientos de superficies de corona, plasma y flama del l\u00edder en tratamiento de superficies.","robots":{"index":"index","follow":"follow","max-snippet":"max-snippet:-1","max-image-preview":"max-image-preview:large","max-video-preview":"max-video-preview:-1"},"canonical":"https:\/\/www.enerconind.com\/es\/tratando\/","og_locale":"en_US","og_type":"article","og_title":"Tratamiento De Superficies - Enercon Industries - Espanol","og_description":"Obtenga informaci\u00f3n sobre aplicaciones y mejores pr\u00e1cticas sobre tratamientos de superficies de corona, plasma y flama del l\u00edder en tratamiento de superficies.","og_url":"https:\/\/www.enerconind.com\/es\/tratando\/","og_site_name":"Enercon Industries - Espanol","article_modified_time":"2024-08-26T21:25:30+00:00","og_image":[{"url":"https:\/\/www.enerconind.com\/es\/wp-content\/uploads\/sites\/6\/2023\/06\/425C0032.png","type":"","width":"","height":""}],"twitter_card":"summary_large_image","twitter_misc":{"Est. reading time":"3 minutes"},"schema":{"@context":"https:\/\/schema.org","@graph":[{"@type":"WebPage","@id":"https:\/\/www.enerconind.com\/es\/tratando\/","url":"https:\/\/www.enerconind.com\/es\/tratando\/","name":"Tratamiento De Superficies - Enercon Industries - Espanol","isPartOf":{"@id":"https:\/\/www.enerconind.com\/es\/#website"},"primaryImageOfPage":{"@id":"https:\/\/www.enerconind.com\/es\/tratando\/#primaryimage"},"image":{"@id":"https:\/\/www.enerconind.com\/es\/tratando\/#primaryimage"},"thumbnailUrl":"https:\/\/www.enerconind.com\/es\/wp-content\/uploads\/sites\/6\/2023\/06\/425C0032.png","datePublished":"2023-06-15T14:56:23+00:00","dateModified":"2024-08-26T21:25:30+00:00","description":"Obtenga informaci\u00f3n sobre aplicaciones y mejores pr\u00e1cticas sobre tratamientos de superficies de corona, plasma y flama del l\u00edder en tratamiento de superficies.","breadcrumb":{"@id":"https:\/\/www.enerconind.com\/es\/tratando\/#breadcrumb"},"inLanguage":"en-US","potentialAction":[{"@type":"ReadAction","target":["https:\/\/www.enerconind.com\/es\/tratando\/"]}]},{"@type":"ImageObject","inLanguage":"en-US","@id":"https:\/\/www.enerconind.com\/es\/tratando\/#primaryimage","url":"https:\/\/media.enerconind.com\/wp-content\/uploads\/sites\/6\/2023\/06\/02150226\/425C0032.png","contentUrl":"https:\/\/media.enerconind.com\/wp-content\/uploads\/sites\/6\/2023\/06\/02150226\/425C0032.png","width":1175,"height":813},{"@type":"BreadcrumbList","@id":"https:\/\/www.enerconind.com\/es\/tratando\/#breadcrumb","itemListElement":[{"@type":"ListItem","position":1,"name":"Home","item":"https:\/\/www.enerconind.com\/es\/"},{"@type":"ListItem","position":2,"name":"Tratamiento De Superficies"}]},{"@type":"WebSite","@id":"https:\/\/www.enerconind.com\/es\/#website","url":"https:\/\/www.enerconind.com\/es\/","name":"Enercon Industries - Espanol","description":"","potentialAction":[{"@type":"SearchAction","target":{"@type":"EntryPoint","urlTemplate":"https:\/\/www.enerconind.com\/es\/?s={search_term_string}"},"query-input":{"@type":"PropertyValueSpecification","valueRequired":true,"valueName":"search_term_string"}}],"inLanguage":"en-US"}]}},"_links":{"self":[{"href":"https:\/\/www.enerconind.com\/es\/wp-json\/wp\/v2\/pages\/19","targetHints":{"allow":["GET"]}}],"collection":[{"href":"https:\/\/www.enerconind.com\/es\/wp-json\/wp\/v2\/pages"}],"about":[{"href":"https:\/\/www.enerconind.com\/es\/wp-json\/wp\/v2\/types\/page"}],"author":[{"embeddable":true,"href":"https:\/\/www.enerconind.com\/es\/wp-json\/wp\/v2\/users\/3"}],"replies":[{"embeddable":true,"href":"https:\/\/www.enerconind.com\/es\/wp-json\/wp\/v2\/comments?post=19"}],"version-history":[{"count":0,"href":"https:\/\/www.enerconind.com\/es\/wp-json\/wp\/v2\/pages\/19\/revisions"}],"wp:attachment":[{"href":"https:\/\/www.enerconind.com\/es\/wp-json\/wp\/v2\/media?parent=19"}],"curies":[{"name":"wp","href":"https:\/\/api.w.org\/{rel}","templated":true}]}}