{"id":189,"date":"2023-08-30T13:27:04","date_gmt":"2023-08-30T13:27:04","guid":{"rendered":"https:\/\/www.enerconind.com\/es\/tratando\/tratamiento-plasma-de-objetos\/plasma3-vcp\/"},"modified":"2024-08-21T15:00:59","modified_gmt":"2024-08-21T15:00:59","slug":"plasma3-vcp","status":"publish","type":"page","link":"https:\/\/www.enerconind.com\/es\/tratando\/tratamiento-plasma-de-objetos\/plasma3-vcp\/","title":{"rendered":"Plasma3 VCP"},"content":{"rendered":"\n\n\t\t<h1>\n\t\t\tPlasma3 VCP Tratamiento de Superficies Plasma Atmosf\u00e9rico\n\t\t<\/h1>\n\t\t\t<p>Plasma3\u2122 VCP es una tecnolog\u00eda de tratamiento revolucionaria de plasma atmosf\u00e9rico. Este poderoso y delicado sistema de tratamiento exitosamente limpia, delinea o de otra manera funcionaliza un gran rango de materiales. Ha sido dise\u00f1ado espec\u00edficamente para tratamiento de l\u00e1minas, tableros u objetos con bordes m\u00ednimos tales como tubos o cables. Para webs o material en rollos Enercon le ofrece el\u00a0<a href=\"\/es\/tratando\/tratamiento-plasma-web\/plasma3-tratadores-de-plasma-atmosferico\/\">Plasma3\u2122 sistema de tratamiento<\/a>.La habilidad de producir resultados con tratamiento duradero que pueden de otra manera no responder es una de las mayores ventajas de Plasma3\u2122 VCP. Sin embargo su habilidad de limpiar, delinear y funcionalizar superficies ha hecho el Plasma3\u2122 VCP un gigante avance para muchas empresas l\u00edderes en la industria.Beneficios adicionales incluye el tratamiento para ambas superficies conductivas y no conductivas. Y, cuando su aplicaci\u00f3n cambie, puede tomar ventaja de la ilimitada qu\u00edmica variable del sistema.<\/p>\t\t\n\t\t<h2>\n\t\t\tC\u00f3mo trabaja Plasma3\u2122 VCP\n\t\t<\/h2>\n\t\t\t<p>Gases reactivos son difundidos hacia la superficie bajo la influencia de campos el\u00e9ctricos. Materiales con bajo peso molecular como el agua, gases absorbidos y fragmentos de pol\u00edmeros son desplazados de la superficie para exponer una superficie limpia y fresca. Al\u00a0 mismo tiempo un porcentaje de los componentes reactivos en plasma con suficiente energ\u00eda se adhieren a la superficie frescamente expuesta, cambiando la qu\u00edmica de la superficie e impartiendo la funcionalidad deseada.Convi\u00e9rtase en una de las compa\u00f1\u00edas\u00a0 l\u00edderes en su industria incluyendo esta nueva tecnolog\u00eda en el desarrollo de sus productos. Para comenzar nosotros le recomendamos pruebas de Plasma3\u2122 VCP en nuestro laboratorio de tratamiento de superficies. Aseg\u00farese de ver el video de\u00a0<a href=\"\/plasma-treating\/library-resource\/what-plasma-treating-does-to-a-surface-video-animation\/\">Plasma3\u2122 proceso de tratamiento<\/a>.<\/p>\t\t\n\t\t\t\t<img loading=\"lazy\" decoding=\"async\" src=\"https:\/\/media.enerconind.com\/wp-content\/uploads\/sites\/6\/2023\/09\/02150124\/467B0001.jpg\" alt=\"467B0001\" height=\"144\" width=\"175\" title=\"467B0001\" \/>\n\t\t<h2>\n\t\t\tLIMPIAR, GRABAR, FUNCIONALIZAR\n\t\t\t\t\t\t\t\t\t\t\tPor qu\u00e9 escoger sistemas Enercon de plasma atmosf\u00e9rico?\n\t\t<\/h2>\n\t\t<ul>\n\t\t\t\t\t<li>\n\t\t\t\t\n\t\t<p><strong>Expertos en aplicaci\u00f3n<\/strong><\/p>\t\t\t\n\t\t\t<\/li>\n\t\t\t\t\t<li>\n\t\t\t\t\n\t\t<p><strong>Comprobado en la pr\u00e1ctica<\/strong><\/p>\t\t\t\n\t\t\t<\/li>\n\t\t\t\t\t<li>\n\t\t\t\t\n\t\t<p><strong>Tecnolog\u00eda patentada<\/strong><\/p>\t\t\t\n\t\t\t<\/li>\n\t\t\t\t\t<li>\n\t\t\t\t\n\t\t<p><strong>Extensivas capacidades de laboratorio<\/strong><\/p>\t\t\t\n\t\t\t<\/li>\n\t\t\t\t\t<li>\n\t\t\t\t\n\t\t<p><strong>Experiencia de fabricaci\u00f3n<\/strong><\/p>\t\t\t\n\t\t\t<\/li>\n\t\t\t\t\t<li>\n\t\t\t\t\n\t\t<p><strong>Reputaci\u00f3n impecable de calidad<\/strong><\/p>\t\t\t\n\t\t\t<\/li>\n\t\t\t\t\t<li>\n\t\t\t\t\n\t\t<p><strong>Perspectiva global &amp; apoyo local<\/strong><\/p>\t\t\t\n\t\t\t<\/li>\n\t\t\t\t<\/ul>\n\t\t<h2>\n\t\t\tPor qu\u00e9 escoger sistemas Enercon de plasma atmosf\u00e9rico?\n\t\t<\/h2>\n\t\t<h4>Expertos en aplicaci\u00f3n<\/h4>\n\t\t\t\t\t<p>Miles de pruebas de superficies en cientos de materiales \u00fanicos<\/p>\t\t\t\t\n\t\t<h4>Extensivas capacidades de laboratorio<\/h4>\n\t\t\t\t\t<p>Comparaci\u00f3n Imparcial de tecnolog\u00edas de tratamiento<\/p>\t\t\t\t\n\t\t<h4>Comprobado en la pr\u00e1ctica<\/h4>\n\t\t\t\t\t<p>M\u00e1s de 100 sistemas plasma atmosf\u00e9rico en operaci\u00f3n alrededor del mundo<\/p>\t\t\t\t\n\t\t<h4>Experiencia de fabricaci\u00f3n<\/h4>\n\t\t\t\t\t<p>Benef\u00edciese de la experiencia de dise\u00f1o y fabricaci\u00f3n de m\u00e1s de 30 a\u00f1os<\/p>\t\t\t\t\n\t\t<h4>Tecnolog\u00eda patentada<\/h4>\n\t\t\t\t\t<p>Dise\u00f1o ganador \u00fanico multi-patentado<\/p>\t\t\t\t\n\t\t<h4>Reputaci\u00f3n impecable de calidad<\/h4>\n\t\t\t\t\t<p>Equipo confiable de grado de producci\u00f3n en el que puede confiar<\/p>\t\t\t\t\n\t\t\t\t<img decoding=\"async\" src=\"https:\/\/www.enerconind.com\/es\/wp-content\/plugins\/bb-plugin\/img\/pixel.png\" alt=\"\" \/>\n\t\t<h2>\n\t\t\tPerspectiva global &amp; apoyo local\n\t\t<\/h2>\n\t\t\t<dl>\n<dd>Personal directo y centros de operaci\u00f3n en todo el mundo emplean ingenieros expertos de aplicaci\u00f3n y reemplazo de partes cr\u00edticas<\/dd>\n<\/dl>\n<p><a href=\"\/es\/tratando\/contactenos\/\">Cont\u00e1ctenos<\/a>\u00a0para conocer m\u00e1s acerca de las ventajas revolucionarias del sistema de tratamiento de superficies de Plasma3\u2122 VCP.<\/p>\n<p>Los generadores de potencia de Enercon y estaciones son dise\u00f1adas para operar a una temperatura ambiental de 40\u00b0C (104\u00b0F) @ 80% de humedad relativa, no-condensante<\/p>\n\n","protected":false},"excerpt":{"rendered":"<p>Plasma3 VCP Tratamiento de Superficies Plasma Atmosf\u00e9rico Plasma3\u2122 VCP es una tecnolog\u00eda de tratamiento revolucionaria de plasma atmosf\u00e9rico. Este poderoso y delicado sistema de tratamiento exitosamente limpia, delinea o de otra manera funcionaliza un gran rango de materiales. Ha sido dise\u00f1ado espec\u00edficamente para tratamiento de l\u00e1minas, tableros u objetos con bordes m\u00ednimos tales como tubos&hellip;<\/p>\n","protected":false},"author":3,"featured_media":0,"parent":21,"menu_order":227,"comment_status":"closed","ping_status":"closed","template":"","meta":{"_acf_changed":false,"footnotes":""},"class_list":["post-189","page","type-page","status-publish","hentry"],"acf":[],"yoast_head":"<!-- This site is optimized with the Yoast SEO plugin v27.4 - https:\/\/yoast.com\/product\/yoast-seo-wordpress\/ -->\n<title>Plasma3 VCP - Enercon Industries - Espanol<\/title>\n<meta name=\"description\" content=\"Aumente la energ\u00eda de la superficie con tratadores de plasma de qu\u00edmica variable para tratar superficies que no responden a los tratadores de superficies de plasma de aire.\" \/>\n<meta name=\"robots\" content=\"index, follow, max-snippet:-1, max-image-preview:large, max-video-preview:-1\" \/>\n<link rel=\"canonical\" href=\"https:\/\/www.enerconind.com\/es\/tratando\/tratamiento-plasma-de-objetos\/plasma3-vcp\/\" \/>\n<meta property=\"og:locale\" content=\"en_US\" \/>\n<meta property=\"og:type\" content=\"article\" \/>\n<meta property=\"og:title\" content=\"Plasma3 VCP - Enercon Industries - Espanol\" \/>\n<meta property=\"og:description\" content=\"Aumente la energ\u00eda de la superficie con tratadores de plasma de qu\u00edmica variable para tratar superficies que no responden a los tratadores de superficies de plasma de aire.\" \/>\n<meta property=\"og:url\" content=\"https:\/\/www.enerconind.com\/es\/tratando\/tratamiento-plasma-de-objetos\/plasma3-vcp\/\" \/>\n<meta property=\"og:site_name\" content=\"Enercon Industries - Espanol\" \/>\n<meta property=\"article:modified_time\" content=\"2024-08-21T15:00:59+00:00\" \/>\n<meta property=\"og:image\" content=\"https:\/\/www.enerconind.com\/es\/wp-content\/uploads\/sites\/6\/2023\/09\/467B0001.jpg\" \/>\n<meta name=\"twitter:card\" content=\"summary_large_image\" \/>\n<meta name=\"twitter:label1\" content=\"Est. reading time\" \/>\n\t<meta name=\"twitter:data1\" content=\"3 minutes\" \/>\n<script type=\"application\/ld+json\" class=\"yoast-schema-graph\">{\"@context\":\"https:\\\/\\\/schema.org\",\"@graph\":[{\"@type\":\"WebPage\",\"@id\":\"https:\\\/\\\/www.enerconind.com\\\/es\\\/tratando\\\/tratamiento-plasma-de-objetos\\\/plasma3-vcp\\\/\",\"url\":\"https:\\\/\\\/www.enerconind.com\\\/es\\\/tratando\\\/tratamiento-plasma-de-objetos\\\/plasma3-vcp\\\/\",\"name\":\"Plasma3 VCP - Enercon Industries - Espanol\",\"isPartOf\":{\"@id\":\"https:\\\/\\\/www.enerconind.com\\\/es\\\/#website\"},\"primaryImageOfPage\":{\"@id\":\"https:\\\/\\\/www.enerconind.com\\\/es\\\/tratando\\\/tratamiento-plasma-de-objetos\\\/plasma3-vcp\\\/#primaryimage\"},\"image\":{\"@id\":\"https:\\\/\\\/www.enerconind.com\\\/es\\\/tratando\\\/tratamiento-plasma-de-objetos\\\/plasma3-vcp\\\/#primaryimage\"},\"thumbnailUrl\":\"https:\\\/\\\/www.enerconind.com\\\/es\\\/wp-content\\\/uploads\\\/sites\\\/6\\\/2023\\\/09\\\/467B0001.jpg\",\"datePublished\":\"2023-08-30T13:27:04+00:00\",\"dateModified\":\"2024-08-21T15:00:59+00:00\",\"description\":\"Aumente la energ\u00eda de la superficie con tratadores de plasma de qu\u00edmica variable para tratar superficies que no responden a los tratadores de superficies de plasma de aire.\",\"breadcrumb\":{\"@id\":\"https:\\\/\\\/www.enerconind.com\\\/es\\\/tratando\\\/tratamiento-plasma-de-objetos\\\/plasma3-vcp\\\/#breadcrumb\"},\"inLanguage\":\"en-US\",\"potentialAction\":[{\"@type\":\"ReadAction\",\"target\":[\"https:\\\/\\\/www.enerconind.com\\\/es\\\/tratando\\\/tratamiento-plasma-de-objetos\\\/plasma3-vcp\\\/\"]}]},{\"@type\":\"ImageObject\",\"inLanguage\":\"en-US\",\"@id\":\"https:\\\/\\\/www.enerconind.com\\\/es\\\/tratando\\\/tratamiento-plasma-de-objetos\\\/plasma3-vcp\\\/#primaryimage\",\"url\":\"https:\\\/\\\/media.enerconind.com\\\/wp-content\\\/uploads\\\/sites\\\/6\\\/2023\\\/09\\\/02150124\\\/467B0001.jpg\",\"contentUrl\":\"https:\\\/\\\/media.enerconind.com\\\/wp-content\\\/uploads\\\/sites\\\/6\\\/2023\\\/09\\\/02150124\\\/467B0001.jpg\",\"width\":175,\"height\":144},{\"@type\":\"BreadcrumbList\",\"@id\":\"https:\\\/\\\/www.enerconind.com\\\/es\\\/tratando\\\/tratamiento-plasma-de-objetos\\\/plasma3-vcp\\\/#breadcrumb\",\"itemListElement\":[{\"@type\":\"ListItem\",\"position\":1,\"name\":\"Home\",\"item\":\"https:\\\/\\\/www.enerconind.com\\\/es\\\/\"},{\"@type\":\"ListItem\",\"position\":2,\"name\":\"Tratamiento De Superficies\",\"item\":\"https:\\\/\\\/www.enerconind.com\\\/es\\\/tratando\\\/\"},{\"@type\":\"ListItem\",\"position\":3,\"name\":\"Tratamiento Plasma de Objetos\",\"item\":\"https:\\\/\\\/www.enerconind.com\\\/es\\\/tratando\\\/tratamiento-plasma-de-objetos\\\/\"},{\"@type\":\"ListItem\",\"position\":4,\"name\":\"Plasma3 VCP\"}]},{\"@type\":\"WebSite\",\"@id\":\"https:\\\/\\\/www.enerconind.com\\\/es\\\/#website\",\"url\":\"https:\\\/\\\/www.enerconind.com\\\/es\\\/\",\"name\":\"Enercon Industries - Espanol\",\"description\":\"\",\"potentialAction\":[{\"@type\":\"SearchAction\",\"target\":{\"@type\":\"EntryPoint\",\"urlTemplate\":\"https:\\\/\\\/www.enerconind.com\\\/es\\\/?s={search_term_string}\"},\"query-input\":{\"@type\":\"PropertyValueSpecification\",\"valueRequired\":true,\"valueName\":\"search_term_string\"}}],\"inLanguage\":\"en-US\"}]}<\/script>\n<!-- \/ Yoast SEO plugin. -->","yoast_head_json":{"title":"Plasma3 VCP - Enercon Industries - Espanol","description":"Aumente la energ\u00eda de la superficie con tratadores de plasma de qu\u00edmica variable para tratar superficies que no responden a los tratadores de superficies de plasma de aire.","robots":{"index":"index","follow":"follow","max-snippet":"max-snippet:-1","max-image-preview":"max-image-preview:large","max-video-preview":"max-video-preview:-1"},"canonical":"https:\/\/www.enerconind.com\/es\/tratando\/tratamiento-plasma-de-objetos\/plasma3-vcp\/","og_locale":"en_US","og_type":"article","og_title":"Plasma3 VCP - Enercon Industries - Espanol","og_description":"Aumente la energ\u00eda de la superficie con tratadores de plasma de qu\u00edmica variable para tratar superficies que no responden a los tratadores de superficies de plasma de aire.","og_url":"https:\/\/www.enerconind.com\/es\/tratando\/tratamiento-plasma-de-objetos\/plasma3-vcp\/","og_site_name":"Enercon Industries - Espanol","article_modified_time":"2024-08-21T15:00:59+00:00","og_image":[{"url":"https:\/\/www.enerconind.com\/es\/wp-content\/uploads\/sites\/6\/2023\/09\/467B0001.jpg","type":"","width":"","height":""}],"twitter_card":"summary_large_image","twitter_misc":{"Est. reading time":"3 minutes"},"schema":{"@context":"https:\/\/schema.org","@graph":[{"@type":"WebPage","@id":"https:\/\/www.enerconind.com\/es\/tratando\/tratamiento-plasma-de-objetos\/plasma3-vcp\/","url":"https:\/\/www.enerconind.com\/es\/tratando\/tratamiento-plasma-de-objetos\/plasma3-vcp\/","name":"Plasma3 VCP - Enercon Industries - Espanol","isPartOf":{"@id":"https:\/\/www.enerconind.com\/es\/#website"},"primaryImageOfPage":{"@id":"https:\/\/www.enerconind.com\/es\/tratando\/tratamiento-plasma-de-objetos\/plasma3-vcp\/#primaryimage"},"image":{"@id":"https:\/\/www.enerconind.com\/es\/tratando\/tratamiento-plasma-de-objetos\/plasma3-vcp\/#primaryimage"},"thumbnailUrl":"https:\/\/www.enerconind.com\/es\/wp-content\/uploads\/sites\/6\/2023\/09\/467B0001.jpg","datePublished":"2023-08-30T13:27:04+00:00","dateModified":"2024-08-21T15:00:59+00:00","description":"Aumente la energ\u00eda de la superficie con tratadores de plasma de qu\u00edmica variable para tratar superficies que no responden a los tratadores de superficies de plasma de aire.","breadcrumb":{"@id":"https:\/\/www.enerconind.com\/es\/tratando\/tratamiento-plasma-de-objetos\/plasma3-vcp\/#breadcrumb"},"inLanguage":"en-US","potentialAction":[{"@type":"ReadAction","target":["https:\/\/www.enerconind.com\/es\/tratando\/tratamiento-plasma-de-objetos\/plasma3-vcp\/"]}]},{"@type":"ImageObject","inLanguage":"en-US","@id":"https:\/\/www.enerconind.com\/es\/tratando\/tratamiento-plasma-de-objetos\/plasma3-vcp\/#primaryimage","url":"https:\/\/media.enerconind.com\/wp-content\/uploads\/sites\/6\/2023\/09\/02150124\/467B0001.jpg","contentUrl":"https:\/\/media.enerconind.com\/wp-content\/uploads\/sites\/6\/2023\/09\/02150124\/467B0001.jpg","width":175,"height":144},{"@type":"BreadcrumbList","@id":"https:\/\/www.enerconind.com\/es\/tratando\/tratamiento-plasma-de-objetos\/plasma3-vcp\/#breadcrumb","itemListElement":[{"@type":"ListItem","position":1,"name":"Home","item":"https:\/\/www.enerconind.com\/es\/"},{"@type":"ListItem","position":2,"name":"Tratamiento De Superficies","item":"https:\/\/www.enerconind.com\/es\/tratando\/"},{"@type":"ListItem","position":3,"name":"Tratamiento Plasma de Objetos","item":"https:\/\/www.enerconind.com\/es\/tratando\/tratamiento-plasma-de-objetos\/"},{"@type":"ListItem","position":4,"name":"Plasma3 VCP"}]},{"@type":"WebSite","@id":"https:\/\/www.enerconind.com\/es\/#website","url":"https:\/\/www.enerconind.com\/es\/","name":"Enercon Industries - Espanol","description":"","potentialAction":[{"@type":"SearchAction","target":{"@type":"EntryPoint","urlTemplate":"https:\/\/www.enerconind.com\/es\/?s={search_term_string}"},"query-input":{"@type":"PropertyValueSpecification","valueRequired":true,"valueName":"search_term_string"}}],"inLanguage":"en-US"}]}},"_links":{"self":[{"href":"https:\/\/www.enerconind.com\/es\/wp-json\/wp\/v2\/pages\/189","targetHints":{"allow":["GET"]}}],"collection":[{"href":"https:\/\/www.enerconind.com\/es\/wp-json\/wp\/v2\/pages"}],"about":[{"href":"https:\/\/www.enerconind.com\/es\/wp-json\/wp\/v2\/types\/page"}],"author":[{"embeddable":true,"href":"https:\/\/www.enerconind.com\/es\/wp-json\/wp\/v2\/users\/3"}],"replies":[{"embeddable":true,"href":"https:\/\/www.enerconind.com\/es\/wp-json\/wp\/v2\/comments?post=189"}],"version-history":[{"count":0,"href":"https:\/\/www.enerconind.com\/es\/wp-json\/wp\/v2\/pages\/189\/revisions"}],"up":[{"embeddable":true,"href":"https:\/\/www.enerconind.com\/es\/wp-json\/wp\/v2\/pages\/21"}],"wp:attachment":[{"href":"https:\/\/www.enerconind.com\/es\/wp-json\/wp\/v2\/media?parent=189"}],"curies":[{"name":"wp","href":"https:\/\/api.w.org\/{rel}","templated":true}]}}