{"id":187,"date":"2023-08-30T13:27:04","date_gmt":"2023-08-30T13:27:04","guid":{"rendered":"https:\/\/www.enerconind.com\/es\/tratando\/tratamiento-plasma-de-objetos\/blown-ion-serie\/"},"modified":"2024-08-21T15:00:05","modified_gmt":"2024-08-21T15:00:05","slug":"blown-ion-serie","status":"publish","type":"page","link":"https:\/\/www.enerconind.com\/es\/tratando\/tratamiento-plasma-de-objetos\/blown-ion-serie\/","title":{"rendered":"Blown-ion\u2122 Serie"},"content":{"rendered":"\n\n\t\t<h1>\n\t\t\tTratador Blown-ion\u2122 Plasma Para Superficies\n\t\t<\/h1>\n\t\t\t<p>La Tecnolog\u00eda Enercon del Tratador Blown Arc Plasma descarga un tratamiento altamente efectivo para superficies no-conductivas antes de la uni\u00f3n de coberturas, tintas y adhesivos.Los tratadores plasma de Enercon bombardean la superficie con descargas de iones de alta velocidad que limpian, delinean y funcionalizan la superficies. Su amplia \u00e1rea de tratado trabaja bien en una variedad de superficies. Tenemos modelos disponibles con uno o dos cabezales de tratamiento en ambas configuraciones Pro y Est\u00e1ndar.<\/p>\t\t\n\t\t\t\t\t\t\t\t\t<img loading=\"lazy\" decoding=\"async\" src=\"https:\/\/media.enerconind.com\/wp-content\/uploads\/sites\/6\/2023\/09\/02150125\/blow-ion-series-features-es.jpg\" alt=\"blow-ion-series-features-es\" height=\"210\" width=\"760\" title=\"blow-ion-series-features-es\" \/>\n\t\t<h2>\n\t\t\tPresentaci\u00f3n Compacta\n\t\t<\/h2>\n\t\t\t<p>Gabinete completamente construido de acero inoxidable para ambientes industrials.<\/p>\t\t\n\t\t\t\t<img loading=\"lazy\" decoding=\"async\" src=\"https:\/\/media.enerconind.com\/wp-content\/uploads\/sites\/6\/2023\/10\/02145946\/blown-ion-series-pro-product-image.png\" alt=\"blown-ion-series-pro-product-image\" height=\"550\" width=\"800\" title=\"blown-ion-series-pro-product-image\" \/>\n\t\t<h2>\n\t\t\tCARACTER\u00cdSTICAS CLAVE\n\t\t\t\t\t\t\t\t\t\t\tPara un Tratamiento de Superficies Exitoso\n\t\t<\/h2>\n\t\t<ul>\n\t\t\t\t\t<li>\n\t\t\t\t\n\t\t<p><strong>Presentaci\u00f3n compacta<\/strong><\/p>\t\t\t\n\t\t\t<\/li>\n\t\t\t\t\t<li>\n\t\t\t\t\n\t\t<p><strong>F\u00e1cil de instalar<\/strong><\/p>\t\t\t\n\t\t\t<\/li>\n\t\t\t\t\t<li>\n\t\t\t\t\n\t\t<p><strong>Dise\u00f1o industrial confiable<\/strong><\/p>\t\t\t\n\t\t\t<\/li>\n\t\t\t\t\t<li>\n\t\t\t\t\n\t\t<p><strong>Operaci\u00f3n intuitiva<\/strong><\/p>\t\t\t\n\t\t\t<\/li>\n\t\t\t\t\t<li>\n\t\t\t\t\n\t\t<p><strong>Desempe\u00f1a auto monitoreo<\/strong><\/p>\t\t\t\n\t\t\t<\/li>\n\t\t\t\t<\/ul>\n\t\t\t\t\t\t\t\t\t<img loading=\"lazy\" decoding=\"async\" src=\"https:\/\/media.enerconind.com\/wp-content\/uploads\/sites\/6\/2023\/09\/02150126\/blown-arc-head-w-cable.jpg\" alt=\"blown-arc-head-w-cable\" height=\"250\" width=\"325\" title=\"blown-arc-head-w-cable\" \/>\n\t\t<h2>\n\t\t\tF\u00e1cil de Instalar\n\t\t<\/h2>\n\t\t\t<ul><li>Voltaje Universal Inteligente 120v\/208-240v<\/li><li>Aire comprimido est\u00e1ndar<\/li><li>Cable a medida con protecci\u00f3n para m\u00e1xima flexibilidad y durabilidad<\/li><li>F\u00e1cil de instalar en cualquier configuraci\u00f3n<\/li><li>Gu\u00eda de instalaci\u00f3n f\u00e1cil<\/li><\/ul>\t\t\n\t\t<h2>\n\t\t\tELIJA ENTRE DOS MODELOS\n\t\t<\/h2>\n\t\t\t<h2>Pro Series<\/h2><ul><li>El Control digital Intuitivo guia al operador<\/li><li>Control de Cabezal y Monitoreo Completamente Independiente<\/li><li>Control remoto y monitoreo<\/li><\/ul>\t\t\n\t\t<h2>\n\t\t\tDise\u00f1o Industrial Confiable\n\t\t<\/h2>\n\t\t\t<ul><li>Transformador montado internamente libre de aceite y enfriado por aire<\/li><li>Clasificado para uso industrial 24\/7<\/li><li>Circuito con autoprotecci\u00f3n<\/li><li>Virtualmente no requiere mantenimiento, no tiene partes moviles<\/li><li>Gabinete IP 52<\/li><\/ul>\t\t\n\t\t<h2>\n\t\t\tDise\u00f1o Industrial Confiable\n\t\t<\/h2>\n\t\t\t<ul><li>Transformador montado internamente libre de aceite y enfriado por aire<\/li><li>Clasificado para uso industrial 24\/7<\/li><li>Circuito con autoprotecci\u00f3n<\/li><li>Virtualmente no requiere mantenimiento, no tiene partes moviles<\/li><li>Gabinete IP 52<\/li><\/ul>\t\t\n\t\t<h2>\n\t\t\tUnidad de Dato USB\n\t\t<\/h2>\n\t\t\t<ul><li>Sistema de descarga de datos<\/li><li>Subida de actualizaciones de software<\/li><\/ul>\t\t\n\t\t\t\t\t\t\t\t\t<img loading=\"lazy\" decoding=\"async\" src=\"https:\/\/media.enerconind.com\/wp-content\/uploads\/sites\/6\/2023\/09\/02150125\/blown-ion-arc-touchscreen.gif\" alt=\"blown-ion-arc-touchscreen\" height=\"193\" width=\"340\" title=\"blown-ion-arc-touchscreen\" \/>\n\t\t<h2>\n\t\t\tMonitoreo de Integridad del Plasma\n\t\t<\/h2>\n\t\t\t<ul><li>Registra y monitorea informaci\u00f3n clave del sistema para asegurar operaci\u00f3n continua<\/li><li>Registro avanzado de diagnostico y Falla<\/li><\/ul>\t\t\n\t\t\t\t\t\t\t\t\t<img loading=\"lazy\" decoding=\"async\" src=\"https:\/\/media.enerconind.com\/wp-content\/uploads\/sites\/6\/2023\/09\/02150126\/plasma-integrity-monitor-screen-1.gif\" alt=\"plasma-integrity-monitor-screen (1)\" height=\"193\" width=\"340\" title=\"plasma-integrity-monitor-screen (1)\" \/>\n\t\t\t\t\t\t\t\t\t<img loading=\"lazy\" decoding=\"async\" src=\"https:\/\/media.enerconind.com\/wp-content\/uploads\/sites\/6\/2023\/09\/02150126\/blown-ion-arc-membrane.gif\" alt=\"blown-ion-arc-membrane\" height=\"221\" width=\"340\" title=\"blown-ion-arc-membrane\" \/>\n\t\t<h2>\n\t\t\tSerie Est\u00e1ndar\n\t\t<\/h2>\n\t\t\t<ul><li>Membrana HMI con bot\u00f3n con control e Indicadores LED<\/li><li>Selecci\u00f3n de Control de Cabezal Independiente<\/li><\/ul>\t\t\n\t\t<h2>\n\t\t\tBlown Ion Series Specifications\n\t\t<\/h2>\n<table data-tablesaw-sortable data-tablesaw-sortable-switch data-tablesaw-minimap>\n\t\t\t<thead>\n\t\t<tr>\n\t\t\t<th id=\"pp-table-col-1\" scope=\"col\" data-tablesaw-sortable-col>\t\t\t\t\t\n\t\t\t\t\t<\/th><th id=\"pp-table-col-2\" scope=\"col\" data-tablesaw-sortable-col>\t\t\t\t\t\n\t\t\t\t\t\t\t\t\t\t\t\tAnchura\t\t\t\t\t\n\t\t\t\t\t<\/th><th id=\"pp-table-col-3\" scope=\"col\" data-tablesaw-sortable-col>\t\t\t\t\t\n\t\t\t\t\t\t\t\t\t\t\t\tAltura\t\t\t\t\t\n\t\t\t\t\t<\/th><th id=\"pp-table-col-4\" scope=\"col\" data-tablesaw-sortable-col>\t\t\t\t\t\n\t\t\t\t\t\t\t\t\t\t\t\tProfundidad\t\t\t\t\t\n\t\t\t\t\t<\/th><th id=\"pp-table-col-5\" scope=\"col\" data-tablesaw-sortable-col>\t\t\t\t\t\n\t\t\t\t\t\t\t\t\t\t\t\tPeso\t\t\t\t\t\n\t\t\t\t\t<\/th><th id=\"pp-table-col-6\" scope=\"col\" data-tablesaw-sortable-col>\t\t\t\t\t\n\t\t\t\t\t\t\t\t\t\t\t\tVoltaje\t\t\t\t\t\n\t\t\t\t\t<\/th>\t\t<\/tr>\n\t<\/thead>\n\t\t<tbody>\n\t\t<tr data-row-index=\"1\"><td>Gabinete de una sola cabeza<\/td><td>20&#8243;<\/td><td>13&#8243;<\/td><td>18.5&#8243;<\/td><td>60 lbs.<\/td><td>120V, 7 Amps\n208V, 5 Amps\n240V, 3.5 Amps<\/td><\/tr><tr data-row-index=\"2\"><td>Gabinete de doble cabeza<\/td><td>20&#8243;<\/td><td>13&#8243;<\/td><td>18.5&#8243;<\/td><td>70 lbs.<\/td><td>120V, 14 Amps\n208V, 10 Amps\n240V, 7 Amps<\/td><\/tr>\t<\/tbody>\n<\/table>\n\n","protected":false},"excerpt":{"rendered":"<p>Tratador Blown-ion\u2122 Plasma Para Superficies La Tecnolog\u00eda Enercon del Tratador Blown Arc Plasma descarga un tratamiento altamente efectivo para superficies no-conductivas antes de la uni\u00f3n de coberturas, tintas y adhesivos.Los tratadores plasma de Enercon bombardean la superficie con descargas de iones de alta velocidad que limpian, delinean y funcionalizan la superficies. Su amplia \u00e1rea de&hellip;<\/p>\n","protected":false},"author":3,"featured_media":0,"parent":21,"menu_order":225,"comment_status":"closed","ping_status":"closed","template":"","meta":{"_acf_changed":false,"footnotes":""},"class_list":["post-187","page","type-page","status-publish","hentry"],"acf":[],"yoast_head":"<!-- This site is optimized with the Yoast SEO plugin v27.2 - https:\/\/yoast.com\/product\/yoast-seo-wordpress\/ -->\n<title>Blown-ion\u2122 Serie - Enercon Industries - Espanol<\/title>\n<meta name=\"description\" content=\"Los tratadores de Blown-ion Serie soplados limpian, graban y funcionalizan superficies para aumentar la energ\u00eda superficial y mejorar la adhesi\u00f3n. Obtenga m\u00e1s informaci\u00f3n.\" \/>\n<meta name=\"robots\" content=\"index, follow, max-snippet:-1, max-image-preview:large, max-video-preview:-1\" \/>\n<link rel=\"canonical\" href=\"https:\/\/www.enerconind.com\/es\/tratando\/tratamiento-plasma-de-objetos\/blown-ion-serie\/\" \/>\n<meta property=\"og:locale\" content=\"en_US\" \/>\n<meta property=\"og:type\" content=\"article\" \/>\n<meta property=\"og:title\" content=\"Blown-ion\u2122 Serie - Enercon Industries - Espanol\" \/>\n<meta property=\"og:description\" content=\"Los tratadores de Blown-ion Serie soplados limpian, graban y funcionalizan superficies para aumentar la energ\u00eda superficial y mejorar la adhesi\u00f3n. Obtenga m\u00e1s informaci\u00f3n.\" \/>\n<meta property=\"og:url\" content=\"https:\/\/www.enerconind.com\/es\/tratando\/tratamiento-plasma-de-objetos\/blown-ion-serie\/\" \/>\n<meta property=\"og:site_name\" content=\"Enercon Industries - Espanol\" \/>\n<meta property=\"article:modified_time\" content=\"2024-08-21T15:00:05+00:00\" \/>\n<meta property=\"og:image\" content=\"https:\/\/www.enerconind.com\/es\/wp-content\/uploads\/sites\/6\/2023\/09\/blow-ion-series-features-es.jpg\" \/>\n<meta name=\"twitter:card\" content=\"summary_large_image\" \/>\n<meta name=\"twitter:label1\" content=\"Est. reading time\" \/>\n\t<meta name=\"twitter:data1\" content=\"3 minutes\" \/>\n<script type=\"application\/ld+json\" class=\"yoast-schema-graph\">{\"@context\":\"https:\/\/schema.org\",\"@graph\":[{\"@type\":\"WebPage\",\"@id\":\"https:\/\/www.enerconind.com\/es\/tratando\/tratamiento-plasma-de-objetos\/blown-ion-serie\/\",\"url\":\"https:\/\/www.enerconind.com\/es\/tratando\/tratamiento-plasma-de-objetos\/blown-ion-serie\/\",\"name\":\"Blown-ion\u2122 Serie - Enercon Industries - Espanol\",\"isPartOf\":{\"@id\":\"https:\/\/www.enerconind.com\/es\/#website\"},\"primaryImageOfPage\":{\"@id\":\"https:\/\/www.enerconind.com\/es\/tratando\/tratamiento-plasma-de-objetos\/blown-ion-serie\/#primaryimage\"},\"image\":{\"@id\":\"https:\/\/www.enerconind.com\/es\/tratando\/tratamiento-plasma-de-objetos\/blown-ion-serie\/#primaryimage\"},\"thumbnailUrl\":\"https:\/\/www.enerconind.com\/es\/wp-content\/uploads\/sites\/6\/2023\/09\/blow-ion-series-features-es.jpg\",\"datePublished\":\"2023-08-30T13:27:04+00:00\",\"dateModified\":\"2024-08-21T15:00:05+00:00\",\"description\":\"Los tratadores de Blown-ion Serie soplados limpian, graban y funcionalizan superficies para aumentar la energ\u00eda superficial y mejorar la adhesi\u00f3n. Obtenga m\u00e1s informaci\u00f3n.\",\"breadcrumb\":{\"@id\":\"https:\/\/www.enerconind.com\/es\/tratando\/tratamiento-plasma-de-objetos\/blown-ion-serie\/#breadcrumb\"},\"inLanguage\":\"en-US\",\"potentialAction\":[{\"@type\":\"ReadAction\",\"target\":[\"https:\/\/www.enerconind.com\/es\/tratando\/tratamiento-plasma-de-objetos\/blown-ion-serie\/\"]}]},{\"@type\":\"ImageObject\",\"inLanguage\":\"en-US\",\"@id\":\"https:\/\/www.enerconind.com\/es\/tratando\/tratamiento-plasma-de-objetos\/blown-ion-serie\/#primaryimage\",\"url\":\"https:\/\/media.enerconind.com\/wp-content\/uploads\/sites\/6\/2023\/09\/02150125\/blow-ion-series-features-es.jpg\",\"contentUrl\":\"https:\/\/media.enerconind.com\/wp-content\/uploads\/sites\/6\/2023\/09\/02150125\/blow-ion-series-features-es.jpg\",\"width\":760,\"height\":210},{\"@type\":\"BreadcrumbList\",\"@id\":\"https:\/\/www.enerconind.com\/es\/tratando\/tratamiento-plasma-de-objetos\/blown-ion-serie\/#breadcrumb\",\"itemListElement\":[{\"@type\":\"ListItem\",\"position\":1,\"name\":\"Home\",\"item\":\"https:\/\/www.enerconind.com\/es\/\"},{\"@type\":\"ListItem\",\"position\":2,\"name\":\"Tratamiento De Superficies\",\"item\":\"https:\/\/www.enerconind.com\/es\/tratando\/\"},{\"@type\":\"ListItem\",\"position\":3,\"name\":\"Tratamiento Plasma de Objetos\",\"item\":\"https:\/\/www.enerconind.com\/es\/tratando\/tratamiento-plasma-de-objetos\/\"},{\"@type\":\"ListItem\",\"position\":4,\"name\":\"Blown-ion\u2122 Serie\"}]},{\"@type\":\"WebSite\",\"@id\":\"https:\/\/www.enerconind.com\/es\/#website\",\"url\":\"https:\/\/www.enerconind.com\/es\/\",\"name\":\"Enercon Industries - Espanol\",\"description\":\"\",\"potentialAction\":[{\"@type\":\"SearchAction\",\"target\":{\"@type\":\"EntryPoint\",\"urlTemplate\":\"https:\/\/www.enerconind.com\/es\/?s={search_term_string}\"},\"query-input\":{\"@type\":\"PropertyValueSpecification\",\"valueRequired\":true,\"valueName\":\"search_term_string\"}}],\"inLanguage\":\"en-US\"}]}<\/script>\n<!-- \/ Yoast SEO plugin. -->","yoast_head_json":{"title":"Blown-ion\u2122 Serie - Enercon Industries - Espanol","description":"Los tratadores de Blown-ion Serie soplados limpian, graban y funcionalizan superficies para aumentar la energ\u00eda superficial y mejorar la adhesi\u00f3n. Obtenga m\u00e1s informaci\u00f3n.","robots":{"index":"index","follow":"follow","max-snippet":"max-snippet:-1","max-image-preview":"max-image-preview:large","max-video-preview":"max-video-preview:-1"},"canonical":"https:\/\/www.enerconind.com\/es\/tratando\/tratamiento-plasma-de-objetos\/blown-ion-serie\/","og_locale":"en_US","og_type":"article","og_title":"Blown-ion\u2122 Serie - Enercon Industries - Espanol","og_description":"Los tratadores de Blown-ion Serie soplados limpian, graban y funcionalizan superficies para aumentar la energ\u00eda superficial y mejorar la adhesi\u00f3n. Obtenga m\u00e1s informaci\u00f3n.","og_url":"https:\/\/www.enerconind.com\/es\/tratando\/tratamiento-plasma-de-objetos\/blown-ion-serie\/","og_site_name":"Enercon Industries - Espanol","article_modified_time":"2024-08-21T15:00:05+00:00","og_image":[{"url":"https:\/\/www.enerconind.com\/es\/wp-content\/uploads\/sites\/6\/2023\/09\/blow-ion-series-features-es.jpg","type":"","width":"","height":""}],"twitter_card":"summary_large_image","twitter_misc":{"Est. reading time":"3 minutes"},"schema":{"@context":"https:\/\/schema.org","@graph":[{"@type":"WebPage","@id":"https:\/\/www.enerconind.com\/es\/tratando\/tratamiento-plasma-de-objetos\/blown-ion-serie\/","url":"https:\/\/www.enerconind.com\/es\/tratando\/tratamiento-plasma-de-objetos\/blown-ion-serie\/","name":"Blown-ion\u2122 Serie - Enercon Industries - Espanol","isPartOf":{"@id":"https:\/\/www.enerconind.com\/es\/#website"},"primaryImageOfPage":{"@id":"https:\/\/www.enerconind.com\/es\/tratando\/tratamiento-plasma-de-objetos\/blown-ion-serie\/#primaryimage"},"image":{"@id":"https:\/\/www.enerconind.com\/es\/tratando\/tratamiento-plasma-de-objetos\/blown-ion-serie\/#primaryimage"},"thumbnailUrl":"https:\/\/www.enerconind.com\/es\/wp-content\/uploads\/sites\/6\/2023\/09\/blow-ion-series-features-es.jpg","datePublished":"2023-08-30T13:27:04+00:00","dateModified":"2024-08-21T15:00:05+00:00","description":"Los tratadores de Blown-ion Serie soplados limpian, graban y funcionalizan superficies para aumentar la energ\u00eda superficial y mejorar la adhesi\u00f3n. Obtenga m\u00e1s informaci\u00f3n.","breadcrumb":{"@id":"https:\/\/www.enerconind.com\/es\/tratando\/tratamiento-plasma-de-objetos\/blown-ion-serie\/#breadcrumb"},"inLanguage":"en-US","potentialAction":[{"@type":"ReadAction","target":["https:\/\/www.enerconind.com\/es\/tratando\/tratamiento-plasma-de-objetos\/blown-ion-serie\/"]}]},{"@type":"ImageObject","inLanguage":"en-US","@id":"https:\/\/www.enerconind.com\/es\/tratando\/tratamiento-plasma-de-objetos\/blown-ion-serie\/#primaryimage","url":"https:\/\/media.enerconind.com\/wp-content\/uploads\/sites\/6\/2023\/09\/02150125\/blow-ion-series-features-es.jpg","contentUrl":"https:\/\/media.enerconind.com\/wp-content\/uploads\/sites\/6\/2023\/09\/02150125\/blow-ion-series-features-es.jpg","width":760,"height":210},{"@type":"BreadcrumbList","@id":"https:\/\/www.enerconind.com\/es\/tratando\/tratamiento-plasma-de-objetos\/blown-ion-serie\/#breadcrumb","itemListElement":[{"@type":"ListItem","position":1,"name":"Home","item":"https:\/\/www.enerconind.com\/es\/"},{"@type":"ListItem","position":2,"name":"Tratamiento De Superficies","item":"https:\/\/www.enerconind.com\/es\/tratando\/"},{"@type":"ListItem","position":3,"name":"Tratamiento Plasma de Objetos","item":"https:\/\/www.enerconind.com\/es\/tratando\/tratamiento-plasma-de-objetos\/"},{"@type":"ListItem","position":4,"name":"Blown-ion\u2122 Serie"}]},{"@type":"WebSite","@id":"https:\/\/www.enerconind.com\/es\/#website","url":"https:\/\/www.enerconind.com\/es\/","name":"Enercon Industries - Espanol","description":"","potentialAction":[{"@type":"SearchAction","target":{"@type":"EntryPoint","urlTemplate":"https:\/\/www.enerconind.com\/es\/?s={search_term_string}"},"query-input":{"@type":"PropertyValueSpecification","valueRequired":true,"valueName":"search_term_string"}}],"inLanguage":"en-US"}]}},"_links":{"self":[{"href":"https:\/\/www.enerconind.com\/es\/wp-json\/wp\/v2\/pages\/187","targetHints":{"allow":["GET"]}}],"collection":[{"href":"https:\/\/www.enerconind.com\/es\/wp-json\/wp\/v2\/pages"}],"about":[{"href":"https:\/\/www.enerconind.com\/es\/wp-json\/wp\/v2\/types\/page"}],"author":[{"embeddable":true,"href":"https:\/\/www.enerconind.com\/es\/wp-json\/wp\/v2\/users\/3"}],"replies":[{"embeddable":true,"href":"https:\/\/www.enerconind.com\/es\/wp-json\/wp\/v2\/comments?post=187"}],"version-history":[{"count":0,"href":"https:\/\/www.enerconind.com\/es\/wp-json\/wp\/v2\/pages\/187\/revisions"}],"up":[{"embeddable":true,"href":"https:\/\/www.enerconind.com\/es\/wp-json\/wp\/v2\/pages\/21"}],"wp:attachment":[{"href":"https:\/\/www.enerconind.com\/es\/wp-json\/wp\/v2\/media?parent=187"}],"curies":[{"name":"wp","href":"https:\/\/api.w.org\/{rel}","templated":true}]}}