{"id":185,"date":"2023-08-30T13:27:02","date_gmt":"2023-08-30T13:27:02","guid":{"rendered":"https:\/\/www.enerconind.com\/es\/tratando\/tratamiento-flama\/flama-plasma-para-bandas\/"},"modified":"2024-08-26T21:27:12","modified_gmt":"2024-08-26T21:27:12","slug":"flama-plasma-para-bandas","status":"publish","type":"page","link":"https:\/\/www.enerconind.com\/es\/tratando\/tratamiento-flama\/flama-plasma-para-bandas\/","title":{"rendered":"Flama Plasma para Bandas"},"content":{"rendered":"\n\n\t\t<h1>\n\t\t\tFlama Plasma para Bandas\n\t\t<\/h1>\n\t\t<h2>\n\t\t\tTratador Flama de Alta Velocidad con Control Avanzado\n\t\t<\/h2>\n\t\t\t<p>Ideal para limpiar y aumentar la energ\u00eda superficial de las pel\u00edculas, metalizados y cart\u00f3nUna caracter\u00edstica \u00fanica de los Tratadores de Flama es la alta velocidad del quemador para un tratamiento efectivo y duradero. Manejo de banda superior y avanzado control de combusti\u00f3n le aseguran resultados confiables y resultados de tratamiento replicables<\/p>\t\t\n\t\t<h2>\n\t\t\tQue es Flama Plasma?\n\t\t<\/h2>\n\t\t\t<p>Flama plasma es formado cuando un gas inflamable y el aire atmosf\u00e9rico se combinan y combustionan en una intensa flama azul. La superficie de materiales se polarizan cuando elementos en la flama plasma afectan la distribuci\u00f3n y densidad de electrones en la superficie.<\/p>\t\t\n\t\t<h2>\n\t\t\tQue aplicaciones se benefician del tratamiento Flama Plasma?\n\t\t<\/h2>\n\t\t\t<p>Flama Plasma funcionaliza eficazmente el BOPP, PET, OPP, PE, Pel\u00edculas co-extruidas, cartoncillos, laminas met\u00e1licas y espumas para numerosas aplicaciones en productos de las industrias alimenticia, automotriz, medica cintas adhesivas industriales y textil.<\/p>\t\t\n\t\t<h2>\n\t\t\tPowerFlame\u2122 Quemador con Tecnolog\u00eda de Alta Velocidad\n\t\t<\/h2>\n\t\t\t<ul><li>Esquema de quemador de Alta Velocidad para tratamiento avanzado<\/li><li>M\u00faltiples dise\u00f1os de quemadores para un tiempo de exposici\u00f3n optimo<\/li><li>Tratamiento uniforme a trav\u00e9s del ancho completo del quemador<\/li><li>Elimina l\u00edneas sin tratamiento o estr\u00edas<\/li><li>Alojamientos de cobre se remueven f\u00e1cilmente para su limpieza<\/li><li>Ancho de tratado variable utilizando quemador ajustable<\/li><\/ul>\t\t\n\t\t\t\t<img loading=\"lazy\" decoding=\"async\" src=\"https:\/\/media.enerconind.com\/wp-content\/uploads\/sites\/6\/2023\/09\/02150128\/flame-wide-web.jpg\" alt=\"flame-wide-web\" height=\"419\" width=\"760\" title=\"flame-wide-web\" \/>\n\t\t<h2>\n\t\t\tCARACTER\u00cdSTICAS CLAVE\n\t\t\t\t\t\t\t\t\t\t\tPara un Tratamiento Exitoso con Flama\n\t\t<\/h2>\n\t\t<ul>\n\t\t\t\t\t<li>\n\t\t\t\t\n\t\t<p><strong>Larga vida \u00fatil, uniforme, niveles altos de tratamiento<\/strong><\/p>\t\t\t\n\t\t\t<\/li>\n\t\t\t\t\t<li>\n\t\t\t\t\n\t\t<p><strong>Ideal para limpieza y aplicaciones de recubrimiento<\/strong><\/p>\t\t\t\n\t\t\t<\/li>\n\t\t\t\t\t<li>\n\t\t\t\t\n\t\t<p><strong>Dise\u00f1o de seguridad de falla<\/strong><\/p>\t\t\t\n\t\t\t<\/li>\n\t\t\t\t\t<li>\n\t\t\t\t\n\t\t<p><strong>Control avanzado asegura confiabilidad<\/strong><\/p>\t\t\t\n\t\t\t<\/li>\n\t\t\t\t\t<li>\n\t\t\t\t\n\t\t<p><strong>Descontamina y pule la superficie eficientemente<\/strong><\/p>\t\t\t\n\t\t\t<\/li>\n\t\t\t\t<\/ul>\n\t\t\t\t\t\t\t\t\t<img loading=\"lazy\" decoding=\"async\" src=\"https:\/\/media.enerconind.com\/wp-content\/uploads\/sites\/6\/2023\/09\/02150127\/flame-control-screens_1.jpg\" alt=\"flame-control-screens_1\" height=\"205\" width=\"380\" title=\"flame-control-screens_1\" \/>\n\t\t<h2>\n\t\t\tControl de Combusti\u00f3n Avanzado\n\t\t<\/h2>\n\t\t\t<ul><li>Control de proporci\u00f3n de gas\/aire le da una flama consistente sobre el rango de ajuste de potencia<\/li><li>Manual<\/li><li>Volum\u00e9trico<\/li><li>Flujo de masa<\/li><li>Analizador de Oxigeno<\/li><\/ul>\t\t\n\t\t<h2>\n\t\t\tSeguridad de Flama Plasma\n\t\t<\/h2>\n\t\t<h4>DISE\u00d1O DE SEGURIDAD DE FALLA<\/h4>\n\t\t\t\t\t<p>Para el flujo de gas con fallas de cualquier dispositivo critico en el gabinete<\/p>\t\t\t\t\n\t\t<h4>ELECTRODO DETECTOR DE FLAMA<\/h4>\n\t\t\t\t\t<p>Funciona en conjunto con el relay de seguridad para monitorear la presi\u00f3n de la flama en el quemador.<\/p>\t\t\t\t\n\t\t<h4>V\u00c1LVULA DE FLUJO EN REVERSO<\/h4>\n\t\t\t\t\t<p>Previene flujo en reverso en la l\u00ednea de gas<\/p>\t\t\t\t\n\t\t<h4>INTERRUPTORES DE PRESI\u00d3N<\/h4>\n\t\t\t\t\t<p>Montados a las l\u00edneas de gas y aire para detectar la presi\u00f3n adecuada<\/p>\t\t\t\t\n\t\t<h4>ELECTRO VALVULAS DE SEGURIDAD<\/h4>\n\t\t\t\t\t<p>V\u00e1lvulas redundantes que detienen el flujo de gas si cualquiera de v\u00e1lvulas monitoreadas no han sido satisfechas.<\/p>\t\t\t\t\n\t\t<h4>RELAY DE SEGURIDAD DE FLAMA<\/h4>\n\t\t\t\t\t<p>Monitorea la flama y controla la redundancia de los solenoides de seguridad de las v\u00e1lvulas en la l\u00ednea de gas.<\/p>\t\t\t\t\n\t\t\t\t<img loading=\"lazy\" decoding=\"async\" src=\"https:\/\/media.enerconind.com\/wp-content\/uploads\/sites\/6\/2023\/10\/02145957\/flame-close-up-web-treating.jpg\" alt=\"flame-close-up-web-treating\" height=\"450\" width=\"600\" title=\"flame-close-up-web-treating\" \/>\n\t\t\t\t\t\t\t\t\t<img decoding=\"async\" src=\"https:\/\/media.enerconind.com\/wp-content\/uploads\/sites\/6\/2023\/06\/02150155\/manager-factory-left.png\" alt=\"\" \/>\n\t\t<h2>\n\t\t\tObtenga Mas Informaci\u00f3n\n\t\t<\/h2>\n\t\t\t<p><a href=\"\/es\/tratando\/contactenos\/\"><strong>CONTACTENOS PARA OBTENER MAS INFORMACI\u00d3N<\/strong><\/a><br \/><em>Requiere una cotizacion?\u00a0<a href=\"\/es\/tratando\/contactenos\/\">Solo necesitamos unas cuantos datos.<\/a><\/em><\/p>\t\t\n\n","protected":false},"excerpt":{"rendered":"<p>Flama Plasma para Bandas Tratador Flama de Alta Velocidad con Control Avanzado Ideal para limpiar y aumentar la energ\u00eda superficial de las pel\u00edculas, metalizados y cart\u00f3nUna caracter\u00edstica \u00fanica de los Tratadores de Flama es la alta velocidad del quemador para un tratamiento efectivo y duradero. Manejo de banda superior y avanzado control de combusti\u00f3n le&hellip;<\/p>\n","protected":false},"author":3,"featured_media":0,"parent":22,"menu_order":223,"comment_status":"closed","ping_status":"closed","template":"","meta":{"_acf_changed":false,"footnotes":""},"class_list":["post-185","page","type-page","status-publish","hentry"],"acf":[],"yoast_head":"<!-- This site is optimized with the Yoast SEO plugin v27.2 - https:\/\/yoast.com\/product\/yoast-seo-wordpress\/ -->\n<title>Flama Plasma para Bandas - Enercon Industries - Espanol<\/title>\n<meta name=\"description\" content=\"Descubra c\u00f3mo los tratadores de llama de Enercon brindan un tratamiento confiable de la superficie de la flama con control de combusti\u00f3n avanzado y tecnolog\u00eda de quemador de flama de alta velocidad.\" \/>\n<meta name=\"robots\" content=\"index, follow, max-snippet:-1, max-image-preview:large, max-video-preview:-1\" \/>\n<link rel=\"canonical\" href=\"https:\/\/www.enerconind.com\/es\/tratando\/tratamiento-flama\/flama-plasma-para-bandas\/\" \/>\n<meta property=\"og:locale\" content=\"en_US\" \/>\n<meta property=\"og:type\" content=\"article\" \/>\n<meta property=\"og:title\" content=\"Flama Plasma para Bandas - Enercon Industries - Espanol\" \/>\n<meta property=\"og:description\" content=\"Descubra c\u00f3mo los tratadores de llama de Enercon brindan un tratamiento confiable de la superficie de la flama con control de combusti\u00f3n avanzado y tecnolog\u00eda de quemador de flama de alta velocidad.\" \/>\n<meta property=\"og:url\" content=\"https:\/\/www.enerconind.com\/es\/tratando\/tratamiento-flama\/flama-plasma-para-bandas\/\" \/>\n<meta property=\"og:site_name\" content=\"Enercon Industries - Espanol\" \/>\n<meta property=\"article:modified_time\" content=\"2024-08-26T21:27:12+00:00\" \/>\n<meta property=\"og:image\" content=\"https:\/\/www.enerconind.com\/es\/wp-content\/uploads\/sites\/6\/2023\/09\/flame-wide-web.jpg\" \/>\n<meta name=\"twitter:card\" content=\"summary_large_image\" \/>\n<meta name=\"twitter:label1\" content=\"Est. reading time\" \/>\n\t<meta name=\"twitter:data1\" content=\"3 minutes\" \/>\n<script type=\"application\/ld+json\" class=\"yoast-schema-graph\">{\"@context\":\"https:\/\/schema.org\",\"@graph\":[{\"@type\":\"WebPage\",\"@id\":\"https:\/\/www.enerconind.com\/es\/tratando\/tratamiento-flama\/flama-plasma-para-bandas\/\",\"url\":\"https:\/\/www.enerconind.com\/es\/tratando\/tratamiento-flama\/flama-plasma-para-bandas\/\",\"name\":\"Flama Plasma para Bandas - Enercon Industries - Espanol\",\"isPartOf\":{\"@id\":\"https:\/\/www.enerconind.com\/es\/#website\"},\"primaryImageOfPage\":{\"@id\":\"https:\/\/www.enerconind.com\/es\/tratando\/tratamiento-flama\/flama-plasma-para-bandas\/#primaryimage\"},\"image\":{\"@id\":\"https:\/\/www.enerconind.com\/es\/tratando\/tratamiento-flama\/flama-plasma-para-bandas\/#primaryimage\"},\"thumbnailUrl\":\"https:\/\/www.enerconind.com\/es\/wp-content\/uploads\/sites\/6\/2023\/09\/flame-wide-web.jpg\",\"datePublished\":\"2023-08-30T13:27:02+00:00\",\"dateModified\":\"2024-08-26T21:27:12+00:00\",\"description\":\"Descubra c\u00f3mo los tratadores de llama de Enercon brindan un tratamiento confiable de la superficie de la flama con control de combusti\u00f3n avanzado y tecnolog\u00eda de quemador de flama de alta velocidad.\",\"breadcrumb\":{\"@id\":\"https:\/\/www.enerconind.com\/es\/tratando\/tratamiento-flama\/flama-plasma-para-bandas\/#breadcrumb\"},\"inLanguage\":\"en-US\",\"potentialAction\":[{\"@type\":\"ReadAction\",\"target\":[\"https:\/\/www.enerconind.com\/es\/tratando\/tratamiento-flama\/flama-plasma-para-bandas\/\"]}]},{\"@type\":\"ImageObject\",\"inLanguage\":\"en-US\",\"@id\":\"https:\/\/www.enerconind.com\/es\/tratando\/tratamiento-flama\/flama-plasma-para-bandas\/#primaryimage\",\"url\":\"https:\/\/media.enerconind.com\/wp-content\/uploads\/sites\/6\/2023\/09\/02150128\/flame-wide-web.jpg\",\"contentUrl\":\"https:\/\/media.enerconind.com\/wp-content\/uploads\/sites\/6\/2023\/09\/02150128\/flame-wide-web.jpg\",\"width\":760,\"height\":419},{\"@type\":\"BreadcrumbList\",\"@id\":\"https:\/\/www.enerconind.com\/es\/tratando\/tratamiento-flama\/flama-plasma-para-bandas\/#breadcrumb\",\"itemListElement\":[{\"@type\":\"ListItem\",\"position\":1,\"name\":\"Home\",\"item\":\"https:\/\/www.enerconind.com\/es\/\"},{\"@type\":\"ListItem\",\"position\":2,\"name\":\"Tratamiento De Superficies\",\"item\":\"https:\/\/www.enerconind.com\/es\/tratando\/\"},{\"@type\":\"ListItem\",\"position\":3,\"name\":\"Tratamiento Flama\",\"item\":\"https:\/\/www.enerconind.com\/es\/tratando\/tratamiento-flama\/\"},{\"@type\":\"ListItem\",\"position\":4,\"name\":\"Flama Plasma para Bandas\"}]},{\"@type\":\"WebSite\",\"@id\":\"https:\/\/www.enerconind.com\/es\/#website\",\"url\":\"https:\/\/www.enerconind.com\/es\/\",\"name\":\"Enercon Industries - Espanol\",\"description\":\"\",\"potentialAction\":[{\"@type\":\"SearchAction\",\"target\":{\"@type\":\"EntryPoint\",\"urlTemplate\":\"https:\/\/www.enerconind.com\/es\/?s={search_term_string}\"},\"query-input\":{\"@type\":\"PropertyValueSpecification\",\"valueRequired\":true,\"valueName\":\"search_term_string\"}}],\"inLanguage\":\"en-US\"}]}<\/script>\n<!-- \/ Yoast SEO plugin. -->","yoast_head_json":{"title":"Flama Plasma para Bandas - Enercon Industries - Espanol","description":"Descubra c\u00f3mo los tratadores de llama de Enercon brindan un tratamiento confiable de la superficie de la flama con control de combusti\u00f3n avanzado y tecnolog\u00eda de quemador de flama de alta velocidad.","robots":{"index":"index","follow":"follow","max-snippet":"max-snippet:-1","max-image-preview":"max-image-preview:large","max-video-preview":"max-video-preview:-1"},"canonical":"https:\/\/www.enerconind.com\/es\/tratando\/tratamiento-flama\/flama-plasma-para-bandas\/","og_locale":"en_US","og_type":"article","og_title":"Flama Plasma para Bandas - Enercon Industries - Espanol","og_description":"Descubra c\u00f3mo los tratadores de llama de Enercon brindan un tratamiento confiable de la superficie de la flama con control de combusti\u00f3n avanzado y tecnolog\u00eda de quemador de flama de alta velocidad.","og_url":"https:\/\/www.enerconind.com\/es\/tratando\/tratamiento-flama\/flama-plasma-para-bandas\/","og_site_name":"Enercon Industries - Espanol","article_modified_time":"2024-08-26T21:27:12+00:00","og_image":[{"url":"https:\/\/www.enerconind.com\/es\/wp-content\/uploads\/sites\/6\/2023\/09\/flame-wide-web.jpg","type":"","width":"","height":""}],"twitter_card":"summary_large_image","twitter_misc":{"Est. reading time":"3 minutes"},"schema":{"@context":"https:\/\/schema.org","@graph":[{"@type":"WebPage","@id":"https:\/\/www.enerconind.com\/es\/tratando\/tratamiento-flama\/flama-plasma-para-bandas\/","url":"https:\/\/www.enerconind.com\/es\/tratando\/tratamiento-flama\/flama-plasma-para-bandas\/","name":"Flama Plasma para Bandas - Enercon Industries - Espanol","isPartOf":{"@id":"https:\/\/www.enerconind.com\/es\/#website"},"primaryImageOfPage":{"@id":"https:\/\/www.enerconind.com\/es\/tratando\/tratamiento-flama\/flama-plasma-para-bandas\/#primaryimage"},"image":{"@id":"https:\/\/www.enerconind.com\/es\/tratando\/tratamiento-flama\/flama-plasma-para-bandas\/#primaryimage"},"thumbnailUrl":"https:\/\/www.enerconind.com\/es\/wp-content\/uploads\/sites\/6\/2023\/09\/flame-wide-web.jpg","datePublished":"2023-08-30T13:27:02+00:00","dateModified":"2024-08-26T21:27:12+00:00","description":"Descubra c\u00f3mo los tratadores de llama de Enercon brindan un tratamiento confiable de la superficie de la flama con control de combusti\u00f3n avanzado y tecnolog\u00eda de quemador de flama de alta velocidad.","breadcrumb":{"@id":"https:\/\/www.enerconind.com\/es\/tratando\/tratamiento-flama\/flama-plasma-para-bandas\/#breadcrumb"},"inLanguage":"en-US","potentialAction":[{"@type":"ReadAction","target":["https:\/\/www.enerconind.com\/es\/tratando\/tratamiento-flama\/flama-plasma-para-bandas\/"]}]},{"@type":"ImageObject","inLanguage":"en-US","@id":"https:\/\/www.enerconind.com\/es\/tratando\/tratamiento-flama\/flama-plasma-para-bandas\/#primaryimage","url":"https:\/\/media.enerconind.com\/wp-content\/uploads\/sites\/6\/2023\/09\/02150128\/flame-wide-web.jpg","contentUrl":"https:\/\/media.enerconind.com\/wp-content\/uploads\/sites\/6\/2023\/09\/02150128\/flame-wide-web.jpg","width":760,"height":419},{"@type":"BreadcrumbList","@id":"https:\/\/www.enerconind.com\/es\/tratando\/tratamiento-flama\/flama-plasma-para-bandas\/#breadcrumb","itemListElement":[{"@type":"ListItem","position":1,"name":"Home","item":"https:\/\/www.enerconind.com\/es\/"},{"@type":"ListItem","position":2,"name":"Tratamiento De Superficies","item":"https:\/\/www.enerconind.com\/es\/tratando\/"},{"@type":"ListItem","position":3,"name":"Tratamiento Flama","item":"https:\/\/www.enerconind.com\/es\/tratando\/tratamiento-flama\/"},{"@type":"ListItem","position":4,"name":"Flama Plasma para Bandas"}]},{"@type":"WebSite","@id":"https:\/\/www.enerconind.com\/es\/#website","url":"https:\/\/www.enerconind.com\/es\/","name":"Enercon Industries - Espanol","description":"","potentialAction":[{"@type":"SearchAction","target":{"@type":"EntryPoint","urlTemplate":"https:\/\/www.enerconind.com\/es\/?s={search_term_string}"},"query-input":{"@type":"PropertyValueSpecification","valueRequired":true,"valueName":"search_term_string"}}],"inLanguage":"en-US"}]}},"_links":{"self":[{"href":"https:\/\/www.enerconind.com\/es\/wp-json\/wp\/v2\/pages\/185","targetHints":{"allow":["GET"]}}],"collection":[{"href":"https:\/\/www.enerconind.com\/es\/wp-json\/wp\/v2\/pages"}],"about":[{"href":"https:\/\/www.enerconind.com\/es\/wp-json\/wp\/v2\/types\/page"}],"author":[{"embeddable":true,"href":"https:\/\/www.enerconind.com\/es\/wp-json\/wp\/v2\/users\/3"}],"replies":[{"embeddable":true,"href":"https:\/\/www.enerconind.com\/es\/wp-json\/wp\/v2\/comments?post=185"}],"version-history":[{"count":0,"href":"https:\/\/www.enerconind.com\/es\/wp-json\/wp\/v2\/pages\/185\/revisions"}],"up":[{"embeddable":true,"href":"https:\/\/www.enerconind.com\/es\/wp-json\/wp\/v2\/pages\/22"}],"wp:attachment":[{"href":"https:\/\/www.enerconind.com\/es\/wp-json\/wp\/v2\/media?parent=185"}],"curies":[{"name":"wp","href":"https:\/\/api.w.org\/{rel}","templated":true}]}}