{"id":183,"date":"2023-08-29T19:55:31","date_gmt":"2023-08-29T19:55:31","guid":{"rendered":"https:\/\/www.enerconind.com\/es\/?page_id=183"},"modified":"2024-08-21T15:03:27","modified_gmt":"2024-08-21T15:03:27","slug":"tratamiento-de-plasma-atmosferico-plasma4","status":"publish","type":"page","link":"https:\/\/www.enerconind.com\/es\/tratando\/tratamiento-plasma-web\/tratamiento-de-plasma-atmosferico-plasma4\/","title":{"rendered":"Tratamiento de Plasma Atmosf\u00e9rico Plasma4\u2122"},"content":{"rendered":"\n\n\t\t<h1>\n\t\t\tTratamiento de Plasma Atmosf\u00e9rico Plasma4\u2122\n\t\t<\/h1>\n\t\t\t<p>Plasma4\u2122 es un ingenioso tratador plasma nuevo que rompe barreras producci\u00f3n y econom\u00eda teniendo en mente la ecolog\u00eda. El sistema es el resultado de d\u00e9cadas de experiencia en ingenier\u00eda y fabricando sistemas plasma de grado industrial. Plasma4\u2122 provee tratamiento alto y duradero en superficies y derriba previas barreras de desempe\u00f1o. Plasma4\u2122 agrega valor a las pel\u00edculas de dise\u00f1o, tejidos y no-tejidos limpiando, delineando y funcionalzando las superficies.\u00a0<strong>Elimina el rompimiento del electrodo.\u00a0<\/strong>Plasma4\u2122 genera plasma homog\u00e9neo sin el uso de electrodos de cer\u00e1mica que se quiebran al impacto de los splices en la pel\u00edcula etc.<strong>Elimina limitaciones de ancho de banda y velocidad.\u00a0<\/strong>El tratador plasma puede ser construido en anchos y velocidades a previos dise\u00f1os de tratadores atmosf\u00e9ricos plasma.<strong>Elimina limitaciones del efecto de capa de aire.<\/strong>\u00a0Sistemas con estas limitaciones no tienen la misma descarga a altas velocidades acarreando gases del \u00e1rea de tratado.<strong>El m\u00e1s bajo costo de operaci\u00f3n.\u00a0<\/strong>El tratador ofrece el tratador plasma atmosf\u00e9rico con menor costo de operaci\u00f3n optimizando la proporcion de flujo de gas y efectividad de tratamiento.<strong>No requiere ajuste de espacio de tratamiento.\u00a0or asegurando tratamiento confiable sin la intervenci\u00f3n del operador.\u00a0<\/strong>No requiere ajuste de espacio de tratamiento. Plasma4\u2122 autom\u00e1ticamente compensa las variantes en material grosor asegurando tratamiento confiable sin la intervenci\u00f3n del operador.<strong>Corona &amp; Plasma sin Ozono.<\/strong>\u00a0Imagine tratamiento de superficies sin generar nada de ozono! No solo Plasma4\u2122 opera en modo libre del gas ozono tambi\u00e9n orece tratamiento corona libre de ozono.Nosotros los invitamos a que vea los beneficios de Plasma4\u2122\u00a0programando muestras de aplicaci\u00f3n\u00a0en nuestro laboratorio de tratamiento.<\/p>\t\t\n\t<p>Los generadores de potencia de Enercon y estaciones son dise\u00f1adas para operar a una temperatura ambiental de 40\u00b0C (104\u00b0F) @ 80% de humedad relativa, no-condensante.<\/p>\n\t\t\t\t<img loading=\"lazy\" decoding=\"async\" src=\"https:\/\/media.enerconind.com\/wp-content\/uploads\/sites\/6\/2023\/10\/02145954\/plasma4.jpg\" alt=\"plasma4\" height=\"316\" width=\"440\" title=\"plasma4\" \/>\n\t\t<h2>\n\t\t\tPLASMA PREMIADO\n\t\t\t\t\t\t\t\t\t\t\tPlasma4\u2122 Gana el Premio de Inovacion  C2 en ICE EUROPA\n\t\t<\/h2>\n\t\t<ul>\n\t\t\t\t\t<li>\n\t\t\t\t\n\t\t<p><strong>El sistema de plasma atmosf\u00e9rico \u00fanico en productividad, ecolog\u00eda &amp; econom\u00eda.<\/strong><\/p>\t\t\t\n\t\t\t<\/li>\n\t\t\t\t<\/ul>\n\n","protected":false},"excerpt":{"rendered":"<p>Tratamiento de Plasma Atmosf\u00e9rico Plasma4\u2122 Plasma4\u2122 es un ingenioso tratador plasma nuevo que rompe barreras producci\u00f3n y econom\u00eda teniendo en mente la ecolog\u00eda. El sistema es el resultado de d\u00e9cadas de experiencia en ingenier\u00eda y fabricando sistemas plasma de grado industrial. Plasma4\u2122 provee tratamiento alto y duradero en superficies y derriba previas barreras de desempe\u00f1o.&hellip;<\/p>\n","protected":false},"author":3,"featured_media":0,"parent":20,"menu_order":0,"comment_status":"closed","ping_status":"closed","template":"","meta":{"_acf_changed":false,"footnotes":""},"class_list":["post-183","page","type-page","status-publish","hentry"],"acf":[],"yoast_head":"<!-- This site is optimized with the Yoast SEO plugin v27.4 - https:\/\/yoast.com\/product\/yoast-seo-wordpress\/ -->\n<title>Tratamiento de Plasma Atmosf\u00e9rico Plasma4\u2122 - Enercon Industries - Espanol<\/title>\n<meta name=\"description\" content=\"Descubra c\u00f3mo el dise\u00f1o innovador de Plasma4 de Enercon supera los desaf\u00edos del tratamiento tradicional de superficies con plasma atmosf\u00e9rico.\" \/>\n<meta name=\"robots\" content=\"index, follow, max-snippet:-1, max-image-preview:large, max-video-preview:-1\" \/>\n<link rel=\"canonical\" href=\"https:\/\/www.enerconind.com\/es\/tratando\/tratamiento-plasma-web\/tratamiento-de-plasma-atmosferico-plasma4\/\" \/>\n<meta property=\"og:locale\" content=\"en_US\" \/>\n<meta property=\"og:type\" content=\"article\" \/>\n<meta property=\"og:title\" content=\"Tratamiento de Plasma Atmosf\u00e9rico Plasma4\u2122 - Enercon Industries - Espanol\" \/>\n<meta property=\"og:description\" content=\"Descubra c\u00f3mo el dise\u00f1o innovador de Plasma4 de Enercon supera los desaf\u00edos del tratamiento tradicional de superficies con plasma atmosf\u00e9rico.\" \/>\n<meta property=\"og:url\" content=\"https:\/\/www.enerconind.com\/es\/tratando\/tratamiento-plasma-web\/tratamiento-de-plasma-atmosferico-plasma4\/\" \/>\n<meta property=\"og:site_name\" content=\"Enercon Industries - Espanol\" \/>\n<meta property=\"article:modified_time\" content=\"2024-08-21T15:03:27+00:00\" \/>\n<meta property=\"og:image\" content=\"https:\/\/www.enerconind.com\/es\/wp-content\/uploads\/sites\/6\/2023\/10\/plasma4.jpg\" \/>\n<meta name=\"twitter:card\" content=\"summary_large_image\" \/>\n<meta name=\"twitter:label1\" content=\"Est. reading time\" \/>\n\t<meta name=\"twitter:data1\" content=\"2 minutes\" \/>\n<script type=\"application\/ld+json\" class=\"yoast-schema-graph\">{\"@context\":\"https:\\\/\\\/schema.org\",\"@graph\":[{\"@type\":\"WebPage\",\"@id\":\"https:\\\/\\\/www.enerconind.com\\\/es\\\/tratando\\\/tratamiento-plasma-web\\\/tratamiento-de-plasma-atmosferico-plasma4\\\/\",\"url\":\"https:\\\/\\\/www.enerconind.com\\\/es\\\/tratando\\\/tratamiento-plasma-web\\\/tratamiento-de-plasma-atmosferico-plasma4\\\/\",\"name\":\"Tratamiento de Plasma Atmosf\u00e9rico Plasma4\u2122 - Enercon Industries - Espanol\",\"isPartOf\":{\"@id\":\"https:\\\/\\\/www.enerconind.com\\\/es\\\/#website\"},\"primaryImageOfPage\":{\"@id\":\"https:\\\/\\\/www.enerconind.com\\\/es\\\/tratando\\\/tratamiento-plasma-web\\\/tratamiento-de-plasma-atmosferico-plasma4\\\/#primaryimage\"},\"image\":{\"@id\":\"https:\\\/\\\/www.enerconind.com\\\/es\\\/tratando\\\/tratamiento-plasma-web\\\/tratamiento-de-plasma-atmosferico-plasma4\\\/#primaryimage\"},\"thumbnailUrl\":\"https:\\\/\\\/www.enerconind.com\\\/es\\\/wp-content\\\/uploads\\\/sites\\\/6\\\/2023\\\/10\\\/plasma4.jpg\",\"datePublished\":\"2023-08-29T19:55:31+00:00\",\"dateModified\":\"2024-08-21T15:03:27+00:00\",\"description\":\"Descubra c\u00f3mo el dise\u00f1o innovador de Plasma4 de Enercon supera los desaf\u00edos del tratamiento tradicional de superficies con plasma atmosf\u00e9rico.\",\"breadcrumb\":{\"@id\":\"https:\\\/\\\/www.enerconind.com\\\/es\\\/tratando\\\/tratamiento-plasma-web\\\/tratamiento-de-plasma-atmosferico-plasma4\\\/#breadcrumb\"},\"inLanguage\":\"en-US\",\"potentialAction\":[{\"@type\":\"ReadAction\",\"target\":[\"https:\\\/\\\/www.enerconind.com\\\/es\\\/tratando\\\/tratamiento-plasma-web\\\/tratamiento-de-plasma-atmosferico-plasma4\\\/\"]}]},{\"@type\":\"ImageObject\",\"inLanguage\":\"en-US\",\"@id\":\"https:\\\/\\\/www.enerconind.com\\\/es\\\/tratando\\\/tratamiento-plasma-web\\\/tratamiento-de-plasma-atmosferico-plasma4\\\/#primaryimage\",\"url\":\"https:\\\/\\\/media.enerconind.com\\\/wp-content\\\/uploads\\\/sites\\\/6\\\/2023\\\/10\\\/02145954\\\/plasma4.jpg\",\"contentUrl\":\"https:\\\/\\\/media.enerconind.com\\\/wp-content\\\/uploads\\\/sites\\\/6\\\/2023\\\/10\\\/02145954\\\/plasma4.jpg\",\"width\":440,\"height\":316},{\"@type\":\"BreadcrumbList\",\"@id\":\"https:\\\/\\\/www.enerconind.com\\\/es\\\/tratando\\\/tratamiento-plasma-web\\\/tratamiento-de-plasma-atmosferico-plasma4\\\/#breadcrumb\",\"itemListElement\":[{\"@type\":\"ListItem\",\"position\":1,\"name\":\"Home\",\"item\":\"https:\\\/\\\/www.enerconind.com\\\/es\\\/\"},{\"@type\":\"ListItem\",\"position\":2,\"name\":\"Tratamiento De Superficies\",\"item\":\"https:\\\/\\\/www.enerconind.com\\\/es\\\/tratando\\\/\"},{\"@type\":\"ListItem\",\"position\":3,\"name\":\"Tratamiento Plasma Web\",\"item\":\"https:\\\/\\\/www.enerconind.com\\\/es\\\/tratando\\\/tratamiento-plasma-web\\\/\"},{\"@type\":\"ListItem\",\"position\":4,\"name\":\"Tratamiento de Plasma Atmosf\u00e9rico Plasma4\u2122\"}]},{\"@type\":\"WebSite\",\"@id\":\"https:\\\/\\\/www.enerconind.com\\\/es\\\/#website\",\"url\":\"https:\\\/\\\/www.enerconind.com\\\/es\\\/\",\"name\":\"Enercon Industries - Espanol\",\"description\":\"\",\"potentialAction\":[{\"@type\":\"SearchAction\",\"target\":{\"@type\":\"EntryPoint\",\"urlTemplate\":\"https:\\\/\\\/www.enerconind.com\\\/es\\\/?s={search_term_string}\"},\"query-input\":{\"@type\":\"PropertyValueSpecification\",\"valueRequired\":true,\"valueName\":\"search_term_string\"}}],\"inLanguage\":\"en-US\"}]}<\/script>\n<!-- \/ Yoast SEO plugin. -->","yoast_head_json":{"title":"Tratamiento de Plasma Atmosf\u00e9rico Plasma4\u2122 - Enercon Industries - Espanol","description":"Descubra c\u00f3mo el dise\u00f1o innovador de Plasma4 de Enercon supera los desaf\u00edos del tratamiento tradicional de superficies con plasma atmosf\u00e9rico.","robots":{"index":"index","follow":"follow","max-snippet":"max-snippet:-1","max-image-preview":"max-image-preview:large","max-video-preview":"max-video-preview:-1"},"canonical":"https:\/\/www.enerconind.com\/es\/tratando\/tratamiento-plasma-web\/tratamiento-de-plasma-atmosferico-plasma4\/","og_locale":"en_US","og_type":"article","og_title":"Tratamiento de Plasma Atmosf\u00e9rico Plasma4\u2122 - Enercon Industries - Espanol","og_description":"Descubra c\u00f3mo el dise\u00f1o innovador de Plasma4 de Enercon supera los desaf\u00edos del tratamiento tradicional de superficies con plasma atmosf\u00e9rico.","og_url":"https:\/\/www.enerconind.com\/es\/tratando\/tratamiento-plasma-web\/tratamiento-de-plasma-atmosferico-plasma4\/","og_site_name":"Enercon Industries - Espanol","article_modified_time":"2024-08-21T15:03:27+00:00","og_image":[{"url":"https:\/\/www.enerconind.com\/es\/wp-content\/uploads\/sites\/6\/2023\/10\/plasma4.jpg","type":"","width":"","height":""}],"twitter_card":"summary_large_image","twitter_misc":{"Est. reading time":"2 minutes"},"schema":{"@context":"https:\/\/schema.org","@graph":[{"@type":"WebPage","@id":"https:\/\/www.enerconind.com\/es\/tratando\/tratamiento-plasma-web\/tratamiento-de-plasma-atmosferico-plasma4\/","url":"https:\/\/www.enerconind.com\/es\/tratando\/tratamiento-plasma-web\/tratamiento-de-plasma-atmosferico-plasma4\/","name":"Tratamiento de Plasma Atmosf\u00e9rico Plasma4\u2122 - Enercon Industries - Espanol","isPartOf":{"@id":"https:\/\/www.enerconind.com\/es\/#website"},"primaryImageOfPage":{"@id":"https:\/\/www.enerconind.com\/es\/tratando\/tratamiento-plasma-web\/tratamiento-de-plasma-atmosferico-plasma4\/#primaryimage"},"image":{"@id":"https:\/\/www.enerconind.com\/es\/tratando\/tratamiento-plasma-web\/tratamiento-de-plasma-atmosferico-plasma4\/#primaryimage"},"thumbnailUrl":"https:\/\/www.enerconind.com\/es\/wp-content\/uploads\/sites\/6\/2023\/10\/plasma4.jpg","datePublished":"2023-08-29T19:55:31+00:00","dateModified":"2024-08-21T15:03:27+00:00","description":"Descubra c\u00f3mo el dise\u00f1o innovador de Plasma4 de Enercon supera los desaf\u00edos del tratamiento tradicional de superficies con plasma atmosf\u00e9rico.","breadcrumb":{"@id":"https:\/\/www.enerconind.com\/es\/tratando\/tratamiento-plasma-web\/tratamiento-de-plasma-atmosferico-plasma4\/#breadcrumb"},"inLanguage":"en-US","potentialAction":[{"@type":"ReadAction","target":["https:\/\/www.enerconind.com\/es\/tratando\/tratamiento-plasma-web\/tratamiento-de-plasma-atmosferico-plasma4\/"]}]},{"@type":"ImageObject","inLanguage":"en-US","@id":"https:\/\/www.enerconind.com\/es\/tratando\/tratamiento-plasma-web\/tratamiento-de-plasma-atmosferico-plasma4\/#primaryimage","url":"https:\/\/media.enerconind.com\/wp-content\/uploads\/sites\/6\/2023\/10\/02145954\/plasma4.jpg","contentUrl":"https:\/\/media.enerconind.com\/wp-content\/uploads\/sites\/6\/2023\/10\/02145954\/plasma4.jpg","width":440,"height":316},{"@type":"BreadcrumbList","@id":"https:\/\/www.enerconind.com\/es\/tratando\/tratamiento-plasma-web\/tratamiento-de-plasma-atmosferico-plasma4\/#breadcrumb","itemListElement":[{"@type":"ListItem","position":1,"name":"Home","item":"https:\/\/www.enerconind.com\/es\/"},{"@type":"ListItem","position":2,"name":"Tratamiento De Superficies","item":"https:\/\/www.enerconind.com\/es\/tratando\/"},{"@type":"ListItem","position":3,"name":"Tratamiento Plasma Web","item":"https:\/\/www.enerconind.com\/es\/tratando\/tratamiento-plasma-web\/"},{"@type":"ListItem","position":4,"name":"Tratamiento de Plasma Atmosf\u00e9rico Plasma4\u2122"}]},{"@type":"WebSite","@id":"https:\/\/www.enerconind.com\/es\/#website","url":"https:\/\/www.enerconind.com\/es\/","name":"Enercon Industries - Espanol","description":"","potentialAction":[{"@type":"SearchAction","target":{"@type":"EntryPoint","urlTemplate":"https:\/\/www.enerconind.com\/es\/?s={search_term_string}"},"query-input":{"@type":"PropertyValueSpecification","valueRequired":true,"valueName":"search_term_string"}}],"inLanguage":"en-US"}]}},"_links":{"self":[{"href":"https:\/\/www.enerconind.com\/es\/wp-json\/wp\/v2\/pages\/183","targetHints":{"allow":["GET"]}}],"collection":[{"href":"https:\/\/www.enerconind.com\/es\/wp-json\/wp\/v2\/pages"}],"about":[{"href":"https:\/\/www.enerconind.com\/es\/wp-json\/wp\/v2\/types\/page"}],"author":[{"embeddable":true,"href":"https:\/\/www.enerconind.com\/es\/wp-json\/wp\/v2\/users\/3"}],"replies":[{"embeddable":true,"href":"https:\/\/www.enerconind.com\/es\/wp-json\/wp\/v2\/comments?post=183"}],"version-history":[{"count":0,"href":"https:\/\/www.enerconind.com\/es\/wp-json\/wp\/v2\/pages\/183\/revisions"}],"up":[{"embeddable":true,"href":"https:\/\/www.enerconind.com\/es\/wp-json\/wp\/v2\/pages\/20"}],"wp:attachment":[{"href":"https:\/\/www.enerconind.com\/es\/wp-json\/wp\/v2\/media?parent=183"}],"curies":[{"name":"wp","href":"https:\/\/api.w.org\/{rel}","templated":true}]}}