{"id":1718,"date":"2024-01-18T19:08:44","date_gmt":"2024-01-18T19:08:44","guid":{"rendered":"https:\/\/www.enerconind.com\/es\/?page_id=1718"},"modified":"2025-05-01T18:09:44","modified_gmt":"2025-05-01T18:09:44","slug":"conjunto-de-electrodo-aso-y-cartucho-extraible","status":"publish","type":"page","link":"https:\/\/www.enerconind.com\/es\/tratando\/tratamiento-corona\/productos\/conjunto-de-electrodo-aso-y-cartucho-extraible\/","title":{"rendered":"Conjunto de electrodo ASO y cartucho extra\u00edble"},"content":{"rendered":"\n\n\t\t<h1>\n\t\t\tCartucho de Electrodo Desmontable con Electrodos de Desconexi\u00f3n R\u00e1pida\n\t\t<\/h1>\n\t\t<h2>\n\t\t\tEste nuevo dise\u00f1o de dos piezas permite la separaci\u00f3n del ensamble de electrodos del tubo de escape, brindando los siguientes beneficios:\n\t\t<\/h2>\n\t\t\t\t<img decoding=\"async\" src=\"https:\/\/media.enerconind.com\/wp-content\/uploads\/sites\/6\/2024\/01\/30194801\/electrode-assembly-quick-disconnect.jpg\" alt=\"electrode-assembly-quick-disconnect\" itemprop=\"image\" title=\"electrode-assembly-quick-disconnect\" onerror=\"this.style.display='none'\"  \/>\n\t<iframe loading=\"lazy\" width=\"460\" height=\"250\" src=\"https:\/\/www.youtube.com\/embed\/f6lC7koXicg?rel=0&#038;wmode=transparent&#038;modestbranding=0&#038;autohide=1&#038;showinfo=0\" title=\"YouTube video player\" frameborder=\"0\" allow=\"accelerometer; autoplay; clipboard-write; encrypted-media; gyroscope; picture-in-picture; web-share\" allowfullscreen><\/iframe>\n\t\t<h2>\n\t\t\tMENOS TIEMPO DE INACTIVIDAD CUANDO LOS ELECTRODOS FALLAN\n\t\t<\/h2>\n\t\t\t<ul>\n<li>Reemplace los electrodos da\u00f1ados en segundos, no minutos.<\/li>\n<li>Almacene cartuchos de repuesto en inventario, listos para usar.<\/li>\n<li> Instale y retire electrodos con una sencilla conexi\u00f3n de alto voltaje<\/li>\n<li>No hay cubiertas que quitar, ni cables que alimentar, cortar o terminar.<\/li>\n<\/ul>\n\t\t<h2>\n\t\t\tMENOS TIEMPO DE INACTIVIDAD PARA MANTENIMIENTO\n\t\t<\/h2>\n\t\t\t<ul><li>Limpieza in-situ o realice mantenimiento en la mesa de trabajo.<\/li><\/ul>\t\t\n\t\t<h2>\n\t\t\tPRESERVA TODAS LAS CARACTER\u00cdSTICAS EXISTENTES DEL CONJUNTO DE ELECTRODOS\n\t\t<\/h2>\n\t\t\t<ul><li>Ensamble accionado neum\u00e1ticamente para evitar empalmes y facilitar el enhebrado.<\/li><li>Se pivota fuera de posici\u00f3n de tratado ante impactos inesperados en la banda para proteger los electrodos.<\/li><li>Permite mantenimiento de limpieza in-situ.<\/li><\/ul>\t\t\n\t\t<h2>\n\t\t\tC\u00d3MO FUNCIONA\n\t\t<\/h2>\n\t\t\t<p>l cartucho del electrodo se fija al tubo de escape mediante un clip y una bisagra. Para retirarlo, gire el conjunto a la posici\u00f3n de mantenimiento, desenganche los pasadores de tope y desconecte la conexi\u00f3n de alta tensi\u00f3n. A continuaci\u00f3n, puede retirar el conjunto del tubo de escape. Los enclavamientos de seguridad integrados impiden el funcionamiento del sistema sin un cartucho en la posici\u00f3n correcta.<\/p>\n\t\t\t\t<img decoding=\"async\" src=\"https:\/\/media.enerconind.com\/wp-content\/uploads\/sites\/6\/2024\/01\/02145938\/eletctrode-assembly-quick-disconnect-in-the-field-.jpg\" alt=\"eletctrode-assembly-quick-disconnect-in-the-field-\" itemprop=\"image\" title=\"eletctrode-assembly-quick-disconnect-in-the-field-\" onerror=\"this.style.display='none'\"  \/>\n\n","protected":false},"excerpt":{"rendered":"<p>Cartucho de Electrodo Desmontable con Electrodos de Desconexi\u00f3n R\u00e1pida Este nuevo dise\u00f1o de dos piezas permite la separaci\u00f3n del ensamble de electrodos del tubo de escape, brindando los siguientes beneficios: MENOS TIEMPO DE INACTIVIDAD CUANDO LOS ELECTRODOS FALLAN Reemplace los electrodos da\u00f1ados en segundos, no minutos. Almacene cartuchos de repuesto en inventario, listos para usar.&hellip;<\/p>\n","protected":false},"author":1,"featured_media":0,"parent":157,"menu_order":206,"comment_status":"closed","ping_status":"closed","template":"","meta":{"_acf_changed":false,"footnotes":""},"class_list":["post-1718","page","type-page","status-publish","hentry"],"acf":[],"yoast_head":"<!-- This site is optimized with the Yoast SEO plugin v27.2 - https:\/\/yoast.com\/product\/yoast-seo-wordpress\/ -->\n<title>Conjunto de electrodo ASO y cartucho extra\u00edble - Enercon Industries - Espanol<\/title>\n<meta name=\"description\" content=\"El cartucho extra\u00edble de Enercon con electrodos de desconexi\u00f3n r\u00e1pida minimiza el tiempo de inactividad al reemplazar los electrodos o realizar el mantenimiento.\" \/>\n<meta name=\"robots\" content=\"index, follow, max-snippet:-1, max-image-preview:large, max-video-preview:-1\" \/>\n<link rel=\"canonical\" href=\"https:\/\/www.enerconind.com\/es\/tratando\/tratamiento-corona\/productos\/conjunto-de-electrodo-aso-y-cartucho-extraible\/\" \/>\n<meta property=\"og:locale\" content=\"en_US\" \/>\n<meta property=\"og:type\" content=\"article\" \/>\n<meta property=\"og:title\" content=\"Conjunto de electrodo ASO y cartucho extra\u00edble - Enercon Industries - Espanol\" \/>\n<meta property=\"og:description\" content=\"El cartucho extra\u00edble de Enercon con electrodos de desconexi\u00f3n r\u00e1pida minimiza el tiempo de inactividad al reemplazar los electrodos o realizar el mantenimiento.\" \/>\n<meta property=\"og:url\" content=\"https:\/\/www.enerconind.com\/es\/tratando\/tratamiento-corona\/productos\/conjunto-de-electrodo-aso-y-cartucho-extraible\/\" \/>\n<meta property=\"og:site_name\" content=\"Enercon Industries - Espanol\" \/>\n<meta property=\"article:modified_time\" content=\"2025-05-01T18:09:44+00:00\" \/>\n<meta property=\"og:image\" content=\"https:\/\/www.enerconind.com\/es\/wp-content\/uploads\/sites\/6\/2024\/01\/electrode-assembly-quick-disconnect.jpg\" \/>\n<meta name=\"twitter:card\" content=\"summary_large_image\" \/>\n<meta name=\"twitter:label1\" content=\"Est. reading time\" \/>\n\t<meta name=\"twitter:data1\" content=\"2 minutes\" \/>\n<script type=\"application\/ld+json\" class=\"yoast-schema-graph\">{\"@context\":\"https:\/\/schema.org\",\"@graph\":[{\"@type\":\"WebPage\",\"@id\":\"https:\/\/www.enerconind.com\/es\/tratando\/tratamiento-corona\/productos\/conjunto-de-electrodo-aso-y-cartucho-extraible\/\",\"url\":\"https:\/\/www.enerconind.com\/es\/tratando\/tratamiento-corona\/productos\/conjunto-de-electrodo-aso-y-cartucho-extraible\/\",\"name\":\"Conjunto de electrodo ASO y cartucho extra\u00edble - Enercon Industries - Espanol\",\"isPartOf\":{\"@id\":\"https:\/\/www.enerconind.com\/es\/#website\"},\"primaryImageOfPage\":{\"@id\":\"https:\/\/www.enerconind.com\/es\/tratando\/tratamiento-corona\/productos\/conjunto-de-electrodo-aso-y-cartucho-extraible\/#primaryimage\"},\"image\":{\"@id\":\"https:\/\/www.enerconind.com\/es\/tratando\/tratamiento-corona\/productos\/conjunto-de-electrodo-aso-y-cartucho-extraible\/#primaryimage\"},\"thumbnailUrl\":\"https:\/\/www.enerconind.com\/es\/wp-content\/uploads\/sites\/6\/2024\/01\/electrode-assembly-quick-disconnect.jpg\",\"datePublished\":\"2024-01-18T19:08:44+00:00\",\"dateModified\":\"2025-05-01T18:09:44+00:00\",\"description\":\"El cartucho extra\u00edble de Enercon con electrodos de desconexi\u00f3n r\u00e1pida minimiza el tiempo de inactividad al reemplazar los electrodos o realizar el mantenimiento.\",\"breadcrumb\":{\"@id\":\"https:\/\/www.enerconind.com\/es\/tratando\/tratamiento-corona\/productos\/conjunto-de-electrodo-aso-y-cartucho-extraible\/#breadcrumb\"},\"inLanguage\":\"en-US\",\"potentialAction\":[{\"@type\":\"ReadAction\",\"target\":[\"https:\/\/www.enerconind.com\/es\/tratando\/tratamiento-corona\/productos\/conjunto-de-electrodo-aso-y-cartucho-extraible\/\"]}]},{\"@type\":\"ImageObject\",\"inLanguage\":\"en-US\",\"@id\":\"https:\/\/www.enerconind.com\/es\/tratando\/tratamiento-corona\/productos\/conjunto-de-electrodo-aso-y-cartucho-extraible\/#primaryimage\",\"url\":\"https:\/\/media.enerconind.com\/wp-content\/uploads\/sites\/6\/2024\/01\/30194801\/electrode-assembly-quick-disconnect.jpg\",\"contentUrl\":\"https:\/\/media.enerconind.com\/wp-content\/uploads\/sites\/6\/2024\/01\/30194801\/electrode-assembly-quick-disconnect.jpg\",\"width\":760,\"height\":154},{\"@type\":\"BreadcrumbList\",\"@id\":\"https:\/\/www.enerconind.com\/es\/tratando\/tratamiento-corona\/productos\/conjunto-de-electrodo-aso-y-cartucho-extraible\/#breadcrumb\",\"itemListElement\":[{\"@type\":\"ListItem\",\"position\":1,\"name\":\"Home\",\"item\":\"https:\/\/www.enerconind.com\/es\/\"},{\"@type\":\"ListItem\",\"position\":2,\"name\":\"Tratamiento De Superficies\",\"item\":\"https:\/\/www.enerconind.com\/es\/tratando\/\"},{\"@type\":\"ListItem\",\"position\":3,\"name\":\"Tratamiento Corona\",\"item\":\"https:\/\/www.enerconind.com\/es\/tratando\/tratamiento-corona\/\"},{\"@type\":\"ListItem\",\"position\":4,\"name\":\"Productos\",\"item\":\"https:\/\/www.enerconind.com\/es\/tratando\/tratamiento-corona\/productos\/\"},{\"@type\":\"ListItem\",\"position\":5,\"name\":\"Conjunto de electrodo ASO y cartucho extra\u00edble\"}]},{\"@type\":\"WebSite\",\"@id\":\"https:\/\/www.enerconind.com\/es\/#website\",\"url\":\"https:\/\/www.enerconind.com\/es\/\",\"name\":\"Enercon Industries - Espanol\",\"description\":\"\",\"potentialAction\":[{\"@type\":\"SearchAction\",\"target\":{\"@type\":\"EntryPoint\",\"urlTemplate\":\"https:\/\/www.enerconind.com\/es\/?s={search_term_string}\"},\"query-input\":{\"@type\":\"PropertyValueSpecification\",\"valueRequired\":true,\"valueName\":\"search_term_string\"}}],\"inLanguage\":\"en-US\"}]}<\/script>\n<!-- \/ Yoast SEO plugin. -->","yoast_head_json":{"title":"Conjunto de electrodo ASO y cartucho extra\u00edble - Enercon Industries - Espanol","description":"El cartucho extra\u00edble de Enercon con electrodos de desconexi\u00f3n r\u00e1pida minimiza el tiempo de inactividad al reemplazar los electrodos o realizar el mantenimiento.","robots":{"index":"index","follow":"follow","max-snippet":"max-snippet:-1","max-image-preview":"max-image-preview:large","max-video-preview":"max-video-preview:-1"},"canonical":"https:\/\/www.enerconind.com\/es\/tratando\/tratamiento-corona\/productos\/conjunto-de-electrodo-aso-y-cartucho-extraible\/","og_locale":"en_US","og_type":"article","og_title":"Conjunto de electrodo ASO y cartucho extra\u00edble - Enercon Industries - Espanol","og_description":"El cartucho extra\u00edble de Enercon con electrodos de desconexi\u00f3n r\u00e1pida minimiza el tiempo de inactividad al reemplazar los electrodos o realizar el mantenimiento.","og_url":"https:\/\/www.enerconind.com\/es\/tratando\/tratamiento-corona\/productos\/conjunto-de-electrodo-aso-y-cartucho-extraible\/","og_site_name":"Enercon Industries - Espanol","article_modified_time":"2025-05-01T18:09:44+00:00","og_image":[{"url":"https:\/\/www.enerconind.com\/es\/wp-content\/uploads\/sites\/6\/2024\/01\/electrode-assembly-quick-disconnect.jpg","type":"","width":"","height":""}],"twitter_card":"summary_large_image","twitter_misc":{"Est. reading time":"2 minutes"},"schema":{"@context":"https:\/\/schema.org","@graph":[{"@type":"WebPage","@id":"https:\/\/www.enerconind.com\/es\/tratando\/tratamiento-corona\/productos\/conjunto-de-electrodo-aso-y-cartucho-extraible\/","url":"https:\/\/www.enerconind.com\/es\/tratando\/tratamiento-corona\/productos\/conjunto-de-electrodo-aso-y-cartucho-extraible\/","name":"Conjunto de electrodo ASO y cartucho extra\u00edble - Enercon Industries - Espanol","isPartOf":{"@id":"https:\/\/www.enerconind.com\/es\/#website"},"primaryImageOfPage":{"@id":"https:\/\/www.enerconind.com\/es\/tratando\/tratamiento-corona\/productos\/conjunto-de-electrodo-aso-y-cartucho-extraible\/#primaryimage"},"image":{"@id":"https:\/\/www.enerconind.com\/es\/tratando\/tratamiento-corona\/productos\/conjunto-de-electrodo-aso-y-cartucho-extraible\/#primaryimage"},"thumbnailUrl":"https:\/\/www.enerconind.com\/es\/wp-content\/uploads\/sites\/6\/2024\/01\/electrode-assembly-quick-disconnect.jpg","datePublished":"2024-01-18T19:08:44+00:00","dateModified":"2025-05-01T18:09:44+00:00","description":"El cartucho extra\u00edble de Enercon con electrodos de desconexi\u00f3n r\u00e1pida minimiza el tiempo de inactividad al reemplazar los electrodos o realizar el mantenimiento.","breadcrumb":{"@id":"https:\/\/www.enerconind.com\/es\/tratando\/tratamiento-corona\/productos\/conjunto-de-electrodo-aso-y-cartucho-extraible\/#breadcrumb"},"inLanguage":"en-US","potentialAction":[{"@type":"ReadAction","target":["https:\/\/www.enerconind.com\/es\/tratando\/tratamiento-corona\/productos\/conjunto-de-electrodo-aso-y-cartucho-extraible\/"]}]},{"@type":"ImageObject","inLanguage":"en-US","@id":"https:\/\/www.enerconind.com\/es\/tratando\/tratamiento-corona\/productos\/conjunto-de-electrodo-aso-y-cartucho-extraible\/#primaryimage","url":"https:\/\/media.enerconind.com\/wp-content\/uploads\/sites\/6\/2024\/01\/30194801\/electrode-assembly-quick-disconnect.jpg","contentUrl":"https:\/\/media.enerconind.com\/wp-content\/uploads\/sites\/6\/2024\/01\/30194801\/electrode-assembly-quick-disconnect.jpg","width":760,"height":154},{"@type":"BreadcrumbList","@id":"https:\/\/www.enerconind.com\/es\/tratando\/tratamiento-corona\/productos\/conjunto-de-electrodo-aso-y-cartucho-extraible\/#breadcrumb","itemListElement":[{"@type":"ListItem","position":1,"name":"Home","item":"https:\/\/www.enerconind.com\/es\/"},{"@type":"ListItem","position":2,"name":"Tratamiento De Superficies","item":"https:\/\/www.enerconind.com\/es\/tratando\/"},{"@type":"ListItem","position":3,"name":"Tratamiento Corona","item":"https:\/\/www.enerconind.com\/es\/tratando\/tratamiento-corona\/"},{"@type":"ListItem","position":4,"name":"Productos","item":"https:\/\/www.enerconind.com\/es\/tratando\/tratamiento-corona\/productos\/"},{"@type":"ListItem","position":5,"name":"Conjunto de electrodo ASO y cartucho extra\u00edble"}]},{"@type":"WebSite","@id":"https:\/\/www.enerconind.com\/es\/#website","url":"https:\/\/www.enerconind.com\/es\/","name":"Enercon Industries - Espanol","description":"","potentialAction":[{"@type":"SearchAction","target":{"@type":"EntryPoint","urlTemplate":"https:\/\/www.enerconind.com\/es\/?s={search_term_string}"},"query-input":{"@type":"PropertyValueSpecification","valueRequired":true,"valueName":"search_term_string"}}],"inLanguage":"en-US"}]}},"_links":{"self":[{"href":"https:\/\/www.enerconind.com\/es\/wp-json\/wp\/v2\/pages\/1718","targetHints":{"allow":["GET"]}}],"collection":[{"href":"https:\/\/www.enerconind.com\/es\/wp-json\/wp\/v2\/pages"}],"about":[{"href":"https:\/\/www.enerconind.com\/es\/wp-json\/wp\/v2\/types\/page"}],"author":[{"embeddable":true,"href":"https:\/\/www.enerconind.com\/es\/wp-json\/wp\/v2\/users\/1"}],"replies":[{"embeddable":true,"href":"https:\/\/www.enerconind.com\/es\/wp-json\/wp\/v2\/comments?post=1718"}],"version-history":[{"count":0,"href":"https:\/\/www.enerconind.com\/es\/wp-json\/wp\/v2\/pages\/1718\/revisions"}],"up":[{"embeddable":true,"href":"https:\/\/www.enerconind.com\/es\/wp-json\/wp\/v2\/pages\/157"}],"wp:attachment":[{"href":"https:\/\/www.enerconind.com\/es\/wp-json\/wp\/v2\/media?parent=1718"}],"curies":[{"name":"wp","href":"https:\/\/api.w.org\/{rel}","templated":true}]}}