{"id":162,"date":"2023-08-29T19:46:53","date_gmt":"2023-08-29T19:46:53","guid":{"rendered":"https:\/\/www.enerconind.com\/es\/tratando\/tratamiento-corona\/productos\/marcadores-de-dinas\/"},"modified":"2024-08-21T14:52:48","modified_gmt":"2024-08-21T14:52:48","slug":"marcadores-de-dinas","status":"publish","type":"page","link":"https:\/\/www.enerconind.com\/es\/tratando\/tratamiento-corona\/productos\/marcadores-de-dinas\/","title":{"rendered":"Marcadores de Dinas"},"content":{"rendered":"\n\n\t\t<h1>\n\t\t\tMarcadores Dyne EnerDyne\n\t\t<\/h1>\n\t\t\t<p>Est\u00e1 usted obteniendo el nivel de dinas que necesita? Conoce el nivel de dinas de su material previo al tratamiento? Clave a cualquier aplicaci\u00f3n de tratamiento es conocer el nivel inicial y final de tratamiento. Los marcadores EnerDyne de Enercon proveen una r\u00e1pida, segura y sencilla forma de medir la tensi\u00f3n superficial. Ordene en l\u00ednea.A diferencia de marcadores tradicionales con soluciones t\u00f3xicas tales como formamide, los marcadores no-t\u00f3xicos EnerDyne\u2122 son seguros para sus operadores. Tambi\u00e9n proveen resultados vivos y f\u00e1ciles de leer en una gran variedad de superficies.Los Marcadores EnerDyne\u2122 son dise\u00f1ados para indicar nivel de tratamiento de substratos con base de pol\u00edmeros y establecer que el material ha sido apropiadamente tratado previo a la aplicaci\u00f3n de tintas, revestimiento, pinturas o adhesivos. Marcadores disponibles en niveles de dinas de 30\/32\/35\/38\/41\/44\/48\/56.El surtido del juego de prueba r\u00e1pida ahora est\u00e1 disponible para su compra en l\u00ednea. Simplemente ordene por Google, ver abajo. Si le gustar\u00eda ordenar un juego de marcadores de diferentes dinas favor llamarnos al +1 (262) 255-6070 o env\u00edenos un email.Lea abajo informaci\u00f3n adicional en el uso de marcadores Ener-Dyne\u2122 para medir la energ\u00eda superficial.<\/p>\t\t\n\t<a href=\"https:\/\/store.enerconind.com\/dyne-pens.html\" target=\"_self\" role=\"button\" aria-label=\"Haga clic aqu\u00ed para comprar\" rel=\"noopener\">\n\t\t\t\t\t\tHaga clic aqu\u00ed para comprar\n\t\t\t\t\t<\/a>\n\t\t\t\t<img loading=\"lazy\" decoding=\"async\" src=\"https:\/\/media.enerconind.com\/wp-content\/uploads\/sites\/6\/2023\/10\/02145951\/dyne-pens-product-image.png\" alt=\"dyne-pens-product-image\" height=\"678\" width=\"800\" title=\"dyne-pens-product-image\" \/>\n\t\t<h2>\n\t\t\tKEY FEATURES\n\t\t\t\t\t\t\t\t\t\t\tMarcadores EnerDyne\n\t\t<\/h2>\n\t\t<ul>\n\t\t\t\t\t<li>\n\t\t\t\t\n\t\t<p><strong>Libre de formamida<\/strong><\/p>\t\t\t\n\t\t\t<\/li>\n\t\t\t\t\t<li>\n\t\t\t\t\n\t\t<p><strong>Los marcadores EnerDyne\u2122 proveen una f\u00e1cil lectura de resultados en todo tipo de superficies.<\/strong><\/p>\t\t\t\n\t\t\t<\/li>\n\t\t\t\t<\/ul>\n<table data-tablesaw-sortable data-tablesaw-sortable-switch data-tablesaw-minimap>\n\t\t\t<thead>\n\t\t<tr>\n\t\t\t<th id=\"pp-table-col-1\" scope=\"col\" data-tablesaw-sortable-col>\t\t\t\t\t\n\t\t\t\t\t\t\t\t\t\t\t\tAplicaci\u00f3n\t\t\t\t\t\n\t\t\t\t\t<\/th><th id=\"pp-table-col-2\" scope=\"col\" data-tablesaw-sortable-col>\t\t\t\t\t\n\t\t\t\t\t\t\t\t\t\t\t\tNivel de Dinas\t\t\t\t\t\n\t\t\t\t\t<\/th><th id=\"pp-table-col-3\" scope=\"col\" data-tablesaw-sortable-col>\t\t\t\t\t\n\t\t\t\t\t\t\t\t\t\t\t\tPrecio\t\t\t\t\t\n\t\t\t\t\t<\/th>\t\t<\/tr>\n\t<\/thead>\n\t\t<tbody>\n\t\t<tr data-row-index=\"1\"><td>Variedad<\/td><td>30, 32, 35, 38, 41, 44, 48, 56<\/td><td>$149<\/td><\/tr><tr data-row-index=\"2\"><td>Conversi\u00f3n<\/td><td>38, 38, 41, 41, 41, 44, 44, 44<\/td><td>$169<\/td><\/tr><tr data-row-index=\"3\"><td>Film Soplado<\/td><td>35, 35, 38, 38, 38, 41, 41, 41<\/td><td>$169<\/td><\/tr><tr data-row-index=\"4\"><td>Prueba R\u00e1pida<\/td><td>38, 38, 38, 38, 38, 38, 38, 38<\/td><td>$169<\/td><\/tr><tr data-row-index=\"5\"><td>Elija-8*<\/td><td>Su elecci\u00f3n\n30, 32, 35, 38, 41, 44, 48, 56, 60, 66<\/td><td>$169<\/td><\/tr>\t<\/tbody>\n<\/table>\n\t<p><a href=\"https:\/\/store.enerconind.com\/dyne-pens.html\">Compra Dyne Plumas en l\u00ednea.<\/a>\u00a0*Llame al 1.262.255.6070 para colocar su orden de juegos elija-8.<\/p>\n\t\t<h1>\n\t\t\tProceso de prueba de marcadores EnerDyne\n\t\t<\/h1>\n\t\t\t<ol><li>Destape el marcador y brevemente presione la punta en una superficie limpia hasta que se humedezca.<\/li><li>Aplique la soluci\u00f3n sobre una \u00e1rea de prueba aproximadamente 1 pulgada cuadrada.<\/li><li>Observe el tiempo requerido de la soluci\u00f3n aplicada para convertirse en peque\u00f1as gotas o para que la periferia encoja. Lea el comportamiento de la soluci\u00f3n observando el \u00e1rea centro de la soluci\u00f3n aplicada. Si la soluci\u00f3n de dinas no se descompone en peque\u00f1as gotas o encogimiento de la periferia despu\u00e9s de 4 segundos, repite la prueba con la siguiente soluci\u00f3n m\u00e1s alta. Si la soluci\u00f3n se descompone en gotitas o encogimiento de la periferia en menos de 4 segundos, repite la prueba con la siguiente soluci\u00f3n m\u00e1s baja. No repita la prueba en la misma \u00e1rea del material.<\/li><li>Repita Pasos 1 y 2 hasta que el nivel correcto de dinas es determinado. El nivel correcto de dinas va a ser igual a la soluci\u00f3n que se mantiene por exactamente 4 segundos antes de que las gotitas o encogimiento en la periferia ocurra.<\/li><li>Como regla general la tensi\u00f3n superficial de la superficie debe ser aproximadamente 10 dinas m\u00e1s alta que la tinta, adhesivo o recubrimiento. Quiz\u00e1 este no sea el caso para cada aplicaci\u00f3n.<\/li><\/ol>\t\t\n\t\t<h1>\n\t\t\tReglas Generales\n\t\t<\/h1>\n\t\t\t<ul><li>Uso excesivo de la soluci\u00f3n puede resultar en una lectura falsa.<\/li><li>Los marcadores de Dinas t\u00edpicamente tienen de 6-12 meses de vida \u00fatil.<\/li><li>Cada marcador se denomina para el nivel m\u00ednimo de dinas que la tinta determinar\u00e1.<\/li><li>Pruebas de energ\u00eda superficial deben ser conducidas inmediatamente despu\u00e9s del tratamiento\u00a0 (plasma soplado, plasma de flama, plasma qu\u00edmico, RF gas).<\/li><li>Superficies tratadas son sensibles al tiempo y son afectadas por las condiciones ambientales tales como temperatura y humedad.<\/li><li>No toque o contamine la superficie a ser tratada. Superficies sucias pierden la permeabilidad; de tal manera mantenga el area de prueba limpio.<\/li><li>No use marcadores contaminados o expirados<\/li><li>Almacene y use marcadores a temperatura ambiental<\/li><li>Las tintas no deben ser expuestas a la luz directa. Por esta raz\u00f3n mant\u00e9ngalas cerradas cuando no est\u00e9n en uso. Tambi\u00e9n, repetida exposici\u00f3n al aire va a alterar la precisi\u00f3n de la lectura. Los marcadores cerrados apropiadamente previenen que esto pase.<\/li><li>Inconsistencia o presi\u00f3n excesiva puede arrojar una lectura de dinaje falsa<\/li><\/ul><p>Los generadores de potencia de Enercon y estaciones son dise\u00f1adas para operar a una temperatura ambiental de 40\u00b0C (104\u00b0F) @ 80% de humedad relativa, no-condensante<\/p>\t\t\n\n","protected":false},"excerpt":{"rendered":"<p>Marcadores Dyne EnerDyne Est\u00e1 usted obteniendo el nivel de dinas que necesita? Conoce el nivel de dinas de su material previo al tratamiento? Clave a cualquier aplicaci\u00f3n de tratamiento es conocer el nivel inicial y final de tratamiento. Los marcadores EnerDyne de Enercon proveen una r\u00e1pida, segura y sencilla forma de medir la tensi\u00f3n superficial.&hellip;<\/p>\n","protected":false},"author":3,"featured_media":0,"parent":157,"menu_order":205,"comment_status":"closed","ping_status":"closed","template":"","meta":{"_acf_changed":false,"footnotes":""},"class_list":["post-162","page","type-page","status-publish","hentry"],"acf":[],"yoast_head":"<!-- This site is optimized with the Yoast SEO plugin v27.2 - https:\/\/yoast.com\/product\/yoast-seo-wordpress\/ -->\n<title>Marcadores de Dinas - Enercon Industries - Espanol<\/title>\n<meta name=\"description\" content=\"Descubra c\u00f3mo se utilizan las plumas de dina a base de agua de Enercon para medir la energ\u00eda superficial antes y despu\u00e9s del tratamiento corona.\" \/>\n<meta name=\"robots\" content=\"index, follow, max-snippet:-1, max-image-preview:large, max-video-preview:-1\" \/>\n<link rel=\"canonical\" href=\"https:\/\/www.enerconind.com\/es\/tratando\/tratamiento-corona\/productos\/marcadores-de-dinas\/\" \/>\n<meta property=\"og:locale\" content=\"en_US\" \/>\n<meta property=\"og:type\" content=\"article\" \/>\n<meta property=\"og:title\" content=\"Marcadores de Dinas - Enercon Industries - Espanol\" \/>\n<meta property=\"og:description\" content=\"Descubra c\u00f3mo se utilizan las plumas de dina a base de agua de Enercon para medir la energ\u00eda superficial antes y despu\u00e9s del tratamiento corona.\" \/>\n<meta property=\"og:url\" content=\"https:\/\/www.enerconind.com\/es\/tratando\/tratamiento-corona\/productos\/marcadores-de-dinas\/\" \/>\n<meta property=\"og:site_name\" content=\"Enercon Industries - Espanol\" \/>\n<meta property=\"article:modified_time\" content=\"2024-08-21T14:52:48+00:00\" \/>\n<meta property=\"og:image\" content=\"https:\/\/www.enerconind.com\/es\/wp-content\/uploads\/sites\/6\/2023\/10\/dyne-pens-product-image.png\" \/>\n<meta name=\"twitter:card\" content=\"summary_large_image\" \/>\n<meta name=\"twitter:label1\" content=\"Est. reading time\" \/>\n\t<meta name=\"twitter:data1\" content=\"4 minutes\" \/>\n<script type=\"application\/ld+json\" class=\"yoast-schema-graph\">{\"@context\":\"https:\/\/schema.org\",\"@graph\":[{\"@type\":\"WebPage\",\"@id\":\"https:\/\/www.enerconind.com\/es\/tratando\/tratamiento-corona\/productos\/marcadores-de-dinas\/\",\"url\":\"https:\/\/www.enerconind.com\/es\/tratando\/tratamiento-corona\/productos\/marcadores-de-dinas\/\",\"name\":\"Marcadores de Dinas - Enercon Industries - Espanol\",\"isPartOf\":{\"@id\":\"https:\/\/www.enerconind.com\/es\/#website\"},\"primaryImageOfPage\":{\"@id\":\"https:\/\/www.enerconind.com\/es\/tratando\/tratamiento-corona\/productos\/marcadores-de-dinas\/#primaryimage\"},\"image\":{\"@id\":\"https:\/\/www.enerconind.com\/es\/tratando\/tratamiento-corona\/productos\/marcadores-de-dinas\/#primaryimage\"},\"thumbnailUrl\":\"https:\/\/www.enerconind.com\/es\/wp-content\/uploads\/sites\/6\/2023\/10\/dyne-pens-product-image.png\",\"datePublished\":\"2023-08-29T19:46:53+00:00\",\"dateModified\":\"2024-08-21T14:52:48+00:00\",\"description\":\"Descubra c\u00f3mo se utilizan las plumas de dina a base de agua de Enercon para medir la energ\u00eda superficial antes y despu\u00e9s del tratamiento corona.\",\"breadcrumb\":{\"@id\":\"https:\/\/www.enerconind.com\/es\/tratando\/tratamiento-corona\/productos\/marcadores-de-dinas\/#breadcrumb\"},\"inLanguage\":\"en-US\",\"potentialAction\":[{\"@type\":\"ReadAction\",\"target\":[\"https:\/\/www.enerconind.com\/es\/tratando\/tratamiento-corona\/productos\/marcadores-de-dinas\/\"]}]},{\"@type\":\"ImageObject\",\"inLanguage\":\"en-US\",\"@id\":\"https:\/\/www.enerconind.com\/es\/tratando\/tratamiento-corona\/productos\/marcadores-de-dinas\/#primaryimage\",\"url\":\"https:\/\/media.enerconind.com\/wp-content\/uploads\/sites\/6\/2023\/10\/02145951\/dyne-pens-product-image.png\",\"contentUrl\":\"https:\/\/media.enerconind.com\/wp-content\/uploads\/sites\/6\/2023\/10\/02145951\/dyne-pens-product-image.png\",\"width\":800,\"height\":678},{\"@type\":\"BreadcrumbList\",\"@id\":\"https:\/\/www.enerconind.com\/es\/tratando\/tratamiento-corona\/productos\/marcadores-de-dinas\/#breadcrumb\",\"itemListElement\":[{\"@type\":\"ListItem\",\"position\":1,\"name\":\"Home\",\"item\":\"https:\/\/www.enerconind.com\/es\/\"},{\"@type\":\"ListItem\",\"position\":2,\"name\":\"Tratamiento De Superficies\",\"item\":\"https:\/\/www.enerconind.com\/es\/tratando\/\"},{\"@type\":\"ListItem\",\"position\":3,\"name\":\"Tratamiento Corona\",\"item\":\"https:\/\/www.enerconind.com\/es\/tratando\/tratamiento-corona\/\"},{\"@type\":\"ListItem\",\"position\":4,\"name\":\"Productos\",\"item\":\"https:\/\/www.enerconind.com\/es\/tratando\/tratamiento-corona\/productos\/\"},{\"@type\":\"ListItem\",\"position\":5,\"name\":\"Marcadores de Dinas\"}]},{\"@type\":\"WebSite\",\"@id\":\"https:\/\/www.enerconind.com\/es\/#website\",\"url\":\"https:\/\/www.enerconind.com\/es\/\",\"name\":\"Enercon Industries - Espanol\",\"description\":\"\",\"potentialAction\":[{\"@type\":\"SearchAction\",\"target\":{\"@type\":\"EntryPoint\",\"urlTemplate\":\"https:\/\/www.enerconind.com\/es\/?s={search_term_string}\"},\"query-input\":{\"@type\":\"PropertyValueSpecification\",\"valueRequired\":true,\"valueName\":\"search_term_string\"}}],\"inLanguage\":\"en-US\"}]}<\/script>\n<!-- \/ Yoast SEO plugin. -->","yoast_head_json":{"title":"Marcadores de Dinas - Enercon Industries - Espanol","description":"Descubra c\u00f3mo se utilizan las plumas de dina a base de agua de Enercon para medir la energ\u00eda superficial antes y despu\u00e9s del tratamiento corona.","robots":{"index":"index","follow":"follow","max-snippet":"max-snippet:-1","max-image-preview":"max-image-preview:large","max-video-preview":"max-video-preview:-1"},"canonical":"https:\/\/www.enerconind.com\/es\/tratando\/tratamiento-corona\/productos\/marcadores-de-dinas\/","og_locale":"en_US","og_type":"article","og_title":"Marcadores de Dinas - Enercon Industries - Espanol","og_description":"Descubra c\u00f3mo se utilizan las plumas de dina a base de agua de Enercon para medir la energ\u00eda superficial antes y despu\u00e9s del tratamiento corona.","og_url":"https:\/\/www.enerconind.com\/es\/tratando\/tratamiento-corona\/productos\/marcadores-de-dinas\/","og_site_name":"Enercon Industries - Espanol","article_modified_time":"2024-08-21T14:52:48+00:00","og_image":[{"url":"https:\/\/www.enerconind.com\/es\/wp-content\/uploads\/sites\/6\/2023\/10\/dyne-pens-product-image.png","type":"","width":"","height":""}],"twitter_card":"summary_large_image","twitter_misc":{"Est. reading time":"4 minutes"},"schema":{"@context":"https:\/\/schema.org","@graph":[{"@type":"WebPage","@id":"https:\/\/www.enerconind.com\/es\/tratando\/tratamiento-corona\/productos\/marcadores-de-dinas\/","url":"https:\/\/www.enerconind.com\/es\/tratando\/tratamiento-corona\/productos\/marcadores-de-dinas\/","name":"Marcadores de Dinas - Enercon Industries - Espanol","isPartOf":{"@id":"https:\/\/www.enerconind.com\/es\/#website"},"primaryImageOfPage":{"@id":"https:\/\/www.enerconind.com\/es\/tratando\/tratamiento-corona\/productos\/marcadores-de-dinas\/#primaryimage"},"image":{"@id":"https:\/\/www.enerconind.com\/es\/tratando\/tratamiento-corona\/productos\/marcadores-de-dinas\/#primaryimage"},"thumbnailUrl":"https:\/\/www.enerconind.com\/es\/wp-content\/uploads\/sites\/6\/2023\/10\/dyne-pens-product-image.png","datePublished":"2023-08-29T19:46:53+00:00","dateModified":"2024-08-21T14:52:48+00:00","description":"Descubra c\u00f3mo se utilizan las plumas de dina a base de agua de Enercon para medir la energ\u00eda superficial antes y despu\u00e9s del tratamiento corona.","breadcrumb":{"@id":"https:\/\/www.enerconind.com\/es\/tratando\/tratamiento-corona\/productos\/marcadores-de-dinas\/#breadcrumb"},"inLanguage":"en-US","potentialAction":[{"@type":"ReadAction","target":["https:\/\/www.enerconind.com\/es\/tratando\/tratamiento-corona\/productos\/marcadores-de-dinas\/"]}]},{"@type":"ImageObject","inLanguage":"en-US","@id":"https:\/\/www.enerconind.com\/es\/tratando\/tratamiento-corona\/productos\/marcadores-de-dinas\/#primaryimage","url":"https:\/\/media.enerconind.com\/wp-content\/uploads\/sites\/6\/2023\/10\/02145951\/dyne-pens-product-image.png","contentUrl":"https:\/\/media.enerconind.com\/wp-content\/uploads\/sites\/6\/2023\/10\/02145951\/dyne-pens-product-image.png","width":800,"height":678},{"@type":"BreadcrumbList","@id":"https:\/\/www.enerconind.com\/es\/tratando\/tratamiento-corona\/productos\/marcadores-de-dinas\/#breadcrumb","itemListElement":[{"@type":"ListItem","position":1,"name":"Home","item":"https:\/\/www.enerconind.com\/es\/"},{"@type":"ListItem","position":2,"name":"Tratamiento De Superficies","item":"https:\/\/www.enerconind.com\/es\/tratando\/"},{"@type":"ListItem","position":3,"name":"Tratamiento Corona","item":"https:\/\/www.enerconind.com\/es\/tratando\/tratamiento-corona\/"},{"@type":"ListItem","position":4,"name":"Productos","item":"https:\/\/www.enerconind.com\/es\/tratando\/tratamiento-corona\/productos\/"},{"@type":"ListItem","position":5,"name":"Marcadores de Dinas"}]},{"@type":"WebSite","@id":"https:\/\/www.enerconind.com\/es\/#website","url":"https:\/\/www.enerconind.com\/es\/","name":"Enercon Industries - Espanol","description":"","potentialAction":[{"@type":"SearchAction","target":{"@type":"EntryPoint","urlTemplate":"https:\/\/www.enerconind.com\/es\/?s={search_term_string}"},"query-input":{"@type":"PropertyValueSpecification","valueRequired":true,"valueName":"search_term_string"}}],"inLanguage":"en-US"}]}},"_links":{"self":[{"href":"https:\/\/www.enerconind.com\/es\/wp-json\/wp\/v2\/pages\/162","targetHints":{"allow":["GET"]}}],"collection":[{"href":"https:\/\/www.enerconind.com\/es\/wp-json\/wp\/v2\/pages"}],"about":[{"href":"https:\/\/www.enerconind.com\/es\/wp-json\/wp\/v2\/types\/page"}],"author":[{"embeddable":true,"href":"https:\/\/www.enerconind.com\/es\/wp-json\/wp\/v2\/users\/3"}],"replies":[{"embeddable":true,"href":"https:\/\/www.enerconind.com\/es\/wp-json\/wp\/v2\/comments?post=162"}],"version-history":[{"count":0,"href":"https:\/\/www.enerconind.com\/es\/wp-json\/wp\/v2\/pages\/162\/revisions"}],"up":[{"embeddable":true,"href":"https:\/\/www.enerconind.com\/es\/wp-json\/wp\/v2\/pages\/157"}],"wp:attachment":[{"href":"https:\/\/www.enerconind.com\/es\/wp-json\/wp\/v2\/media?parent=162"}],"curies":[{"name":"wp","href":"https:\/\/api.w.org\/{rel}","templated":true}]}}