{"id":1614,"date":"2023-10-23T20:51:54","date_gmt":"2023-10-23T20:51:54","guid":{"rendered":"https:\/\/www.enerconind.com\/es\/?page_id=1614"},"modified":"2024-08-21T15:04:02","modified_gmt":"2024-08-21T15:04:02","slug":"acerca-de-enercon","status":"publish","type":"page","link":"https:\/\/www.enerconind.com\/es\/tratando\/acerca-de-enercon\/","title":{"rendered":"Acerca de Enercon"},"content":{"rendered":"\n<h1>\n\t\t\tAcerca de Enercon\n\t\t<\/h1>\n\t\t\t<p>Compa\u00f1\u00edas de las industrias de impresi\u00f3n, cubrimiento, laminaci\u00f3n y extrusi\u00f3n conf\u00edan en Enercon para proveer soluciones de sistemas de tratamiento que optimizan las superficies de una variedad de materiales.<strong><em>Sistemas de Tratamiento de Superficies Enercon<\/em><\/strong><br>Nosotros estamos comprometidos a proveer las soluciones m\u00e1s avanzadas y precios competitivos para su operaci\u00f3n. Nuestras soluciones espec\u00edficas aseguran desempe\u00f1o \u00f3ptimo y una menor p\u00e9rdida de tiempo. Y si alguna vez necesita asistencia adicional, usted encontrar\u00e1 que nuestras operaciones de sistema de apoyo internacional no han sido superadas como las m\u00e1s completas y accesibles.<em><strong>Innovaci\u00f3n&nbsp; &amp; Compromiso &#8211; Un L\u00edder Mundial<\/strong><br><\/em>La confiabilidad inigualable de Enercon y las innovaciones revolucionarias de tratamiento de superficies permiten operaciones de conversi\u00f3n alrededor del mundo. Nuestra reputaci\u00f3n de tecnolog\u00eda de punta y soporte es bien merecida. Nuestra dedicaci\u00f3n al avance de la industria es ejemplificado por nuestras aportaciones y participaci\u00f3n en organizaciones de comercio.<strong><em>Soluciones Personalizadas &#8211; Experiencia de Aplicaci\u00f3n<\/em><\/strong><br>Por casi treinta a\u00f1os hemos generado soluciones de tratamiento de superficie alrededor del mundo. Nuestro respetable equipo de ingenieros de aplicaci\u00f3n ofrece experiencia de aplicaci\u00f3n sin igual. Estos expertos de tratamiento de superficie optimizan el desempe\u00f1o de los sistemas configurando soluciones para sus necesidades espec\u00edficas.<em><strong>Investigaci\u00f3n y desarrollo &#8211; Pruebas Avanzadas<\/strong><br><\/em>Enercon cuenta con un equipo de tiempo completo de investigaci\u00f3n y desarrollo. Nuestros extensos laboratorios de pruebas incluyen capacidades para medidas avanzadas y an\u00e1lisis. Nivel de Dinas,&nbsp; \u00e1ngulo de contacto, fricci\u00f3n\/desprendimiento, rayos X espectroscopia de fotoelectrones (XPS), y tiempo-de-vuelo espectrometr\u00eda de<br><em><br><strong>Perspectiva Global &#8211; Soporte Local<\/strong><\/em><br>Nuestra red global de representantes de ventas y representantes de Servicio trabajan conjuntamente con nuestro equipo t\u00e9cnico antes, durante y despu\u00e9s de la instalaci\u00f3n y puesta en marcha. Ellos le proveen con asistencia pr\u00e1ctica y asesoramiento t\u00e9cnico para asegurar que su operaci\u00f3n corra bajo eficiencias \u00f3ptimas.La firme dedicaci\u00f3n de Enercon a nuestro cliente se destaca por nuestro impasable servicio y entrenamiento al cliente, servicio global r\u00e1pido y en planta, y soporte t\u00e9cnico interactivo en l\u00ednea a la vanguardia.<\/p>\t\t\n\t\t<h2>\n\t\t\tART\u00cdCULOS T\u00c9CNICOS\n\t\t\t\t\t\t\t\t\t\t\tTecnolog\u00edas de Tratado de Superficies\n\t\t<\/h2>\n\t\t\t<p><strong><em>Sistemas de Tratamiento de Superficies: Corona<\/em><\/strong><br>Enercon ofrece una l\u00ednea completa de soluciones de tratamiento corona:<\/p><ul><li>Sistema de Rodillo-Cubierto es ideal para aplicaciones de extrusi\u00f3n de film y trabaja bien en aplicaciones no conductivas de conversi\u00f3n.<\/li><li>Sistemas de Rodillo-Desnudo son potentes y confiables, y una opci\u00f3n popular para las aplicaciones de conversi\u00f3n.<\/li><li>Sistema de Rodillo-Universal, el tratador corona m\u00e1s vers\u00e1til, son usados para todas las aplicaciones de conversi\u00f3n y maneja los materiales m\u00e1s dif\u00edciles de tratar.<\/li><\/ul><strong><em>Sistemas de Tratamiento de Superficies: Plasma Atmosf\u00e9rico<\/em><\/strong><br>El revolucionario Plasma3\u2122 es un importante descubrimiento en tratamiento de superficies. El sistema modifica las caracter\u00edsticas de la superficie por medio de la introducci\u00f3n de &#8220;gas&#8221; o &#8220;plasma&#8221; a los mismos. Este sistema es altamente efectivo frente a las dificultades que presenta el tratamiento de los materiales en las especialidades de film, espuma, tejidos y no tejidos, fibra, metal y polvos. Opera econ\u00f3micamente en el ambiente y es capaz de realizar el tratamiento en la mayor\u00eda de las velocidades de producci\u00f3n.<em><strong>Sistemas de Tratamiento de Superficies: Flama<\/strong><br><\/em>Enercon combina m\u00e1s de treinta-a\u00f1os de experiencia de tratamiento de superficies con ingenier\u00eda experta para crear un notable sistema de tratado de superficie flama plasma. La experiencia de Enercon del manejo de la l\u00ednea asegura que las l\u00edneas sean manejadas confiablemente a altas velocidades. Un sistema sofisticado electr\u00f3nico de control asegura que todos los aspectos del proceso de tratamiento sean perfectamente controlados.<p><\/p>\t\t\n\t\t<h2>\n\t\t\tSU \u00c9XITO ES NUESTRO \u00c9XITO\n\t\t\t\t\t\t\t\t\t\t\tSistemas de tratamiento dimensionados para su&nbsp;aplicaci\u00f3n\n\t\t<\/h2>\n\t\t\t<p><strong><em>Sistemas de Tratamiento de 3D<\/em><\/strong><br>Los sistemas de tratamiento de superficies tri-dimensionales de Enercon proporcionan mayor adhesi\u00f3n para las distintas aplicaciones en los cuales se incluyen la impresi\u00f3n, pintura, recubrimiento, adhesi\u00f3n y etiquetado. Enercon ofrece 3 sistemas con una variedad de configuraciones, las cuales tratar\u00e1n de manera acertada la parte que su aplicaci\u00f3n necesite, sea \u00e9sta grande o peque\u00f1a.<strong><em>Sistemas de Banda Angosta<\/em><\/strong><br>Nuestros econ\u00f3micos Sistemas de banda angosta son compactos, confiables, faciles de operar y ofrecen tratado a uno o los dos lados.<em><strong>Sistemas para Films Anchos<\/strong><br><\/em>Las fuentes de potencia ultra-confiables de Enercon se pueden integran equipos de rodillo cubierto, de rodillo descubierto o de rodillo universal a fin de brindarle soluciones efectivas para su aplicaci\u00f3n en particular.<em><strong>Sistemas de Banda Ancha<\/strong><br><\/em>Un dise\u00f1o \u00fanico de ensamble de electrodos mantiene la rigidez atrev\u00e9s de un gran rango de temperaturas de operaci\u00f3n.Tratamiento confiable a lo ancho de la estaci\u00f3n (hasta 10 m) es por lo tanto asegurado.<\/p>\t\t\n\t\t\t\t\t\t\t\t\t<img loading=\"lazy\" decoding=\"async\" src=\"https:\/\/media.enerconind.com\/wp-content\/uploads\/sites\/6\/2023\/06\/02150225\/EnerconBlownIonDischarge.png\" alt=\"EnerconBlownIonDischarge\" height=\"778\" width=\"1166\" title=\"EnerconBlownIonDischarge\">\n","protected":false},"excerpt":{"rendered":"<p>Acerca de Enercon Compa\u00f1\u00edas de las industrias de impresi\u00f3n, cubrimiento, laminaci\u00f3n y extrusi\u00f3n conf\u00edan en Enercon para proveer soluciones de sistemas de tratamiento que optimizan las superficies de una variedad de materiales.Sistemas de Tratamiento de Superficies EnerconNosotros estamos comprometidos a proveer las soluciones m\u00e1s avanzadas y precios competitivos para su operaci\u00f3n. Nuestras soluciones espec\u00edficas aseguran&hellip;<\/p>\n","protected":false},"author":1,"featured_media":0,"parent":19,"menu_order":1,"comment_status":"closed","ping_status":"closed","template":"","meta":{"_acf_changed":false,"footnotes":""},"class_list":["post-1614","page","type-page","status-publish","hentry"],"acf":[],"yoast_head":"<!-- This site is optimized with the Yoast SEO plugin v27.2 - https:\/\/yoast.com\/product\/yoast-seo-wordpress\/ -->\n<title>Acerca de Enercon - Enercon Industries - Espanol<\/title>\n<meta name=\"description\" content=\"Descubra por qu\u00e9 Enercon es el l\u00edder de la industria en tratamiento de superficies mediante corona, plasma y flama.\" \/>\n<meta name=\"robots\" content=\"index, follow, max-snippet:-1, max-image-preview:large, max-video-preview:-1\" \/>\n<link rel=\"canonical\" href=\"https:\/\/www.enerconind.com\/es\/tratando\/acerca-de-enercon\/\" \/>\n<meta property=\"og:locale\" content=\"en_US\" \/>\n<meta property=\"og:type\" content=\"article\" \/>\n<meta property=\"og:title\" content=\"Acerca de Enercon - Enercon Industries - Espanol\" \/>\n<meta property=\"og:description\" content=\"Descubra por qu\u00e9 Enercon es el l\u00edder de la industria en tratamiento de superficies mediante corona, plasma y flama.\" \/>\n<meta property=\"og:url\" content=\"https:\/\/www.enerconind.com\/es\/tratando\/acerca-de-enercon\/\" \/>\n<meta property=\"og:site_name\" content=\"Enercon Industries - Espanol\" \/>\n<meta property=\"article:modified_time\" content=\"2024-08-21T15:04:02+00:00\" \/>\n<meta property=\"og:image\" content=\"https:\/\/www.enerconind.com\/es\/wp-content\/uploads\/sites\/6\/2023\/06\/EnerconBlownIonDischarge.png\" \/>\n<meta name=\"twitter:card\" content=\"summary_large_image\" \/>\n<meta name=\"twitter:label1\" content=\"Est. reading time\" \/>\n\t<meta name=\"twitter:data1\" content=\"4 minutes\" \/>\n<script type=\"application\/ld+json\" class=\"yoast-schema-graph\">{\"@context\":\"https:\/\/schema.org\",\"@graph\":[{\"@type\":\"WebPage\",\"@id\":\"https:\/\/www.enerconind.com\/es\/tratando\/acerca-de-enercon\/\",\"url\":\"https:\/\/www.enerconind.com\/es\/tratando\/acerca-de-enercon\/\",\"name\":\"Acerca de Enercon - Enercon Industries - Espanol\",\"isPartOf\":{\"@id\":\"https:\/\/www.enerconind.com\/es\/#website\"},\"primaryImageOfPage\":{\"@id\":\"https:\/\/www.enerconind.com\/es\/tratando\/acerca-de-enercon\/#primaryimage\"},\"image\":{\"@id\":\"https:\/\/www.enerconind.com\/es\/tratando\/acerca-de-enercon\/#primaryimage\"},\"thumbnailUrl\":\"https:\/\/www.enerconind.com\/es\/wp-content\/uploads\/sites\/6\/2023\/06\/EnerconBlownIonDischarge.png\",\"datePublished\":\"2023-10-23T20:51:54+00:00\",\"dateModified\":\"2024-08-21T15:04:02+00:00\",\"description\":\"Descubra por qu\u00e9 Enercon es el l\u00edder de la industria en tratamiento de superficies mediante corona, plasma y flama.\",\"breadcrumb\":{\"@id\":\"https:\/\/www.enerconind.com\/es\/tratando\/acerca-de-enercon\/#breadcrumb\"},\"inLanguage\":\"en-US\",\"potentialAction\":[{\"@type\":\"ReadAction\",\"target\":[\"https:\/\/www.enerconind.com\/es\/tratando\/acerca-de-enercon\/\"]}]},{\"@type\":\"ImageObject\",\"inLanguage\":\"en-US\",\"@id\":\"https:\/\/www.enerconind.com\/es\/tratando\/acerca-de-enercon\/#primaryimage\",\"url\":\"https:\/\/media.enerconind.com\/wp-content\/uploads\/sites\/6\/2023\/06\/02150225\/EnerconBlownIonDischarge.png\",\"contentUrl\":\"https:\/\/media.enerconind.com\/wp-content\/uploads\/sites\/6\/2023\/06\/02150225\/EnerconBlownIonDischarge.png\",\"width\":1166,\"height\":778},{\"@type\":\"BreadcrumbList\",\"@id\":\"https:\/\/www.enerconind.com\/es\/tratando\/acerca-de-enercon\/#breadcrumb\",\"itemListElement\":[{\"@type\":\"ListItem\",\"position\":1,\"name\":\"Home\",\"item\":\"https:\/\/www.enerconind.com\/es\/\"},{\"@type\":\"ListItem\",\"position\":2,\"name\":\"Tratamiento De Superficies\",\"item\":\"https:\/\/www.enerconind.com\/es\/tratando\/\"},{\"@type\":\"ListItem\",\"position\":3,\"name\":\"Acerca de Enercon\"}]},{\"@type\":\"WebSite\",\"@id\":\"https:\/\/www.enerconind.com\/es\/#website\",\"url\":\"https:\/\/www.enerconind.com\/es\/\",\"name\":\"Enercon Industries - Espanol\",\"description\":\"\",\"potentialAction\":[{\"@type\":\"SearchAction\",\"target\":{\"@type\":\"EntryPoint\",\"urlTemplate\":\"https:\/\/www.enerconind.com\/es\/?s={search_term_string}\"},\"query-input\":{\"@type\":\"PropertyValueSpecification\",\"valueRequired\":true,\"valueName\":\"search_term_string\"}}],\"inLanguage\":\"en-US\"}]}<\/script>\n<!-- \/ Yoast SEO plugin. -->","yoast_head_json":{"title":"Acerca de Enercon - Enercon Industries - Espanol","description":"Descubra por qu\u00e9 Enercon es el l\u00edder de la industria en tratamiento de superficies mediante corona, plasma y flama.","robots":{"index":"index","follow":"follow","max-snippet":"max-snippet:-1","max-image-preview":"max-image-preview:large","max-video-preview":"max-video-preview:-1"},"canonical":"https:\/\/www.enerconind.com\/es\/tratando\/acerca-de-enercon\/","og_locale":"en_US","og_type":"article","og_title":"Acerca de Enercon - Enercon Industries - Espanol","og_description":"Descubra por qu\u00e9 Enercon es el l\u00edder de la industria en tratamiento de superficies mediante corona, plasma y flama.","og_url":"https:\/\/www.enerconind.com\/es\/tratando\/acerca-de-enercon\/","og_site_name":"Enercon Industries - Espanol","article_modified_time":"2024-08-21T15:04:02+00:00","og_image":[{"url":"https:\/\/www.enerconind.com\/es\/wp-content\/uploads\/sites\/6\/2023\/06\/EnerconBlownIonDischarge.png","type":"","width":"","height":""}],"twitter_card":"summary_large_image","twitter_misc":{"Est. reading time":"4 minutes"},"schema":{"@context":"https:\/\/schema.org","@graph":[{"@type":"WebPage","@id":"https:\/\/www.enerconind.com\/es\/tratando\/acerca-de-enercon\/","url":"https:\/\/www.enerconind.com\/es\/tratando\/acerca-de-enercon\/","name":"Acerca de Enercon - Enercon Industries - Espanol","isPartOf":{"@id":"https:\/\/www.enerconind.com\/es\/#website"},"primaryImageOfPage":{"@id":"https:\/\/www.enerconind.com\/es\/tratando\/acerca-de-enercon\/#primaryimage"},"image":{"@id":"https:\/\/www.enerconind.com\/es\/tratando\/acerca-de-enercon\/#primaryimage"},"thumbnailUrl":"https:\/\/www.enerconind.com\/es\/wp-content\/uploads\/sites\/6\/2023\/06\/EnerconBlownIonDischarge.png","datePublished":"2023-10-23T20:51:54+00:00","dateModified":"2024-08-21T15:04:02+00:00","description":"Descubra por qu\u00e9 Enercon es el l\u00edder de la industria en tratamiento de superficies mediante corona, plasma y flama.","breadcrumb":{"@id":"https:\/\/www.enerconind.com\/es\/tratando\/acerca-de-enercon\/#breadcrumb"},"inLanguage":"en-US","potentialAction":[{"@type":"ReadAction","target":["https:\/\/www.enerconind.com\/es\/tratando\/acerca-de-enercon\/"]}]},{"@type":"ImageObject","inLanguage":"en-US","@id":"https:\/\/www.enerconind.com\/es\/tratando\/acerca-de-enercon\/#primaryimage","url":"https:\/\/media.enerconind.com\/wp-content\/uploads\/sites\/6\/2023\/06\/02150225\/EnerconBlownIonDischarge.png","contentUrl":"https:\/\/media.enerconind.com\/wp-content\/uploads\/sites\/6\/2023\/06\/02150225\/EnerconBlownIonDischarge.png","width":1166,"height":778},{"@type":"BreadcrumbList","@id":"https:\/\/www.enerconind.com\/es\/tratando\/acerca-de-enercon\/#breadcrumb","itemListElement":[{"@type":"ListItem","position":1,"name":"Home","item":"https:\/\/www.enerconind.com\/es\/"},{"@type":"ListItem","position":2,"name":"Tratamiento De Superficies","item":"https:\/\/www.enerconind.com\/es\/tratando\/"},{"@type":"ListItem","position":3,"name":"Acerca de Enercon"}]},{"@type":"WebSite","@id":"https:\/\/www.enerconind.com\/es\/#website","url":"https:\/\/www.enerconind.com\/es\/","name":"Enercon Industries - Espanol","description":"","potentialAction":[{"@type":"SearchAction","target":{"@type":"EntryPoint","urlTemplate":"https:\/\/www.enerconind.com\/es\/?s={search_term_string}"},"query-input":{"@type":"PropertyValueSpecification","valueRequired":true,"valueName":"search_term_string"}}],"inLanguage":"en-US"}]}},"_links":{"self":[{"href":"https:\/\/www.enerconind.com\/es\/wp-json\/wp\/v2\/pages\/1614","targetHints":{"allow":["GET"]}}],"collection":[{"href":"https:\/\/www.enerconind.com\/es\/wp-json\/wp\/v2\/pages"}],"about":[{"href":"https:\/\/www.enerconind.com\/es\/wp-json\/wp\/v2\/types\/page"}],"author":[{"embeddable":true,"href":"https:\/\/www.enerconind.com\/es\/wp-json\/wp\/v2\/users\/1"}],"replies":[{"embeddable":true,"href":"https:\/\/www.enerconind.com\/es\/wp-json\/wp\/v2\/comments?post=1614"}],"version-history":[{"count":0,"href":"https:\/\/www.enerconind.com\/es\/wp-json\/wp\/v2\/pages\/1614\/revisions"}],"up":[{"embeddable":true,"href":"https:\/\/www.enerconind.com\/es\/wp-json\/wp\/v2\/pages\/19"}],"wp:attachment":[{"href":"https:\/\/www.enerconind.com\/es\/wp-json\/wp\/v2\/media?parent=1614"}],"curies":[{"name":"wp","href":"https:\/\/api.w.org\/{rel}","templated":true}]}}