{"id":1581,"date":"2023-10-23T18:54:43","date_gmt":"2023-10-23T18:54:43","guid":{"rendered":"https:\/\/www.enerconind.com\/es\/?page_id=1581"},"modified":"2024-08-21T15:06:33","modified_gmt":"2024-08-21T15:06:33","slug":"articulos-y-documentos-tecnicos","status":"publish","type":"page","link":"https:\/\/www.enerconind.com\/es\/tratando\/biblioteca\/articulos-y-documentos-tecnicos\/","title":{"rendered":"Art\u00edculos y Documentos T\u00e9cnicos"},"content":{"rendered":"\n\n\t\t<h1>\n\t\t\tArt\u00edculos y Documentos T\u00e9cnicos\n\t\t<\/h1>\n\t\t<h2>\n\t\t\tTRATANDO\n\t\t\t\t\t\t\t\t\t\t\tArt\u00edculos y Documentos T\u00e9cnicos\n\t\t<\/h2>\n\t\n\t\t\t\t\t<a href=\"https:\/\/www.enerconind.com\/es\/library-resource\/corona-alta-definicion-no-todo-el-corona-es-creado-de-la-misma-manera\/\" title=\"Corona Alta Definici\u00f3n: No todo el corona es creado de la misma manera\"><\/a>\n\t\t\t\t<img decoding=\"async\" src=\"https:\/\/www.enerconind.com\/es\/wp-content\/uploads\/sites\/6\/bb-plugin\/cache\/hd-vs-ordinary-corona-discharge-768x483-panorama-d1b1601ca4ec6d8966a3f14538e97823-.jpg\" alt=\"hd-vs-ordinary-corona-discharge\" data-no-lazy=\"1\" title=\"hd-vs-ordinary-corona-discharge\" \/>\n\t\t\t\t\t\t\t\t\t<h3>\n\t\t\t\t\t\t\t\t\t\t\t\t\t\tCorona Alta Definici\u00f3n: No todo el corona es creado de la misma manera\t\t\t\t\t\t\t\t\t\t\t<\/h3>\n\t\n\t\t\t\t\t<a href=\"https:\/\/www.enerconind.com\/es\/library-resource\/mejores-practicas-y-desarrollo-en-laminacion-solventless\/\" title=\"Mejores Pr\u00e1cticas y Desarrollo en Laminaci\u00f3n Solventless\"><\/a>\n\t\t\t\t<img loading=\"lazy\" decoding=\"async\" src=\"https:\/\/www.enerconind.com\/es\/wp-content\/uploads\/sites\/6\/bb-plugin\/cache\/solventless-lamintor-and-corona-treater-panorama-2ba201b08d7c2b3a9c40313779bd8293-.jpg\" alt=\"solventless-lamintor-and-corona-treater\" data-no-lazy=\"1\" height=\"419\" width=\"440\" title=\"solventless-lamintor-and-corona-treater\" \/>\n\t\t\t\t\t\t\t\t\t<h3>\n\t\t\t\t\t\t\t\t\t\t\t\t\t\tMejores Pr\u00e1cticas y Desarrollo en Laminaci\u00f3n Solventless\t\t\t\t\t\t\t\t\t\t\t<\/h3>\n\t\n\t\t\t\t\t<a href=\"https:\/\/www.enerconind.com\/es\/library-resource\/dinas-verdad-o-ficcion\/\" title=\"Dinas: Verdad o Ficci\u00f3n\"><\/a>\n\t\t\t\t<img loading=\"lazy\" decoding=\"async\" src=\"https:\/\/www.enerconind.com\/es\/wp-content\/uploads\/sites\/6\/bb-plugin\/cache\/tech-paper-thumb-buddy-can-you-spare-a-dyne-panorama-a06c381a4eea39c11681831d111204d9-.jpg\" alt=\"tech-paper-thumb-buddy-can-you-spare-a-dyne\" data-no-lazy=\"1\" height=\"224\" width=\"448\" title=\"tech-paper-thumb-buddy-can-you-spare-a-dyne\" \/>\n\t\t\t\t\t\t\t\t\t<h3>\n\t\t\t\t\t\t\t\t\t\t\t\t\t\tDinas: Verdad o Ficci\u00f3n\t\t\t\t\t\t\t\t\t\t\t<\/h3>\n\t\n\t\t\t\t\t<a href=\"https:\/\/www.enerconind.com\/es\/library-resource\/recubrimientos-en-rollo-con-electrodos-ceramicos\/\" title=\"Recubrimientos en rollo con Electrodos Cer\u00e1micos\"><\/a>\n\t\t\t\t<img loading=\"lazy\" decoding=\"async\" src=\"https:\/\/www.enerconind.com\/es\/wp-content\/uploads\/sites\/6\/bb-plugin\/cache\/esp-groundroll-options-for-ceramic-electrodes-panorama-2ac9ceaaef6f0f830851bc050f59a621-.jpg\" alt=\"esp-groundroll-options-for-ceramic-electrodes\" data-no-lazy=\"1\" height=\"152\" width=\"500\" title=\"esp-groundroll-options-for-ceramic-electrodes\" \/>\n\t\t\t\t\t\t\t\t\t<h3>\n\t\t\t\t\t\t\t\t\t\t\t\t\t\tRecubrimientos en rollo con Electrodos Cer\u00e1micos\t\t\t\t\t\t\t\t\t\t\t<\/h3>\n\t\t<!-- .pp-content-posts -->\n\n","protected":false},"excerpt":{"rendered":"<p>Art\u00edculos y Documentos T\u00e9cnicos TRATANDO Art\u00edculos y Documentos T\u00e9cnicos Corona Alta Definici\u00f3n: No todo el corona es creado de la misma manera Mejores Pr\u00e1cticas y Desarrollo en Laminaci\u00f3n Solventless Dinas: Verdad o Ficci\u00f3n Recubrimientos en rollo con Electrodos Cer\u00e1micos<\/p>\n","protected":false},"author":1,"featured_media":0,"parent":192,"menu_order":0,"comment_status":"closed","ping_status":"closed","template":"","meta":{"_acf_changed":false,"footnotes":""},"class_list":["post-1581","page","type-page","status-publish","hentry"],"acf":[],"yoast_head":"<!-- This site is optimized with the Yoast SEO plugin v27.2 - https:\/\/yoast.com\/product\/yoast-seo-wordpress\/ -->\n<title>Art\u00edculos y Documentos T\u00e9cnicos - Enercon Industries - Espanol<\/title>\n<meta name=\"description\" content=\"Descubra c\u00f3mo los convertidores y extrusores de pel\u00edculas l\u00edderes en la industria utilizan los tratadores de superficies de Enercon para optimizar la adhesi\u00f3n y la producci\u00f3n en sus instalaciones.\" \/>\n<meta name=\"robots\" content=\"index, follow, max-snippet:-1, max-image-preview:large, max-video-preview:-1\" \/>\n<link rel=\"canonical\" href=\"https:\/\/www.enerconind.com\/es\/tratando\/biblioteca\/articulos-y-documentos-tecnicos\/\" \/>\n<meta property=\"og:locale\" content=\"en_US\" \/>\n<meta property=\"og:type\" content=\"article\" \/>\n<meta property=\"og:title\" content=\"Art\u00edculos y Documentos T\u00e9cnicos - Enercon Industries - Espanol\" \/>\n<meta property=\"og:description\" content=\"Descubra c\u00f3mo los convertidores y extrusores de pel\u00edculas l\u00edderes en la industria utilizan los tratadores de superficies de Enercon para optimizar la adhesi\u00f3n y la producci\u00f3n en sus instalaciones.\" \/>\n<meta property=\"og:url\" content=\"https:\/\/www.enerconind.com\/es\/tratando\/biblioteca\/articulos-y-documentos-tecnicos\/\" \/>\n<meta property=\"og:site_name\" content=\"Enercon Industries - Espanol\" \/>\n<meta property=\"article:modified_time\" content=\"2024-08-21T15:06:33+00:00\" \/>\n<meta property=\"og:image\" content=\"https:\/\/www.enerconind.com\/es\/wp-content\/uploads\/sites\/6\/bb-plugin\/cache\/hd-vs-ordinary-corona-discharge-768x483-panorama-d1b1601ca4ec6d8966a3f14538e97823-.jpg\" \/>\n<meta name=\"twitter:card\" content=\"summary_large_image\" \/>\n<meta name=\"twitter:label1\" content=\"Est. reading time\" \/>\n\t<meta name=\"twitter:data1\" content=\"1 minute\" \/>\n<script type=\"application\/ld+json\" class=\"yoast-schema-graph\">{\"@context\":\"https:\/\/schema.org\",\"@graph\":[{\"@type\":\"WebPage\",\"@id\":\"https:\/\/www.enerconind.com\/es\/tratando\/biblioteca\/articulos-y-documentos-tecnicos\/\",\"url\":\"https:\/\/www.enerconind.com\/es\/tratando\/biblioteca\/articulos-y-documentos-tecnicos\/\",\"name\":\"Art\u00edculos y Documentos T\u00e9cnicos - Enercon Industries - Espanol\",\"isPartOf\":{\"@id\":\"https:\/\/www.enerconind.com\/es\/#website\"},\"primaryImageOfPage\":{\"@id\":\"https:\/\/www.enerconind.com\/es\/tratando\/biblioteca\/articulos-y-documentos-tecnicos\/#primaryimage\"},\"image\":{\"@id\":\"https:\/\/www.enerconind.com\/es\/tratando\/biblioteca\/articulos-y-documentos-tecnicos\/#primaryimage\"},\"thumbnailUrl\":\"https:\/\/www.enerconind.com\/es\/wp-content\/uploads\/sites\/6\/bb-plugin\/cache\/hd-vs-ordinary-corona-discharge-768x483-panorama-d1b1601ca4ec6d8966a3f14538e97823-.jpg\",\"datePublished\":\"2023-10-23T18:54:43+00:00\",\"dateModified\":\"2024-08-21T15:06:33+00:00\",\"description\":\"Descubra c\u00f3mo los convertidores y extrusores de pel\u00edculas l\u00edderes en la industria utilizan los tratadores de superficies de Enercon para optimizar la adhesi\u00f3n y la producci\u00f3n en sus instalaciones.\",\"breadcrumb\":{\"@id\":\"https:\/\/www.enerconind.com\/es\/tratando\/biblioteca\/articulos-y-documentos-tecnicos\/#breadcrumb\"},\"inLanguage\":\"en-US\",\"potentialAction\":[{\"@type\":\"ReadAction\",\"target\":[\"https:\/\/www.enerconind.com\/es\/tratando\/biblioteca\/articulos-y-documentos-tecnicos\/\"]}]},{\"@type\":\"ImageObject\",\"inLanguage\":\"en-US\",\"@id\":\"https:\/\/www.enerconind.com\/es\/tratando\/biblioteca\/articulos-y-documentos-tecnicos\/#primaryimage\",\"url\":\"https:\/\/www.enerconind.com\/es\/wp-content\/uploads\/sites\/6\/bb-plugin\/cache\/hd-vs-ordinary-corona-discharge-768x483-panorama-d1b1601ca4ec6d8966a3f14538e97823-.jpg\",\"contentUrl\":\"https:\/\/www.enerconind.com\/es\/wp-content\/uploads\/sites\/6\/bb-plugin\/cache\/hd-vs-ordinary-corona-discharge-768x483-panorama-d1b1601ca4ec6d8966a3f14538e97823-.jpg\"},{\"@type\":\"BreadcrumbList\",\"@id\":\"https:\/\/www.enerconind.com\/es\/tratando\/biblioteca\/articulos-y-documentos-tecnicos\/#breadcrumb\",\"itemListElement\":[{\"@type\":\"ListItem\",\"position\":1,\"name\":\"Home\",\"item\":\"https:\/\/www.enerconind.com\/es\/\"},{\"@type\":\"ListItem\",\"position\":2,\"name\":\"Tratamiento De Superficies\",\"item\":\"https:\/\/www.enerconind.com\/es\/tratando\/\"},{\"@type\":\"ListItem\",\"position\":3,\"name\":\"Biblioteca\",\"item\":\"https:\/\/www.enerconind.com\/es\/tratando\/biblioteca\/\"},{\"@type\":\"ListItem\",\"position\":4,\"name\":\"Art\u00edculos y Documentos T\u00e9cnicos\"}]},{\"@type\":\"WebSite\",\"@id\":\"https:\/\/www.enerconind.com\/es\/#website\",\"url\":\"https:\/\/www.enerconind.com\/es\/\",\"name\":\"Enercon Industries - Espanol\",\"description\":\"\",\"potentialAction\":[{\"@type\":\"SearchAction\",\"target\":{\"@type\":\"EntryPoint\",\"urlTemplate\":\"https:\/\/www.enerconind.com\/es\/?s={search_term_string}\"},\"query-input\":{\"@type\":\"PropertyValueSpecification\",\"valueRequired\":true,\"valueName\":\"search_term_string\"}}],\"inLanguage\":\"en-US\"}]}<\/script>\n<!-- \/ Yoast SEO plugin. -->","yoast_head_json":{"title":"Art\u00edculos y Documentos T\u00e9cnicos - Enercon Industries - Espanol","description":"Descubra c\u00f3mo los convertidores y extrusores de pel\u00edculas l\u00edderes en la industria utilizan los tratadores de superficies de Enercon para optimizar la adhesi\u00f3n y la producci\u00f3n en sus instalaciones.","robots":{"index":"index","follow":"follow","max-snippet":"max-snippet:-1","max-image-preview":"max-image-preview:large","max-video-preview":"max-video-preview:-1"},"canonical":"https:\/\/www.enerconind.com\/es\/tratando\/biblioteca\/articulos-y-documentos-tecnicos\/","og_locale":"en_US","og_type":"article","og_title":"Art\u00edculos y Documentos T\u00e9cnicos - Enercon Industries - Espanol","og_description":"Descubra c\u00f3mo los convertidores y extrusores de pel\u00edculas l\u00edderes en la industria utilizan los tratadores de superficies de Enercon para optimizar la adhesi\u00f3n y la producci\u00f3n en sus instalaciones.","og_url":"https:\/\/www.enerconind.com\/es\/tratando\/biblioteca\/articulos-y-documentos-tecnicos\/","og_site_name":"Enercon Industries - Espanol","article_modified_time":"2024-08-21T15:06:33+00:00","og_image":[{"url":"https:\/\/www.enerconind.com\/es\/wp-content\/uploads\/sites\/6\/bb-plugin\/cache\/hd-vs-ordinary-corona-discharge-768x483-panorama-d1b1601ca4ec6d8966a3f14538e97823-.jpg","type":"","width":"","height":""}],"twitter_card":"summary_large_image","twitter_misc":{"Est. reading time":"1 minute"},"schema":{"@context":"https:\/\/schema.org","@graph":[{"@type":"WebPage","@id":"https:\/\/www.enerconind.com\/es\/tratando\/biblioteca\/articulos-y-documentos-tecnicos\/","url":"https:\/\/www.enerconind.com\/es\/tratando\/biblioteca\/articulos-y-documentos-tecnicos\/","name":"Art\u00edculos y Documentos T\u00e9cnicos - Enercon Industries - Espanol","isPartOf":{"@id":"https:\/\/www.enerconind.com\/es\/#website"},"primaryImageOfPage":{"@id":"https:\/\/www.enerconind.com\/es\/tratando\/biblioteca\/articulos-y-documentos-tecnicos\/#primaryimage"},"image":{"@id":"https:\/\/www.enerconind.com\/es\/tratando\/biblioteca\/articulos-y-documentos-tecnicos\/#primaryimage"},"thumbnailUrl":"https:\/\/www.enerconind.com\/es\/wp-content\/uploads\/sites\/6\/bb-plugin\/cache\/hd-vs-ordinary-corona-discharge-768x483-panorama-d1b1601ca4ec6d8966a3f14538e97823-.jpg","datePublished":"2023-10-23T18:54:43+00:00","dateModified":"2024-08-21T15:06:33+00:00","description":"Descubra c\u00f3mo los convertidores y extrusores de pel\u00edculas l\u00edderes en la industria utilizan los tratadores de superficies de Enercon para optimizar la adhesi\u00f3n y la producci\u00f3n en sus instalaciones.","breadcrumb":{"@id":"https:\/\/www.enerconind.com\/es\/tratando\/biblioteca\/articulos-y-documentos-tecnicos\/#breadcrumb"},"inLanguage":"en-US","potentialAction":[{"@type":"ReadAction","target":["https:\/\/www.enerconind.com\/es\/tratando\/biblioteca\/articulos-y-documentos-tecnicos\/"]}]},{"@type":"ImageObject","inLanguage":"en-US","@id":"https:\/\/www.enerconind.com\/es\/tratando\/biblioteca\/articulos-y-documentos-tecnicos\/#primaryimage","url":"https:\/\/www.enerconind.com\/es\/wp-content\/uploads\/sites\/6\/bb-plugin\/cache\/hd-vs-ordinary-corona-discharge-768x483-panorama-d1b1601ca4ec6d8966a3f14538e97823-.jpg","contentUrl":"https:\/\/www.enerconind.com\/es\/wp-content\/uploads\/sites\/6\/bb-plugin\/cache\/hd-vs-ordinary-corona-discharge-768x483-panorama-d1b1601ca4ec6d8966a3f14538e97823-.jpg"},{"@type":"BreadcrumbList","@id":"https:\/\/www.enerconind.com\/es\/tratando\/biblioteca\/articulos-y-documentos-tecnicos\/#breadcrumb","itemListElement":[{"@type":"ListItem","position":1,"name":"Home","item":"https:\/\/www.enerconind.com\/es\/"},{"@type":"ListItem","position":2,"name":"Tratamiento De Superficies","item":"https:\/\/www.enerconind.com\/es\/tratando\/"},{"@type":"ListItem","position":3,"name":"Biblioteca","item":"https:\/\/www.enerconind.com\/es\/tratando\/biblioteca\/"},{"@type":"ListItem","position":4,"name":"Art\u00edculos y Documentos T\u00e9cnicos"}]},{"@type":"WebSite","@id":"https:\/\/www.enerconind.com\/es\/#website","url":"https:\/\/www.enerconind.com\/es\/","name":"Enercon Industries - Espanol","description":"","potentialAction":[{"@type":"SearchAction","target":{"@type":"EntryPoint","urlTemplate":"https:\/\/www.enerconind.com\/es\/?s={search_term_string}"},"query-input":{"@type":"PropertyValueSpecification","valueRequired":true,"valueName":"search_term_string"}}],"inLanguage":"en-US"}]}},"_links":{"self":[{"href":"https:\/\/www.enerconind.com\/es\/wp-json\/wp\/v2\/pages\/1581","targetHints":{"allow":["GET"]}}],"collection":[{"href":"https:\/\/www.enerconind.com\/es\/wp-json\/wp\/v2\/pages"}],"about":[{"href":"https:\/\/www.enerconind.com\/es\/wp-json\/wp\/v2\/types\/page"}],"author":[{"embeddable":true,"href":"https:\/\/www.enerconind.com\/es\/wp-json\/wp\/v2\/users\/1"}],"replies":[{"embeddable":true,"href":"https:\/\/www.enerconind.com\/es\/wp-json\/wp\/v2\/comments?post=1581"}],"version-history":[{"count":0,"href":"https:\/\/www.enerconind.com\/es\/wp-json\/wp\/v2\/pages\/1581\/revisions"}],"up":[{"embeddable":true,"href":"https:\/\/www.enerconind.com\/es\/wp-json\/wp\/v2\/pages\/192"}],"wp:attachment":[{"href":"https:\/\/www.enerconind.com\/es\/wp-json\/wp\/v2\/media?parent=1581"}],"curies":[{"name":"wp","href":"https:\/\/api.w.org\/{rel}","templated":true}]}}