{"id":157,"date":"2023-08-29T19:40:04","date_gmt":"2023-08-29T19:40:04","guid":{"rendered":"https:\/\/www.enerconind.com\/es\/?page_id=157"},"modified":"2024-08-21T16:01:03","modified_gmt":"2024-08-21T16:01:03","slug":"productos","status":"publish","type":"page","link":"https:\/\/www.enerconind.com\/es\/tratando\/tratamiento-corona\/productos\/","title":{"rendered":"Productos"},"content":{"rendered":"\n\n\t\t<h1>\n\t\t\tProductos\n\t\t<\/h1>\n\t\t\t<a href=\"#\" target=\"_self\" rel=\"noopener\">\n\t\t\t\t\t\t\t<img decoding=\"async\" src=\"https:\/\/media.enerconind.com\/wp-content\/uploads\/sites\/6\/2023\/08\/02150142\/CoronaTreaterforBareRoll.jpg\" alt=\"CoronaTreaterforBareRoll\" \/>\n\t\t<h4>Rodillo Desnudo para Aplicaciones B\u00e1sicasTratadores con Electrodos de Cer\u00e1mica<\/h4>\n\t\t<\/a>\n\t\t\t<a href=\"#\" target=\"_self\" rel=\"noopener\">\n\t\t\t\t\t\t\t<img decoding=\"async\" src=\"https:\/\/media.enerconind.com\/wp-content\/uploads\/sites\/6\/2023\/08\/02150142\/OzoneDecomposer-1.jpg\" alt=\"OzoneDecomposer (1)\" \/>\n\t\t<h4>Elimina Emisiones de OzonoDestructor de Ozono<\/h4>\n\t\t<\/a>\n\t\t\t<a href=\"#\" target=\"_self\" rel=\"noopener\">\n\t\t\t\t\t\t\t<img decoding=\"async\" src=\"https:\/\/media.enerconind.com\/wp-content\/uploads\/sites\/6\/2023\/08\/02150141\/DynePens-1.jpg\" alt=\"DynePens (1)\" \/>\n\t\t<h4>Marcadores de DinasSoluci\u00f3n de Dinas<\/h4>\n\t\t<\/a>\n\t\t\t<a href=\"#\" target=\"_self\" rel=\"noopener\">\n\t\t\t\t\t\t\t<img decoding=\"async\" src=\"https:\/\/media.enerconind.com\/wp-content\/uploads\/sites\/6\/2023\/08\/02150141\/HighDefinitionCoronaTreating-1.jpg\" alt=\"HighDefinitionCoronaTreating (1)\" \/>\n\t\t<h4>Alta Definici\u00f3n para Alto Desempe\u00f1oTratadores con Electrodos de Cer\u00e1mica<\/h4>\n\t\t<\/a>\n\t\t\t<a href=\"#\" target=\"_self\" rel=\"noopener\">\n\t\t\t\t\t\t\t<img decoding=\"async\" src=\"https:\/\/media.enerconind.com\/wp-content\/uploads\/sites\/6\/2023\/08\/02150141\/CoronaTreaterforBlownFilm-1.jpg\" alt=\"CoronaTreaterforBlownFilm (1)\" \/>\n\t\t<h4>Alta Definici\u00f3n para Alto Desempe\u00f1oTratadores con Electrodos de Cer\u00e1mica<\/h4>\n\t\t<\/a>\n\t\t\t<a href=\"#\" target=\"_self\" rel=\"noopener\">\n\t\t\t\t\t\t\t<img decoding=\"async\" src=\"https:\/\/media.enerconind.com\/wp-content\/uploads\/sites\/6\/2023\/08\/02150141\/CoronaTreatingSegmentedElectrodesforBlownFilm-1.jpg\" alt=\"CoronaTreatingSegmentedElectrodesforBlownFilm (1)\" \/>\n\t\t<h4>Estilo Segmentado EmpujeTratadores Corona con Electrodos de Metal<\/h4>\n\t\t<\/a>\n\t\t\t<a href=\"#\" target=\"_self\" rel=\"noopener\">\n\t\t\t\t\t\t\t<img decoding=\"async\" src=\"https:\/\/media.enerconind.com\/wp-content\/uploads\/sites\/6\/2023\/08\/02150141\/CoronaTreatingEquipmentBlownFilm-2.jpg\" alt=\"CoronaTreatingEquipmentBlownFilm (2)\" \/>\n\t\t<h4>Film de Globo Electrodo SegmentadoTratadores Corona con Electrodos de Metal<\/h4>\n\t\t<\/a>\n\t\t\t<a href=\"#\" target=\"_self\" rel=\"noopener\">\n\t\t\t\t\t\t\t<img decoding=\"async\" src=\"https:\/\/media.enerconind.com\/wp-content\/uploads\/sites\/6\/2023\/08\/02150141\/CoronaTreatmentforNarrowWeb-1.jpg\" alt=\"CoronaTreatmentforNarrowWeb (1)\" \/>\n\t\t<h4>TL MaxBanda Angosta<\/h4>\n\t\t<\/a>\n\t\t\t<a href=\"#\" target=\"_self\" rel=\"noopener\">\n\t\t\t\t\t\t\t<img decoding=\"async\" src=\"https:\/\/media.enerconind.com\/wp-content\/uploads\/sites\/6\/2023\/08\/02150141\/OzoneGenerator-1.jpg\" alt=\"OzoneGenerator (1)\" \/>\n\t\t<h4>Aumente los Resultados Cobertura de Extrusi\u00f3nGenerador de Ozono<\/h4>\n\t\t<\/a>\n\t\t<h4><a href=\"#\" target=\"_self\" rel=\"noopener\">Tratadores de Electrodos de Cer\u00e1mica<\/a><\/h4>\n\t\t\t<ul><li><a href=\"https:\/\/www.enerconind.com\/es\/tratando\/Tratamiento-Corona\/productos\/rodillo-desnudo.aspx\">Tratador Corona de Rodillo Desnudo<\/a><\/li><li><a href=\"https:\/\/www.enerconind.com\/es\/tratando\/Tratamiento-Corona\/productos\/Rodillo-Universal.aspx\">Tratador Corona de Rodillo Universal de Alta Definici\u00f3n<\/a><\/li><li><a href=\"https:\/\/www.enerconind.com\/es\/tratando\/Tratamiento-Corona\/productos\/Banda-Angosta.aspx\">Tratador de Superficie de Banda Angosta TL Max<\/a><\/li><\/ul>\t\t\n\t\t<h4><a href=\"#\" target=\"_self\" rel=\"noopener\">Tratadores de Electrodos de Metal<\/a><\/h4>\n\t\t\t<ul><li><a href=\"https:\/\/www.enerconind.com\/es\/tratando\/Tratamiento-Corona\/productos\/Rodillo-Cubierto.aspx\">Tratador Corona de Ancho Fijo<\/a><\/li><li><a href=\"https:\/\/www.enerconind.com\/translate\/es\/tratando\/Tratamiento-Corona\/productos\/Rodillo-Cubierto.aspx\">Tratador Corona de Electrodo Segmentado de Empuje<\/a><\/li><li><a href=\"https:\/\/www.enerconind.com\/es\/tratando\/Tratamiento-Corona\/productos\/Film-de-Soplado.aspx\">Tratador Corona de Electrodo Segmentado de Vuelta<\/a><\/li><li><a href=\"https:\/\/www.enerconind.com\/es\/tratando\/Tratamiento-Corona\/productos\/Web-Ultra-Ancha.aspx\">Tratadores de banda Ultra-ancha<\/a><\/li><\/ul>\t\t\n\t\t<h4><a href=\"#\" target=\"_self\" rel=\"noopener\">Generadores de Potencia<\/a><\/h4>\n\t\t\t<ul><li><a href=\"https:\/\/www.enerconind.com\/es\/tratando\/Tratamiento-Corona\/productos\/Generadores-de-Potencia.aspx\">Compak 2000\u00a0y Deluxe<\/a><\/li><li><a href=\"https:\/\/www.enerconind.com\/es\/tratando\/Tratamiento-Corona\/productos\/Generadores-de-Potencia.aspx\">Compak 9000<\/a><\/li><\/ul>\t\t\n\t\t<h4><a href=\"#\" target=\"_self\" rel=\"noopener\">Ozono<\/a><\/h4>\n\t\t\t<ul><li><a href=\"https:\/\/www.enerconind.com\/es\/tratando\/Tratamiento-Corona\/productos\/Generador-de-Ozono.aspx\">Generador de Ozono<\/a><\/li><li><a href=\"https:\/\/www.enerconind.com\/es\/tratando\/Tratamiento-Corona\/productos\/Eliminador-de-Ozono.aspx\">Destructor de Ozono<\/a><\/li><\/ul>\t\t\n\t\t<h4><a href=\"#\" target=\"_self\" rel=\"noopener\">Medici\u00f3n de Nivel de Dinas<\/a><\/h4>\n\t\t\t<ul><li><a href=\"https:\/\/www.enerconind.com\/es\/tratando\/Tratamiento-Corona\/productos\/Marcadores-de-Dinas.aspx\">Marcadores de Dinas<\/a><\/li><\/ul>\t\t\n\t\t<h2>\n\t\t\tGET IN TOUCH\n\t\t\t\t\t\t\t\t\t\t\tContact Us\n\t\t<\/h2>\n\n\t\n    \t\t<label for=\"pp-name-\">Name<\/label>\n    \t\tPlease enter your name.\n    \t\t\n    \t\t<label for=\"pp-email-\">Email<\/label>\n    \t\tPlease enter a valid email address.\n    \t\t\n    \t\t<label for=\"pp-message-\">Your Message<\/label>\n    \t\tPlease type your message.\n    \t\t<textarea name=\"pp-message\" id=\"pp-message-\"><\/textarea>\n    \t<a href=\"#\" target=\"_self\" role=\"button\" rel=\"noopener\">\n    \t\t    \t\t    \t\tSubmit\n    \t\t    \t\t    \t<\/a>\n\t\t\tMessage Sent!\n\t\t\tMessage failed. Please try again.\n\n\n","protected":false},"excerpt":{"rendered":"<p>Productos Rodillo Desnudo para Aplicaciones B\u00e1sicasTratadores con Electrodos de Cer\u00e1mica Elimina Emisiones de OzonoDestructor de Ozono Marcadores de DinasSoluci\u00f3n de Dinas Alta Definici\u00f3n para Alto Desempe\u00f1oTratadores con Electrodos de Cer\u00e1mica Alta Definici\u00f3n para Alto Desempe\u00f1oTratadores con Electrodos de Cer\u00e1mica Estilo Segmentado EmpujeTratadores Corona con Electrodos de Metal Film de Globo Electrodo SegmentadoTratadores Corona con Electrodos&hellip;<\/p>\n","protected":false},"author":3,"featured_media":0,"parent":156,"menu_order":0,"comment_status":"closed","ping_status":"closed","template":"","meta":{"_acf_changed":false,"footnotes":""},"class_list":["post-157","page","type-page","status-publish","hentry"],"acf":[],"yoast_head":"<!-- This site is optimized with the Yoast SEO plugin v27.4 - https:\/\/yoast.com\/product\/yoast-seo-wordpress\/ -->\n<title>Productos - Enercon Industries - Espanol<\/title>\n<meta name=\"description\" content=\"Obtenga informaci\u00f3n sobre los tratadores de superficies con plasma y flama. Equipos de tratamiento de superficies por plasma y flama para fabricantes, ensambladores y empaquetadores industriales.\" \/>\n<meta name=\"robots\" content=\"index, follow, max-snippet:-1, max-image-preview:large, max-video-preview:-1\" \/>\n<link rel=\"canonical\" href=\"https:\/\/www.enerconind.com\/es\/tratando\/tratamiento-corona\/productos\/\" \/>\n<meta property=\"og:locale\" content=\"en_US\" \/>\n<meta property=\"og:type\" content=\"article\" \/>\n<meta property=\"og:title\" content=\"Productos - Enercon Industries - Espanol\" \/>\n<meta property=\"og:description\" content=\"Obtenga informaci\u00f3n sobre los tratadores de superficies con plasma y flama. Equipos de tratamiento de superficies por plasma y flama para fabricantes, ensambladores y empaquetadores industriales.\" \/>\n<meta property=\"og:url\" content=\"https:\/\/www.enerconind.com\/es\/tratando\/tratamiento-corona\/productos\/\" \/>\n<meta property=\"og:site_name\" content=\"Enercon Industries - Espanol\" \/>\n<meta property=\"article:modified_time\" content=\"2024-08-21T16:01:03+00:00\" \/>\n<meta property=\"og:image\" content=\"https:\/\/www.enerconind.com\/es\/wp-content\/uploads\/sites\/6\/2023\/08\/CoronaTreaterforBareRoll.jpg\" \/>\n<meta name=\"twitter:card\" content=\"summary_large_image\" \/>\n<meta name=\"twitter:label1\" content=\"Est. reading time\" \/>\n\t<meta name=\"twitter:data1\" content=\"3 minutes\" \/>\n<script type=\"application\/ld+json\" class=\"yoast-schema-graph\">{\"@context\":\"https:\\\/\\\/schema.org\",\"@graph\":[{\"@type\":\"WebPage\",\"@id\":\"https:\\\/\\\/www.enerconind.com\\\/es\\\/tratando\\\/tratamiento-corona\\\/productos\\\/\",\"url\":\"https:\\\/\\\/www.enerconind.com\\\/es\\\/tratando\\\/tratamiento-corona\\\/productos\\\/\",\"name\":\"Productos - Enercon Industries - Espanol\",\"isPartOf\":{\"@id\":\"https:\\\/\\\/www.enerconind.com\\\/es\\\/#website\"},\"primaryImageOfPage\":{\"@id\":\"https:\\\/\\\/www.enerconind.com\\\/es\\\/tratando\\\/tratamiento-corona\\\/productos\\\/#primaryimage\"},\"image\":{\"@id\":\"https:\\\/\\\/www.enerconind.com\\\/es\\\/tratando\\\/tratamiento-corona\\\/productos\\\/#primaryimage\"},\"thumbnailUrl\":\"https:\\\/\\\/www.enerconind.com\\\/es\\\/wp-content\\\/uploads\\\/sites\\\/6\\\/2023\\\/08\\\/CoronaTreaterforBareRoll.jpg\",\"datePublished\":\"2023-08-29T19:40:04+00:00\",\"dateModified\":\"2024-08-21T16:01:03+00:00\",\"description\":\"Obtenga informaci\u00f3n sobre los tratadores de superficies con plasma y flama. Equipos de tratamiento de superficies por plasma y flama para fabricantes, ensambladores y empaquetadores industriales.\",\"breadcrumb\":{\"@id\":\"https:\\\/\\\/www.enerconind.com\\\/es\\\/tratando\\\/tratamiento-corona\\\/productos\\\/#breadcrumb\"},\"inLanguage\":\"en-US\",\"potentialAction\":[{\"@type\":\"ReadAction\",\"target\":[\"https:\\\/\\\/www.enerconind.com\\\/es\\\/tratando\\\/tratamiento-corona\\\/productos\\\/\"]}]},{\"@type\":\"ImageObject\",\"inLanguage\":\"en-US\",\"@id\":\"https:\\\/\\\/www.enerconind.com\\\/es\\\/tratando\\\/tratamiento-corona\\\/productos\\\/#primaryimage\",\"url\":\"https:\\\/\\\/media.enerconind.com\\\/wp-content\\\/uploads\\\/sites\\\/6\\\/2023\\\/08\\\/02150142\\\/CoronaTreaterforBareRoll.jpg\",\"contentUrl\":\"https:\\\/\\\/media.enerconind.com\\\/wp-content\\\/uploads\\\/sites\\\/6\\\/2023\\\/08\\\/02150142\\\/CoronaTreaterforBareRoll.jpg\",\"width\":495,\"height\":417},{\"@type\":\"BreadcrumbList\",\"@id\":\"https:\\\/\\\/www.enerconind.com\\\/es\\\/tratando\\\/tratamiento-corona\\\/productos\\\/#breadcrumb\",\"itemListElement\":[{\"@type\":\"ListItem\",\"position\":1,\"name\":\"Home\",\"item\":\"https:\\\/\\\/www.enerconind.com\\\/es\\\/\"},{\"@type\":\"ListItem\",\"position\":2,\"name\":\"Tratamiento De Superficies\",\"item\":\"https:\\\/\\\/www.enerconind.com\\\/es\\\/tratando\\\/\"},{\"@type\":\"ListItem\",\"position\":3,\"name\":\"Tratamiento Corona\",\"item\":\"https:\\\/\\\/www.enerconind.com\\\/es\\\/tratando\\\/tratamiento-corona\\\/\"},{\"@type\":\"ListItem\",\"position\":4,\"name\":\"Productos\"}]},{\"@type\":\"WebSite\",\"@id\":\"https:\\\/\\\/www.enerconind.com\\\/es\\\/#website\",\"url\":\"https:\\\/\\\/www.enerconind.com\\\/es\\\/\",\"name\":\"Enercon Industries - Espanol\",\"description\":\"\",\"potentialAction\":[{\"@type\":\"SearchAction\",\"target\":{\"@type\":\"EntryPoint\",\"urlTemplate\":\"https:\\\/\\\/www.enerconind.com\\\/es\\\/?s={search_term_string}\"},\"query-input\":{\"@type\":\"PropertyValueSpecification\",\"valueRequired\":true,\"valueName\":\"search_term_string\"}}],\"inLanguage\":\"en-US\"}]}<\/script>\n<!-- \/ Yoast SEO plugin. -->","yoast_head_json":{"title":"Productos - Enercon Industries - Espanol","description":"Obtenga informaci\u00f3n sobre los tratadores de superficies con plasma y flama. Equipos de tratamiento de superficies por plasma y flama para fabricantes, ensambladores y empaquetadores industriales.","robots":{"index":"index","follow":"follow","max-snippet":"max-snippet:-1","max-image-preview":"max-image-preview:large","max-video-preview":"max-video-preview:-1"},"canonical":"https:\/\/www.enerconind.com\/es\/tratando\/tratamiento-corona\/productos\/","og_locale":"en_US","og_type":"article","og_title":"Productos - Enercon Industries - Espanol","og_description":"Obtenga informaci\u00f3n sobre los tratadores de superficies con plasma y flama. Equipos de tratamiento de superficies por plasma y flama para fabricantes, ensambladores y empaquetadores industriales.","og_url":"https:\/\/www.enerconind.com\/es\/tratando\/tratamiento-corona\/productos\/","og_site_name":"Enercon Industries - Espanol","article_modified_time":"2024-08-21T16:01:03+00:00","og_image":[{"url":"https:\/\/www.enerconind.com\/es\/wp-content\/uploads\/sites\/6\/2023\/08\/CoronaTreaterforBareRoll.jpg","type":"","width":"","height":""}],"twitter_card":"summary_large_image","twitter_misc":{"Est. reading time":"3 minutes"},"schema":{"@context":"https:\/\/schema.org","@graph":[{"@type":"WebPage","@id":"https:\/\/www.enerconind.com\/es\/tratando\/tratamiento-corona\/productos\/","url":"https:\/\/www.enerconind.com\/es\/tratando\/tratamiento-corona\/productos\/","name":"Productos - Enercon Industries - Espanol","isPartOf":{"@id":"https:\/\/www.enerconind.com\/es\/#website"},"primaryImageOfPage":{"@id":"https:\/\/www.enerconind.com\/es\/tratando\/tratamiento-corona\/productos\/#primaryimage"},"image":{"@id":"https:\/\/www.enerconind.com\/es\/tratando\/tratamiento-corona\/productos\/#primaryimage"},"thumbnailUrl":"https:\/\/www.enerconind.com\/es\/wp-content\/uploads\/sites\/6\/2023\/08\/CoronaTreaterforBareRoll.jpg","datePublished":"2023-08-29T19:40:04+00:00","dateModified":"2024-08-21T16:01:03+00:00","description":"Obtenga informaci\u00f3n sobre los tratadores de superficies con plasma y flama. Equipos de tratamiento de superficies por plasma y flama para fabricantes, ensambladores y empaquetadores industriales.","breadcrumb":{"@id":"https:\/\/www.enerconind.com\/es\/tratando\/tratamiento-corona\/productos\/#breadcrumb"},"inLanguage":"en-US","potentialAction":[{"@type":"ReadAction","target":["https:\/\/www.enerconind.com\/es\/tratando\/tratamiento-corona\/productos\/"]}]},{"@type":"ImageObject","inLanguage":"en-US","@id":"https:\/\/www.enerconind.com\/es\/tratando\/tratamiento-corona\/productos\/#primaryimage","url":"https:\/\/media.enerconind.com\/wp-content\/uploads\/sites\/6\/2023\/08\/02150142\/CoronaTreaterforBareRoll.jpg","contentUrl":"https:\/\/media.enerconind.com\/wp-content\/uploads\/sites\/6\/2023\/08\/02150142\/CoronaTreaterforBareRoll.jpg","width":495,"height":417},{"@type":"BreadcrumbList","@id":"https:\/\/www.enerconind.com\/es\/tratando\/tratamiento-corona\/productos\/#breadcrumb","itemListElement":[{"@type":"ListItem","position":1,"name":"Home","item":"https:\/\/www.enerconind.com\/es\/"},{"@type":"ListItem","position":2,"name":"Tratamiento De Superficies","item":"https:\/\/www.enerconind.com\/es\/tratando\/"},{"@type":"ListItem","position":3,"name":"Tratamiento Corona","item":"https:\/\/www.enerconind.com\/es\/tratando\/tratamiento-corona\/"},{"@type":"ListItem","position":4,"name":"Productos"}]},{"@type":"WebSite","@id":"https:\/\/www.enerconind.com\/es\/#website","url":"https:\/\/www.enerconind.com\/es\/","name":"Enercon Industries - Espanol","description":"","potentialAction":[{"@type":"SearchAction","target":{"@type":"EntryPoint","urlTemplate":"https:\/\/www.enerconind.com\/es\/?s={search_term_string}"},"query-input":{"@type":"PropertyValueSpecification","valueRequired":true,"valueName":"search_term_string"}}],"inLanguage":"en-US"}]}},"_links":{"self":[{"href":"https:\/\/www.enerconind.com\/es\/wp-json\/wp\/v2\/pages\/157","targetHints":{"allow":["GET"]}}],"collection":[{"href":"https:\/\/www.enerconind.com\/es\/wp-json\/wp\/v2\/pages"}],"about":[{"href":"https:\/\/www.enerconind.com\/es\/wp-json\/wp\/v2\/types\/page"}],"author":[{"embeddable":true,"href":"https:\/\/www.enerconind.com\/es\/wp-json\/wp\/v2\/users\/3"}],"replies":[{"embeddable":true,"href":"https:\/\/www.enerconind.com\/es\/wp-json\/wp\/v2\/comments?post=157"}],"version-history":[{"count":0,"href":"https:\/\/www.enerconind.com\/es\/wp-json\/wp\/v2\/pages\/157\/revisions"}],"up":[{"embeddable":true,"href":"https:\/\/www.enerconind.com\/es\/wp-json\/wp\/v2\/pages\/156"}],"wp:attachment":[{"href":"https:\/\/www.enerconind.com\/es\/wp-json\/wp\/v2\/media?parent=157"}],"curies":[{"name":"wp","href":"https:\/\/api.w.org\/{rel}","templated":true}]}}