{"id":1568,"date":"2023-10-23T15:54:34","date_gmt":"2023-10-23T15:54:34","guid":{"rendered":"https:\/\/www.enerconind.com\/es\/?page_id=1568"},"modified":"2024-08-21T14:44:55","modified_gmt":"2024-08-21T14:44:55","slug":"articulos-y-documentos-tecnicos","status":"publish","type":"page","link":"https:\/\/www.enerconind.com\/es\/sealing\/biblioteca-de-sellado\/articulos-y-documentos-tecnicos\/","title":{"rendered":"Art\u00edculos y Documentos T\u00e9cnicos"},"content":{"rendered":"\n\n\t\t<h1>\n\t\t\tArt\u00edculos y Documentos T\u00e9cnicos\n\t\t<\/h1>\n\t\t<h2>\n\t\t\tSELLADO DE TAPA\n\t\t\t\t\t\t\t\t\t\t\tArt\u00edculos y Documentos T\u00e9cnicos\n\t\t<\/h2>\n\t\n\t\t\t\t\t<a href=\"https:\/\/www.enerconind.com\/es\/library-resource\/lograr-un-sello-perfecto\/\" title=\"Lograr un Sello Perfecto (PDF)\"><\/a>\n\t\t\t\t<img loading=\"lazy\" decoding=\"async\" src=\"https:\/\/www.enerconind.com\/es\/wp-content\/uploads\/sites\/6\/bb-plugin\/cache\/lograr-un-sello-perfecto-panorama-93dc2a576a874d8100cdeb5a56d6802d-.jpg\" alt=\"lograr-un-sello-perfecto\" data-no-lazy=\"1\" height=\"603\" width=\"448\" title=\"lograr-un-sello-perfecto\" \/>\n\t\t\t\t\t\t\t\t\t<h3>\n\t\t\t\t\t\t\t\t\t\t\t\t\t\tLograr un Sello Perfecto (PDF)\t\t\t\t\t\t\t\t\t\t\t<\/h3>\n\t\n\t\t\t\t\t<a href=\"https:\/\/www.enerconind.com\/es\/library-resource\/informacion-grafica-sobre-el-sellado-por-induccion\/\" title=\"Informaci\u00f3n Gr\u00e1fica Sobre el Sellado por Inducci\u00f3n\"><\/a>\n\t\t\t\t<img decoding=\"async\" src=\"https:\/\/www.enerconind.com\/es\/wp-content\/uploads\/sites\/6\/bb-plugin\/cache\/induction-sealing-infographics-es-thumb-768x593-panorama-48180248b74789ac3b615bc796b1d26b-.jpg\" alt=\"induction-sealing-infographics-es-thumb\" data-no-lazy=\"1\" title=\"induction-sealing-infographics-es-thumb\" \/>\n\t\t\t\t\t\t\t\t\t<h3>\n\t\t\t\t\t\t\t\t\t\t\t\t\t\tInformaci\u00f3n Gr\u00e1fica Sobre el Sellado por Inducci\u00f3n\t\t\t\t\t\t\t\t\t\t\t<\/h3>\n\t\t<!-- .pp-content-posts -->\n\n","protected":false},"excerpt":{"rendered":"<p>Art\u00edculos y Documentos T\u00e9cnicos SELLADO DE TAPA Art\u00edculos y Documentos T\u00e9cnicos Lograr un Sello Perfecto (PDF) Informaci\u00f3n Gr\u00e1fica Sobre el Sellado por Inducci\u00f3n<\/p>\n","protected":false},"author":1,"featured_media":0,"parent":25,"menu_order":0,"comment_status":"closed","ping_status":"closed","template":"","meta":{"_acf_changed":false,"footnotes":""},"class_list":["post-1568","page","type-page","status-publish","hentry"],"acf":[],"yoast_head":"<!-- This site is optimized with the Yoast SEO plugin v27.2 - https:\/\/yoast.com\/product\/yoast-seo-wordpress\/ -->\n<title>Art\u00edculos y Documentos T\u00e9cnicos - Enercon Industries - Espanol<\/title>\n<meta name=\"description\" content=\"Obtenga informaci\u00f3n t\u00e9cnica de art\u00edculos que detallan c\u00f3mo configurar y operar su sellador de tapas por inducci\u00f3n para un rendimiento \u00f3ptimo.\" \/>\n<meta name=\"robots\" content=\"index, follow, max-snippet:-1, max-image-preview:large, max-video-preview:-1\" \/>\n<link rel=\"canonical\" href=\"https:\/\/www.enerconind.com\/es\/sealing\/biblioteca-de-sellado\/articulos-y-documentos-tecnicos\/\" \/>\n<meta property=\"og:locale\" content=\"en_US\" \/>\n<meta property=\"og:type\" content=\"article\" \/>\n<meta property=\"og:title\" content=\"Art\u00edculos y Documentos T\u00e9cnicos - Enercon Industries - Espanol\" \/>\n<meta property=\"og:description\" content=\"Obtenga informaci\u00f3n t\u00e9cnica de art\u00edculos que detallan c\u00f3mo configurar y operar su sellador de tapas por inducci\u00f3n para un rendimiento \u00f3ptimo.\" \/>\n<meta property=\"og:url\" content=\"https:\/\/www.enerconind.com\/es\/sealing\/biblioteca-de-sellado\/articulos-y-documentos-tecnicos\/\" \/>\n<meta property=\"og:site_name\" content=\"Enercon Industries - Espanol\" \/>\n<meta property=\"article:modified_time\" content=\"2024-08-21T14:44:55+00:00\" \/>\n<meta property=\"og:image\" content=\"https:\/\/www.enerconind.com\/es\/wp-content\/uploads\/sites\/6\/bb-plugin\/cache\/lograr-un-sello-perfecto-panorama-93dc2a576a874d8100cdeb5a56d6802d-.jpg\" \/>\n<meta name=\"twitter:card\" content=\"summary_large_image\" \/>\n<meta name=\"twitter:label1\" content=\"Est. reading time\" \/>\n\t<meta name=\"twitter:data1\" content=\"1 minute\" \/>\n<script type=\"application\/ld+json\" class=\"yoast-schema-graph\">{\"@context\":\"https:\/\/schema.org\",\"@graph\":[{\"@type\":\"WebPage\",\"@id\":\"https:\/\/www.enerconind.com\/es\/sealing\/biblioteca-de-sellado\/articulos-y-documentos-tecnicos\/\",\"url\":\"https:\/\/www.enerconind.com\/es\/sealing\/biblioteca-de-sellado\/articulos-y-documentos-tecnicos\/\",\"name\":\"Art\u00edculos y Documentos T\u00e9cnicos - Enercon Industries - Espanol\",\"isPartOf\":{\"@id\":\"https:\/\/www.enerconind.com\/es\/#website\"},\"primaryImageOfPage\":{\"@id\":\"https:\/\/www.enerconind.com\/es\/sealing\/biblioteca-de-sellado\/articulos-y-documentos-tecnicos\/#primaryimage\"},\"image\":{\"@id\":\"https:\/\/www.enerconind.com\/es\/sealing\/biblioteca-de-sellado\/articulos-y-documentos-tecnicos\/#primaryimage\"},\"thumbnailUrl\":\"https:\/\/www.enerconind.com\/es\/wp-content\/uploads\/sites\/6\/bb-plugin\/cache\/lograr-un-sello-perfecto-panorama-93dc2a576a874d8100cdeb5a56d6802d-.jpg\",\"datePublished\":\"2023-10-23T15:54:34+00:00\",\"dateModified\":\"2024-08-21T14:44:55+00:00\",\"description\":\"Obtenga informaci\u00f3n t\u00e9cnica de art\u00edculos que detallan c\u00f3mo configurar y operar su sellador de tapas por inducci\u00f3n para un rendimiento \u00f3ptimo.\",\"breadcrumb\":{\"@id\":\"https:\/\/www.enerconind.com\/es\/sealing\/biblioteca-de-sellado\/articulos-y-documentos-tecnicos\/#breadcrumb\"},\"inLanguage\":\"en-US\",\"potentialAction\":[{\"@type\":\"ReadAction\",\"target\":[\"https:\/\/www.enerconind.com\/es\/sealing\/biblioteca-de-sellado\/articulos-y-documentos-tecnicos\/\"]}]},{\"@type\":\"ImageObject\",\"inLanguage\":\"en-US\",\"@id\":\"https:\/\/www.enerconind.com\/es\/sealing\/biblioteca-de-sellado\/articulos-y-documentos-tecnicos\/#primaryimage\",\"url\":\"https:\/\/www.enerconind.com\/es\/wp-content\/uploads\/sites\/6\/bb-plugin\/cache\/lograr-un-sello-perfecto-panorama-93dc2a576a874d8100cdeb5a56d6802d-.jpg\",\"contentUrl\":\"https:\/\/www.enerconind.com\/es\/wp-content\/uploads\/sites\/6\/bb-plugin\/cache\/lograr-un-sello-perfecto-panorama-93dc2a576a874d8100cdeb5a56d6802d-.jpg\"},{\"@type\":\"BreadcrumbList\",\"@id\":\"https:\/\/www.enerconind.com\/es\/sealing\/biblioteca-de-sellado\/articulos-y-documentos-tecnicos\/#breadcrumb\",\"itemListElement\":[{\"@type\":\"ListItem\",\"position\":1,\"name\":\"Home\",\"item\":\"https:\/\/www.enerconind.com\/es\/\"},{\"@type\":\"ListItem\",\"position\":2,\"name\":\"Soluciones de sellado por inducci\u00f3n\",\"item\":\"https:\/\/www.enerconind.com\/es\/sealing\/\"},{\"@type\":\"ListItem\",\"position\":3,\"name\":\"Biblioteca de Sellado\",\"item\":\"https:\/\/www.enerconind.com\/es\/sealing\/biblioteca-de-sellado\/\"},{\"@type\":\"ListItem\",\"position\":4,\"name\":\"Art\u00edculos y Documentos T\u00e9cnicos\"}]},{\"@type\":\"WebSite\",\"@id\":\"https:\/\/www.enerconind.com\/es\/#website\",\"url\":\"https:\/\/www.enerconind.com\/es\/\",\"name\":\"Enercon Industries - Espanol\",\"description\":\"\",\"potentialAction\":[{\"@type\":\"SearchAction\",\"target\":{\"@type\":\"EntryPoint\",\"urlTemplate\":\"https:\/\/www.enerconind.com\/es\/?s={search_term_string}\"},\"query-input\":{\"@type\":\"PropertyValueSpecification\",\"valueRequired\":true,\"valueName\":\"search_term_string\"}}],\"inLanguage\":\"en-US\"}]}<\/script>\n<!-- \/ Yoast SEO plugin. -->","yoast_head_json":{"title":"Art\u00edculos y Documentos T\u00e9cnicos - Enercon Industries - Espanol","description":"Obtenga informaci\u00f3n t\u00e9cnica de art\u00edculos que detallan c\u00f3mo configurar y operar su sellador de tapas por inducci\u00f3n para un rendimiento \u00f3ptimo.","robots":{"index":"index","follow":"follow","max-snippet":"max-snippet:-1","max-image-preview":"max-image-preview:large","max-video-preview":"max-video-preview:-1"},"canonical":"https:\/\/www.enerconind.com\/es\/sealing\/biblioteca-de-sellado\/articulos-y-documentos-tecnicos\/","og_locale":"en_US","og_type":"article","og_title":"Art\u00edculos y Documentos T\u00e9cnicos - Enercon Industries - Espanol","og_description":"Obtenga informaci\u00f3n t\u00e9cnica de art\u00edculos que detallan c\u00f3mo configurar y operar su sellador de tapas por inducci\u00f3n para un rendimiento \u00f3ptimo.","og_url":"https:\/\/www.enerconind.com\/es\/sealing\/biblioteca-de-sellado\/articulos-y-documentos-tecnicos\/","og_site_name":"Enercon Industries - Espanol","article_modified_time":"2024-08-21T14:44:55+00:00","og_image":[{"url":"https:\/\/www.enerconind.com\/es\/wp-content\/uploads\/sites\/6\/bb-plugin\/cache\/lograr-un-sello-perfecto-panorama-93dc2a576a874d8100cdeb5a56d6802d-.jpg","type":"","width":"","height":""}],"twitter_card":"summary_large_image","twitter_misc":{"Est. reading time":"1 minute"},"schema":{"@context":"https:\/\/schema.org","@graph":[{"@type":"WebPage","@id":"https:\/\/www.enerconind.com\/es\/sealing\/biblioteca-de-sellado\/articulos-y-documentos-tecnicos\/","url":"https:\/\/www.enerconind.com\/es\/sealing\/biblioteca-de-sellado\/articulos-y-documentos-tecnicos\/","name":"Art\u00edculos y Documentos T\u00e9cnicos - Enercon Industries - Espanol","isPartOf":{"@id":"https:\/\/www.enerconind.com\/es\/#website"},"primaryImageOfPage":{"@id":"https:\/\/www.enerconind.com\/es\/sealing\/biblioteca-de-sellado\/articulos-y-documentos-tecnicos\/#primaryimage"},"image":{"@id":"https:\/\/www.enerconind.com\/es\/sealing\/biblioteca-de-sellado\/articulos-y-documentos-tecnicos\/#primaryimage"},"thumbnailUrl":"https:\/\/www.enerconind.com\/es\/wp-content\/uploads\/sites\/6\/bb-plugin\/cache\/lograr-un-sello-perfecto-panorama-93dc2a576a874d8100cdeb5a56d6802d-.jpg","datePublished":"2023-10-23T15:54:34+00:00","dateModified":"2024-08-21T14:44:55+00:00","description":"Obtenga informaci\u00f3n t\u00e9cnica de art\u00edculos que detallan c\u00f3mo configurar y operar su sellador de tapas por inducci\u00f3n para un rendimiento \u00f3ptimo.","breadcrumb":{"@id":"https:\/\/www.enerconind.com\/es\/sealing\/biblioteca-de-sellado\/articulos-y-documentos-tecnicos\/#breadcrumb"},"inLanguage":"en-US","potentialAction":[{"@type":"ReadAction","target":["https:\/\/www.enerconind.com\/es\/sealing\/biblioteca-de-sellado\/articulos-y-documentos-tecnicos\/"]}]},{"@type":"ImageObject","inLanguage":"en-US","@id":"https:\/\/www.enerconind.com\/es\/sealing\/biblioteca-de-sellado\/articulos-y-documentos-tecnicos\/#primaryimage","url":"https:\/\/www.enerconind.com\/es\/wp-content\/uploads\/sites\/6\/bb-plugin\/cache\/lograr-un-sello-perfecto-panorama-93dc2a576a874d8100cdeb5a56d6802d-.jpg","contentUrl":"https:\/\/www.enerconind.com\/es\/wp-content\/uploads\/sites\/6\/bb-plugin\/cache\/lograr-un-sello-perfecto-panorama-93dc2a576a874d8100cdeb5a56d6802d-.jpg"},{"@type":"BreadcrumbList","@id":"https:\/\/www.enerconind.com\/es\/sealing\/biblioteca-de-sellado\/articulos-y-documentos-tecnicos\/#breadcrumb","itemListElement":[{"@type":"ListItem","position":1,"name":"Home","item":"https:\/\/www.enerconind.com\/es\/"},{"@type":"ListItem","position":2,"name":"Soluciones de sellado por inducci\u00f3n","item":"https:\/\/www.enerconind.com\/es\/sealing\/"},{"@type":"ListItem","position":3,"name":"Biblioteca de Sellado","item":"https:\/\/www.enerconind.com\/es\/sealing\/biblioteca-de-sellado\/"},{"@type":"ListItem","position":4,"name":"Art\u00edculos y Documentos T\u00e9cnicos"}]},{"@type":"WebSite","@id":"https:\/\/www.enerconind.com\/es\/#website","url":"https:\/\/www.enerconind.com\/es\/","name":"Enercon Industries - Espanol","description":"","potentialAction":[{"@type":"SearchAction","target":{"@type":"EntryPoint","urlTemplate":"https:\/\/www.enerconind.com\/es\/?s={search_term_string}"},"query-input":{"@type":"PropertyValueSpecification","valueRequired":true,"valueName":"search_term_string"}}],"inLanguage":"en-US"}]}},"_links":{"self":[{"href":"https:\/\/www.enerconind.com\/es\/wp-json\/wp\/v2\/pages\/1568","targetHints":{"allow":["GET"]}}],"collection":[{"href":"https:\/\/www.enerconind.com\/es\/wp-json\/wp\/v2\/pages"}],"about":[{"href":"https:\/\/www.enerconind.com\/es\/wp-json\/wp\/v2\/types\/page"}],"author":[{"embeddable":true,"href":"https:\/\/www.enerconind.com\/es\/wp-json\/wp\/v2\/users\/1"}],"replies":[{"embeddable":true,"href":"https:\/\/www.enerconind.com\/es\/wp-json\/wp\/v2\/comments?post=1568"}],"version-history":[{"count":0,"href":"https:\/\/www.enerconind.com\/es\/wp-json\/wp\/v2\/pages\/1568\/revisions"}],"up":[{"embeddable":true,"href":"https:\/\/www.enerconind.com\/es\/wp-json\/wp\/v2\/pages\/25"}],"wp:attachment":[{"href":"https:\/\/www.enerconind.com\/es\/wp-json\/wp\/v2\/media?parent=1568"}],"curies":[{"name":"wp","href":"https:\/\/api.w.org\/{rel}","templated":true}]}}