{"id":156,"date":"2023-08-29T19:39:06","date_gmt":"2023-08-29T19:39:06","guid":{"rendered":"https:\/\/www.enerconind.com\/es\/?page_id=156"},"modified":"2024-08-21T14:48:00","modified_gmt":"2024-08-21T14:48:00","slug":"tratamiento-corona","status":"publish","type":"page","link":"https:\/\/www.enerconind.com\/es\/tratando\/tratamiento-corona\/","title":{"rendered":"Tratamiento Corona"},"content":{"rendered":"\n\n\t\t<h1>\n\t\t\tTratadores de superficies de corona, plasma y flama\n\t\t<\/h1>\n\t\t<h2>\n\t\t\tExperiencia en Tratamientos Corona en la Conversi\u00f3n y Extrusi\u00f3n de Pel\u00edcula\n\t\t<\/h2>\n\t\t\n\t\t\t<p>Los tratadores de corona, plasma y flama aumentan la energ\u00eda superficial de las pel\u00edculas, las l\u00e1minas y el papel para mejorar la permeabilidad y la adhesi\u00f3n de tintas, recubrimientos y adhesivos.Solicite a Enercon soluciones de tratamiento de superficie personalizadas a su proyecto para acceso a un mundo de experiencia. Nuestra experiencia de aplicaci\u00f3n surge de las miles de instalaciones que apoyamos alrededor del mundo. Nuestro electrodo de alta potencia &amp; nuestro rodillo con cubrimiento \u00fanico de cer\u00e1mica optimiza los niveles de tratamiento y minimiza problemas de aplicaci\u00f3n de impresi\u00f3n, recubrimiento, &amp; laminaci\u00f3n.Para l\u00edneas de film de soplado y extrusi\u00f3n puede seleccionar entre ancho fijo y electrodos de acero inoxidable segmentados para obtener un patr\u00f3n en su tratado.<\/p>\t\t\n\t\t<h2>\n\t\t\tLos invitamos a conocer Enercon. Nosotros los tratamos bien.\n\t\t\t\t\t\t\t\t\t\t\tTratadores Corona\n\t\t<\/h2>\n\t\t\t\t<img loading=\"lazy\" decoding=\"async\" src=\"https:\/\/media.enerconind.com\/wp-content\/uploads\/sites\/6\/2023\/10\/02145943\/st-printing-coating-laminating-thmb.jpg\" alt=\"st-printing-coating-laminating-thmb\" height=\"230\" width=\"320\" title=\"st-printing-coating-laminating-thmb\" \/>\n\t\t<h2>\n\t\t\t\t\t\t\t<a href=\"\/es\/tratando\/tratamiento-corona\/productos\/tratadores-corona-para-impresion-recubrimiento-y-laminacion\/\" target=\"_self\" rel=\"noopener\">\n\t\t\tTratadores Corona para Impresi\u00f3n, Recubrimiento y Laminaci\u00f3n\n\t\t\t\t\t\t\t<\/a>\n\t\t<\/h2>\n\t\t\t\t<img loading=\"lazy\" decoding=\"async\" src=\"https:\/\/media.enerconind.com\/wp-content\/uploads\/sites\/6\/2023\/10\/02145942\/film-extrusion-thmb.jpg\" alt=\"film-extrusion-thmb\" height=\"230\" width=\"320\" title=\"film-extrusion-thmb\" \/>\n\t\t<h2>\n\t\t\t\t\t\t\t<a href=\"\/es\/tratando\/tratamiento-corona\/productos\/tratadores-de-corona-para-extrusion-de-pelicula\/\" target=\"_self\" rel=\"noopener\">\n\t\t\tTratadores de corona para extrusi\u00f3n de pel\u00edcula\n\t\t\t\t\t\t\t<\/a>\n\t\t<\/h2>\n\t\t\t\t<img loading=\"lazy\" decoding=\"async\" src=\"https:\/\/media.enerconind.com\/wp-content\/uploads\/sites\/6\/2023\/10\/02145942\/narrow-web-thmb.jpg\" alt=\"narrow-web-thmb\" height=\"230\" width=\"320\" title=\"narrow-web-thmb\" \/>\n\t\t<h2>\n\t\t\t\t\t\t\t<a href=\"\/es\/tratando\/tratamiento-corona\/productos\/corona-flex\/\" target=\"_self\" rel=\"noopener\">\n\t\t\tTratador de Banda Angosta &#8211; CoronaFlex\u2122\n\t\t\t\t\t\t\t<\/a>\n\t\t<\/h2>\n\t\t\t\t<img loading=\"lazy\" decoding=\"async\" src=\"https:\/\/media.enerconind.com\/wp-content\/uploads\/sites\/6\/2023\/10\/02145942\/ultra-wide-thmb.jpg\" alt=\"ultra-wide-thmb\" height=\"230\" width=\"320\" title=\"ultra-wide-thmb\" \/>\n\t\t<h2>\n\t\t\t\t\t\t\t<a href=\"\/es\/tratando\/tratamiento-corona\/productos\/web-ultra-ancha\/\" target=\"_self\" rel=\"noopener\">\n\t\t\tTratadores Corona para Web Ultra Ancha\n\t\t\t\t\t\t\t<\/a>\n\t\t<\/h2>\n\t\t\t\t<img loading=\"lazy\" decoding=\"async\" src=\"https:\/\/media.enerconind.com\/wp-content\/uploads\/sites\/6\/2023\/10\/02145956\/compak-pro-series-lineup.png\" alt=\"compak-pro-series-lineup\" height=\"781\" width=\"800\" title=\"compak-pro-series-lineup\" \/>\n\t\t<h2>\n\t\t\t\t\t\t\t<a href=\"\/es\/tratando\/tratamiento-corona\/productos\/generadores-de-potencia\/\" target=\"_self\" rel=\"noopener\">\n\t\t\tGenerador de Potencia Compak\n\t\t\t\t\t\t\t<\/a>\n\t\t<\/h2>\n\t\t\t\t<img loading=\"lazy\" decoding=\"async\" src=\"https:\/\/media.enerconind.com\/wp-content\/uploads\/sites\/6\/2023\/10\/02145941\/plasma4-thmb.jpg\" alt=\"plasma4-thmb\" height=\"230\" width=\"320\" title=\"plasma4-thmb\" \/>\n\t\t<h2>\n\t\t\t\t\t\t\t<a href=\"\/es\/tratando\/tratamiento-plasma-web\/\" target=\"_self\" rel=\"noopener\">\n\t\t\tTratadores de Superficies de Plasma Atmosf\u00e9rico\n\t\t\t\t\t\t\t<\/a>\n\t\t<\/h2>\n\t\t\t\t<img loading=\"lazy\" decoding=\"async\" src=\"https:\/\/media.enerconind.com\/wp-content\/uploads\/sites\/6\/2023\/10\/02145941\/flame-plasma-web-thmb.jpg\" alt=\"flame-plasma-web-thmb\" height=\"230\" width=\"320\" title=\"flame-plasma-web-thmb\" \/>\n\t\t<h2>\n\t\t\t\t\t\t\t<a href=\"\/es\/tratando\/tratamiento-flama\/flama-plasma-para-bandas\/\" target=\"_self\" rel=\"noopener\">\n\t\t\tFlama Plasma para Bandas\n\t\t\t\t\t\t\t<\/a>\n\t\t<\/h2>\n\t\t\t\t<img loading=\"lazy\" decoding=\"async\" src=\"https:\/\/media.enerconind.com\/wp-content\/uploads\/sites\/6\/2023\/10\/02145941\/sheet-treater-thmb.jpg\" alt=\"sheet-treater-thmb\" height=\"230\" width=\"320\" title=\"sheet-treater-thmb\" \/>\n\t\t<h2>\n\t\t\t\t\t\t\t<a href=\"\/web-treating\/corona-treaters\/sheet-treaters\/\" target=\"_self\" rel=\"noopener\">\n\t\t\tSheet Treater (Ingl\u00e9s)\n\t\t\t\t\t\t\t<\/a>\n\t\t<\/h2>\n\t\t\t\t<a href=\"\/es\/tratando\/tratamiento-corona\/productos\/generador-de-ozono\/\" target=\"_self\" rel=\"noopener\">\n\t\t\t\t<img loading=\"lazy\" decoding=\"async\" src=\"https:\/\/media.enerconind.com\/wp-content\/uploads\/sites\/6\/2023\/10\/02145940\/ozone-generator-thmb.jpg\" alt=\"ozone-generator-thmb\" height=\"230\" width=\"320\" title=\"ozone-generator-thmb\" \/>\n\t\t\t\t<\/a>\n\t\t<h2>\n\t\t\t\t\t\t\t<a href=\"\/es\/tratando\/tratamiento-corona\/productos\/generador-de-ozono\/\" target=\"_self\" rel=\"noopener\">\n\t\t\tGeneradores de Ozono\n\t\t\t\t\t\t\t<\/a>\n\t\t<\/h2>\n\t\t\t\t<img loading=\"lazy\" decoding=\"async\" src=\"https:\/\/media.enerconind.com\/wp-content\/uploads\/sites\/6\/2023\/10\/02145940\/ozone-decomposer-thmb.jpg\" alt=\"ozone-decomposer-thmb\" height=\"230\" width=\"320\" title=\"ozone-decomposer-thmb\" \/>\n\t\t<h2>\n\t\t\t\t\t\t\t<a href=\"\/es\/tratando\/tratamiento-corona\/productos\/destructor-de-ozono\/\" target=\"_self\" rel=\"noopener\">\n\t\t\tDestructor &amp; Eliminador de Ozono\n\t\t\t\t\t\t\t<\/a>\n\t\t<\/h2>\n\t\t\t\t<img loading=\"lazy\" decoding=\"async\" src=\"https:\/\/media.enerconind.com\/wp-content\/uploads\/sites\/6\/2023\/10\/02145939\/dyne-pens-product-image-1.png\" alt=\"dyne-pens-product-image\" height=\"678\" width=\"800\" title=\"dyne-pens-product-image\" \/>\n\t\t<h2>\n\t\t\t\t\t\t\t<a href=\"\/es\/tratando\/tratamiento-corona\/productos\/marcadores-de-dinas\/\" target=\"_self\" rel=\"noopener\">\n\t\t\tMarcadores Dyne EnerDyne\n\t\t\t\t\t\t\t<\/a>\n\t\t<\/h2>\n\n","protected":false},"excerpt":{"rendered":"<p>Tratadores de superficies de corona, plasma y flama Experiencia en Tratamientos Corona en la Conversi\u00f3n y Extrusi\u00f3n de Pel\u00edcula Los tratadores de corona, plasma y flama aumentan la energ\u00eda superficial de las pel\u00edculas, las l\u00e1minas y el papel para mejorar la permeabilidad y la adhesi\u00f3n de tintas, recubrimientos y adhesivos.Solicite a Enercon soluciones de tratamiento&hellip;<\/p>\n","protected":false},"author":3,"featured_media":0,"parent":19,"menu_order":0,"comment_status":"closed","ping_status":"closed","template":"","meta":{"_acf_changed":false,"footnotes":""},"class_list":["post-156","page","type-page","status-publish","hentry"],"acf":[],"yoast_head":"<!-- This site is optimized with the Yoast SEO plugin v27.2 - https:\/\/yoast.com\/product\/yoast-seo-wordpress\/ -->\n<title>Tratamiento Corona - Enercon Industries - Espanol<\/title>\n<meta name=\"description\" content=\"Obtenga informaci\u00f3n sobre tecnolog\u00edas de tratamiento de corona y dise\u00f1os de equipos de tratamiento de corona para aplicaciones de conversi\u00f3n y extrusi\u00f3n de pel\u00edculas.\" \/>\n<meta name=\"robots\" content=\"index, follow, max-snippet:-1, max-image-preview:large, max-video-preview:-1\" \/>\n<link rel=\"canonical\" href=\"https:\/\/www.enerconind.com\/es\/tratando\/tratamiento-corona\/\" \/>\n<meta property=\"og:locale\" content=\"en_US\" \/>\n<meta property=\"og:type\" content=\"article\" \/>\n<meta property=\"og:title\" content=\"Tratamiento Corona - Enercon Industries - Espanol\" \/>\n<meta property=\"og:description\" content=\"Obtenga informaci\u00f3n sobre tecnolog\u00edas de tratamiento de corona y dise\u00f1os de equipos de tratamiento de corona para aplicaciones de conversi\u00f3n y extrusi\u00f3n de pel\u00edculas.\" \/>\n<meta property=\"og:url\" content=\"https:\/\/www.enerconind.com\/es\/tratando\/tratamiento-corona\/\" \/>\n<meta property=\"og:site_name\" content=\"Enercon Industries - Espanol\" \/>\n<meta property=\"article:modified_time\" content=\"2024-08-21T14:48:00+00:00\" \/>\n<meta property=\"og:image\" content=\"https:\/\/www.enerconind.com\/es\/wp-content\/uploads\/sites\/6\/2023\/10\/st-printing-coating-laminating-thmb.jpg\" \/>\n<meta name=\"twitter:card\" content=\"summary_large_image\" \/>\n<meta name=\"twitter:label1\" content=\"Est. reading time\" \/>\n\t<meta name=\"twitter:data1\" content=\"4 minutes\" \/>\n<script type=\"application\/ld+json\" class=\"yoast-schema-graph\">{\"@context\":\"https:\/\/schema.org\",\"@graph\":[{\"@type\":\"WebPage\",\"@id\":\"https:\/\/www.enerconind.com\/es\/tratando\/tratamiento-corona\/\",\"url\":\"https:\/\/www.enerconind.com\/es\/tratando\/tratamiento-corona\/\",\"name\":\"Tratamiento Corona - Enercon Industries - Espanol\",\"isPartOf\":{\"@id\":\"https:\/\/www.enerconind.com\/es\/#website\"},\"primaryImageOfPage\":{\"@id\":\"https:\/\/www.enerconind.com\/es\/tratando\/tratamiento-corona\/#primaryimage\"},\"image\":{\"@id\":\"https:\/\/www.enerconind.com\/es\/tratando\/tratamiento-corona\/#primaryimage\"},\"thumbnailUrl\":\"https:\/\/www.enerconind.com\/es\/wp-content\/uploads\/sites\/6\/2023\/10\/st-printing-coating-laminating-thmb.jpg\",\"datePublished\":\"2023-08-29T19:39:06+00:00\",\"dateModified\":\"2024-08-21T14:48:00+00:00\",\"description\":\"Obtenga informaci\u00f3n sobre tecnolog\u00edas de tratamiento de corona y dise\u00f1os de equipos de tratamiento de corona para aplicaciones de conversi\u00f3n y extrusi\u00f3n de pel\u00edculas.\",\"breadcrumb\":{\"@id\":\"https:\/\/www.enerconind.com\/es\/tratando\/tratamiento-corona\/#breadcrumb\"},\"inLanguage\":\"en-US\",\"potentialAction\":[{\"@type\":\"ReadAction\",\"target\":[\"https:\/\/www.enerconind.com\/es\/tratando\/tratamiento-corona\/\"]}]},{\"@type\":\"ImageObject\",\"inLanguage\":\"en-US\",\"@id\":\"https:\/\/www.enerconind.com\/es\/tratando\/tratamiento-corona\/#primaryimage\",\"url\":\"https:\/\/media.enerconind.com\/wp-content\/uploads\/sites\/6\/2023\/10\/02145943\/st-printing-coating-laminating-thmb.jpg\",\"contentUrl\":\"https:\/\/media.enerconind.com\/wp-content\/uploads\/sites\/6\/2023\/10\/02145943\/st-printing-coating-laminating-thmb.jpg\",\"width\":320,\"height\":230},{\"@type\":\"BreadcrumbList\",\"@id\":\"https:\/\/www.enerconind.com\/es\/tratando\/tratamiento-corona\/#breadcrumb\",\"itemListElement\":[{\"@type\":\"ListItem\",\"position\":1,\"name\":\"Home\",\"item\":\"https:\/\/www.enerconind.com\/es\/\"},{\"@type\":\"ListItem\",\"position\":2,\"name\":\"Tratamiento De Superficies\",\"item\":\"https:\/\/www.enerconind.com\/es\/tratando\/\"},{\"@type\":\"ListItem\",\"position\":3,\"name\":\"Tratamiento Corona\"}]},{\"@type\":\"WebSite\",\"@id\":\"https:\/\/www.enerconind.com\/es\/#website\",\"url\":\"https:\/\/www.enerconind.com\/es\/\",\"name\":\"Enercon Industries - Espanol\",\"description\":\"\",\"potentialAction\":[{\"@type\":\"SearchAction\",\"target\":{\"@type\":\"EntryPoint\",\"urlTemplate\":\"https:\/\/www.enerconind.com\/es\/?s={search_term_string}\"},\"query-input\":{\"@type\":\"PropertyValueSpecification\",\"valueRequired\":true,\"valueName\":\"search_term_string\"}}],\"inLanguage\":\"en-US\"}]}<\/script>\n<!-- \/ Yoast SEO plugin. -->","yoast_head_json":{"title":"Tratamiento Corona - Enercon Industries - Espanol","description":"Obtenga informaci\u00f3n sobre tecnolog\u00edas de tratamiento de corona y dise\u00f1os de equipos de tratamiento de corona para aplicaciones de conversi\u00f3n y extrusi\u00f3n de pel\u00edculas.","robots":{"index":"index","follow":"follow","max-snippet":"max-snippet:-1","max-image-preview":"max-image-preview:large","max-video-preview":"max-video-preview:-1"},"canonical":"https:\/\/www.enerconind.com\/es\/tratando\/tratamiento-corona\/","og_locale":"en_US","og_type":"article","og_title":"Tratamiento Corona - Enercon Industries - Espanol","og_description":"Obtenga informaci\u00f3n sobre tecnolog\u00edas de tratamiento de corona y dise\u00f1os de equipos de tratamiento de corona para aplicaciones de conversi\u00f3n y extrusi\u00f3n de pel\u00edculas.","og_url":"https:\/\/www.enerconind.com\/es\/tratando\/tratamiento-corona\/","og_site_name":"Enercon Industries - Espanol","article_modified_time":"2024-08-21T14:48:00+00:00","og_image":[{"url":"https:\/\/www.enerconind.com\/es\/wp-content\/uploads\/sites\/6\/2023\/10\/st-printing-coating-laminating-thmb.jpg","type":"","width":"","height":""}],"twitter_card":"summary_large_image","twitter_misc":{"Est. reading time":"4 minutes"},"schema":{"@context":"https:\/\/schema.org","@graph":[{"@type":"WebPage","@id":"https:\/\/www.enerconind.com\/es\/tratando\/tratamiento-corona\/","url":"https:\/\/www.enerconind.com\/es\/tratando\/tratamiento-corona\/","name":"Tratamiento Corona - Enercon Industries - Espanol","isPartOf":{"@id":"https:\/\/www.enerconind.com\/es\/#website"},"primaryImageOfPage":{"@id":"https:\/\/www.enerconind.com\/es\/tratando\/tratamiento-corona\/#primaryimage"},"image":{"@id":"https:\/\/www.enerconind.com\/es\/tratando\/tratamiento-corona\/#primaryimage"},"thumbnailUrl":"https:\/\/www.enerconind.com\/es\/wp-content\/uploads\/sites\/6\/2023\/10\/st-printing-coating-laminating-thmb.jpg","datePublished":"2023-08-29T19:39:06+00:00","dateModified":"2024-08-21T14:48:00+00:00","description":"Obtenga informaci\u00f3n sobre tecnolog\u00edas de tratamiento de corona y dise\u00f1os de equipos de tratamiento de corona para aplicaciones de conversi\u00f3n y extrusi\u00f3n de pel\u00edculas.","breadcrumb":{"@id":"https:\/\/www.enerconind.com\/es\/tratando\/tratamiento-corona\/#breadcrumb"},"inLanguage":"en-US","potentialAction":[{"@type":"ReadAction","target":["https:\/\/www.enerconind.com\/es\/tratando\/tratamiento-corona\/"]}]},{"@type":"ImageObject","inLanguage":"en-US","@id":"https:\/\/www.enerconind.com\/es\/tratando\/tratamiento-corona\/#primaryimage","url":"https:\/\/media.enerconind.com\/wp-content\/uploads\/sites\/6\/2023\/10\/02145943\/st-printing-coating-laminating-thmb.jpg","contentUrl":"https:\/\/media.enerconind.com\/wp-content\/uploads\/sites\/6\/2023\/10\/02145943\/st-printing-coating-laminating-thmb.jpg","width":320,"height":230},{"@type":"BreadcrumbList","@id":"https:\/\/www.enerconind.com\/es\/tratando\/tratamiento-corona\/#breadcrumb","itemListElement":[{"@type":"ListItem","position":1,"name":"Home","item":"https:\/\/www.enerconind.com\/es\/"},{"@type":"ListItem","position":2,"name":"Tratamiento De Superficies","item":"https:\/\/www.enerconind.com\/es\/tratando\/"},{"@type":"ListItem","position":3,"name":"Tratamiento Corona"}]},{"@type":"WebSite","@id":"https:\/\/www.enerconind.com\/es\/#website","url":"https:\/\/www.enerconind.com\/es\/","name":"Enercon Industries - Espanol","description":"","potentialAction":[{"@type":"SearchAction","target":{"@type":"EntryPoint","urlTemplate":"https:\/\/www.enerconind.com\/es\/?s={search_term_string}"},"query-input":{"@type":"PropertyValueSpecification","valueRequired":true,"valueName":"search_term_string"}}],"inLanguage":"en-US"}]}},"_links":{"self":[{"href":"https:\/\/www.enerconind.com\/es\/wp-json\/wp\/v2\/pages\/156","targetHints":{"allow":["GET"]}}],"collection":[{"href":"https:\/\/www.enerconind.com\/es\/wp-json\/wp\/v2\/pages"}],"about":[{"href":"https:\/\/www.enerconind.com\/es\/wp-json\/wp\/v2\/types\/page"}],"author":[{"embeddable":true,"href":"https:\/\/www.enerconind.com\/es\/wp-json\/wp\/v2\/users\/3"}],"replies":[{"embeddable":true,"href":"https:\/\/www.enerconind.com\/es\/wp-json\/wp\/v2\/comments?post=156"}],"version-history":[{"count":0,"href":"https:\/\/www.enerconind.com\/es\/wp-json\/wp\/v2\/pages\/156\/revisions"}],"up":[{"embeddable":true,"href":"https:\/\/www.enerconind.com\/es\/wp-json\/wp\/v2\/pages\/19"}],"wp:attachment":[{"href":"https:\/\/www.enerconind.com\/es\/wp-json\/wp\/v2\/media?parent=156"}],"curies":[{"name":"wp","href":"https:\/\/api.w.org\/{rel}","templated":true}]}}