{"id":153,"date":"2023-08-29T19:24:13","date_gmt":"2023-08-29T19:24:13","guid":{"rendered":"https:\/\/www.enerconind.com\/es\/?page_id=153"},"modified":"2024-08-21T14:39:43","modified_gmt":"2024-08-21T14:39:43","slug":"cabezales-de-sellado","status":"publish","type":"page","link":"https:\/\/www.enerconind.com\/es\/sealing\/productos\/cabezales-de-sellado\/","title":{"rendered":"Cabezales de Sellado"},"content":{"rendered":"\n\n\t\t<h1>\n\t\t\tCabezales de Sellado\n\t\t<\/h1>\n\t\t\t<p>La garant\u00eda que su producto sea sellado exitosa y consistentemente depende de la combinaci\u00f3n apropiada de la fuente de potencia y el cabezal de sellado. La selecci\u00f3n de la fuente de potencia y el cabezal de sellado que ser\u00e1n m\u00e1s efectivos depende del di\u00e1metro de la tapa, el estilo de la tapa y la velocidad de la l\u00ednea.<\/p>\n<p>Aunque la fuente de potencia juega un papel integral en la selladora de tapas por inducci\u00f3n, la eficiencia de la misma realmente depende del dise\u00f1o de los cabezales. El verdadero secreto en crear el sellado eficiente y consistente es la transferencia de energ\u00eda desde la fuente de potencia hacia el liner en la tapa a trav\u00e9s de los cabezales de sellado. Si no tiene cabezales de dise\u00f1o \u00f3ptimo, puede estar desperdiciando energ\u00eda.<\/p>\n<p>La selecci\u00f3n del cabezal apropiado para su aplicaci\u00f3n depende del tama\u00f1o y estilo de la tapa. Los ingenieros de Enercon han dise\u00f1ado m\u00e1s de una docena de cabezales de sellado para optimizar el sellado de toda configuraci\u00f3n de tapas y envases.<\/p>\n\t\t<h2>\n\t\t\tCabezal de sellado todo-en-uno (universal)\n\t\t<\/h2>\n\t\t\t<p>Enercon ofrece un cabezal de sellado todo-en-uno el cual provee mayor flexibilidad para empresas que envasan con un rango de di\u00e1metros de tapas.<\/p>\t\t\n\t\t<h2>\n\t\t\tCabezal de Sellado Plano\n\t\t<\/h2>\n\t\t\t<p>Como regla general, tapas planas con di\u00e1metros mayores de 53mm donde el liner (foil, sello) est\u00e1 cerca de la cima de la tapa, se sellan t\u00edpicamente usando un cabezal plano.<\/p>\t\t\n\t\t<h2>\n\t\t\tCabezal de Sellado tipo T\u00fanel\n\t\t<\/h2>\n\t\t\t<p>El cabezal de sellado tipo t\u00fanel fue creado para sellar tapas de menor di\u00e1metro m\u00e1s eficientemente. El dise\u00f1o permite una entrega m\u00e1s directa de energ\u00eda al sello mismo. Tambi\u00e9n son utilizados para tapas deportivas, dispensadoras, y otras tapas especiales.Cuando empieza a envasar un producto nuevo, y hay que sellarlo con una selladora por inducci\u00f3n existente, le recomendamos consultar con Enercon para determinar la capacidad y configuraci\u00f3n espec\u00edficas de su sistema. No importa el tipo de tapa, Enercon puede crear un cabezal de sellado espec\u00edfico para su aplicaci\u00f3n.Los sistemas de Enercon est\u00e1n dise\u00f1ados a operar en un ambiente m\u00e1ximo de temperatura de 40\u00b0C (104\u00b0F) @ 80% de humedad relativa, sin condensaci\u00f3n.<\/p>\t\t\n\t\t\t\t<img loading=\"lazy\" decoding=\"async\" src=\"https:\/\/media.enerconind.com\/wp-content\/uploads\/sites\/6\/2023\/10\/02150011\/enercon-sealing-heads-1024x576.jpg\" alt=\"enercon-sealing-heads\" height=\"576\" width=\"1024\" title=\"enercon-sealing-heads\" \/>\n\n","protected":false},"excerpt":{"rendered":"<p>Cabezales de Sellado La garant\u00eda que su producto sea sellado exitosa y consistentemente depende de la combinaci\u00f3n apropiada de la fuente de potencia y el cabezal de sellado. La selecci\u00f3n de la fuente de potencia y el cabezal de sellado que ser\u00e1n m\u00e1s efectivos depende del di\u00e1metro de la tapa, el estilo de la tapa&hellip;<\/p>\n","protected":false},"author":3,"featured_media":0,"parent":112,"menu_order":0,"comment_status":"closed","ping_status":"closed","template":"","meta":{"_acf_changed":false,"footnotes":""},"class_list":["post-153","page","type-page","status-publish","hentry"],"acf":[],"yoast_head":"<!-- This site is optimized with the Yoast SEO plugin v27.2 - https:\/\/yoast.com\/product\/yoast-seo-wordpress\/ -->\n<title>Cabezales de Sellado - Enercon Industries - Espanol<\/title>\n<meta name=\"description\" content=\"Descubra qu\u00e9 cabezal de sellado de tapas por inducci\u00f3n es mejor para su aplicaci\u00f3n. La m\u00e1s amplia gama de cabezales de sellado de alta eficiencia para todas las velocidades de l\u00ednea y tipos de contenedores.\" \/>\n<meta name=\"robots\" content=\"index, follow, max-snippet:-1, max-image-preview:large, max-video-preview:-1\" \/>\n<link rel=\"canonical\" href=\"https:\/\/www.enerconind.com\/es\/sealing\/productos\/cabezales-de-sellado\/\" \/>\n<meta property=\"og:locale\" content=\"en_US\" \/>\n<meta property=\"og:type\" content=\"article\" \/>\n<meta property=\"og:title\" content=\"Cabezales de Sellado - Enercon Industries - Espanol\" \/>\n<meta property=\"og:description\" content=\"Descubra qu\u00e9 cabezal de sellado de tapas por inducci\u00f3n es mejor para su aplicaci\u00f3n. La m\u00e1s amplia gama de cabezales de sellado de alta eficiencia para todas las velocidades de l\u00ednea y tipos de contenedores.\" \/>\n<meta property=\"og:url\" content=\"https:\/\/www.enerconind.com\/es\/sealing\/productos\/cabezales-de-sellado\/\" \/>\n<meta property=\"og:site_name\" content=\"Enercon Industries - Espanol\" \/>\n<meta property=\"article:modified_time\" content=\"2024-08-21T14:39:43+00:00\" \/>\n<meta property=\"og:image\" content=\"https:\/\/www.enerconind.com\/es\/wp-content\/uploads\/sites\/6\/2023\/10\/enercon-sealing-heads-1024x576.jpg\" \/>\n<meta name=\"twitter:card\" content=\"summary_large_image\" \/>\n<meta name=\"twitter:label1\" content=\"Est. reading time\" \/>\n\t<meta name=\"twitter:data1\" content=\"2 minutes\" \/>\n<script type=\"application\/ld+json\" class=\"yoast-schema-graph\">{\"@context\":\"https:\/\/schema.org\",\"@graph\":[{\"@type\":\"WebPage\",\"@id\":\"https:\/\/www.enerconind.com\/es\/sealing\/productos\/cabezales-de-sellado\/\",\"url\":\"https:\/\/www.enerconind.com\/es\/sealing\/productos\/cabezales-de-sellado\/\",\"name\":\"Cabezales de Sellado - Enercon Industries - Espanol\",\"isPartOf\":{\"@id\":\"https:\/\/www.enerconind.com\/es\/#website\"},\"primaryImageOfPage\":{\"@id\":\"https:\/\/www.enerconind.com\/es\/sealing\/productos\/cabezales-de-sellado\/#primaryimage\"},\"image\":{\"@id\":\"https:\/\/www.enerconind.com\/es\/sealing\/productos\/cabezales-de-sellado\/#primaryimage\"},\"thumbnailUrl\":\"https:\/\/www.enerconind.com\/es\/wp-content\/uploads\/sites\/6\/2023\/10\/enercon-sealing-heads-1024x576.jpg\",\"datePublished\":\"2023-08-29T19:24:13+00:00\",\"dateModified\":\"2024-08-21T14:39:43+00:00\",\"description\":\"Descubra qu\u00e9 cabezal de sellado de tapas por inducci\u00f3n es mejor para su aplicaci\u00f3n. La m\u00e1s amplia gama de cabezales de sellado de alta eficiencia para todas las velocidades de l\u00ednea y tipos de contenedores.\",\"breadcrumb\":{\"@id\":\"https:\/\/www.enerconind.com\/es\/sealing\/productos\/cabezales-de-sellado\/#breadcrumb\"},\"inLanguage\":\"en-US\",\"potentialAction\":[{\"@type\":\"ReadAction\",\"target\":[\"https:\/\/www.enerconind.com\/es\/sealing\/productos\/cabezales-de-sellado\/\"]}]},{\"@type\":\"ImageObject\",\"inLanguage\":\"en-US\",\"@id\":\"https:\/\/www.enerconind.com\/es\/sealing\/productos\/cabezales-de-sellado\/#primaryimage\",\"url\":\"https:\/\/media.enerconind.com\/wp-content\/uploads\/sites\/6\/2023\/10\/02150011\/enercon-sealing-heads.jpg\",\"contentUrl\":\"https:\/\/media.enerconind.com\/wp-content\/uploads\/sites\/6\/2023\/10\/02150011\/enercon-sealing-heads.jpg\",\"width\":1280,\"height\":720},{\"@type\":\"BreadcrumbList\",\"@id\":\"https:\/\/www.enerconind.com\/es\/sealing\/productos\/cabezales-de-sellado\/#breadcrumb\",\"itemListElement\":[{\"@type\":\"ListItem\",\"position\":1,\"name\":\"Home\",\"item\":\"https:\/\/www.enerconind.com\/es\/\"},{\"@type\":\"ListItem\",\"position\":2,\"name\":\"Soluciones de sellado por inducci\u00f3n\",\"item\":\"https:\/\/www.enerconind.com\/es\/sealing\/\"},{\"@type\":\"ListItem\",\"position\":3,\"name\":\"Productos\",\"item\":\"https:\/\/www.enerconind.com\/es\/sealing\/productos\/\"},{\"@type\":\"ListItem\",\"position\":4,\"name\":\"Cabezales de Sellado\"}]},{\"@type\":\"WebSite\",\"@id\":\"https:\/\/www.enerconind.com\/es\/#website\",\"url\":\"https:\/\/www.enerconind.com\/es\/\",\"name\":\"Enercon Industries - Espanol\",\"description\":\"\",\"potentialAction\":[{\"@type\":\"SearchAction\",\"target\":{\"@type\":\"EntryPoint\",\"urlTemplate\":\"https:\/\/www.enerconind.com\/es\/?s={search_term_string}\"},\"query-input\":{\"@type\":\"PropertyValueSpecification\",\"valueRequired\":true,\"valueName\":\"search_term_string\"}}],\"inLanguage\":\"en-US\"}]}<\/script>\n<!-- \/ Yoast SEO plugin. -->","yoast_head_json":{"title":"Cabezales de Sellado - Enercon Industries - Espanol","description":"Descubra qu\u00e9 cabezal de sellado de tapas por inducci\u00f3n es mejor para su aplicaci\u00f3n. La m\u00e1s amplia gama de cabezales de sellado de alta eficiencia para todas las velocidades de l\u00ednea y tipos de contenedores.","robots":{"index":"index","follow":"follow","max-snippet":"max-snippet:-1","max-image-preview":"max-image-preview:large","max-video-preview":"max-video-preview:-1"},"canonical":"https:\/\/www.enerconind.com\/es\/sealing\/productos\/cabezales-de-sellado\/","og_locale":"en_US","og_type":"article","og_title":"Cabezales de Sellado - Enercon Industries - Espanol","og_description":"Descubra qu\u00e9 cabezal de sellado de tapas por inducci\u00f3n es mejor para su aplicaci\u00f3n. La m\u00e1s amplia gama de cabezales de sellado de alta eficiencia para todas las velocidades de l\u00ednea y tipos de contenedores.","og_url":"https:\/\/www.enerconind.com\/es\/sealing\/productos\/cabezales-de-sellado\/","og_site_name":"Enercon Industries - Espanol","article_modified_time":"2024-08-21T14:39:43+00:00","og_image":[{"url":"https:\/\/www.enerconind.com\/es\/wp-content\/uploads\/sites\/6\/2023\/10\/enercon-sealing-heads-1024x576.jpg","type":"","width":"","height":""}],"twitter_card":"summary_large_image","twitter_misc":{"Est. reading time":"2 minutes"},"schema":{"@context":"https:\/\/schema.org","@graph":[{"@type":"WebPage","@id":"https:\/\/www.enerconind.com\/es\/sealing\/productos\/cabezales-de-sellado\/","url":"https:\/\/www.enerconind.com\/es\/sealing\/productos\/cabezales-de-sellado\/","name":"Cabezales de Sellado - Enercon Industries - Espanol","isPartOf":{"@id":"https:\/\/www.enerconind.com\/es\/#website"},"primaryImageOfPage":{"@id":"https:\/\/www.enerconind.com\/es\/sealing\/productos\/cabezales-de-sellado\/#primaryimage"},"image":{"@id":"https:\/\/www.enerconind.com\/es\/sealing\/productos\/cabezales-de-sellado\/#primaryimage"},"thumbnailUrl":"https:\/\/www.enerconind.com\/es\/wp-content\/uploads\/sites\/6\/2023\/10\/enercon-sealing-heads-1024x576.jpg","datePublished":"2023-08-29T19:24:13+00:00","dateModified":"2024-08-21T14:39:43+00:00","description":"Descubra qu\u00e9 cabezal de sellado de tapas por inducci\u00f3n es mejor para su aplicaci\u00f3n. La m\u00e1s amplia gama de cabezales de sellado de alta eficiencia para todas las velocidades de l\u00ednea y tipos de contenedores.","breadcrumb":{"@id":"https:\/\/www.enerconind.com\/es\/sealing\/productos\/cabezales-de-sellado\/#breadcrumb"},"inLanguage":"en-US","potentialAction":[{"@type":"ReadAction","target":["https:\/\/www.enerconind.com\/es\/sealing\/productos\/cabezales-de-sellado\/"]}]},{"@type":"ImageObject","inLanguage":"en-US","@id":"https:\/\/www.enerconind.com\/es\/sealing\/productos\/cabezales-de-sellado\/#primaryimage","url":"https:\/\/media.enerconind.com\/wp-content\/uploads\/sites\/6\/2023\/10\/02150011\/enercon-sealing-heads.jpg","contentUrl":"https:\/\/media.enerconind.com\/wp-content\/uploads\/sites\/6\/2023\/10\/02150011\/enercon-sealing-heads.jpg","width":1280,"height":720},{"@type":"BreadcrumbList","@id":"https:\/\/www.enerconind.com\/es\/sealing\/productos\/cabezales-de-sellado\/#breadcrumb","itemListElement":[{"@type":"ListItem","position":1,"name":"Home","item":"https:\/\/www.enerconind.com\/es\/"},{"@type":"ListItem","position":2,"name":"Soluciones de sellado por inducci\u00f3n","item":"https:\/\/www.enerconind.com\/es\/sealing\/"},{"@type":"ListItem","position":3,"name":"Productos","item":"https:\/\/www.enerconind.com\/es\/sealing\/productos\/"},{"@type":"ListItem","position":4,"name":"Cabezales de Sellado"}]},{"@type":"WebSite","@id":"https:\/\/www.enerconind.com\/es\/#website","url":"https:\/\/www.enerconind.com\/es\/","name":"Enercon Industries - Espanol","description":"","potentialAction":[{"@type":"SearchAction","target":{"@type":"EntryPoint","urlTemplate":"https:\/\/www.enerconind.com\/es\/?s={search_term_string}"},"query-input":{"@type":"PropertyValueSpecification","valueRequired":true,"valueName":"search_term_string"}}],"inLanguage":"en-US"}]}},"_links":{"self":[{"href":"https:\/\/www.enerconind.com\/es\/wp-json\/wp\/v2\/pages\/153","targetHints":{"allow":["GET"]}}],"collection":[{"href":"https:\/\/www.enerconind.com\/es\/wp-json\/wp\/v2\/pages"}],"about":[{"href":"https:\/\/www.enerconind.com\/es\/wp-json\/wp\/v2\/types\/page"}],"author":[{"embeddable":true,"href":"https:\/\/www.enerconind.com\/es\/wp-json\/wp\/v2\/users\/3"}],"replies":[{"embeddable":true,"href":"https:\/\/www.enerconind.com\/es\/wp-json\/wp\/v2\/comments?post=153"}],"version-history":[{"count":0,"href":"https:\/\/www.enerconind.com\/es\/wp-json\/wp\/v2\/pages\/153\/revisions"}],"up":[{"embeddable":true,"href":"https:\/\/www.enerconind.com\/es\/wp-json\/wp\/v2\/pages\/112"}],"wp:attachment":[{"href":"https:\/\/www.enerconind.com\/es\/wp-json\/wp\/v2\/media?parent=153"}],"curies":[{"name":"wp","href":"https:\/\/api.w.org\/{rel}","templated":true}]}}