{"id":1526,"date":"2023-10-20T19:56:39","date_gmt":"2023-10-20T19:56:39","guid":{"rendered":"https:\/\/www.enerconind.com\/es\/?page_id=1526"},"modified":"2025-11-03T15:36:55","modified_gmt":"2025-11-03T15:36:55","slug":"contactenos","status":"publish","type":"page","link":"https:\/\/www.enerconind.com\/es\/sealing\/contactenos\/","title":{"rendered":"Cont\u00e1ctenos"},"content":{"rendered":"\n\n\t\t<h1>\n\t\t\tCont\u00e1ctenos\n\t\t<\/h1>\n\t\t\t<p>Gracias por visitar Enercon online. Estamos a la espera de su llamado. Ya sea por una simple pregunta acerca del proceso de sellado por inducci\u00f3n o por una pregunta compleja acerca de una aplicaci\u00f3n en particular, nosotros le daremos una respuesta. Simplemente utilice la tabla que se encuentra a continuaci\u00f3n para contactar a Enercon hoy!<\/p>\t\t\n\t\t<h2>\n\t\t\tContactenos\n\t\t<\/h2>\n\t <form id=\"mktoForm_1292\"><\/form>\n\t\t<h2>\n\t\t\tGIVE US A CALL!\n\t\t\t\t\t\t\t\t\t\t\tWe Look Forward to Speaking with You.\n\t\t<\/h2>\n\n","protected":false},"excerpt":{"rendered":"<p>Cont\u00e1ctenos Gracias por visitar Enercon online. Estamos a la espera de su llamado. Ya sea por una simple pregunta acerca del proceso de sellado por inducci\u00f3n o por una pregunta compleja acerca de una aplicaci\u00f3n en particular, nosotros le daremos una respuesta. Simplemente utilice la tabla que se encuentra a continuaci\u00f3n para contactar a Enercon&hellip;<\/p>\n","protected":false},"author":1,"featured_media":0,"parent":64,"menu_order":100,"comment_status":"closed","ping_status":"closed","template":"","meta":{"_acf_changed":false,"footnotes":""},"class_list":["post-1526","page","type-page","status-publish","hentry"],"acf":[],"yoast_head":"<!-- This site is optimized with the Yoast SEO plugin v27.4 - https:\/\/yoast.com\/product\/yoast-seo-wordpress\/ -->\n<title>Cont\u00e1ctenos - Enercon Industries - Espanol<\/title>\n<meta name=\"description\" content=\"\u00bfTiene alguna pregunta sobre el sellado de tapas por inducci\u00f3n? Cont\u00e1ctenos hoy y nos comunicaremos con usted pronto.\" \/>\n<meta name=\"robots\" content=\"index, follow, max-snippet:-1, max-image-preview:large, max-video-preview:-1\" \/>\n<link rel=\"canonical\" href=\"https:\/\/www.enerconind.com\/es\/sealing\/contactenos\/\" \/>\n<meta property=\"og:locale\" content=\"en_US\" \/>\n<meta property=\"og:type\" content=\"article\" \/>\n<meta property=\"og:title\" content=\"Cont\u00e1ctenos - Enercon Industries - Espanol\" \/>\n<meta property=\"og:description\" content=\"\u00bfTiene alguna pregunta sobre el sellado de tapas por inducci\u00f3n? Cont\u00e1ctenos hoy y nos comunicaremos con usted pronto.\" \/>\n<meta property=\"og:url\" content=\"https:\/\/www.enerconind.com\/es\/sealing\/contactenos\/\" \/>\n<meta property=\"og:site_name\" content=\"Enercon Industries - Espanol\" \/>\n<meta property=\"article:modified_time\" content=\"2025-11-03T15:36:55+00:00\" \/>\n<meta name=\"twitter:card\" content=\"summary_large_image\" \/>\n<meta name=\"twitter:label1\" content=\"Est. reading time\" \/>\n\t<meta name=\"twitter:data1\" content=\"1 minute\" \/>\n<script type=\"application\/ld+json\" class=\"yoast-schema-graph\">{\"@context\":\"https:\\\/\\\/schema.org\",\"@graph\":[{\"@type\":\"WebPage\",\"@id\":\"https:\\\/\\\/www.enerconind.com\\\/es\\\/sealing\\\/contactenos\\\/\",\"url\":\"https:\\\/\\\/www.enerconind.com\\\/es\\\/sealing\\\/contactenos\\\/\",\"name\":\"Cont\u00e1ctenos - Enercon Industries - Espanol\",\"isPartOf\":{\"@id\":\"https:\\\/\\\/www.enerconind.com\\\/es\\\/#website\"},\"datePublished\":\"2023-10-20T19:56:39+00:00\",\"dateModified\":\"2025-11-03T15:36:55+00:00\",\"description\":\"\u00bfTiene alguna pregunta sobre el sellado de tapas por inducci\u00f3n? Cont\u00e1ctenos hoy y nos comunicaremos con usted pronto.\",\"breadcrumb\":{\"@id\":\"https:\\\/\\\/www.enerconind.com\\\/es\\\/sealing\\\/contactenos\\\/#breadcrumb\"},\"inLanguage\":\"en-US\",\"potentialAction\":[{\"@type\":\"ReadAction\",\"target\":[\"https:\\\/\\\/www.enerconind.com\\\/es\\\/sealing\\\/contactenos\\\/\"]}]},{\"@type\":\"BreadcrumbList\",\"@id\":\"https:\\\/\\\/www.enerconind.com\\\/es\\\/sealing\\\/contactenos\\\/#breadcrumb\",\"itemListElement\":[{\"@type\":\"ListItem\",\"position\":1,\"name\":\"Home\",\"item\":\"https:\\\/\\\/www.enerconind.com\\\/es\\\/\"},{\"@type\":\"ListItem\",\"position\":2,\"name\":\"Soluciones de sellado por inducci\u00f3n\",\"item\":\"https:\\\/\\\/www.enerconind.com\\\/es\\\/sealing\\\/\"},{\"@type\":\"ListItem\",\"position\":3,\"name\":\"Cont\u00e1ctenos\"}]},{\"@type\":\"WebSite\",\"@id\":\"https:\\\/\\\/www.enerconind.com\\\/es\\\/#website\",\"url\":\"https:\\\/\\\/www.enerconind.com\\\/es\\\/\",\"name\":\"Enercon Industries - Espanol\",\"description\":\"\",\"potentialAction\":[{\"@type\":\"SearchAction\",\"target\":{\"@type\":\"EntryPoint\",\"urlTemplate\":\"https:\\\/\\\/www.enerconind.com\\\/es\\\/?s={search_term_string}\"},\"query-input\":{\"@type\":\"PropertyValueSpecification\",\"valueRequired\":true,\"valueName\":\"search_term_string\"}}],\"inLanguage\":\"en-US\"}]}<\/script>\n<!-- \/ Yoast SEO plugin. -->","yoast_head_json":{"title":"Cont\u00e1ctenos - Enercon Industries - Espanol","description":"\u00bfTiene alguna pregunta sobre el sellado de tapas por inducci\u00f3n? Cont\u00e1ctenos hoy y nos comunicaremos con usted pronto.","robots":{"index":"index","follow":"follow","max-snippet":"max-snippet:-1","max-image-preview":"max-image-preview:large","max-video-preview":"max-video-preview:-1"},"canonical":"https:\/\/www.enerconind.com\/es\/sealing\/contactenos\/","og_locale":"en_US","og_type":"article","og_title":"Cont\u00e1ctenos - Enercon Industries - Espanol","og_description":"\u00bfTiene alguna pregunta sobre el sellado de tapas por inducci\u00f3n? Cont\u00e1ctenos hoy y nos comunicaremos con usted pronto.","og_url":"https:\/\/www.enerconind.com\/es\/sealing\/contactenos\/","og_site_name":"Enercon Industries - Espanol","article_modified_time":"2025-11-03T15:36:55+00:00","twitter_card":"summary_large_image","twitter_misc":{"Est. reading time":"1 minute"},"schema":{"@context":"https:\/\/schema.org","@graph":[{"@type":"WebPage","@id":"https:\/\/www.enerconind.com\/es\/sealing\/contactenos\/","url":"https:\/\/www.enerconind.com\/es\/sealing\/contactenos\/","name":"Cont\u00e1ctenos - Enercon Industries - Espanol","isPartOf":{"@id":"https:\/\/www.enerconind.com\/es\/#website"},"datePublished":"2023-10-20T19:56:39+00:00","dateModified":"2025-11-03T15:36:55+00:00","description":"\u00bfTiene alguna pregunta sobre el sellado de tapas por inducci\u00f3n? Cont\u00e1ctenos hoy y nos comunicaremos con usted pronto.","breadcrumb":{"@id":"https:\/\/www.enerconind.com\/es\/sealing\/contactenos\/#breadcrumb"},"inLanguage":"en-US","potentialAction":[{"@type":"ReadAction","target":["https:\/\/www.enerconind.com\/es\/sealing\/contactenos\/"]}]},{"@type":"BreadcrumbList","@id":"https:\/\/www.enerconind.com\/es\/sealing\/contactenos\/#breadcrumb","itemListElement":[{"@type":"ListItem","position":1,"name":"Home","item":"https:\/\/www.enerconind.com\/es\/"},{"@type":"ListItem","position":2,"name":"Soluciones de sellado por inducci\u00f3n","item":"https:\/\/www.enerconind.com\/es\/sealing\/"},{"@type":"ListItem","position":3,"name":"Cont\u00e1ctenos"}]},{"@type":"WebSite","@id":"https:\/\/www.enerconind.com\/es\/#website","url":"https:\/\/www.enerconind.com\/es\/","name":"Enercon Industries - Espanol","description":"","potentialAction":[{"@type":"SearchAction","target":{"@type":"EntryPoint","urlTemplate":"https:\/\/www.enerconind.com\/es\/?s={search_term_string}"},"query-input":{"@type":"PropertyValueSpecification","valueRequired":true,"valueName":"search_term_string"}}],"inLanguage":"en-US"}]}},"_links":{"self":[{"href":"https:\/\/www.enerconind.com\/es\/wp-json\/wp\/v2\/pages\/1526","targetHints":{"allow":["GET"]}}],"collection":[{"href":"https:\/\/www.enerconind.com\/es\/wp-json\/wp\/v2\/pages"}],"about":[{"href":"https:\/\/www.enerconind.com\/es\/wp-json\/wp\/v2\/types\/page"}],"author":[{"embeddable":true,"href":"https:\/\/www.enerconind.com\/es\/wp-json\/wp\/v2\/users\/1"}],"replies":[{"embeddable":true,"href":"https:\/\/www.enerconind.com\/es\/wp-json\/wp\/v2\/comments?post=1526"}],"version-history":[{"count":0,"href":"https:\/\/www.enerconind.com\/es\/wp-json\/wp\/v2\/pages\/1526\/revisions"}],"up":[{"embeddable":true,"href":"https:\/\/www.enerconind.com\/es\/wp-json\/wp\/v2\/pages\/64"}],"wp:attachment":[{"href":"https:\/\/www.enerconind.com\/es\/wp-json\/wp\/v2\/media?parent=1526"}],"curies":[{"name":"wp","href":"https:\/\/api.w.org\/{rel}","templated":true}]}}