{"id":147,"date":"2023-08-28T11:33:22","date_gmt":"2023-08-28T11:33:22","guid":{"rendered":"https:\/\/www.enerconind.com\/es\/?page_id=147"},"modified":"2024-08-21T14:35:15","modified_gmt":"2024-08-21T14:35:15","slug":"bebidas-comidas-productos-lacteos-new","status":"publish","type":"page","link":"https:\/\/www.enerconind.com\/es\/sealing\/aplicaciones\/bebidas-comidas-productos-lacteos-new\/","title":{"rendered":"Bebidas Comidas &amp; Productos L\u00e1cteos"},"content":{"rendered":"\n\n\t\t<h1>\n\t\t\tSellado de tapa para\n\t\t\t\t\t\t\t\t\t\t\tBotellas de bebidas, envases de alimentos &amp; productos l\u00e1cteos\n\t\t<\/h1>\n\t\t<h2>\n\t\t\t\t\t\t\t\t\t\t\tUn proceso altamente recomendado\n\t\t<\/h2>\n\t\t\t<p>Sellos por Inducci\u00f3n en botellas para bebidas, envases para comidas y productos l\u00e1cteos es altamente recomendado, para asegurar la integridad del producto, desde la f\u00e1brica hasta el consumidor. Sellar por inducci\u00f3n es un m\u00e9todo muy econ\u00f3mico y efectivo, cual preserva la frescura, previene derrames y provee evidencia de adulteramiento del producto.<\/p>\t\t\n\t<ul>\n\t\t\t<li>\n\t\t\t\tEvita que el ox\u00edgeno y la humedad contaminen su producto\n\t\t\t<\/li>\n\t\t\t<li>\n\t\t\t\tSalvaguardias contra fugas causadas por da\u00f1os f\u00edsicos a la tapa durante el env\u00edo\n\t\t\t<\/li>\n\t\t\t<li>\n\t\t\t\tPermite que los productos cumplan con los requisitos de empaque para los canales de distribuci\u00f3n de comercio electr\u00f3nico\n\t\t\t<\/li>\n\t\t<\/ul>\n\t\t\n\t\t\t<p>Los sellos por inducci\u00f3n son ampliamente utilizados, para sellar tapas de salsas, especias, k\u00e9tchup, mostaza, sazonadores, mantequilla de cacao, snacks, galleta salada, bebidas en polvo, t\u00e9, caf\u00e9, bebidas deportivas, jugo de naranja, leche &amp; varios productos similares.Enercon apoya a miles de empacadores a implementar el sello por inducci\u00f3n, dentro de sus l\u00edneas de producci\u00f3n. Varias de estas empresas han eliminado sellos sensitivos o cuerdas de seguridad de sus l\u00edneas de producci\u00f3n. De esta manera, estas empresas pudieron reducir costos de empacado, a trav\u00e9s del sello por inducci\u00f3n.El enlace que aparece abajo, provee informaci\u00f3n adicional sobre como los sellos por inducci\u00f3n son usados como parte de la estrategia de empaquetados. Nuestros expertos est\u00e1n disponibles para responder cualquier pregunta que tengan. Para m\u00e1s informaci\u00f3n, \u00a1favor cont\u00e1ctanos hoy!<\/p>\t\t\n\t\t\t\t\t\t\t\t\t<img loading=\"lazy\" decoding=\"async\" src=\"https:\/\/media.enerconind.com\/wp-content\/uploads\/sites\/6\/2023\/08\/02150145\/applications-food-beverage-dairy-scaled-1.jpg\" alt=\"applications-food-beverage-dairy-scaled-1\" height=\"1667\" width=\"2500\" title=\"applications-food-beverage-dairy-scaled-1\" \/>\n\t\t<h3>\n\t\t\tAMPLIAMENTE UTILIZADO\n\t\t\t\t\t\t\t\t\t\t\tUtilice sello por inducci\u00f3n para:\n\t\t<\/h3>\n\t\t<ul>\n\t\t\t\t\t<li>\n\t\t\t\t\n\t\t<p>Salsas Tapadas<\/p>\t\t\t\n\t\t\t<\/li>\n\t\t\t\t\t<li>\n\t\t\t\t\n\t\t<p>Aderezos<\/p>\t\t\t\n\t\t\t<\/li>\n\t\t\t\t\t<li>\n\t\t\t\t\n\t\t<p>Salsa de tomate<\/p>\t\t\t\n\t\t\t<\/li>\n\t\t\t\t\t<li>\n\t\t\t\t\n\t\t<p>Mostaza<\/p>\t\t\t\n\t\t\t<\/li>\n\t\t\t\t\t<li>\n\t\t\t\t\n\t\t<p>Condimentos<\/p>\t\t\t\n\t\t\t<\/li>\n\t\t\t\t\t<li>\n\t\t\t\t\n\t\t<p>Mantequilla de man\u00ed<\/p>\t\t\t\n\t\t\t<\/li>\n\t\t\t\t\t<li>\n\t\t\t\t\n\t\t<p>Aperitivos<\/p>\t\t\t\n\t\t\t<\/li>\n\t\t\t\t\t<li>\n\t\t\t\t\n\t\t<p>Nueces<\/p>\t\t\t\n\t\t\t<\/li>\n\t\t\t\t<\/ul>\n\t\t<ul>\n\t\t\t\t\t<li>\n\t\t\t\t\n\t\t<p>Pretzels<\/p>\t\t\t\n\t\t\t<\/li>\n\t\t\t\t\t<li>\n\t\t\t\t\n\t\t<p>Bebidas en polvo<\/p>\t\t\t\n\t\t\t<\/li>\n\t\t\t\t\t<li>\n\t\t\t\t\n\t\t<p>T\u00e9s<\/p>\t\t\t\n\t\t\t<\/li>\n\t\t\t\t\t<li>\n\t\t\t\t\n\t\t<p>Bebidas Deportivas<\/p>\t\t\t\n\t\t\t<\/li>\n\t\t\t\t\t<li>\n\t\t\t\t\n\t\t<p>Caf\u00e9<\/p>\t\t\t\n\t\t\t<\/li>\n\t\t\t\t\t<li>\n\t\t\t\t\n\t\t<p>Jugo de naranja<\/p>\t\t\t\n\t\t\t<\/li>\n\t\t\t\t\t<li>\n\t\t\t\t\n\t\t<p>Leche<\/p>\t\t\t\n\t\t\t<\/li>\n\t\t\t\t\t<li>\n\t\t\t\t\n\t\t<p>Muchos otros productos similares<\/p>\t\t\t\n\t\t\t<\/li>\n\t\t\t\t<\/ul>\n\t\t\t<a href=\"\" target=\"_self\" rel=\"noopener\">\n\t\t\t\t\t\t\t<img decoding=\"async\" src=\"https:\/\/media.enerconind.com\/wp-content\/uploads\/sites\/6\/2023\/06\/02150219\/150C0003.jpg\" alt=\"\" \/>\n\t\t\t\t\tON DEMAND WEBINAR\n\t\t<h4>Achieve a Perfect Seal: Production Edition<\/h4>\n\t\t\t\t\t<p>Watch Now!<\/p>\t\t\t\t\n\t\t<\/a>\n\t\t<h2>\n\t\t\tDE NUESTRA BIBLIOTECA\n\t\t\t\t\t\t\t\t\t\t\tObtenga m\u00e1s informaci\u00f3n sobre el sellado de tapas\n\t\t<\/h2>\n\t<a href=\"\/es\/sealing\/biblioteca-de-sellado\/\" target=\"_self\" role=\"button\" aria-label=\"Ver Biblioteca\" rel=\"noopener\">\n\t\t\t\t\t\tVer Biblioteca\n\t\t\t<\/a>\n\n","protected":false},"excerpt":{"rendered":"<p>Sellado de tapa para Botellas de bebidas, envases de alimentos &amp; productos l\u00e1cteos Un proceso altamente recomendado Sellos por Inducci\u00f3n en botellas para bebidas, envases para comidas y productos l\u00e1cteos es altamente recomendado, para asegurar la integridad del producto, desde la f\u00e1brica hasta el consumidor. Sellar por inducci\u00f3n es un m\u00e9todo muy econ\u00f3mico y efectivo,&hellip;<\/p>\n","protected":false},"author":3,"featured_media":0,"parent":111,"menu_order":6,"comment_status":"closed","ping_status":"closed","template":"","meta":{"_acf_changed":false,"footnotes":""},"class_list":["post-147","page","type-page","status-publish","hentry"],"acf":[],"yoast_head":"<!-- This site is optimized with the Yoast SEO plugin v27.4 - https:\/\/yoast.com\/product\/yoast-seo-wordpress\/ -->\n<title>Bebidas Comidas &amp; Productos L\u00e1cteos - Enercon Industries - Espanol<\/title>\n<meta name=\"description\" content=\"Descubra c\u00f3mo prevenir fugas y preservar la frescura de alimentos y bebidas. Obtenga acceso a v\u00eddeos y art\u00edculos \u00fatiles.\" \/>\n<meta name=\"robots\" content=\"index, follow, max-snippet:-1, max-image-preview:large, max-video-preview:-1\" \/>\n<link rel=\"canonical\" href=\"https:\/\/www.enerconind.com\/es\/sealing\/aplicaciones\/bebidas-comidas-productos-lacteos-new\/\" \/>\n<meta property=\"og:locale\" content=\"en_US\" \/>\n<meta property=\"og:type\" content=\"article\" \/>\n<meta property=\"og:title\" content=\"Bebidas Comidas &amp; Productos L\u00e1cteos - Enercon Industries - Espanol\" \/>\n<meta property=\"og:description\" content=\"Descubra c\u00f3mo prevenir fugas y preservar la frescura de alimentos y bebidas. Obtenga acceso a v\u00eddeos y art\u00edculos \u00fatiles.\" \/>\n<meta property=\"og:url\" content=\"https:\/\/www.enerconind.com\/es\/sealing\/aplicaciones\/bebidas-comidas-productos-lacteos-new\/\" \/>\n<meta property=\"og:site_name\" content=\"Enercon Industries - Espanol\" \/>\n<meta property=\"article:modified_time\" content=\"2024-08-21T14:35:15+00:00\" \/>\n<meta property=\"og:image\" content=\"https:\/\/www.enerconind.com\/es\/wp-content\/uploads\/sites\/6\/2023\/08\/applications-food-beverage-dairy-scaled-1.jpg\" \/>\n<meta name=\"twitter:card\" content=\"summary_large_image\" \/>\n<meta name=\"twitter:label1\" content=\"Est. reading time\" \/>\n\t<meta name=\"twitter:data1\" content=\"2 minutes\" \/>\n<script type=\"application\/ld+json\" class=\"yoast-schema-graph\">{\"@context\":\"https:\\\/\\\/schema.org\",\"@graph\":[{\"@type\":\"WebPage\",\"@id\":\"https:\\\/\\\/www.enerconind.com\\\/es\\\/sealing\\\/aplicaciones\\\/bebidas-comidas-productos-lacteos-new\\\/\",\"url\":\"https:\\\/\\\/www.enerconind.com\\\/es\\\/sealing\\\/aplicaciones\\\/bebidas-comidas-productos-lacteos-new\\\/\",\"name\":\"Bebidas Comidas &amp; Productos L\u00e1cteos - Enercon Industries - Espanol\",\"isPartOf\":{\"@id\":\"https:\\\/\\\/www.enerconind.com\\\/es\\\/#website\"},\"primaryImageOfPage\":{\"@id\":\"https:\\\/\\\/www.enerconind.com\\\/es\\\/sealing\\\/aplicaciones\\\/bebidas-comidas-productos-lacteos-new\\\/#primaryimage\"},\"image\":{\"@id\":\"https:\\\/\\\/www.enerconind.com\\\/es\\\/sealing\\\/aplicaciones\\\/bebidas-comidas-productos-lacteos-new\\\/#primaryimage\"},\"thumbnailUrl\":\"https:\\\/\\\/www.enerconind.com\\\/es\\\/wp-content\\\/uploads\\\/sites\\\/6\\\/2023\\\/08\\\/applications-food-beverage-dairy-scaled-1.jpg\",\"datePublished\":\"2023-08-28T11:33:22+00:00\",\"dateModified\":\"2024-08-21T14:35:15+00:00\",\"description\":\"Descubra c\u00f3mo prevenir fugas y preservar la frescura de alimentos y bebidas. Obtenga acceso a v\u00eddeos y art\u00edculos \u00fatiles.\",\"breadcrumb\":{\"@id\":\"https:\\\/\\\/www.enerconind.com\\\/es\\\/sealing\\\/aplicaciones\\\/bebidas-comidas-productos-lacteos-new\\\/#breadcrumb\"},\"inLanguage\":\"en-US\",\"potentialAction\":[{\"@type\":\"ReadAction\",\"target\":[\"https:\\\/\\\/www.enerconind.com\\\/es\\\/sealing\\\/aplicaciones\\\/bebidas-comidas-productos-lacteos-new\\\/\"]}]},{\"@type\":\"ImageObject\",\"inLanguage\":\"en-US\",\"@id\":\"https:\\\/\\\/www.enerconind.com\\\/es\\\/sealing\\\/aplicaciones\\\/bebidas-comidas-productos-lacteos-new\\\/#primaryimage\",\"url\":\"https:\\\/\\\/media.enerconind.com\\\/wp-content\\\/uploads\\\/sites\\\/6\\\/2023\\\/08\\\/02150145\\\/applications-food-beverage-dairy-scaled-1.jpg\",\"contentUrl\":\"https:\\\/\\\/media.enerconind.com\\\/wp-content\\\/uploads\\\/sites\\\/6\\\/2023\\\/08\\\/02150145\\\/applications-food-beverage-dairy-scaled-1.jpg\",\"width\":2500,\"height\":1667},{\"@type\":\"BreadcrumbList\",\"@id\":\"https:\\\/\\\/www.enerconind.com\\\/es\\\/sealing\\\/aplicaciones\\\/bebidas-comidas-productos-lacteos-new\\\/#breadcrumb\",\"itemListElement\":[{\"@type\":\"ListItem\",\"position\":1,\"name\":\"Home\",\"item\":\"https:\\\/\\\/www.enerconind.com\\\/es\\\/\"},{\"@type\":\"ListItem\",\"position\":2,\"name\":\"Soluciones de sellado por inducci\u00f3n\",\"item\":\"https:\\\/\\\/www.enerconind.com\\\/es\\\/sealing\\\/\"},{\"@type\":\"ListItem\",\"position\":3,\"name\":\"Aplicaciones\",\"item\":\"https:\\\/\\\/www.enerconind.com\\\/es\\\/sealing\\\/aplicaciones\\\/\"},{\"@type\":\"ListItem\",\"position\":4,\"name\":\"Bebidas Comidas &amp; Productos L\u00e1cteos\"}]},{\"@type\":\"WebSite\",\"@id\":\"https:\\\/\\\/www.enerconind.com\\\/es\\\/#website\",\"url\":\"https:\\\/\\\/www.enerconind.com\\\/es\\\/\",\"name\":\"Enercon Industries - Espanol\",\"description\":\"\",\"potentialAction\":[{\"@type\":\"SearchAction\",\"target\":{\"@type\":\"EntryPoint\",\"urlTemplate\":\"https:\\\/\\\/www.enerconind.com\\\/es\\\/?s={search_term_string}\"},\"query-input\":{\"@type\":\"PropertyValueSpecification\",\"valueRequired\":true,\"valueName\":\"search_term_string\"}}],\"inLanguage\":\"en-US\"}]}<\/script>\n<!-- \/ Yoast SEO plugin. -->","yoast_head_json":{"title":"Bebidas Comidas &amp; Productos L\u00e1cteos - Enercon Industries - Espanol","description":"Descubra c\u00f3mo prevenir fugas y preservar la frescura de alimentos y bebidas. Obtenga acceso a v\u00eddeos y art\u00edculos \u00fatiles.","robots":{"index":"index","follow":"follow","max-snippet":"max-snippet:-1","max-image-preview":"max-image-preview:large","max-video-preview":"max-video-preview:-1"},"canonical":"https:\/\/www.enerconind.com\/es\/sealing\/aplicaciones\/bebidas-comidas-productos-lacteos-new\/","og_locale":"en_US","og_type":"article","og_title":"Bebidas Comidas &amp; Productos L\u00e1cteos - Enercon Industries - Espanol","og_description":"Descubra c\u00f3mo prevenir fugas y preservar la frescura de alimentos y bebidas. Obtenga acceso a v\u00eddeos y art\u00edculos \u00fatiles.","og_url":"https:\/\/www.enerconind.com\/es\/sealing\/aplicaciones\/bebidas-comidas-productos-lacteos-new\/","og_site_name":"Enercon Industries - Espanol","article_modified_time":"2024-08-21T14:35:15+00:00","og_image":[{"url":"https:\/\/www.enerconind.com\/es\/wp-content\/uploads\/sites\/6\/2023\/08\/applications-food-beverage-dairy-scaled-1.jpg","type":"","width":"","height":""}],"twitter_card":"summary_large_image","twitter_misc":{"Est. reading time":"2 minutes"},"schema":{"@context":"https:\/\/schema.org","@graph":[{"@type":"WebPage","@id":"https:\/\/www.enerconind.com\/es\/sealing\/aplicaciones\/bebidas-comidas-productos-lacteos-new\/","url":"https:\/\/www.enerconind.com\/es\/sealing\/aplicaciones\/bebidas-comidas-productos-lacteos-new\/","name":"Bebidas Comidas &amp; Productos L\u00e1cteos - Enercon Industries - Espanol","isPartOf":{"@id":"https:\/\/www.enerconind.com\/es\/#website"},"primaryImageOfPage":{"@id":"https:\/\/www.enerconind.com\/es\/sealing\/aplicaciones\/bebidas-comidas-productos-lacteos-new\/#primaryimage"},"image":{"@id":"https:\/\/www.enerconind.com\/es\/sealing\/aplicaciones\/bebidas-comidas-productos-lacteos-new\/#primaryimage"},"thumbnailUrl":"https:\/\/www.enerconind.com\/es\/wp-content\/uploads\/sites\/6\/2023\/08\/applications-food-beverage-dairy-scaled-1.jpg","datePublished":"2023-08-28T11:33:22+00:00","dateModified":"2024-08-21T14:35:15+00:00","description":"Descubra c\u00f3mo prevenir fugas y preservar la frescura de alimentos y bebidas. Obtenga acceso a v\u00eddeos y art\u00edculos \u00fatiles.","breadcrumb":{"@id":"https:\/\/www.enerconind.com\/es\/sealing\/aplicaciones\/bebidas-comidas-productos-lacteos-new\/#breadcrumb"},"inLanguage":"en-US","potentialAction":[{"@type":"ReadAction","target":["https:\/\/www.enerconind.com\/es\/sealing\/aplicaciones\/bebidas-comidas-productos-lacteos-new\/"]}]},{"@type":"ImageObject","inLanguage":"en-US","@id":"https:\/\/www.enerconind.com\/es\/sealing\/aplicaciones\/bebidas-comidas-productos-lacteos-new\/#primaryimage","url":"https:\/\/media.enerconind.com\/wp-content\/uploads\/sites\/6\/2023\/08\/02150145\/applications-food-beverage-dairy-scaled-1.jpg","contentUrl":"https:\/\/media.enerconind.com\/wp-content\/uploads\/sites\/6\/2023\/08\/02150145\/applications-food-beverage-dairy-scaled-1.jpg","width":2500,"height":1667},{"@type":"BreadcrumbList","@id":"https:\/\/www.enerconind.com\/es\/sealing\/aplicaciones\/bebidas-comidas-productos-lacteos-new\/#breadcrumb","itemListElement":[{"@type":"ListItem","position":1,"name":"Home","item":"https:\/\/www.enerconind.com\/es\/"},{"@type":"ListItem","position":2,"name":"Soluciones de sellado por inducci\u00f3n","item":"https:\/\/www.enerconind.com\/es\/sealing\/"},{"@type":"ListItem","position":3,"name":"Aplicaciones","item":"https:\/\/www.enerconind.com\/es\/sealing\/aplicaciones\/"},{"@type":"ListItem","position":4,"name":"Bebidas Comidas &amp; Productos L\u00e1cteos"}]},{"@type":"WebSite","@id":"https:\/\/www.enerconind.com\/es\/#website","url":"https:\/\/www.enerconind.com\/es\/","name":"Enercon Industries - Espanol","description":"","potentialAction":[{"@type":"SearchAction","target":{"@type":"EntryPoint","urlTemplate":"https:\/\/www.enerconind.com\/es\/?s={search_term_string}"},"query-input":{"@type":"PropertyValueSpecification","valueRequired":true,"valueName":"search_term_string"}}],"inLanguage":"en-US"}]}},"_links":{"self":[{"href":"https:\/\/www.enerconind.com\/es\/wp-json\/wp\/v2\/pages\/147","targetHints":{"allow":["GET"]}}],"collection":[{"href":"https:\/\/www.enerconind.com\/es\/wp-json\/wp\/v2\/pages"}],"about":[{"href":"https:\/\/www.enerconind.com\/es\/wp-json\/wp\/v2\/types\/page"}],"author":[{"embeddable":true,"href":"https:\/\/www.enerconind.com\/es\/wp-json\/wp\/v2\/users\/3"}],"replies":[{"embeddable":true,"href":"https:\/\/www.enerconind.com\/es\/wp-json\/wp\/v2\/comments?post=147"}],"version-history":[{"count":0,"href":"https:\/\/www.enerconind.com\/es\/wp-json\/wp\/v2\/pages\/147\/revisions"}],"up":[{"embeddable":true,"href":"https:\/\/www.enerconind.com\/es\/wp-json\/wp\/v2\/pages\/111"}],"wp:attachment":[{"href":"https:\/\/www.enerconind.com\/es\/wp-json\/wp\/v2\/media?parent=147"}],"curies":[{"name":"wp","href":"https:\/\/api.w.org\/{rel}","templated":true}]}}