{"id":139,"date":"2023-08-28T18:15:44","date_gmt":"2023-08-28T18:15:44","guid":{"rendered":"https:\/\/www.enerconind.com\/es\/productos\/super-seal-max\/"},"modified":"2025-02-26T14:48:19","modified_gmt":"2025-02-26T14:48:19","slug":"super-seal-max","status":"publish","type":"page","link":"https:\/\/www.enerconind.com\/es\/sealing\/productos\/super-seal-max\/","title":{"rendered":"Super Seal Max"},"content":{"rendered":"\n\n\t\t<h1>\n\t\t\tSuper Seal\u2122 Max\n\t\t\t\t\t\t\t\t\t\t\tSelladora de Tapas por Inducci\u00f3n\n\t\t<\/h1>\n\t\t\t<h2>Nuestra selladora por inducci\u00f3n port\u00e1til m\u00e1s compacta<\/h2><p>Enercon ha dise\u00f1ado el sistema Super Seal\u2122 Max para los empacadores con aplicaciones de sellado m\u00e1s exigentes.Esta m\u00e1quina logra sellar a velocidades de l\u00ednea no alcanzadas por otros.La operaci\u00f3n es sencilla, controlada por un microprocesador, por ende controla, monitorea y demuestra toda la informaci\u00f3n critica de desempe\u00f1o, inspecci\u00f3n y operaci\u00f3n. La informaci\u00f3n de todo el sistema est\u00e1 disponible a trav\u00e9s de su interfaz. Como recurso m\u00e1ximo un control interfaz opcional RS485 est\u00e1 disponible en manera de link a su centro procesador.El conocimiento de Enercon juega un papel importante en el \u00e9xito de la tecnolog\u00eda Super Seal\u2122. Nuestro departamento de ingenier\u00eda ha desarrollado una variedad de dise\u00f1os especializados de cabezales de sellado para satisfacer la mayor\u00eda de los requisitos imaginables. La selecci\u00f3n del cabezal apropiado en base a la aplicaci\u00f3n optimiza la producci\u00f3n y eficiencia.The Super Seal\u2122 Max es un conjunto que incluye una fuente de potencia y los cabezales de sellado todo en un dise\u00f1o compacto que ocupa poco espacio en la l\u00ednea, y casi no requiere mantenimiento. El sistema tambi\u00e9n incorpora funcionalidad para la inspecci\u00f3n de tapas, eliminando de esta manera la necesidad de cajas de control adicionales.Obtenga m\u00e1s informaci\u00f3n acerca de la Super Seal\u2122 Max.<\/p>\t\t\n\t\t\t\t<img decoding=\"async\" src=\"https:\/\/media.enerconind.com\/wp-content\/uploads\/sites\/6\/2023\/06\/02150223\/SuperSeal-Max-left.png\" alt=\"SuperSeal-Max-left\" itemprop=\"image\" title=\"SuperSeal-Max-left\" onerror=\"this.style.display='none'\"  \/>\n\t\t<h2>\n\t\t\tKEY FEATURES\n\t\t\t\t\t\t\t\t\t\t\tInteligencia Interna\n\t\t<\/h2>\n\t\t<ul>\n\t\t\t\t\t<li>\n\t\t\t\t\n\t\t<p>Pantalla T\u00e1ctil f\u00e1cil de usar y de dise\u00f1o intuitivo<\/p>\t\t\t\n\t\t\t<\/li>\n\t\t\t\t\t<li>\n\t\t\t\t\n\t\t<p>Protecci\u00f3n de contrase\u00f1a de supervisor con enclavamiento para el operador<\/p>\t\t\t\n\t\t\t<\/li>\n\t\t\t\t\t<li>\n\t\t\t\t\n\t\t<p>Manejo y almacenaje de formatos<\/p>\t\t\t\n\t\t\t<\/li>\n\t\t\t\t\t<li>\n\t\t\t\t\n\t\t<p>Monitoreo interno de informaci\u00f3n critica de operaci\u00f3n<\/p>\t\t\t\n\t\t\t<\/li>\n\t\t\t\t\t<li>\n\t\t\t\t\n\t\t<p>Contador de tapas, contenedores y liners<\/p>\t\t\t\n\t\t\t<\/li>\n\t\t\t\t\t<li>\n\t\t\t\t\n\t\t<p>Informaci\u00f3n descriptiva de fallas<\/p>\t\t\t\n\t\t\t<\/li>\n\t\t\t\t\t<li>\n\t\t\t\t\n\t\t<p>Ayuda para diagn\u00f3stico<\/p>\t\t\t\n\t\t\t<\/li>\n\t\t\t\t\t<li>\n\t\t\t\t\n\t\t<p>Apoyo en idiomas m\u00faltiples<\/p>\t\t\t\n\t\t\t<\/li>\n\t\t\t\t\t<li>\n\t\t\t\t\n\t\t<p>Puerta interna para USB<\/p>\t\t\t\n\t\t\t<\/li>\n\t\t\t\t<\/ul>\n\t\t\t<a href=\"https:\/\/www.enerconind.com\/es\/library-resource\/logre-un-sello-perfecto\/\" target=\"_self\">\n\t\t\t\t\t\t\t<img loading=\"lazy\" decoding=\"async\" src=\"https:\/\/media.enerconind.com\/wp-content\/uploads\/sites\/6\/2023\/08\/02150135\/achieve-a-perfect-seal-webinar.jpg\" alt=\"achieve-a-perfect-seal-webinar\" width=\"370\" height=\"250\" \/>\n\t\t\t\t\tON DEMAND WEBINAR\n\t\t<h4>Logre un Sello Perfecto<\/h4>\n\t\t\t\t\t<p>Watch Now!<\/p>\t\t\t\t\n\t\t<\/a>\n\t\t<h2>\n\t\t\tCaracter\u00edsticas Est\u00e1ndar de Super Seal\u2122 Max\n\t\t<\/h2>\n\t\t<h4>Confiabilidad sin igual.<\/h4>\n\t\t\t<p>La Super Seal\u2122 Max maximiza el proceso de sellado por inducci\u00f3n, aumenta la eficiencia de la l\u00ednea y disminuye tiempo ocioso por medio de la electr\u00f3nica avanzada y los cabezales de sellado de dise\u00f1o a medida.<\/p>\t\t\n\t\t<h4>La pantalla grande muestra m\u00e1s datos<\/h4>\n\t\t\t<p>La pantalla LCD de dos l\u00edneas de 40 caracteres muestra toda la informaci\u00f3n cr\u00edtica de rendimiento, inspecci\u00f3n y operaci\u00f3n.<\/p>\t\t\n\t\t<h4>Enfriado por aire. A prueba de agua.<\/h4>\n\t\t\t<p>La Super Seal Max\u2122 es ideal para cualquier tipo de empaque aun en las \u00e1reas de donde se lava la l\u00ednea de llenado. Esto debido a que el gabinete es herm\u00e9tico de acuerdo a la norma IP65.<\/p>\t\t\n\t\t<h4>Interfaz de operaci\u00f3n f\u00e1cil de usar<\/h4>\n\t\t\t<p>El control de la interfaz con microprocesador es sencillo, dise\u00f1ado para funcionar desde la primera vez.<\/p>\t\t\n\t\t<h4>Cabezales de dise\u00f1o a medida y de intercambio r\u00e1pido incrementan la productividad.<\/h4>\n\t\t\t<p>Enercon ha dise\u00f1ado una variedad de cabezales de sellado en respuesta a las demandas de diferentes usuarios. Nuestro dise\u00f1o de cambio-r\u00e1pido facilita el cambio de los cabezales. Ver video en nuestra p\u00e1gina\/.<\/p>\t\t\n\t\t<h4>Turnkey Solution &#8211; Soluci\u00f3n Integral<\/h4>\n\t\t\t<p>A\u00f1adir el sistema de inspecci\u00f3n de tapas y eJector para una soluci\u00f3n integral.<\/p>\t\t\n\t\t\t\t<img decoding=\"async\" src=\"https:\/\/media.enerconind.com\/wp-content\/uploads\/sites\/6\/2023\/10\/02145958\/super-seal-max-illustration-with-bottles.jpg\" alt=\"super-seal-max-illustration-with-bottles\" itemprop=\"image\" title=\"super-seal-max-illustration-with-bottles\" onerror=\"this.style.display='none'\"  \/>\n\t\t<h2>\n\t\t\tEspecificaciones &#8211; Super Seal\u2122 Max\n\t\t<\/h2>\n\t\t\t<table width=\"100%\" cellspacing=\"0\" cellpadding=\"2\"><tbody><tr><td colspan=\"2\">\u00a0<\/td><\/tr><tr><td align=\"right\" width=\"35%\">Dimensiones<\/td><td>724mm x 384mm x 240mm<br \/>28.5&#8243; x 15.125&#8243; x 9.5&#8243;<\/td><\/tr><tr><td align=\"right\" width=\"35%\">Peso<\/td><td>46.27 kg<br \/>(102 lbs.)<\/td><\/tr><tr><td align=\"right\" width=\"35%\">Voltaje de entrada<\/td><td>240V, 50\/60Hz, 3 Phase<\/td><\/tr><\/tbody><\/table>\t\t\n\t\t<h2>\n\t\t\tSuper Seal\u2122 Max Selladora de Tapas por Inducci\u00f3n Opciones\n\t\t<\/h2>\n\t\t<h4>Sistema de Inspecci\u00f3n de Tapa<\/h4>\n\t\t\t<p>Sistema de inspecci\u00f3n de tapas (no disponible para la Super Seal). En otras m\u00e1quinas con electr\u00f3nica de control m\u00e1s avanzada, (Super Seal Max y Super Seal Touch) se puede a\u00f1adir el sistema de inspecci\u00f3n de tapas, descrito a continuaci\u00f3n.El sistema vers\u00e1til se suma a su programa de control de calidad. El sistema incluye detector de liner (foil, sello), embotellamiento, contadores de envases rechazados y totales, auto arranque, detector de botellas atoradas, detector de tapas altas.<\/p>\t\t\n\t\t<h4>eJector\u2122<\/h4>\n\t\t\t<p>Elimina envases defectuosos (sin liner o con tapa alta o mal colocada) de la l\u00ednea de producci\u00f3n. Incluye conexi\u00f3n sencilla al sistema de inspecci\u00f3n de tapas Enercon y tambi\u00e9n es compatible con otros productos de inspecci\u00f3n que puedan proveer la se\u00f1al apropiada. Opera a velocidades hasta de 90 m\/min.<\/p>\t\t\n\t\t<h4>Programa de validaci\u00f3n<\/h4>\n\t\t\tSimplifica la preparaci\u00f3n de su programa de validaci\u00f3n. La documentaci\u00f3n de los protocolos IQ, OQ, PQ necesaria es suministrada en CD-ROM. Tambi\u00e9n ofrecemos apoyo t\u00e9cnico en su planta.<br \/>\nLos sistemas de Enercon est\u00e1n dise\u00f1ados a operar en un ambiente m\u00e1ximo de temperatura de 40\u00b0C (104\u00b0F) @ 80% de humedad relativa, sin condensaci\u00f3n.\n\t\t<h4>Monitoreo y Control remoto<\/h4>\n\t\t\t<p>El nuevo RCM (Monitoreo y Control Remoto) les permite incorporar el sellado por inducci\u00f3n dentro de un sofisticado control de l\u00ednea y sistema SCADA (Adquisici\u00f3n de Datos y Control de Supervisi\u00f3n). Operaci\u00f3n y Control remoto, tambi\u00e9n est\u00e1n disponibles por separado.<\/p>\t\t\n\t\t<h4>Indicador de luz relampagueante<\/h4>\n\t\t\t<p>Alerta al operador en cambios en el estatus de operaci\u00f3n. Verde cuando el cabezal est\u00e1 energizado y luz roja relampagueante cuando la energ\u00eda est\u00e1 interrumpida.<\/p>\t\t\n\t\t<h4>Carretilla port\u00e1til<\/h4>\n\t\t\t<p>Provee \u00f3ptima flexibilidad para mover la selladora de una l\u00ednea a otra. La carretilla de acero inoxidable con ruedas para uso pesado y patas niveladoras<\/p>\t\t\n\t\t<h4>Grupo detector de movimiento\/sello.<\/h4>\n\t\t\t<p>Protege sus productos en el evento de un embotellamiento en l\u00ednea. Dos sensores en un grupo: El primero es usado para apagar la m\u00e1quina cuando se hayan acumulado envases, para evitar su sobrecalentamiento. El segundo sensor detecta falta un sello en la tapa.<\/p>\t\t\n\t\t\t\t<img loading=\"lazy\" decoding=\"async\" src=\"https:\/\/media.enerconind.com\/wp-content\/uploads\/sites\/6\/2025\/02\/25153344\/super-seal-max-deluxe-cart.png\" alt=\"super-seal-max-deluxe-cart\" itemprop=\"image\" height=\"1200\" width=\"800\" title=\"super-seal-max-deluxe-cart\" onerror=\"this.style.display='none'\"  \/>\n\n","protected":false},"excerpt":{"rendered":"<p>Super Seal\u2122 Max Selladora de Tapas por Inducci\u00f3n Nuestra selladora por inducci\u00f3n port\u00e1til m\u00e1s compacta Enercon ha dise\u00f1ado el sistema Super Seal\u2122 Max para los empacadores con aplicaciones de sellado m\u00e1s exigentes.Esta m\u00e1quina logra sellar a velocidades de l\u00ednea no alcanzadas por otros.La operaci\u00f3n es sencilla, controlada por un microprocesador, por ende controla, monitorea y&hellip;<\/p>\n","protected":false},"author":3,"featured_media":0,"parent":112,"menu_order":17,"comment_status":"closed","ping_status":"closed","template":"","meta":{"_acf_changed":false,"footnotes":""},"class_list":["post-139","page","type-page","status-publish","hentry"],"acf":[],"yoast_head":"<!-- This site is optimized with the Yoast SEO plugin v27.4 - https:\/\/yoast.com\/product\/yoast-seo-wordpress\/ -->\n<title>Super Seal Max - Enercon Industries - Espanol<\/title>\n<meta name=\"description\" content=\"Descubra el sellador de tapas por inducci\u00f3n m\u00e1s potente de la industria. Super Seal Max\u2122 ofrece un poder de sellado y una eficiencia inigualables para lograr un sellado perfecto.\" \/>\n<meta name=\"robots\" content=\"index, follow, max-snippet:-1, max-image-preview:large, max-video-preview:-1\" \/>\n<link rel=\"canonical\" href=\"https:\/\/www.enerconind.com\/es\/sealing\/productos\/super-seal-max\/\" \/>\n<meta property=\"og:locale\" content=\"en_US\" \/>\n<meta property=\"og:type\" content=\"article\" \/>\n<meta property=\"og:title\" content=\"Super Seal Max - Enercon Industries - Espanol\" \/>\n<meta property=\"og:description\" content=\"Descubra el sellador de tapas por inducci\u00f3n m\u00e1s potente de la industria. Super Seal Max\u2122 ofrece un poder de sellado y una eficiencia inigualables para lograr un sellado perfecto.\" \/>\n<meta property=\"og:url\" content=\"https:\/\/www.enerconind.com\/es\/sealing\/productos\/super-seal-max\/\" \/>\n<meta property=\"og:site_name\" content=\"Enercon Industries - Espanol\" \/>\n<meta property=\"article:modified_time\" content=\"2025-02-26T14:48:19+00:00\" \/>\n<meta property=\"og:image\" content=\"https:\/\/www.enerconind.com\/es\/wp-content\/uploads\/sites\/6\/2023\/06\/SuperSeal-Max-left.png\" \/>\n<meta name=\"twitter:card\" content=\"summary_large_image\" \/>\n<meta name=\"twitter:label1\" content=\"Est. reading time\" \/>\n\t<meta name=\"twitter:data1\" content=\"5 minutes\" \/>\n<script type=\"application\/ld+json\" class=\"yoast-schema-graph\">{\"@context\":\"https:\\\/\\\/schema.org\",\"@graph\":[{\"@type\":\"WebPage\",\"@id\":\"https:\\\/\\\/www.enerconind.com\\\/es\\\/sealing\\\/productos\\\/super-seal-max\\\/\",\"url\":\"https:\\\/\\\/www.enerconind.com\\\/es\\\/sealing\\\/productos\\\/super-seal-max\\\/\",\"name\":\"Super Seal Max - Enercon Industries - Espanol\",\"isPartOf\":{\"@id\":\"https:\\\/\\\/www.enerconind.com\\\/es\\\/#website\"},\"primaryImageOfPage\":{\"@id\":\"https:\\\/\\\/www.enerconind.com\\\/es\\\/sealing\\\/productos\\\/super-seal-max\\\/#primaryimage\"},\"image\":{\"@id\":\"https:\\\/\\\/www.enerconind.com\\\/es\\\/sealing\\\/productos\\\/super-seal-max\\\/#primaryimage\"},\"thumbnailUrl\":\"https:\\\/\\\/www.enerconind.com\\\/es\\\/wp-content\\\/uploads\\\/sites\\\/6\\\/2023\\\/06\\\/SuperSeal-Max-left.png\",\"datePublished\":\"2023-08-28T18:15:44+00:00\",\"dateModified\":\"2025-02-26T14:48:19+00:00\",\"description\":\"Descubra el sellador de tapas por inducci\u00f3n m\u00e1s potente de la industria. Super Seal Max\u2122 ofrece un poder de sellado y una eficiencia inigualables para lograr un sellado perfecto.\",\"breadcrumb\":{\"@id\":\"https:\\\/\\\/www.enerconind.com\\\/es\\\/sealing\\\/productos\\\/super-seal-max\\\/#breadcrumb\"},\"inLanguage\":\"en-US\",\"potentialAction\":[{\"@type\":\"ReadAction\",\"target\":[\"https:\\\/\\\/www.enerconind.com\\\/es\\\/sealing\\\/productos\\\/super-seal-max\\\/\"]}]},{\"@type\":\"ImageObject\",\"inLanguage\":\"en-US\",\"@id\":\"https:\\\/\\\/www.enerconind.com\\\/es\\\/sealing\\\/productos\\\/super-seal-max\\\/#primaryimage\",\"url\":\"https:\\\/\\\/media.enerconind.com\\\/wp-content\\\/uploads\\\/sites\\\/6\\\/2023\\\/06\\\/02150223\\\/SuperSeal-Max-left.png\",\"contentUrl\":\"https:\\\/\\\/media.enerconind.com\\\/wp-content\\\/uploads\\\/sites\\\/6\\\/2023\\\/06\\\/02150223\\\/SuperSeal-Max-left.png\",\"width\":2150,\"height\":1050},{\"@type\":\"BreadcrumbList\",\"@id\":\"https:\\\/\\\/www.enerconind.com\\\/es\\\/sealing\\\/productos\\\/super-seal-max\\\/#breadcrumb\",\"itemListElement\":[{\"@type\":\"ListItem\",\"position\":1,\"name\":\"Home\",\"item\":\"https:\\\/\\\/www.enerconind.com\\\/es\\\/\"},{\"@type\":\"ListItem\",\"position\":2,\"name\":\"Soluciones de sellado por inducci\u00f3n\",\"item\":\"https:\\\/\\\/www.enerconind.com\\\/es\\\/sealing\\\/\"},{\"@type\":\"ListItem\",\"position\":3,\"name\":\"Productos\",\"item\":\"https:\\\/\\\/www.enerconind.com\\\/es\\\/sealing\\\/productos\\\/\"},{\"@type\":\"ListItem\",\"position\":4,\"name\":\"Super Seal Max\"}]},{\"@type\":\"WebSite\",\"@id\":\"https:\\\/\\\/www.enerconind.com\\\/es\\\/#website\",\"url\":\"https:\\\/\\\/www.enerconind.com\\\/es\\\/\",\"name\":\"Enercon Industries - Espanol\",\"description\":\"\",\"potentialAction\":[{\"@type\":\"SearchAction\",\"target\":{\"@type\":\"EntryPoint\",\"urlTemplate\":\"https:\\\/\\\/www.enerconind.com\\\/es\\\/?s={search_term_string}\"},\"query-input\":{\"@type\":\"PropertyValueSpecification\",\"valueRequired\":true,\"valueName\":\"search_term_string\"}}],\"inLanguage\":\"en-US\"}]}<\/script>\n<!-- \/ Yoast SEO plugin. -->","yoast_head_json":{"title":"Super Seal Max - Enercon Industries - Espanol","description":"Descubra el sellador de tapas por inducci\u00f3n m\u00e1s potente de la industria. Super Seal Max\u2122 ofrece un poder de sellado y una eficiencia inigualables para lograr un sellado perfecto.","robots":{"index":"index","follow":"follow","max-snippet":"max-snippet:-1","max-image-preview":"max-image-preview:large","max-video-preview":"max-video-preview:-1"},"canonical":"https:\/\/www.enerconind.com\/es\/sealing\/productos\/super-seal-max\/","og_locale":"en_US","og_type":"article","og_title":"Super Seal Max - Enercon Industries - Espanol","og_description":"Descubra el sellador de tapas por inducci\u00f3n m\u00e1s potente de la industria. Super Seal Max\u2122 ofrece un poder de sellado y una eficiencia inigualables para lograr un sellado perfecto.","og_url":"https:\/\/www.enerconind.com\/es\/sealing\/productos\/super-seal-max\/","og_site_name":"Enercon Industries - Espanol","article_modified_time":"2025-02-26T14:48:19+00:00","og_image":[{"url":"https:\/\/www.enerconind.com\/es\/wp-content\/uploads\/sites\/6\/2023\/06\/SuperSeal-Max-left.png","type":"","width":"","height":""}],"twitter_card":"summary_large_image","twitter_misc":{"Est. reading time":"5 minutes"},"schema":{"@context":"https:\/\/schema.org","@graph":[{"@type":"WebPage","@id":"https:\/\/www.enerconind.com\/es\/sealing\/productos\/super-seal-max\/","url":"https:\/\/www.enerconind.com\/es\/sealing\/productos\/super-seal-max\/","name":"Super Seal Max - Enercon Industries - Espanol","isPartOf":{"@id":"https:\/\/www.enerconind.com\/es\/#website"},"primaryImageOfPage":{"@id":"https:\/\/www.enerconind.com\/es\/sealing\/productos\/super-seal-max\/#primaryimage"},"image":{"@id":"https:\/\/www.enerconind.com\/es\/sealing\/productos\/super-seal-max\/#primaryimage"},"thumbnailUrl":"https:\/\/www.enerconind.com\/es\/wp-content\/uploads\/sites\/6\/2023\/06\/SuperSeal-Max-left.png","datePublished":"2023-08-28T18:15:44+00:00","dateModified":"2025-02-26T14:48:19+00:00","description":"Descubra el sellador de tapas por inducci\u00f3n m\u00e1s potente de la industria. Super Seal Max\u2122 ofrece un poder de sellado y una eficiencia inigualables para lograr un sellado perfecto.","breadcrumb":{"@id":"https:\/\/www.enerconind.com\/es\/sealing\/productos\/super-seal-max\/#breadcrumb"},"inLanguage":"en-US","potentialAction":[{"@type":"ReadAction","target":["https:\/\/www.enerconind.com\/es\/sealing\/productos\/super-seal-max\/"]}]},{"@type":"ImageObject","inLanguage":"en-US","@id":"https:\/\/www.enerconind.com\/es\/sealing\/productos\/super-seal-max\/#primaryimage","url":"https:\/\/media.enerconind.com\/wp-content\/uploads\/sites\/6\/2023\/06\/02150223\/SuperSeal-Max-left.png","contentUrl":"https:\/\/media.enerconind.com\/wp-content\/uploads\/sites\/6\/2023\/06\/02150223\/SuperSeal-Max-left.png","width":2150,"height":1050},{"@type":"BreadcrumbList","@id":"https:\/\/www.enerconind.com\/es\/sealing\/productos\/super-seal-max\/#breadcrumb","itemListElement":[{"@type":"ListItem","position":1,"name":"Home","item":"https:\/\/www.enerconind.com\/es\/"},{"@type":"ListItem","position":2,"name":"Soluciones de sellado por inducci\u00f3n","item":"https:\/\/www.enerconind.com\/es\/sealing\/"},{"@type":"ListItem","position":3,"name":"Productos","item":"https:\/\/www.enerconind.com\/es\/sealing\/productos\/"},{"@type":"ListItem","position":4,"name":"Super Seal Max"}]},{"@type":"WebSite","@id":"https:\/\/www.enerconind.com\/es\/#website","url":"https:\/\/www.enerconind.com\/es\/","name":"Enercon Industries - Espanol","description":"","potentialAction":[{"@type":"SearchAction","target":{"@type":"EntryPoint","urlTemplate":"https:\/\/www.enerconind.com\/es\/?s={search_term_string}"},"query-input":{"@type":"PropertyValueSpecification","valueRequired":true,"valueName":"search_term_string"}}],"inLanguage":"en-US"}]}},"_links":{"self":[{"href":"https:\/\/www.enerconind.com\/es\/wp-json\/wp\/v2\/pages\/139","targetHints":{"allow":["GET"]}}],"collection":[{"href":"https:\/\/www.enerconind.com\/es\/wp-json\/wp\/v2\/pages"}],"about":[{"href":"https:\/\/www.enerconind.com\/es\/wp-json\/wp\/v2\/types\/page"}],"author":[{"embeddable":true,"href":"https:\/\/www.enerconind.com\/es\/wp-json\/wp\/v2\/users\/3"}],"replies":[{"embeddable":true,"href":"https:\/\/www.enerconind.com\/es\/wp-json\/wp\/v2\/comments?post=139"}],"version-history":[{"count":0,"href":"https:\/\/www.enerconind.com\/es\/wp-json\/wp\/v2\/pages\/139\/revisions"}],"up":[{"embeddable":true,"href":"https:\/\/www.enerconind.com\/es\/wp-json\/wp\/v2\/pages\/112"}],"wp:attachment":[{"href":"https:\/\/www.enerconind.com\/es\/wp-json\/wp\/v2\/media?parent=139"}],"curies":[{"name":"wp","href":"https:\/\/api.w.org\/{rel}","templated":true}]}}