{"id":115,"date":"2023-08-24T15:58:10","date_gmt":"2023-08-24T15:58:10","guid":{"rendered":"https:\/\/www.enerconind.com\/es\/aplicaciones\/quimicos\/"},"modified":"2024-08-21T14:35:36","modified_gmt":"2024-08-21T14:35:36","slug":"quimicos-lubricantes-productos-petroleos","status":"publish","type":"page","link":"https:\/\/www.enerconind.com\/es\/sealing\/aplicaciones\/quimicos-lubricantes-productos-petroleos\/","title":{"rendered":"Qu\u00edmicos, Lubricantes &amp; Productos Petr\u00f3leos"},"content":{"rendered":"\n\n\t\t<h1>\n\t\t\tSellos por Inducci\u00f3n en Envases Qu\u00edmicos, Lubricantes &amp; Productos Petr\u00f3leos\n\t\t<\/h1>\n\t\t\t<p>\u00bfSab\u00edas que el origen de los sellos de inducci\u00f3n, fue desarrollado para prevenir derrames, principalmente en envases de qu\u00edmicos? En la actualidad, las m\u00e1quinas selladoras por inducci\u00f3n son usados para sellar una amplia gama de productos qu\u00edmicos en agroqu\u00edmicos, automovil\u00edsticos, industriales y productos para limpieza de hogar.El sello por inducci\u00f3n crea una uni\u00f3n muy dura, conjunto con la boca de los envases qu\u00edmicos, lubricantes &amp; petroleros. Esta barrera previene que haya derrames de l\u00edquidos &amp; polvos peligrosos, durante el env\u00edo y mientras permanezca en el inventario.La gran mayor\u00eda de productos qu\u00edmicos producen gases, los cuales pueden ser venteados utilizando liners especiales con venteo. Como resultado, dichos envases est\u00e1n libre de colapso o inflado.Muchos de los envases petroleros y lubricantes tienen tapas dispensadoras \u00fanicos o formas irregulares. Enercon <a href=\"\/es\/sealing\/productos\/cabezales-de-sellado\/\">tiene cabezales de sellado especial<\/a>, los cuales acomodan los dise\u00f1os mencionados; y a su vez, mantienen eficiencia en el proceso de sellado por inducci\u00f3n.Enercon trabaja en conjunto con los empacadores, ayud\u00e1ndoles a sellar aceite de motor, aditivo automovil\u00edstico, anticongelante, grasa, lubricante, l\u00edquido de freno, aceite, fertilizante, pesticida, tratadores de \u00e1reas verdes, qu\u00edmicos industriales y productos de limpieza.<\/p>\t\t\n\t\t\t\t\t\t\t\t\t<img loading=\"lazy\" decoding=\"async\" src=\"https:\/\/media.enerconind.com\/wp-content\/uploads\/sites\/6\/2023\/09\/02150119\/applications-chemicals-lubricants-petroleum-scaled-1.jpg\" alt=\"applications-chemicals-lubricants-petroleum-scaled\" height=\"1707\" width=\"2560\" title=\"applications-chemicals-lubricants-petroleum-scaled\" \/>\n\t\t<h3>\n\t\t\tAMPLIAMENTE UTILIZADO\n\t\t\t\t\t\t\t\t\t\t\tUtilice sello por inducci\u00f3n para:\n\t\t<\/h3>\n\t\t<ul>\n\t\t\t\t\t<li>\n\t\t\t\t\n\t\t<p>Anticongelante<\/p>\t\t\t\n\t\t\t<\/li>\n\t\t\t\t\t<li>\n\t\t\t\t\n\t\t<p>L\u00edquido de los frenos<\/p>\t\t\t\n\t\t\t<\/li>\n\t\t\t\t\t<li>\n\t\t\t\t\n\t\t<p>Producto de limpieza<\/p>\t\t\t\n\t\t\t<\/li>\n\t\t\t\t\t<li>\n\t\t\t\t\n\t\t<p>Fertilizantes<\/p>\t\t\t\n\t\t\t<\/li>\n\t\t\t\t\t<li>\n\t\t\t\t\n\t\t<p>Aditivos para combustible<\/p>\t\t\t\n\t\t\t<\/li>\n\t\t\t\t\t<li>\n\t\t\t\t\n\t\t<p>Grasa<\/p>\t\t\t\n\t\t\t<\/li>\n\t\t\t\t\t<li>\n\t\t\t\t\n\t\t<p>Productos qu\u00edmicos para el hogar<\/p>\t\t\t\n\t\t\t<\/li>\n\t\t\t\t<\/ul>\n\t\t<ul>\n\t\t\t\t\t<li>\n\t\t\t\t\n\t\t<p>Productos qu\u00edmicos industriales<\/p>\t\t\t\n\t\t\t<\/li>\n\t\t\t\t\t<li>\n\t\t\t\t\n\t\t<p>Productos de motor<\/p>\t\t\t\n\t\t\t<\/li>\n\t\t\t\t\t<li>\n\t\t\t\t\n\t\t<p>Lubricantes<\/p>\t\t\t\n\t\t\t<\/li>\n\t\t\t\t\t<li>\n\t\t\t\t\n\t\t<p>Aceite de podadoras<\/p>\t\t\t\n\t\t\t<\/li>\n\t\t\t\t\t<li>\n\t\t\t\t\n\t\t<p>Petr\u00f3leo<\/p>\t\t\t\n\t\t\t<\/li>\n\t\t\t\t\t<li>\n\t\t\t\t\n\t\t<p>Pesticidas<\/p>\t\t\t\n\t\t\t<\/li>\n\t\t\t\t\t<li>\n\t\t\t\t\n\t\t<p>L\u00edquido del limpiaparabrisas<\/p>\t\t\t\n\t\t\t<\/li>\n\t\t\t\t<\/ul>\n\t\t\t<a href=\"\" target=\"_self\" rel=\"noopener\">\n\t\t\t\t\t\t\t<img decoding=\"async\" src=\"https:\/\/media.enerconind.com\/wp-content\/uploads\/sites\/6\/2023\/06\/02150219\/150C0003.jpg\" alt=\"\" \/>\n\t\t\t\t\tON DEMAND WEBINAR\n\t\t<h4>Achieve a Perfect Seal: Production Edition<\/h4>\n\t\t\t\t\t<p>Watch Now!<\/p>\t\t\t\t\n\t\t<\/a>\n\t\t<h2>\n\t\t\tDE NUESTRA BIBLIOTECA\n\t\t\t\t\t\t\t\t\t\t\tObtenga m\u00e1s informaci\u00f3n sobre el sellado de tapas\n\t\t<\/h2>\n\t<a href=\"\/es\/sealing\/biblioteca-de-sellado\/\" target=\"_self\" role=\"button\" aria-label=\"Ver Biblioteca\" rel=\"noopener\">\n\t\t\t\t\t\tVer Biblioteca\n\t\t\t<\/a>\n\n","protected":false},"excerpt":{"rendered":"<p>Sellos por Inducci\u00f3n en Envases Qu\u00edmicos, Lubricantes &amp; Productos Petr\u00f3leos \u00bfSab\u00edas que el origen de los sellos de inducci\u00f3n, fue desarrollado para prevenir derrames, principalmente en envases de qu\u00edmicos? En la actualidad, las m\u00e1quinas selladoras por inducci\u00f3n son usados para sellar una amplia gama de productos qu\u00edmicos en agroqu\u00edmicos, automovil\u00edsticos, industriales y productos para limpieza&hellip;<\/p>\n","protected":false},"author":3,"featured_media":0,"parent":111,"menu_order":6,"comment_status":"closed","ping_status":"closed","template":"","meta":{"_acf_changed":false,"footnotes":""},"class_list":["post-115","page","type-page","status-publish","hentry"],"acf":[],"yoast_head":"<!-- This site is optimized with the Yoast SEO plugin v27.4 - https:\/\/yoast.com\/product\/yoast-seo-wordpress\/ -->\n<title>Qu\u00edmicos, Lubricantes &amp; Productos Petr\u00f3leos - Enercon Industries - Espanol<\/title>\n<meta name=\"description\" content=\"Evite fugas de l\u00edquidos y polvos peligrosos con la tapa de inducci\u00f3n que sella las botellas de productos qu\u00edmicos, lubricantes y petr\u00f3leo.\" \/>\n<meta name=\"robots\" content=\"index, follow, max-snippet:-1, max-image-preview:large, max-video-preview:-1\" \/>\n<link rel=\"canonical\" href=\"https:\/\/www.enerconind.com\/es\/sealing\/aplicaciones\/quimicos-lubricantes-productos-petroleos\/\" \/>\n<meta property=\"og:locale\" content=\"en_US\" \/>\n<meta property=\"og:type\" content=\"article\" \/>\n<meta property=\"og:title\" content=\"Qu\u00edmicos, Lubricantes &amp; Productos Petr\u00f3leos - Enercon Industries - Espanol\" \/>\n<meta property=\"og:description\" content=\"Evite fugas de l\u00edquidos y polvos peligrosos con la tapa de inducci\u00f3n que sella las botellas de productos qu\u00edmicos, lubricantes y petr\u00f3leo.\" \/>\n<meta property=\"og:url\" content=\"https:\/\/www.enerconind.com\/es\/sealing\/aplicaciones\/quimicos-lubricantes-productos-petroleos\/\" \/>\n<meta property=\"og:site_name\" content=\"Enercon Industries - Espanol\" \/>\n<meta property=\"article:modified_time\" content=\"2024-08-21T14:35:36+00:00\" \/>\n<meta property=\"og:image\" content=\"https:\/\/www.enerconind.com\/es\/wp-content\/uploads\/sites\/6\/2023\/09\/applications-chemicals-lubricants-petroleum-scaled-1.jpg\" \/>\n<meta name=\"twitter:card\" content=\"summary_large_image\" \/>\n<meta name=\"twitter:label1\" content=\"Est. reading time\" \/>\n\t<meta name=\"twitter:data1\" content=\"2 minutes\" \/>\n<script type=\"application\/ld+json\" class=\"yoast-schema-graph\">{\"@context\":\"https:\\\/\\\/schema.org\",\"@graph\":[{\"@type\":\"WebPage\",\"@id\":\"https:\\\/\\\/www.enerconind.com\\\/es\\\/sealing\\\/aplicaciones\\\/quimicos-lubricantes-productos-petroleos\\\/\",\"url\":\"https:\\\/\\\/www.enerconind.com\\\/es\\\/sealing\\\/aplicaciones\\\/quimicos-lubricantes-productos-petroleos\\\/\",\"name\":\"Qu\u00edmicos, Lubricantes &amp; Productos Petr\u00f3leos - Enercon Industries - Espanol\",\"isPartOf\":{\"@id\":\"https:\\\/\\\/www.enerconind.com\\\/es\\\/#website\"},\"primaryImageOfPage\":{\"@id\":\"https:\\\/\\\/www.enerconind.com\\\/es\\\/sealing\\\/aplicaciones\\\/quimicos-lubricantes-productos-petroleos\\\/#primaryimage\"},\"image\":{\"@id\":\"https:\\\/\\\/www.enerconind.com\\\/es\\\/sealing\\\/aplicaciones\\\/quimicos-lubricantes-productos-petroleos\\\/#primaryimage\"},\"thumbnailUrl\":\"https:\\\/\\\/www.enerconind.com\\\/es\\\/wp-content\\\/uploads\\\/sites\\\/6\\\/2023\\\/09\\\/applications-chemicals-lubricants-petroleum-scaled-1.jpg\",\"datePublished\":\"2023-08-24T15:58:10+00:00\",\"dateModified\":\"2024-08-21T14:35:36+00:00\",\"description\":\"Evite fugas de l\u00edquidos y polvos peligrosos con la tapa de inducci\u00f3n que sella las botellas de productos qu\u00edmicos, lubricantes y petr\u00f3leo.\",\"breadcrumb\":{\"@id\":\"https:\\\/\\\/www.enerconind.com\\\/es\\\/sealing\\\/aplicaciones\\\/quimicos-lubricantes-productos-petroleos\\\/#breadcrumb\"},\"inLanguage\":\"en-US\",\"potentialAction\":[{\"@type\":\"ReadAction\",\"target\":[\"https:\\\/\\\/www.enerconind.com\\\/es\\\/sealing\\\/aplicaciones\\\/quimicos-lubricantes-productos-petroleos\\\/\"]}]},{\"@type\":\"ImageObject\",\"inLanguage\":\"en-US\",\"@id\":\"https:\\\/\\\/www.enerconind.com\\\/es\\\/sealing\\\/aplicaciones\\\/quimicos-lubricantes-productos-petroleos\\\/#primaryimage\",\"url\":\"https:\\\/\\\/media.enerconind.com\\\/wp-content\\\/uploads\\\/sites\\\/6\\\/2023\\\/09\\\/02150119\\\/applications-chemicals-lubricants-petroleum-scaled-1.jpg\",\"contentUrl\":\"https:\\\/\\\/media.enerconind.com\\\/wp-content\\\/uploads\\\/sites\\\/6\\\/2023\\\/09\\\/02150119\\\/applications-chemicals-lubricants-petroleum-scaled-1.jpg\",\"width\":2560,\"height\":1707},{\"@type\":\"BreadcrumbList\",\"@id\":\"https:\\\/\\\/www.enerconind.com\\\/es\\\/sealing\\\/aplicaciones\\\/quimicos-lubricantes-productos-petroleos\\\/#breadcrumb\",\"itemListElement\":[{\"@type\":\"ListItem\",\"position\":1,\"name\":\"Home\",\"item\":\"https:\\\/\\\/www.enerconind.com\\\/es\\\/\"},{\"@type\":\"ListItem\",\"position\":2,\"name\":\"Soluciones de sellado por inducci\u00f3n\",\"item\":\"https:\\\/\\\/www.enerconind.com\\\/es\\\/sealing\\\/\"},{\"@type\":\"ListItem\",\"position\":3,\"name\":\"Aplicaciones\",\"item\":\"https:\\\/\\\/www.enerconind.com\\\/es\\\/sealing\\\/aplicaciones\\\/\"},{\"@type\":\"ListItem\",\"position\":4,\"name\":\"Qu\u00edmicos, Lubricantes &amp; Productos Petr\u00f3leos\"}]},{\"@type\":\"WebSite\",\"@id\":\"https:\\\/\\\/www.enerconind.com\\\/es\\\/#website\",\"url\":\"https:\\\/\\\/www.enerconind.com\\\/es\\\/\",\"name\":\"Enercon Industries - Espanol\",\"description\":\"\",\"potentialAction\":[{\"@type\":\"SearchAction\",\"target\":{\"@type\":\"EntryPoint\",\"urlTemplate\":\"https:\\\/\\\/www.enerconind.com\\\/es\\\/?s={search_term_string}\"},\"query-input\":{\"@type\":\"PropertyValueSpecification\",\"valueRequired\":true,\"valueName\":\"search_term_string\"}}],\"inLanguage\":\"en-US\"}]}<\/script>\n<!-- \/ Yoast SEO plugin. -->","yoast_head_json":{"title":"Qu\u00edmicos, Lubricantes &amp; Productos Petr\u00f3leos - Enercon Industries - Espanol","description":"Evite fugas de l\u00edquidos y polvos peligrosos con la tapa de inducci\u00f3n que sella las botellas de productos qu\u00edmicos, lubricantes y petr\u00f3leo.","robots":{"index":"index","follow":"follow","max-snippet":"max-snippet:-1","max-image-preview":"max-image-preview:large","max-video-preview":"max-video-preview:-1"},"canonical":"https:\/\/www.enerconind.com\/es\/sealing\/aplicaciones\/quimicos-lubricantes-productos-petroleos\/","og_locale":"en_US","og_type":"article","og_title":"Qu\u00edmicos, Lubricantes &amp; Productos Petr\u00f3leos - Enercon Industries - Espanol","og_description":"Evite fugas de l\u00edquidos y polvos peligrosos con la tapa de inducci\u00f3n que sella las botellas de productos qu\u00edmicos, lubricantes y petr\u00f3leo.","og_url":"https:\/\/www.enerconind.com\/es\/sealing\/aplicaciones\/quimicos-lubricantes-productos-petroleos\/","og_site_name":"Enercon Industries - Espanol","article_modified_time":"2024-08-21T14:35:36+00:00","og_image":[{"url":"https:\/\/www.enerconind.com\/es\/wp-content\/uploads\/sites\/6\/2023\/09\/applications-chemicals-lubricants-petroleum-scaled-1.jpg","type":"","width":"","height":""}],"twitter_card":"summary_large_image","twitter_misc":{"Est. reading time":"2 minutes"},"schema":{"@context":"https:\/\/schema.org","@graph":[{"@type":"WebPage","@id":"https:\/\/www.enerconind.com\/es\/sealing\/aplicaciones\/quimicos-lubricantes-productos-petroleos\/","url":"https:\/\/www.enerconind.com\/es\/sealing\/aplicaciones\/quimicos-lubricantes-productos-petroleos\/","name":"Qu\u00edmicos, Lubricantes &amp; Productos Petr\u00f3leos - Enercon Industries - Espanol","isPartOf":{"@id":"https:\/\/www.enerconind.com\/es\/#website"},"primaryImageOfPage":{"@id":"https:\/\/www.enerconind.com\/es\/sealing\/aplicaciones\/quimicos-lubricantes-productos-petroleos\/#primaryimage"},"image":{"@id":"https:\/\/www.enerconind.com\/es\/sealing\/aplicaciones\/quimicos-lubricantes-productos-petroleos\/#primaryimage"},"thumbnailUrl":"https:\/\/www.enerconind.com\/es\/wp-content\/uploads\/sites\/6\/2023\/09\/applications-chemicals-lubricants-petroleum-scaled-1.jpg","datePublished":"2023-08-24T15:58:10+00:00","dateModified":"2024-08-21T14:35:36+00:00","description":"Evite fugas de l\u00edquidos y polvos peligrosos con la tapa de inducci\u00f3n que sella las botellas de productos qu\u00edmicos, lubricantes y petr\u00f3leo.","breadcrumb":{"@id":"https:\/\/www.enerconind.com\/es\/sealing\/aplicaciones\/quimicos-lubricantes-productos-petroleos\/#breadcrumb"},"inLanguage":"en-US","potentialAction":[{"@type":"ReadAction","target":["https:\/\/www.enerconind.com\/es\/sealing\/aplicaciones\/quimicos-lubricantes-productos-petroleos\/"]}]},{"@type":"ImageObject","inLanguage":"en-US","@id":"https:\/\/www.enerconind.com\/es\/sealing\/aplicaciones\/quimicos-lubricantes-productos-petroleos\/#primaryimage","url":"https:\/\/media.enerconind.com\/wp-content\/uploads\/sites\/6\/2023\/09\/02150119\/applications-chemicals-lubricants-petroleum-scaled-1.jpg","contentUrl":"https:\/\/media.enerconind.com\/wp-content\/uploads\/sites\/6\/2023\/09\/02150119\/applications-chemicals-lubricants-petroleum-scaled-1.jpg","width":2560,"height":1707},{"@type":"BreadcrumbList","@id":"https:\/\/www.enerconind.com\/es\/sealing\/aplicaciones\/quimicos-lubricantes-productos-petroleos\/#breadcrumb","itemListElement":[{"@type":"ListItem","position":1,"name":"Home","item":"https:\/\/www.enerconind.com\/es\/"},{"@type":"ListItem","position":2,"name":"Soluciones de sellado por inducci\u00f3n","item":"https:\/\/www.enerconind.com\/es\/sealing\/"},{"@type":"ListItem","position":3,"name":"Aplicaciones","item":"https:\/\/www.enerconind.com\/es\/sealing\/aplicaciones\/"},{"@type":"ListItem","position":4,"name":"Qu\u00edmicos, Lubricantes &amp; Productos Petr\u00f3leos"}]},{"@type":"WebSite","@id":"https:\/\/www.enerconind.com\/es\/#website","url":"https:\/\/www.enerconind.com\/es\/","name":"Enercon Industries - Espanol","description":"","potentialAction":[{"@type":"SearchAction","target":{"@type":"EntryPoint","urlTemplate":"https:\/\/www.enerconind.com\/es\/?s={search_term_string}"},"query-input":{"@type":"PropertyValueSpecification","valueRequired":true,"valueName":"search_term_string"}}],"inLanguage":"en-US"}]}},"_links":{"self":[{"href":"https:\/\/www.enerconind.com\/es\/wp-json\/wp\/v2\/pages\/115","targetHints":{"allow":["GET"]}}],"collection":[{"href":"https:\/\/www.enerconind.com\/es\/wp-json\/wp\/v2\/pages"}],"about":[{"href":"https:\/\/www.enerconind.com\/es\/wp-json\/wp\/v2\/types\/page"}],"author":[{"embeddable":true,"href":"https:\/\/www.enerconind.com\/es\/wp-json\/wp\/v2\/users\/3"}],"replies":[{"embeddable":true,"href":"https:\/\/www.enerconind.com\/es\/wp-json\/wp\/v2\/comments?post=115"}],"version-history":[{"count":0,"href":"https:\/\/www.enerconind.com\/es\/wp-json\/wp\/v2\/pages\/115\/revisions"}],"up":[{"embeddable":true,"href":"https:\/\/www.enerconind.com\/es\/wp-json\/wp\/v2\/pages\/111"}],"wp:attachment":[{"href":"https:\/\/www.enerconind.com\/es\/wp-json\/wp\/v2\/media?parent=115"}],"curies":[{"name":"wp","href":"https:\/\/api.w.org\/{rel}","templated":true}]}}