{"id":111,"date":"2023-08-24T15:58:08","date_gmt":"2023-08-24T15:58:08","guid":{"rendered":"https:\/\/www.enerconind.com\/es\/aplicaciones\/"},"modified":"2024-08-21T14:34:59","modified_gmt":"2024-08-21T14:34:59","slug":"aplicaciones","status":"publish","type":"page","link":"https:\/\/www.enerconind.com\/es\/sealing\/aplicaciones\/","title":{"rendered":"Aplicaciones"},"content":{"rendered":"\n\n\t\t<h1>\n\t\t\tEncuentre la mejor soluci\u00f3n de sellado de tapas para su aplicaci\u00f3n\n\t\t<\/h1>\n\t\t\t<p>Los selladores de tapas de Enercon sellan miles de millones de contenedores cada d\u00eda. Se han ganado la reputaci\u00f3n de ser los mejores selladores de tapas por inducci\u00f3n debido a su confiabilidad, rendimiento y caracter\u00edsticas innovadoras.Utilice nuestros selladores de tapas para:<\/p>\t\t\n\t<ul>\n\t\t\t<li>\n\t\t\t\tAlimentos, bebidas y productos l\u00e1cteos para mantener la frescura\n\t\t\t<\/li>\n\t\t\t<li>\n\t\t\t\tProductos qu\u00edmicos y aceites de sellado para la prevenci\u00f3n de fugas\n\t\t\t<\/li>\n\t\t\t<li>\n\t\t\t\tProductos farmac\u00e9uticos para pruebas de manipulaci\u00f3n\n\t\t\t<\/li>\n\t\t<\/ul>\n\t<p>Los enlaces que aparecen a continuaci\u00f3n, ofrecen conocimientos de nuestros expertos en las aplicaciones m\u00e1s comunes, para sellar todos tipo de productos. En caso de tener preguntas adicionales, favor cont\u00e1ctanos.<\/p>\n\t\t\t\n\t\t\t\t\tPlay Video\n\t\t<h2>\n\t\t\tSELLADO DE TAPA\n\t\t\t\t\t\t\t\t\t\t\tAplicaciones\n\t\t<\/h2>\n\t\t\t\t<a href=\"https:\/\/www.enerconind.com\/es\/sealing\/aplicaciones\/bebidas-comidas-productos-lacteos-new\/\" target=\"_self\" rel=\"noopener\">\n\t\t\t\t<img loading=\"lazy\" decoding=\"async\" src=\"https:\/\/media.enerconind.com\/wp-content\/uploads\/sites\/6\/2023\/06\/02150218\/iStock-638313312-scaled-1.jpg\" alt=\"iStock-638313312-scaled-1\" height=\"1667\" width=\"2500\" title=\"iStock-638313312-scaled-1\" \/>\n\t\t\t\t<\/a>\n\t\t<h2>\n\t\t\t\t\t\t\t<a href=\"https:\/\/www.enerconind.com\/es\/sealing\/aplicaciones\/bebidas-comidas-productos-lacteos-new\/\" target=\"_self\" rel=\"noopener\">\n\t\t\tBebidas, alimentos &amp; l\u00e1cteos\n\t\t\t\t\t\t\t<\/a>\n\t\t<\/h2>\n\t\t\t<p>Preserva la frescura, previene fugas y disuade la manipulaci\u00f3n de productos<\/p>\t\t\n\t<a href=\"https:\/\/www.enerconind.com\/es\/sealing\/aplicaciones\/bebidas-comidas-productos-lacteos-new\/\" target=\"_self\" role=\"button\" aria-label=\"Ver solicitud\" rel=\"noopener\">\n\t\t\t\t\t\tVer solicitud\n\t\t\t\t\t<\/a>\n\t\t\t\t<a href=\"\/es\/sealing\/aplicaciones\/quimicos-lubricantes-productos-petroleos\/\" target=\"_self\" rel=\"noopener\">\n\t\t\t\t<img loading=\"lazy\" decoding=\"async\" src=\"https:\/\/media.enerconind.com\/wp-content\/uploads\/sites\/6\/2023\/06\/02150217\/iStock-614446614-scaled-1.jpg\" alt=\"iStock-614446614-scaled-1\" height=\"1667\" width=\"2500\" title=\"iStock-614446614-scaled-1\" \/>\n\t\t\t\t<\/a>\n\t\t<h2>\n\t\t\t\t\t\t\t<a href=\"\/es\/sealing\/aplicaciones\/quimicos-lubricantes-productos-petroleos\/\" target=\"_self\" rel=\"noopener\">\n\t\t\tProductos qu\u00edmicos, lubricantes &amp; petr\u00f3leo\n\t\t\t\t\t\t\t<\/a>\n\t\t<\/h2>\n\t\t\t<p>Evite que los contenedores tengan fugas.<\/p>\t\t\n\t<a href=\"\/es\/sealing\/aplicaciones\/quimicos-lubricantes-productos-petroleos\/\" target=\"_self\" role=\"button\" aria-label=\"Ver solicitud\" rel=\"noopener\">\n\t\t\t\t\t\tVer solicitud\n\t\t\t\t\t<\/a>\n\t\t\t\t<a href=\"https:\/\/www.enerconind.com\/es\/sealing\/aplicaciones\/cosmeticos-productos-para-el-cuidado-personal\/\" target=\"_self\" rel=\"noopener\">\n\t\t\t\t<img loading=\"lazy\" decoding=\"async\" src=\"https:\/\/media.enerconind.com\/wp-content\/uploads\/sites\/6\/2023\/06\/02150216\/iStock-1014702442-scaled-1.jpg\" alt=\"iStock-1014702442-scaled-1\" height=\"1667\" width=\"2500\" title=\"iStock-1014702442-scaled-1\" \/>\n\t\t\t\t<\/a>\n\t\t<h2>\n\t\t\t\t\t\t\t<a href=\"https:\/\/www.enerconind.com\/es\/sealing\/aplicaciones\/cosmeticos-productos-para-el-cuidado-personal\/\" target=\"_self\" rel=\"noopener\">\n\t\t\tCosm\u00e9ticos &amp; cuidado personal\n\t\t\t\t\t\t\t<\/a>\n\t\t<\/h2>\n\t\t\t<p>Garantice la confianza del consumidor y preserve la integridad del producto.<\/p>\t\t\n\t<a href=\"https:\/\/www.enerconind.com\/es\/sealing\/aplicaciones\/cosmeticos-productos-para-el-cuidado-personal\/\" target=\"_self\" role=\"button\" aria-label=\"Ver solicitud\" rel=\"noopener\">\n\t\t\t\t\t\tVer solicitud\n\t\t\t\t\t<\/a>\n\t\t\t\t<a href=\"https:\/\/www.enerconind.com\/es\/sealing\/aplicaciones\/farmaceutico\/\" target=\"_self\" rel=\"noopener\">\n\t\t\t\t<img loading=\"lazy\" decoding=\"async\" src=\"https:\/\/media.enerconind.com\/wp-content\/uploads\/sites\/6\/2023\/06\/02150216\/iStock-860436742-scaled-1.jpg\" alt=\"iStock-860436742-scaled-1\" height=\"1667\" width=\"2500\" title=\"iStock-860436742-scaled-1\" \/>\n\t\t\t\t<\/a>\n\t\t<h2>\n\t\t\t\t\t\t\t<a href=\"https:\/\/www.enerconind.com\/es\/sealing\/aplicaciones\/farmaceutico\/\" target=\"_self\" rel=\"noopener\">\n\t\t\tFarmac\u00e9utico\n\t\t\t\t\t\t\t<\/a>\n\t\t<\/h2>\n\t\t\t<p>Proporcione pruebas de manipulaci\u00f3n y cumpla con el cumplimiento de la FDA.<\/p>\t\t\n\t<a href=\"https:\/\/www.enerconind.com\/es\/sealing\/aplicaciones\/farmaceutico\/\" target=\"_self\" role=\"button\" aria-label=\"Ver solicitud\" rel=\"noopener\">\n\t\t\t\t\t\tVer solicitud\n\t\t\t\t\t<\/a>\n\t\t\t\t<a href=\"https:\/\/www.enerconind.com\/es\/sealing\/aplicaciones\/nutraceutica\/\" target=\"_self\" rel=\"noopener\">\n\t\t\t\t<img loading=\"lazy\" decoding=\"async\" src=\"https:\/\/media.enerconind.com\/wp-content\/uploads\/sites\/6\/2023\/06\/02150215\/iStock-531872804-scaled-1.jpg\" alt=\"iStock-531872804-scaled-1\" height=\"1669\" width=\"2500\" title=\"iStock-531872804-scaled-1\" \/>\n\t\t\t\t<\/a>\n\t\t<h2>\n\t\t\t\t\t\t\t<a href=\"https:\/\/www.enerconind.com\/es\/sealing\/aplicaciones\/nutraceutica\/\" target=\"_self\" rel=\"noopener\">\n\t\t\tNutrac\u00e9utico\n\t\t\t\t\t\t\t<\/a>\n\t\t<\/h2>\n\t\t\t<p>Bloquea el ox\u00edgeno y la humedad de los productos contaminantes.<\/p>\t\t\n\t<a href=\"https:\/\/www.enerconind.com\/es\/sealing\/aplicaciones\/nutraceutica\/\" target=\"_self\" role=\"button\" aria-label=\"Ver solicitud\" rel=\"noopener\">\n\t\t\t\t\t\tVer solicitud\n\t\t\t\t\t<\/a>\n\t\t\t\t<a href=\"https:\/\/www.enerconind.com\/es\/sealing\/aplicaciones\/liquidos-y-polvos\/\" target=\"_self\" rel=\"noopener\">\n\t\t\t\t<img loading=\"lazy\" decoding=\"async\" src=\"https:\/\/media.enerconind.com\/wp-content\/uploads\/sites\/6\/2023\/06\/02150214\/iStock-524150282-scaled-1.jpg\" alt=\"iStock-524150282-scaled-1\" height=\"1634\" width=\"2500\" title=\"iStock-524150282-scaled-1\" \/>\n\t\t\t\t<\/a>\n\t\t<h2>\n\t\t\t\t\t\t\t<a href=\"https:\/\/www.enerconind.com\/es\/sealing\/aplicaciones\/liquidos-y-polvos\/\" target=\"_self\" rel=\"noopener\">\n\t\t\tL\u00edquidos &amp; polvos\n\t\t\t\t\t\t\t<\/a>\n\t\t<\/h2>\n\t\t\t<p>Obtenga informaci\u00f3n sobre c\u00f3mo sellar productos secos y l\u00edquidos.<\/p>\t\t\n\t<a href=\"https:\/\/www.enerconind.com\/es\/sealing\/aplicaciones\/liquidos-y-polvos\/\" target=\"_self\" role=\"button\" aria-label=\"Ver solicitud\" rel=\"noopener\">\n\t\t\t\t\t\tVer solicitud\n\t\t\t\t\t<\/a>\n\t\t\t\t<a href=\"https:\/\/www.enerconind.com\/es\/sealing\/aplicaciones\/tipos-de-cierre-y-tapas\/\" target=\"_self\" rel=\"noopener\">\n\t\t\t\t<img loading=\"lazy\" decoding=\"async\" src=\"https:\/\/media.enerconind.com\/wp-content\/uploads\/sites\/6\/2023\/06\/02150212\/enercon-caps-1.png\" alt=\"enercon-caps-1\" height=\"770\" width=\"1088\" title=\"enercon-caps-1\" \/>\n\t\t\t\t<\/a>\n\t\t<h2>\n\t\t\t\t\t\t\t<a href=\"https:\/\/www.enerconind.com\/es\/sealing\/aplicaciones\/tipos-de-cierre-y-tapas\/\" target=\"_self\" rel=\"noopener\">\n\t\t\tTipos de cierre\n\t\t\t\t\t\t\t<\/a>\n\t\t<\/h2>\n\t\t\t<p>El estilo de la tapa es una consideraci\u00f3n importante al sellar sus productos.<\/p>\t\t\n\t<a href=\"https:\/\/www.enerconind.com\/es\/sealing\/aplicaciones\/tipos-de-cierre-y-tapas\/\" target=\"_self\" role=\"button\" aria-label=\"Ver solicitud\" rel=\"noopener\">\n\t\t\t\t\t\tVer solicitud\n\t\t\t\t\t<\/a>\n\t\t\t\t<a href=\"https:\/\/www.enerconind.com\/es\/sealing\/aplicaciones\/tipos-de-cierre-y-tapas\/\" target=\"_self\" rel=\"noopener\">\n\t\t\t\t<img decoding=\"async\" src=\"https:\/\/www.enerconind.com\/es\/wp-content\/plugins\/bb-plugin\/img\/pixel.png\" alt=\"\" \/>\n\t\t\t\t<\/a>\n\t\t\n\t\t<h2>\n\t\t\tPONERSE EN CONTACTO\n\t\t\t\t\t\t\t\t\t\t\tObtenga informaci\u00f3n gratuita de expertos sobre sus productos de sellado de tapas.\n\t\t<\/h2>\n\t\t\t<p>Nuestros expertos lo ayudar\u00e1n a solucionar problemas existentes y encontrar soluciones para sus proyectos futuros. Ll\u00e1menos al +1 262.255.6070.<\/p>\t\t\n\n","protected":false},"excerpt":{"rendered":"<p>Encuentre la mejor soluci\u00f3n de sellado de tapas para su aplicaci\u00f3n Los selladores de tapas de Enercon sellan miles de millones de contenedores cada d\u00eda. Se han ganado la reputaci\u00f3n de ser los mejores selladores de tapas por inducci\u00f3n debido a su confiabilidad, rendimiento y caracter\u00edsticas innovadoras.Utilice nuestros selladores de tapas para: Alimentos, bebidas y&hellip;<\/p>\n","protected":false},"author":3,"featured_media":0,"parent":64,"menu_order":0,"comment_status":"closed","ping_status":"closed","template":"","meta":{"_acf_changed":false,"footnotes":""},"class_list":["post-111","page","type-page","status-publish","hentry"],"acf":[],"yoast_head":"<!-- This site is optimized with the Yoast SEO plugin v27.2 - https:\/\/yoast.com\/product\/yoast-seo-wordpress\/ -->\n<title>Aplicaciones - Enercon Industries - Espanol<\/title>\n<meta name=\"description\" content=\"Obtenga informaci\u00f3n sobre c\u00f3mo los envasadores conf\u00edan en Enercon para lograr un sellado perfecto en muchas industrias, incluidas las de alimentos, bebidas y productos l\u00e1cteos para obtener frescura, productos qu\u00edmicos y aceites para la prevenci\u00f3n de fugas, productos farmac\u00e9uticos para evidencia de manipulaci\u00f3n y m\u00e1s.\" \/>\n<meta name=\"robots\" content=\"index, follow, max-snippet:-1, max-image-preview:large, max-video-preview:-1\" \/>\n<link rel=\"canonical\" href=\"https:\/\/www.enerconind.com\/es\/sealing\/aplicaciones\/\" \/>\n<meta property=\"og:locale\" content=\"en_US\" \/>\n<meta property=\"og:type\" content=\"article\" \/>\n<meta property=\"og:title\" content=\"Aplicaciones - Enercon Industries - Espanol\" \/>\n<meta property=\"og:description\" content=\"Obtenga informaci\u00f3n sobre c\u00f3mo los envasadores conf\u00edan en Enercon para lograr un sellado perfecto en muchas industrias, incluidas las de alimentos, bebidas y productos l\u00e1cteos para obtener frescura, productos qu\u00edmicos y aceites para la prevenci\u00f3n de fugas, productos farmac\u00e9uticos para evidencia de manipulaci\u00f3n y m\u00e1s.\" \/>\n<meta property=\"og:url\" content=\"https:\/\/www.enerconind.com\/es\/sealing\/aplicaciones\/\" \/>\n<meta property=\"og:site_name\" content=\"Enercon Industries - Espanol\" \/>\n<meta property=\"article:modified_time\" content=\"2024-08-21T14:34:59+00:00\" \/>\n<meta property=\"og:image\" content=\"https:\/\/www.enerconind.com\/es\/wp-content\/uploads\/sites\/6\/2023\/06\/iStock-638313312-scaled-1.jpg\" \/>\n<meta name=\"twitter:card\" content=\"summary_large_image\" \/>\n<meta name=\"twitter:label1\" content=\"Est. reading time\" \/>\n\t<meta name=\"twitter:data1\" content=\"3 minutes\" \/>\n<script type=\"application\/ld+json\" class=\"yoast-schema-graph\">{\"@context\":\"https:\/\/schema.org\",\"@graph\":[{\"@type\":\"WebPage\",\"@id\":\"https:\/\/www.enerconind.com\/es\/sealing\/aplicaciones\/\",\"url\":\"https:\/\/www.enerconind.com\/es\/sealing\/aplicaciones\/\",\"name\":\"Aplicaciones - Enercon Industries - Espanol\",\"isPartOf\":{\"@id\":\"https:\/\/www.enerconind.com\/es\/#website\"},\"primaryImageOfPage\":{\"@id\":\"https:\/\/www.enerconind.com\/es\/sealing\/aplicaciones\/#primaryimage\"},\"image\":{\"@id\":\"https:\/\/www.enerconind.com\/es\/sealing\/aplicaciones\/#primaryimage\"},\"thumbnailUrl\":\"https:\/\/www.enerconind.com\/es\/wp-content\/uploads\/sites\/6\/2023\/06\/iStock-638313312-scaled-1.jpg\",\"datePublished\":\"2023-08-24T15:58:08+00:00\",\"dateModified\":\"2024-08-21T14:34:59+00:00\",\"description\":\"Obtenga informaci\u00f3n sobre c\u00f3mo los envasadores conf\u00edan en Enercon para lograr un sellado perfecto en muchas industrias, incluidas las de alimentos, bebidas y productos l\u00e1cteos para obtener frescura, productos qu\u00edmicos y aceites para la prevenci\u00f3n de fugas, productos farmac\u00e9uticos para evidencia de manipulaci\u00f3n y m\u00e1s.\",\"breadcrumb\":{\"@id\":\"https:\/\/www.enerconind.com\/es\/sealing\/aplicaciones\/#breadcrumb\"},\"inLanguage\":\"en-US\",\"potentialAction\":[{\"@type\":\"ReadAction\",\"target\":[\"https:\/\/www.enerconind.com\/es\/sealing\/aplicaciones\/\"]}]},{\"@type\":\"ImageObject\",\"inLanguage\":\"en-US\",\"@id\":\"https:\/\/www.enerconind.com\/es\/sealing\/aplicaciones\/#primaryimage\",\"url\":\"https:\/\/media.enerconind.com\/wp-content\/uploads\/sites\/6\/2023\/06\/02150218\/iStock-638313312-scaled-1.jpg\",\"contentUrl\":\"https:\/\/media.enerconind.com\/wp-content\/uploads\/sites\/6\/2023\/06\/02150218\/iStock-638313312-scaled-1.jpg\",\"width\":2500,\"height\":1667},{\"@type\":\"BreadcrumbList\",\"@id\":\"https:\/\/www.enerconind.com\/es\/sealing\/aplicaciones\/#breadcrumb\",\"itemListElement\":[{\"@type\":\"ListItem\",\"position\":1,\"name\":\"Home\",\"item\":\"https:\/\/www.enerconind.com\/es\/\"},{\"@type\":\"ListItem\",\"position\":2,\"name\":\"Soluciones de sellado por inducci\u00f3n\",\"item\":\"https:\/\/www.enerconind.com\/es\/sealing\/\"},{\"@type\":\"ListItem\",\"position\":3,\"name\":\"Aplicaciones\"}]},{\"@type\":\"WebSite\",\"@id\":\"https:\/\/www.enerconind.com\/es\/#website\",\"url\":\"https:\/\/www.enerconind.com\/es\/\",\"name\":\"Enercon Industries - Espanol\",\"description\":\"\",\"potentialAction\":[{\"@type\":\"SearchAction\",\"target\":{\"@type\":\"EntryPoint\",\"urlTemplate\":\"https:\/\/www.enerconind.com\/es\/?s={search_term_string}\"},\"query-input\":{\"@type\":\"PropertyValueSpecification\",\"valueRequired\":true,\"valueName\":\"search_term_string\"}}],\"inLanguage\":\"en-US\"}]}<\/script>\n<!-- \/ Yoast SEO plugin. -->","yoast_head_json":{"title":"Aplicaciones - Enercon Industries - Espanol","description":"Obtenga informaci\u00f3n sobre c\u00f3mo los envasadores conf\u00edan en Enercon para lograr un sellado perfecto en muchas industrias, incluidas las de alimentos, bebidas y productos l\u00e1cteos para obtener frescura, productos qu\u00edmicos y aceites para la prevenci\u00f3n de fugas, productos farmac\u00e9uticos para evidencia de manipulaci\u00f3n y m\u00e1s.","robots":{"index":"index","follow":"follow","max-snippet":"max-snippet:-1","max-image-preview":"max-image-preview:large","max-video-preview":"max-video-preview:-1"},"canonical":"https:\/\/www.enerconind.com\/es\/sealing\/aplicaciones\/","og_locale":"en_US","og_type":"article","og_title":"Aplicaciones - Enercon Industries - Espanol","og_description":"Obtenga informaci\u00f3n sobre c\u00f3mo los envasadores conf\u00edan en Enercon para lograr un sellado perfecto en muchas industrias, incluidas las de alimentos, bebidas y productos l\u00e1cteos para obtener frescura, productos qu\u00edmicos y aceites para la prevenci\u00f3n de fugas, productos farmac\u00e9uticos para evidencia de manipulaci\u00f3n y m\u00e1s.","og_url":"https:\/\/www.enerconind.com\/es\/sealing\/aplicaciones\/","og_site_name":"Enercon Industries - Espanol","article_modified_time":"2024-08-21T14:34:59+00:00","og_image":[{"url":"https:\/\/www.enerconind.com\/es\/wp-content\/uploads\/sites\/6\/2023\/06\/iStock-638313312-scaled-1.jpg","type":"","width":"","height":""}],"twitter_card":"summary_large_image","twitter_misc":{"Est. reading time":"3 minutes"},"schema":{"@context":"https:\/\/schema.org","@graph":[{"@type":"WebPage","@id":"https:\/\/www.enerconind.com\/es\/sealing\/aplicaciones\/","url":"https:\/\/www.enerconind.com\/es\/sealing\/aplicaciones\/","name":"Aplicaciones - Enercon Industries - Espanol","isPartOf":{"@id":"https:\/\/www.enerconind.com\/es\/#website"},"primaryImageOfPage":{"@id":"https:\/\/www.enerconind.com\/es\/sealing\/aplicaciones\/#primaryimage"},"image":{"@id":"https:\/\/www.enerconind.com\/es\/sealing\/aplicaciones\/#primaryimage"},"thumbnailUrl":"https:\/\/www.enerconind.com\/es\/wp-content\/uploads\/sites\/6\/2023\/06\/iStock-638313312-scaled-1.jpg","datePublished":"2023-08-24T15:58:08+00:00","dateModified":"2024-08-21T14:34:59+00:00","description":"Obtenga informaci\u00f3n sobre c\u00f3mo los envasadores conf\u00edan en Enercon para lograr un sellado perfecto en muchas industrias, incluidas las de alimentos, bebidas y productos l\u00e1cteos para obtener frescura, productos qu\u00edmicos y aceites para la prevenci\u00f3n de fugas, productos farmac\u00e9uticos para evidencia de manipulaci\u00f3n y m\u00e1s.","breadcrumb":{"@id":"https:\/\/www.enerconind.com\/es\/sealing\/aplicaciones\/#breadcrumb"},"inLanguage":"en-US","potentialAction":[{"@type":"ReadAction","target":["https:\/\/www.enerconind.com\/es\/sealing\/aplicaciones\/"]}]},{"@type":"ImageObject","inLanguage":"en-US","@id":"https:\/\/www.enerconind.com\/es\/sealing\/aplicaciones\/#primaryimage","url":"https:\/\/media.enerconind.com\/wp-content\/uploads\/sites\/6\/2023\/06\/02150218\/iStock-638313312-scaled-1.jpg","contentUrl":"https:\/\/media.enerconind.com\/wp-content\/uploads\/sites\/6\/2023\/06\/02150218\/iStock-638313312-scaled-1.jpg","width":2500,"height":1667},{"@type":"BreadcrumbList","@id":"https:\/\/www.enerconind.com\/es\/sealing\/aplicaciones\/#breadcrumb","itemListElement":[{"@type":"ListItem","position":1,"name":"Home","item":"https:\/\/www.enerconind.com\/es\/"},{"@type":"ListItem","position":2,"name":"Soluciones de sellado por inducci\u00f3n","item":"https:\/\/www.enerconind.com\/es\/sealing\/"},{"@type":"ListItem","position":3,"name":"Aplicaciones"}]},{"@type":"WebSite","@id":"https:\/\/www.enerconind.com\/es\/#website","url":"https:\/\/www.enerconind.com\/es\/","name":"Enercon Industries - Espanol","description":"","potentialAction":[{"@type":"SearchAction","target":{"@type":"EntryPoint","urlTemplate":"https:\/\/www.enerconind.com\/es\/?s={search_term_string}"},"query-input":{"@type":"PropertyValueSpecification","valueRequired":true,"valueName":"search_term_string"}}],"inLanguage":"en-US"}]}},"_links":{"self":[{"href":"https:\/\/www.enerconind.com\/es\/wp-json\/wp\/v2\/pages\/111","targetHints":{"allow":["GET"]}}],"collection":[{"href":"https:\/\/www.enerconind.com\/es\/wp-json\/wp\/v2\/pages"}],"about":[{"href":"https:\/\/www.enerconind.com\/es\/wp-json\/wp\/v2\/types\/page"}],"author":[{"embeddable":true,"href":"https:\/\/www.enerconind.com\/es\/wp-json\/wp\/v2\/users\/3"}],"replies":[{"embeddable":true,"href":"https:\/\/www.enerconind.com\/es\/wp-json\/wp\/v2\/comments?post=111"}],"version-history":[{"count":0,"href":"https:\/\/www.enerconind.com\/es\/wp-json\/wp\/v2\/pages\/111\/revisions"}],"up":[{"embeddable":true,"href":"https:\/\/www.enerconind.com\/es\/wp-json\/wp\/v2\/pages\/64"}],"wp:attachment":[{"href":"https:\/\/www.enerconind.com\/es\/wp-json\/wp\/v2\/media?parent=111"}],"curies":[{"name":"wp","href":"https:\/\/api.w.org\/{rel}","templated":true}]}}