{"id":110,"date":"2023-08-24T15:58:08","date_gmt":"2023-08-24T15:58:08","guid":{"rendered":"https:\/\/www.enerconind.com\/es\/acerca-de-enercon\/"},"modified":"2024-08-21T14:38:58","modified_gmt":"2024-08-21T14:38:58","slug":"acerca-de-enercon","status":"publish","type":"page","link":"https:\/\/www.enerconind.com\/es\/sealing\/acerca-de-enercon\/","title":{"rendered":"Acerca de Enercon"},"content":{"rendered":"\n\n\t\t<h1>\n\t\t\tAcerca de Enercon\n\t\t<\/h1>\n\t\t\t<p>Enercon es el l\u00edder mundial en la fabricaci\u00f3n de sistemas de sellado por inducci\u00f3n y equipamiento de soporte asociado.Las empresas en la industria del packaging conf\u00edan en Enercon como proveedor de soluciones de sellado por inducci\u00f3n para envases con y sin tapa, proporcionando sellos herm\u00e9ticos los cuales previenen fugas, incrementan la durabilidad del producto, proporcionan evidencia de adulteraci\u00f3n del envase y preservan la frescura del mismo.<strong><em>Equipos de Sellado por Inducci\u00f3n Enercon<\/em><\/strong><br \/>Nuestro compromiso es brindar a nuestros clientes la tecnolog\u00eda m\u00e1s avanzada y los costos m\u00e1s eficaces en soluciones de sellado por inducci\u00f3n para su producci\u00f3n. Nuestras soluciones de aplicaci\u00f3n espec\u00edficas aseguran un m\u00e1ximo rendimiento. Asimismo, si en alg\u00fan momento usted requiere asistencia adicional, encontrar\u00e1 que nuestro soporte t\u00e9cnico es insuperable a nivel mundial por ser el m\u00e1s completo, comprensivo y accesible del mercado.<strong><em>Innovaci\u00f3n &amp; Compromiso &#8211; Un L\u00edder Mundial<\/em><\/strong><br \/>Enercon realiza operaciones de packaging en todo el mundo gracias a su insuperable fiabilidad y a sus revolucionarias innovaciones en sellado por inducci\u00f3n. Tenemos bien ganada nuestra reputaci\u00f3n mundial en cuanto a tecnolog\u00eda y soporte t\u00e9cnico. Nuestro compromiso con asociaciones y organizaciones es el ejemplo m\u00e1s claro de nuestro empe\u00f1o constante por adelantarnos en la industria.<strong><em>Soluciones a Medida del Cliente &#8211; Experiencia en Aplicaciones<\/em><\/strong><br \/>Hemos llevado soluciones de sellado por inducci\u00f3n alrededor del mundo por casi 30 a\u00f1os. Nuestro respetado equipo de ingenieros de aplicaci\u00f3n posee una experiencia inigualable. Estos expertos en sellado por inducci\u00f3n optimizan la utilidad de cada sistema configur\u00e1ndolos para sus necesidades espec\u00edficas.<strong><em>Investigaci\u00f3n y Desarrollo &#8211; Pruebas de Avanzada<\/em><\/strong><br \/>Enercon posee un equipo de investigaci\u00f3n y desarrollo trabajando a tiempo completo. Nuestras amplias instalaciones para realizar pruebas de laboratorio incluyen la capacidad para desarrollar innovadoras soluciones de sellado. Tanto los envases como las tapas contin\u00faan evolucionando de las tradicionales formas redondas hacia formas que ya no lo son, es por ello que Enercon es pionero en el desarrollo de soluciones de sellado por inducci\u00f3n para estas aplicaciones en particular.<strong><em>Perspectiva Global &#8211; Soporte Local<\/em><\/strong><br \/>Nuestro sistema de ventas global y nuestros representantes locales trabajan en conjunto con vuestro equipo de t\u00e9cnicos antes, durante y despu\u00e9s de haberse realizado la instalaci\u00f3n de los equipos. Ellos le proporcionar\u00e1n consejos t\u00e9cnicos y asistencia pr\u00e1ctica a fin de asegurarle que su operaci\u00f3n se realice de la forma m\u00e1s eficaz.<br \/>La dedicaci\u00f3n constante que Enercon pone al servicio de sus clientes se ve resaltada por nuestro servicio t\u00e9cnico y entrenamiento insuperables, como as\u00ed tambi\u00e9n por el servicio de asesoramiento y servicio t\u00e9cnico interactivos que se encuentran en nuestro sitio web.<\/p>\t\t\n\t\t<h2>\n\t\t\tART\u00cdCULOS T\u00c9CNICOS\n\t\t\t\t\t\t\t\t\t\t\tTecnolog\u00eda de Sellado por&nbsp;Inducci\u00f3n\n\t\t<\/h2>\n\t\t\t<p>La tecnolog\u00eda de sellado por inducci\u00f3n sigue avanzando gracias a las innovaciones, y es gracias a ellas que estos equipos no s\u00f3lo se han vuelto m\u00e1s peque\u00f1os por el hecho de que las piezas electr\u00f3nicas se han vuelto m\u00e1s peque\u00f1as, sino que tambi\u00e9n los equipos se han simplificado por el simple hecho de que la mayor\u00eda de las aplicaciones ya no requieren de sistemas que posean refrigeraci\u00f3n por medio de agua. Las selladoras de hoy en d\u00eda requieren un m\u00ednimo mantenimiento y su fiabilidad es realmente inigualable.<\/p>\n<p>Esta innovaci\u00f3n no s\u00f3lo ha permitido que nuestros equipos tradicionales mejoren, sino que a su vez tambi\u00e9n han producido una alternativa para los equipos de sellado por conducci\u00f3n! Actualmente, la tecnolog\u00eda por inducci\u00f3n, se encuentra disponible para sellar envases sin tapa pl\u00e1stica! Si usted desea sellar su producto sin una tapa, verifique las condiciones del empaque y luego t\u00e1pelo, o si su aplicaci\u00f3n no necesita de una tapa (tal es el caso del yogurt, zumos, etc.)\u00a0<a href=\"\/sealing\/library-resource\/are-you-maximizing-the-productivity-of-your-induction-cap-sealer\/\" target=\"_blank\" rel=\"noopener\">la tecnolog\u00eda de sellado por inducci\u00f3n de Enercon le proporciona varios beneficios (Ingl\u00e9s)<\/a>\u00a0sobre la placa de calentamiento que se utiliza en el sellado por conducci\u00f3n.<\/p>\n\t\t<h5>\n\t\t\t50 Years\n\t\t\t\t\t\t\t\t\t\t\tWorking for You\n\t\t<\/h5>\n\t\t<h2>\n\t\t\tSU \u00c9XITO ES NUESTRO \u00c9XITO\n\t\t\t\t\t\t\t\t\t\t\tEquipos de sellado por inducci\u00f3n realizados a medida para su aplicaci\u00f3n en particular\n\t\t<\/h2>\n\t\t\t<p>Los equipos de sellado por inducci\u00f3n vienen en diferentes formas y tama\u00f1os. Su aplicaci\u00f3n y su requerimiento de producci\u00f3n ser\u00e1n quienes determinar\u00e1n cu\u00e1l de estos equipos es el apropiado para usted. Nuestra selladora por inducci\u00f3n port\u00e1til\u00a0<a href=\"\/sealing\/cap-sealers\/super-seal-jr\/\" target=\"_blank\" rel=\"noopener\">Super Seal Jr (Ingl\u00e9s)<\/a>\u00a0est\u00e1 dise\u00f1ada tanto para realizar pruebas de laboratorio como producciones manuales de baja velocidad. Adem\u00e1s, aceptamos su equipo en parte de pago reconociendo hasta un 100% de su valor, cuando usted desee adquirir un equipo de l\u00ednea.<\/p>\n<p>Ya sea que su producto se envase a raz\u00f3n de s\u00f3lo unos pocos envases o a cientos de envases por minuto, Enercon le ofrecer\u00e1 un sistema en l\u00ednea para sellar sus envases. Cu\u00e1l de estos equipos es el apropiado para usted? El estilo y el tama\u00f1o de la tapa, la velocidad de l\u00ednea, as\u00ed como tambi\u00e9n ciertas caracter\u00edsticas deseadas determinar\u00e1n cu\u00e1l de los equipos de sellado por inducci\u00f3n se corresponde mejor con sus requerimientos en particular, ya sea un equipo de la serie\u00a0<a href=\"\/sealing\/cap-sealers\/super-seal\/\" target=\"_blank\" rel=\"noopener\">Super Seal (Ingl\u00e9s)<\/a>\u00a0refrigerado por aire.<\/p>\n\t\t\t\t\t\t\t\t\t<img decoding=\"async\" src=\"https:\/\/media.enerconind.com\/wp-content\/uploads\/sites\/6\/2023\/06\/02150230\/woman-comp-new.png\" alt=\"\" \/>\n\n","protected":false},"excerpt":{"rendered":"<p>Acerca de Enercon Enercon es el l\u00edder mundial en la fabricaci\u00f3n de sistemas de sellado por inducci\u00f3n y equipamiento de soporte asociado.Las empresas en la industria del packaging conf\u00edan en Enercon como proveedor de soluciones de sellado por inducci\u00f3n para envases con y sin tapa, proporcionando sellos herm\u00e9ticos los cuales previenen fugas, incrementan la durabilidad&hellip;<\/p>\n","protected":false},"author":3,"featured_media":0,"parent":64,"menu_order":1,"comment_status":"closed","ping_status":"closed","template":"","meta":{"_acf_changed":false,"footnotes":""},"class_list":["post-110","page","type-page","status-publish","hentry"],"acf":[],"yoast_head":"<!-- This site is optimized with the Yoast SEO plugin v27.4 - https:\/\/yoast.com\/product\/yoast-seo-wordpress\/ -->\n<title>Acerca de Enercon - Enercon Industries - Espanol<\/title>\n<meta name=\"description\" content=\"Descubra por qu\u00e9 Enercon es el l\u00edder de la industria en sellado de tapas por inducci\u00f3n.\" \/>\n<meta name=\"robots\" content=\"index, follow, max-snippet:-1, max-image-preview:large, max-video-preview:-1\" \/>\n<link rel=\"canonical\" href=\"https:\/\/www.enerconind.com\/es\/sealing\/acerca-de-enercon\/\" \/>\n<meta property=\"og:locale\" content=\"en_US\" \/>\n<meta property=\"og:type\" content=\"article\" \/>\n<meta property=\"og:title\" content=\"Acerca de Enercon - Enercon Industries - Espanol\" \/>\n<meta property=\"og:description\" content=\"Descubra por qu\u00e9 Enercon es el l\u00edder de la industria en sellado de tapas por inducci\u00f3n.\" \/>\n<meta property=\"og:url\" content=\"https:\/\/www.enerconind.com\/es\/sealing\/acerca-de-enercon\/\" \/>\n<meta property=\"og:site_name\" content=\"Enercon Industries - Espanol\" \/>\n<meta property=\"article:modified_time\" content=\"2024-08-21T14:38:58+00:00\" \/>\n<meta property=\"og:image\" content=\"https:\/\/www.enerconind.com\/es\/wp-content\/uploads\/sites\/6\/2023\/06\/woman-comp-new.png\" \/>\n<meta name=\"twitter:card\" content=\"summary_large_image\" \/>\n<meta name=\"twitter:label1\" content=\"Est. reading time\" \/>\n\t<meta name=\"twitter:data1\" content=\"4 minutes\" \/>\n<script type=\"application\/ld+json\" class=\"yoast-schema-graph\">{\"@context\":\"https:\\\/\\\/schema.org\",\"@graph\":[{\"@type\":\"WebPage\",\"@id\":\"https:\\\/\\\/www.enerconind.com\\\/es\\\/sealing\\\/acerca-de-enercon\\\/\",\"url\":\"https:\\\/\\\/www.enerconind.com\\\/es\\\/sealing\\\/acerca-de-enercon\\\/\",\"name\":\"Acerca de Enercon - Enercon Industries - Espanol\",\"isPartOf\":{\"@id\":\"https:\\\/\\\/www.enerconind.com\\\/es\\\/#website\"},\"primaryImageOfPage\":{\"@id\":\"https:\\\/\\\/www.enerconind.com\\\/es\\\/sealing\\\/acerca-de-enercon\\\/#primaryimage\"},\"image\":{\"@id\":\"https:\\\/\\\/www.enerconind.com\\\/es\\\/sealing\\\/acerca-de-enercon\\\/#primaryimage\"},\"thumbnailUrl\":\"https:\\\/\\\/www.enerconind.com\\\/es\\\/wp-content\\\/uploads\\\/sites\\\/6\\\/2023\\\/06\\\/woman-comp-new.png\",\"datePublished\":\"2023-08-24T15:58:08+00:00\",\"dateModified\":\"2024-08-21T14:38:58+00:00\",\"description\":\"Descubra por qu\u00e9 Enercon es el l\u00edder de la industria en sellado de tapas por inducci\u00f3n.\",\"breadcrumb\":{\"@id\":\"https:\\\/\\\/www.enerconind.com\\\/es\\\/sealing\\\/acerca-de-enercon\\\/#breadcrumb\"},\"inLanguage\":\"en-US\",\"potentialAction\":[{\"@type\":\"ReadAction\",\"target\":[\"https:\\\/\\\/www.enerconind.com\\\/es\\\/sealing\\\/acerca-de-enercon\\\/\"]}]},{\"@type\":\"ImageObject\",\"inLanguage\":\"en-US\",\"@id\":\"https:\\\/\\\/www.enerconind.com\\\/es\\\/sealing\\\/acerca-de-enercon\\\/#primaryimage\",\"url\":\"https:\\\/\\\/media.enerconind.com\\\/wp-content\\\/uploads\\\/sites\\\/6\\\/2023\\\/06\\\/02150230\\\/woman-comp-new.png\",\"contentUrl\":\"https:\\\/\\\/media.enerconind.com\\\/wp-content\\\/uploads\\\/sites\\\/6\\\/2023\\\/06\\\/02150230\\\/woman-comp-new.png\",\"width\":2500,\"height\":1667},{\"@type\":\"BreadcrumbList\",\"@id\":\"https:\\\/\\\/www.enerconind.com\\\/es\\\/sealing\\\/acerca-de-enercon\\\/#breadcrumb\",\"itemListElement\":[{\"@type\":\"ListItem\",\"position\":1,\"name\":\"Home\",\"item\":\"https:\\\/\\\/www.enerconind.com\\\/es\\\/\"},{\"@type\":\"ListItem\",\"position\":2,\"name\":\"Soluciones de sellado por inducci\u00f3n\",\"item\":\"https:\\\/\\\/www.enerconind.com\\\/es\\\/sealing\\\/\"},{\"@type\":\"ListItem\",\"position\":3,\"name\":\"Acerca de Enercon\"}]},{\"@type\":\"WebSite\",\"@id\":\"https:\\\/\\\/www.enerconind.com\\\/es\\\/#website\",\"url\":\"https:\\\/\\\/www.enerconind.com\\\/es\\\/\",\"name\":\"Enercon Industries - Espanol\",\"description\":\"\",\"potentialAction\":[{\"@type\":\"SearchAction\",\"target\":{\"@type\":\"EntryPoint\",\"urlTemplate\":\"https:\\\/\\\/www.enerconind.com\\\/es\\\/?s={search_term_string}\"},\"query-input\":{\"@type\":\"PropertyValueSpecification\",\"valueRequired\":true,\"valueName\":\"search_term_string\"}}],\"inLanguage\":\"en-US\"}]}<\/script>\n<!-- \/ Yoast SEO plugin. -->","yoast_head_json":{"title":"Acerca de Enercon - Enercon Industries - Espanol","description":"Descubra por qu\u00e9 Enercon es el l\u00edder de la industria en sellado de tapas por inducci\u00f3n.","robots":{"index":"index","follow":"follow","max-snippet":"max-snippet:-1","max-image-preview":"max-image-preview:large","max-video-preview":"max-video-preview:-1"},"canonical":"https:\/\/www.enerconind.com\/es\/sealing\/acerca-de-enercon\/","og_locale":"en_US","og_type":"article","og_title":"Acerca de Enercon - Enercon Industries - Espanol","og_description":"Descubra por qu\u00e9 Enercon es el l\u00edder de la industria en sellado de tapas por inducci\u00f3n.","og_url":"https:\/\/www.enerconind.com\/es\/sealing\/acerca-de-enercon\/","og_site_name":"Enercon Industries - Espanol","article_modified_time":"2024-08-21T14:38:58+00:00","og_image":[{"url":"https:\/\/www.enerconind.com\/es\/wp-content\/uploads\/sites\/6\/2023\/06\/woman-comp-new.png","type":"","width":"","height":""}],"twitter_card":"summary_large_image","twitter_misc":{"Est. reading time":"4 minutes"},"schema":{"@context":"https:\/\/schema.org","@graph":[{"@type":"WebPage","@id":"https:\/\/www.enerconind.com\/es\/sealing\/acerca-de-enercon\/","url":"https:\/\/www.enerconind.com\/es\/sealing\/acerca-de-enercon\/","name":"Acerca de Enercon - Enercon Industries - Espanol","isPartOf":{"@id":"https:\/\/www.enerconind.com\/es\/#website"},"primaryImageOfPage":{"@id":"https:\/\/www.enerconind.com\/es\/sealing\/acerca-de-enercon\/#primaryimage"},"image":{"@id":"https:\/\/www.enerconind.com\/es\/sealing\/acerca-de-enercon\/#primaryimage"},"thumbnailUrl":"https:\/\/www.enerconind.com\/es\/wp-content\/uploads\/sites\/6\/2023\/06\/woman-comp-new.png","datePublished":"2023-08-24T15:58:08+00:00","dateModified":"2024-08-21T14:38:58+00:00","description":"Descubra por qu\u00e9 Enercon es el l\u00edder de la industria en sellado de tapas por inducci\u00f3n.","breadcrumb":{"@id":"https:\/\/www.enerconind.com\/es\/sealing\/acerca-de-enercon\/#breadcrumb"},"inLanguage":"en-US","potentialAction":[{"@type":"ReadAction","target":["https:\/\/www.enerconind.com\/es\/sealing\/acerca-de-enercon\/"]}]},{"@type":"ImageObject","inLanguage":"en-US","@id":"https:\/\/www.enerconind.com\/es\/sealing\/acerca-de-enercon\/#primaryimage","url":"https:\/\/media.enerconind.com\/wp-content\/uploads\/sites\/6\/2023\/06\/02150230\/woman-comp-new.png","contentUrl":"https:\/\/media.enerconind.com\/wp-content\/uploads\/sites\/6\/2023\/06\/02150230\/woman-comp-new.png","width":2500,"height":1667},{"@type":"BreadcrumbList","@id":"https:\/\/www.enerconind.com\/es\/sealing\/acerca-de-enercon\/#breadcrumb","itemListElement":[{"@type":"ListItem","position":1,"name":"Home","item":"https:\/\/www.enerconind.com\/es\/"},{"@type":"ListItem","position":2,"name":"Soluciones de sellado por inducci\u00f3n","item":"https:\/\/www.enerconind.com\/es\/sealing\/"},{"@type":"ListItem","position":3,"name":"Acerca de Enercon"}]},{"@type":"WebSite","@id":"https:\/\/www.enerconind.com\/es\/#website","url":"https:\/\/www.enerconind.com\/es\/","name":"Enercon Industries - Espanol","description":"","potentialAction":[{"@type":"SearchAction","target":{"@type":"EntryPoint","urlTemplate":"https:\/\/www.enerconind.com\/es\/?s={search_term_string}"},"query-input":{"@type":"PropertyValueSpecification","valueRequired":true,"valueName":"search_term_string"}}],"inLanguage":"en-US"}]}},"_links":{"self":[{"href":"https:\/\/www.enerconind.com\/es\/wp-json\/wp\/v2\/pages\/110","targetHints":{"allow":["GET"]}}],"collection":[{"href":"https:\/\/www.enerconind.com\/es\/wp-json\/wp\/v2\/pages"}],"about":[{"href":"https:\/\/www.enerconind.com\/es\/wp-json\/wp\/v2\/types\/page"}],"author":[{"embeddable":true,"href":"https:\/\/www.enerconind.com\/es\/wp-json\/wp\/v2\/users\/3"}],"replies":[{"embeddable":true,"href":"https:\/\/www.enerconind.com\/es\/wp-json\/wp\/v2\/comments?post=110"}],"version-history":[{"count":0,"href":"https:\/\/www.enerconind.com\/es\/wp-json\/wp\/v2\/pages\/110\/revisions"}],"up":[{"embeddable":true,"href":"https:\/\/www.enerconind.com\/es\/wp-json\/wp\/v2\/pages\/64"}],"wp:attachment":[{"href":"https:\/\/www.enerconind.com\/es\/wp-json\/wp\/v2\/media?parent=110"}],"curies":[{"name":"wp","href":"https:\/\/api.w.org\/{rel}","templated":true}]}}