{"id":261,"date":"2023-10-10T20:33:04","date_gmt":"2023-10-10T20:33:04","guid":{"rendered":"https:\/\/www.enerconind.com\/de\/home-2\/"},"modified":"2025-07-29T14:19:44","modified_gmt":"2025-07-29T14:19:44","slug":"home-2","status":"publish","type":"page","link":"https:\/\/www.enerconind.com\/de\/","title":{"rendered":"Home"},"content":{"rendered":"\n\n\t\t\t\t\t\t\t\t<a href=\"\/de\/sealing\/\" target=\"_self\" itemprop=\"url\">\n\t\t\t\t\t\t\t\t\t<img loading=\"lazy\" decoding=\"async\" src=\"https:\/\/media.enerconind.com\/wp-content\/uploads\/sites\/5\/2025\/07\/29141912\/enercon-super-seal-pro-1250x900-1.png\" alt=\"Super Seal\u2122 Pro - Induction Sealer\" itemprop=\"image\" height=\"900\" width=\"1250\" srcset=\"https:\/\/media.enerconind.com\/wp-content\/uploads\/sites\/5\/2025\/07\/29141912\/enercon-super-seal-pro-1250x900-1.png 1250w, https:\/\/media.enerconind.com\/wp-content\/uploads\/sites\/5\/2025\/07\/29141912\/enercon-super-seal-pro-1250x900-1-300x216.png 300w, https:\/\/media.enerconind.com\/wp-content\/uploads\/sites\/5\/2025\/07\/29141912\/enercon-super-seal-pro-1250x900-1-1024x737.png 1024w, https:\/\/media.enerconind.com\/wp-content\/uploads\/sites\/5\/2025\/07\/29141912\/enercon-super-seal-pro-1250x900-1-768x553.png 768w\" sizes=\"auto, (max-width: 1250px) 100vw, 1250px\" title=\"enercon-super-seal-pro-1250x900\" onerror=\"this.style.display='none'\"  \/>\n\t\t\t\t\t\t\t\t\t\t\t\t\t<\/a>\n\t\t\t\t\t\t<h2><a href=\"\/de\/sealing\/\" target=\"_self\">Induktionsversiegelung<\/a><\/h2>\t\t\t\t\t\n\t\t\t<p>Induktionsversiegelte Deckel dienen zur Sicherheit der Verbraucher als Unversehrtheitssiegel, sorgen daf\u00fcr, dass die Waren l\u00e4nger frisch bleiben, und verhindern kostspielige Sch\u00e4den durch austretende Fl\u00fcssigkeiten.\u00a0<\/p>\t\t\n\t<a href=\"\/de\/sealing\/\" target=\"_self\" role=\"button\" aria-label=\"Erfahren Sie mehr\">\n\t\t\t\t\t\tErfahren Sie mehr\n\t\t\t<\/a>\n\t\t\t\t\t\t\t\t<a href=\"\/de\/treating\/\" target=\"_self\" itemprop=\"url\">\n\t\t\t\t\t\t\t\t\t<img decoding=\"async\" src=\"https:\/\/media.enerconind.com\/wp-content\/uploads\/sites\/5\/2023\/10\/02145841\/treater-image-1024x751.png\" alt=\"Corona Treater\" itemprop=\"image\" srcset=\"https:\/\/media.enerconind.com\/wp-content\/uploads\/sites\/5\/2023\/10\/02145841\/treater-image.png 2250w, https:\/\/media.enerconind.com\/wp-content\/uploads\/sites\/5\/2023\/10\/02145841\/treater-image-300x220.png 300w, https:\/\/media.enerconind.com\/wp-content\/uploads\/sites\/5\/2023\/10\/02145841\/treater-image-1024x751.png 1024w, https:\/\/media.enerconind.com\/wp-content\/uploads\/sites\/5\/2023\/10\/02145841\/treater-image-768x563.png 768w, https:\/\/media.enerconind.com\/wp-content\/uploads\/sites\/5\/2023\/10\/02145841\/treater-image-1536x1126.png 1536w, https:\/\/media.enerconind.com\/wp-content\/uploads\/sites\/5\/2023\/10\/02145841\/treater-image-2048x1502.png 2048w\" sizes=\"(max-width: 2250px) 100vw, 2250px\" title=\"treater-image\" onerror=\"this.style.display='none'\"  \/>\n\t\t\t\t\t\t\t\t\t\t\t\t\t<\/a>\n\t\t\t\t\t\t<h2><a href=\"\/de\/treating\/\" target=\"_self\">Oberfl\u00e4chenbehandlung<\/a><\/h2>\t\t\t\t\t\n\t\t\t<p>Enercons Oberfl\u00e4chenbehandlungssysteme erh\u00f6hen die Oberfl\u00e4chenspannung, um die Haftkraft bei Druck-, Beschichtungs-, Kaschierungs- und anderen Verarbeitungsverfahren zu verbessern.\u00a0<\/p>\t\t\n\t<a href=\"\/de\/treating\/\" target=\"_self\" role=\"button\" aria-label=\"Erfahren Sie mehr\">\n\t\t\t\t\t\tErfahren Sie mehr\n\t\t\t<\/a>\n\t\t<h2>\n\t\t\tInduktionsversiegelung\n\t\t<\/h2>\n\t\t\t<p>Induktionsversiegelte Deckel dienen zur Sicherheit der Verbraucher als Unversehrtheitssiegel, sorgen daf\u00fcr, dass die Waren l\u00e4nger frisch bleiben, und verhindern kostspielige Sch\u00e4den durch austretende Fl\u00fcssigkeiten. Enercon verf\u00fcgt \u00fcber ein breites Angebot an Deckelsiegelger\u00e4ten f\u00fcr Hersteller von Lebensmitteln, Pharmazeutika, Getr\u00e4nken, Haushaltsprodukten sowie Chemie- und Mineral\u00f6lerzeugnissen. Mit Tausenden von Anlagen in allen L\u00e4ndern der Welt sind Enercons Know-how im Anwendungsbereich und das hervorragende Supportnetz des Unternehmens ohnegleichen.Enercons Fachwissen basiert auf \u00fcber 20 Jahren Erfahrung in der Entwicklung von Induktionssiegelsystemen f\u00fcr Verpackungsunternehmen wie das Ihre. Ganz gleich, ob Ihr Unternehmen noch in der Anlaufphase steckt oder ob Sie L\u00f6sungen f\u00fcr Anwendungsprobleme suchen &#8211; Enercon steht Ihnen immer mit Rat und Tat zur Seite. Bei Ihnen vor Ort oder bei uns.<\/p>\t\t\n\t<a href=\"\/de\/sealing\/\" target=\"_self\" role=\"button\" aria-label=\"Induktionsversiegelung\">\n\t\t\t\t\t\tInduktionsversiegelung\n\t\t\t\t\t<\/a>\n\t\t<h2>\n\t\t\tOberfl\u00e4chenbehandlung\n\t\t<\/h2>\n\t\t\t<p>Enercons Oberfl\u00e4chenbehandlungssysteme erh\u00f6hen die Oberfl\u00e4chenspannung, um die Haftkraft bei Druck-, Beschichtungs-, Kaschierungs- und anderen Verarbeitungsverfahren zu verbessern. Systeme sind in Gr\u00f6\u00dfen von schmal bis extrem breit erh\u00e4ltlich und werden von Enercons internationalem Vertriebs- und Wartungsnetz unterst\u00fctzt. Die Abbildung zeigt unser neues, einzigartiges atmosph\u00e4risches Plasma-System Plasma3\u2122 f\u00fcr die erfolgreiche Behandlung schwieriger Werkstoffe wie PTFE oder FEP. Dieses System \u00e4ndert ebenfalls die Oberfl\u00e4cheneigenschaften und erweitert die Funktionalit\u00e4t von Substraten auf kosteneffektive Weise.<\/p>\t\t\n\t<a href=\"\/de\/treating\/\" target=\"_self\" role=\"button\" aria-label=\"Oberfl\u00e4chenbehandlung\">\n\t\t\t\t\t\tOberfl\u00e4chenbehandlung\n\t\t\t\t\t<\/a>\n\n","protected":false},"excerpt":{"rendered":"<p>Induktionsversiegelung Induktionsversiegelte Deckel dienen zur Sicherheit der Verbraucher als Unversehrtheitssiegel, sorgen daf\u00fcr, dass die Waren l\u00e4nger frisch bleiben, und verhindern kostspielige Sch\u00e4den durch austretende Fl\u00fcssigkeiten.\u00a0 Erfahren Sie mehr Oberfl\u00e4chenbehandlung Enercons Oberfl\u00e4chenbehandlungssysteme erh\u00f6hen die Oberfl\u00e4chenspannung, um die Haftkraft bei Druck-, Beschichtungs-, Kaschierungs- und anderen Verarbeitungsverfahren zu verbessern.\u00a0 Erfahren Sie mehr Induktionsversiegelung Induktionsversiegelte Deckel dienen zur Sicherheit&hellip;<\/p>\n","protected":false},"author":3,"featured_media":0,"parent":0,"menu_order":0,"comment_status":"closed","ping_status":"closed","template":"","meta":{"_acf_changed":false,"footnotes":""},"class_list":["post-261","page","type-page","status-publish","hentry"],"acf":[],"yoast_head":"<!-- This site is optimized with the Yoast SEO plugin v27.2 - https:\/\/yoast.com\/product\/yoast-seo-wordpress\/ -->\n<title>Home - Enercon Industries - Deutsch<\/title>\n<meta name=\"description\" content=\"Entdecken Sie die weltweit f\u00fchrenden Technologien von Enercon Industries zur Induktionsverschlussversiegelung sowie zur Korona-, Plasma- und Flammenoberfl\u00e4chenbehandlung f\u00fcr Verpacker und Hersteller.\" \/>\n<meta name=\"robots\" content=\"index, follow, max-snippet:-1, max-image-preview:large, max-video-preview:-1\" \/>\n<link rel=\"canonical\" href=\"https:\/\/www.enerconind.com\/de\/\" \/>\n<meta property=\"og:locale\" content=\"en_US\" \/>\n<meta property=\"og:type\" content=\"article\" \/>\n<meta property=\"og:title\" content=\"Home - Enercon Industries - Deutsch\" \/>\n<meta property=\"og:description\" content=\"Entdecken Sie die weltweit f\u00fchrenden Technologien von Enercon Industries zur Induktionsverschlussversiegelung sowie zur Korona-, Plasma- und Flammenoberfl\u00e4chenbehandlung f\u00fcr Verpacker und Hersteller.\" \/>\n<meta property=\"og:url\" content=\"https:\/\/www.enerconind.com\/de\/\" \/>\n<meta property=\"og:site_name\" content=\"Enercon Industries - Deutsch\" \/>\n<meta property=\"article:modified_time\" content=\"2025-07-29T14:19:44+00:00\" \/>\n<meta property=\"og:image\" content=\"https:\/\/www.enerconind.com\/de\/wp-content\/uploads\/sites\/5\/2025\/07\/enercon-super-seal-pro-1250x900-1.png\" \/>\n<meta name=\"twitter:card\" content=\"summary_large_image\" \/>\n<meta name=\"twitter:label1\" content=\"Est. reading time\" \/>\n\t<meta name=\"twitter:data1\" content=\"2 minutes\" \/>\n<script type=\"application\/ld+json\" class=\"yoast-schema-graph\">{\"@context\":\"https:\/\/schema.org\",\"@graph\":[{\"@type\":\"WebPage\",\"@id\":\"https:\/\/www.enerconind.com\/de\/\",\"url\":\"https:\/\/www.enerconind.com\/de\/\",\"name\":\"Home - Enercon Industries - Deutsch\",\"isPartOf\":{\"@id\":\"https:\/\/www.enerconind.com\/de\/#website\"},\"primaryImageOfPage\":{\"@id\":\"https:\/\/www.enerconind.com\/de\/#primaryimage\"},\"image\":{\"@id\":\"https:\/\/www.enerconind.com\/de\/#primaryimage\"},\"thumbnailUrl\":\"https:\/\/www.enerconind.com\/de\/wp-content\/uploads\/sites\/5\/2025\/07\/enercon-super-seal-pro-1250x900-1.png\",\"datePublished\":\"2023-10-10T20:33:04+00:00\",\"dateModified\":\"2025-07-29T14:19:44+00:00\",\"description\":\"Entdecken Sie die weltweit f\u00fchrenden Technologien von Enercon Industries zur Induktionsverschlussversiegelung sowie zur Korona-, Plasma- und Flammenoberfl\u00e4chenbehandlung f\u00fcr Verpacker und Hersteller.\",\"breadcrumb\":{\"@id\":\"https:\/\/www.enerconind.com\/de\/#breadcrumb\"},\"inLanguage\":\"en-US\",\"potentialAction\":[{\"@type\":\"ReadAction\",\"target\":[\"https:\/\/www.enerconind.com\/de\/\"]}]},{\"@type\":\"ImageObject\",\"inLanguage\":\"en-US\",\"@id\":\"https:\/\/www.enerconind.com\/de\/#primaryimage\",\"url\":\"https:\/\/media.enerconind.com\/wp-content\/uploads\/sites\/5\/2025\/07\/29141912\/enercon-super-seal-pro-1250x900-1.png\",\"contentUrl\":\"https:\/\/media.enerconind.com\/wp-content\/uploads\/sites\/5\/2025\/07\/29141912\/enercon-super-seal-pro-1250x900-1.png\",\"width\":1250,\"height\":900,\"caption\":\"Super Seal\u2122 Pro - Induction Sealer\"},{\"@type\":\"BreadcrumbList\",\"@id\":\"https:\/\/www.enerconind.com\/de\/#breadcrumb\",\"itemListElement\":[{\"@type\":\"ListItem\",\"position\":1,\"name\":\"Home\",\"item\":\"https:\/\/www.enerconind.com\/de\/\"},{\"@type\":\"ListItem\",\"position\":2,\"name\":\"Home\"}]},{\"@type\":\"WebSite\",\"@id\":\"https:\/\/www.enerconind.com\/de\/#website\",\"url\":\"https:\/\/www.enerconind.com\/de\/\",\"name\":\"Enercon Industries - Deutsch\",\"description\":\"\",\"potentialAction\":[{\"@type\":\"SearchAction\",\"target\":{\"@type\":\"EntryPoint\",\"urlTemplate\":\"https:\/\/www.enerconind.com\/de\/?s={search_term_string}\"},\"query-input\":{\"@type\":\"PropertyValueSpecification\",\"valueRequired\":true,\"valueName\":\"search_term_string\"}}],\"inLanguage\":\"en-US\"}]}<\/script>\n<!-- \/ Yoast SEO plugin. -->","yoast_head_json":{"title":"Home - Enercon Industries - Deutsch","description":"Entdecken Sie die weltweit f\u00fchrenden Technologien von Enercon Industries zur Induktionsverschlussversiegelung sowie zur Korona-, Plasma- und Flammenoberfl\u00e4chenbehandlung f\u00fcr Verpacker und Hersteller.","robots":{"index":"index","follow":"follow","max-snippet":"max-snippet:-1","max-image-preview":"max-image-preview:large","max-video-preview":"max-video-preview:-1"},"canonical":"https:\/\/www.enerconind.com\/de\/","og_locale":"en_US","og_type":"article","og_title":"Home - Enercon Industries - Deutsch","og_description":"Entdecken Sie die weltweit f\u00fchrenden Technologien von Enercon Industries zur Induktionsverschlussversiegelung sowie zur Korona-, Plasma- und Flammenoberfl\u00e4chenbehandlung f\u00fcr Verpacker und Hersteller.","og_url":"https:\/\/www.enerconind.com\/de\/","og_site_name":"Enercon Industries - Deutsch","article_modified_time":"2025-07-29T14:19:44+00:00","og_image":[{"url":"https:\/\/www.enerconind.com\/de\/wp-content\/uploads\/sites\/5\/2025\/07\/enercon-super-seal-pro-1250x900-1.png","type":"","width":"","height":""}],"twitter_card":"summary_large_image","twitter_misc":{"Est. reading time":"2 minutes"},"schema":{"@context":"https:\/\/schema.org","@graph":[{"@type":"WebPage","@id":"https:\/\/www.enerconind.com\/de\/","url":"https:\/\/www.enerconind.com\/de\/","name":"Home - Enercon Industries - Deutsch","isPartOf":{"@id":"https:\/\/www.enerconind.com\/de\/#website"},"primaryImageOfPage":{"@id":"https:\/\/www.enerconind.com\/de\/#primaryimage"},"image":{"@id":"https:\/\/www.enerconind.com\/de\/#primaryimage"},"thumbnailUrl":"https:\/\/www.enerconind.com\/de\/wp-content\/uploads\/sites\/5\/2025\/07\/enercon-super-seal-pro-1250x900-1.png","datePublished":"2023-10-10T20:33:04+00:00","dateModified":"2025-07-29T14:19:44+00:00","description":"Entdecken Sie die weltweit f\u00fchrenden Technologien von Enercon Industries zur Induktionsverschlussversiegelung sowie zur Korona-, Plasma- und Flammenoberfl\u00e4chenbehandlung f\u00fcr Verpacker und Hersteller.","breadcrumb":{"@id":"https:\/\/www.enerconind.com\/de\/#breadcrumb"},"inLanguage":"en-US","potentialAction":[{"@type":"ReadAction","target":["https:\/\/www.enerconind.com\/de\/"]}]},{"@type":"ImageObject","inLanguage":"en-US","@id":"https:\/\/www.enerconind.com\/de\/#primaryimage","url":"https:\/\/media.enerconind.com\/wp-content\/uploads\/sites\/5\/2025\/07\/29141912\/enercon-super-seal-pro-1250x900-1.png","contentUrl":"https:\/\/media.enerconind.com\/wp-content\/uploads\/sites\/5\/2025\/07\/29141912\/enercon-super-seal-pro-1250x900-1.png","width":1250,"height":900,"caption":"Super Seal\u2122 Pro - Induction Sealer"},{"@type":"BreadcrumbList","@id":"https:\/\/www.enerconind.com\/de\/#breadcrumb","itemListElement":[{"@type":"ListItem","position":1,"name":"Home","item":"https:\/\/www.enerconind.com\/de\/"},{"@type":"ListItem","position":2,"name":"Home"}]},{"@type":"WebSite","@id":"https:\/\/www.enerconind.com\/de\/#website","url":"https:\/\/www.enerconind.com\/de\/","name":"Enercon Industries - Deutsch","description":"","potentialAction":[{"@type":"SearchAction","target":{"@type":"EntryPoint","urlTemplate":"https:\/\/www.enerconind.com\/de\/?s={search_term_string}"},"query-input":{"@type":"PropertyValueSpecification","valueRequired":true,"valueName":"search_term_string"}}],"inLanguage":"en-US"}]}},"_links":{"self":[{"href":"https:\/\/www.enerconind.com\/de\/wp-json\/wp\/v2\/pages\/261","targetHints":{"allow":["GET"]}}],"collection":[{"href":"https:\/\/www.enerconind.com\/de\/wp-json\/wp\/v2\/pages"}],"about":[{"href":"https:\/\/www.enerconind.com\/de\/wp-json\/wp\/v2\/types\/page"}],"author":[{"embeddable":true,"href":"https:\/\/www.enerconind.com\/de\/wp-json\/wp\/v2\/users\/3"}],"replies":[{"embeddable":true,"href":"https:\/\/www.enerconind.com\/de\/wp-json\/wp\/v2\/comments?post=261"}],"version-history":[{"count":0,"href":"https:\/\/www.enerconind.com\/de\/wp-json\/wp\/v2\/pages\/261\/revisions"}],"wp:attachment":[{"href":"https:\/\/www.enerconind.com\/de\/wp-json\/wp\/v2\/media?parent=261"}],"curies":[{"name":"wp","href":"https:\/\/api.w.org\/{rel}","templated":true}]}}