{"id":239,"date":"2023-10-10T20:14:56","date_gmt":"2023-10-10T20:14:56","guid":{"rendered":"https:\/\/www.enerconind.com\/de\/?page_id=239"},"modified":"2024-08-21T13:24:40","modified_gmt":"2024-08-21T13:24:40","slug":"treating","status":"publish","type":"page","link":"https:\/\/www.enerconind.com\/de\/treating\/","title":{"rendered":"Oberfl\u00e4chenbehandlungs"},"content":{"rendered":"\n\n\t\t<h1>\n\t\t\tEnercon Industries &#8211; Unternehmensinfo\n\t\t<\/h1>\n\t\t\t<p>Unternehmen in den Bereichen Druck, Beschichtung, Kaschierung und Extrusion verlassen sich bei der Oberfl\u00e4chenfunktionalisierung einer Vielzahl von Werkstoffen auf die Oberfl\u00e4chenbehandlungsl\u00f6sungen von Enercon. Wenn es um eine Investition in Oberfl\u00e4chenbehandlungsl\u00f6sungen geht, will nat\u00fcrlich jeder die richtige Wahl treffen.\u00a0<\/p>\t\t\n\t<a href=\"\/de\/about-treating\/\" target=\"_self\" role=\"button\" aria-label=\"Lesen Sie mehr dar\u00fcber, warum Ihnen Enercon diese Wahl leicht macht.\" rel=\"noopener\">\n\t\t\t\t\t\tLesen Sie mehr dar\u00fcber, warum Ihnen Enercon diese Wahl leicht macht.\n\t\t\t<\/a>\n\t\n\t\t<h2>\n\t\t\tUNSERE PRODUKTE\n\t\t\t\t\t\t\t\t\t\t\tPlasma- und Flammenbehandlungstechnologien\n\t\t<\/h2>\n\t\t\t<a href=\"\/plasma-treating\/plasma-flame-treaters\/blown-arc-series\/\" target=\"_self\" rel=\"noopener\">\n\t\t\t\t\t\t\t<img decoding=\"async\" src=\"https:\/\/media.enerconind.com\/wp-content\/uploads\/sites\/5\/2023\/10\/02145903\/blown-arc-technology.jpg\" alt=\"\" \/>\n\t\t\tBLOWN-ARC\u2122 SERIES\n\t\t<h4>Behandeln Sie extrudierte, pultrudierte, geformte und geformte Materialien effektiv<\/h4>\n\t\t\t<p>(Englisch)<\/p>\t\t\n\t\t<\/a>\n\t\t\t<a href=\"\/plasma-treating\/plasma-flame-treaters\/blown-ion-125\/\" target=\"_self\" rel=\"noopener\">\n\t\t\t\t\t\t\t<img decoding=\"async\" src=\"https:\/\/media.enerconind.com\/wp-content\/uploads\/sites\/5\/2023\/10\/02145903\/blown-ion-technology.jpg\" alt=\"\" \/>\n\t\t\tBLOWN-ION\u2122 SERIES\n\t\t<h4>Wirksam auf allen Arten von Polymeren, Elastomeren, Glas und leitf\u00e4higen Oberfl\u00e4chen<\/h4>\n\t\t\t<p>(Englisch)<\/p>\t\t\n\t\t<\/a>\n\t\t\t<a href=\"\/plasma-treating\/plasma-flame-treaters\/flame-series\/\" target=\"_self\" rel=\"noopener\">\n\t\t\t\t\t\t\t<img decoding=\"async\" src=\"https:\/\/media.enerconind.com\/wp-content\/uploads\/sites\/5\/2023\/10\/02145903\/flame-technology.jpg\" alt=\"\" \/>\n\t\t\tFLAME SERIES\n\t\t<h4>PowerFlame\u2122 Hochgeschwindigkeitsbrennertechnologie<\/h4>\n\t\t\t<p>(Englisch)<\/p>\t\t\n\t\t<\/a>\n\t\t\t<a href=\"\/plasma-treating\/plasma-flame-treaters\/plasma3-vcp\/\" target=\"_self\" rel=\"noopener\">\n\t\t\t\t\t\t\t<img decoding=\"async\" src=\"https:\/\/media.enerconind.com\/wp-content\/uploads\/sites\/5\/2023\/10\/02145902\/plasma3-vcp-technology.jpg\" alt=\"\" \/>\n\t\t\tPLASMA3\u2122 VCP\n\t\t<h4>atmosph\u00e4rische Plasma-Oberfl\u00e4chenbehandlungstechnologie<\/h4>\n\t\t\t<p>(Englisch)<\/p>\t\t\n\t\t<\/a>\n\t\t<h2>\n\t\t\tCORONA-BEHANDLUNGSPRODUKTE\n\t\t\t\t\t\t\t\t\t\t\tBehandlungsausr\u00fcstung &#8211; Web &amp; Film\n\t\t<\/h2>\n\t\t\t<a href=\"\/web-treating\/corona-treaters\/printing-coating-and-laminating\/\" target=\"_self\" rel=\"noopener\">\n\t\t\t\t\t\t\t<img decoding=\"async\" src=\"https:\/\/media.enerconind.com\/wp-content\/uploads\/sites\/5\/2023\/10\/02145854\/printing-coating-laminating-300x200.jpg\" alt=\"\" \/>\n\t\t\tDrucken, Beschichten, Laminieren\n\t\t<h4>Behandlung mit fester Breite f\u00fcr die Konvertierung<\/h4>\n\t\t\t<p>(Englisch)<\/p>\t\t\n\t\t<\/a>\n\t\t\t<a href=\"\/web-treating\/corona-treaters\/blown-and-cast-film\/\" target=\"_self\" rel=\"noopener\">\n\t\t\t\t\t\t\t<img decoding=\"async\" src=\"https:\/\/media.enerconind.com\/wp-content\/uploads\/sites\/5\/2023\/10\/02145853\/blown-and-cast-film-300x200.jpg\" alt=\"\" \/>\n\t\t\tBlas- und Gie\u00dffolienextrusion\n\t\t<h4>Koronabehandlung mit fester und variabler Breite<\/h4>\n\t\t\t<p>(Englisch)<\/p>\t\t\n\t\t<\/a>\n\t\t\t<a href=\"\/web-treating\/corona-treaters\/narrow-web\/\" target=\"_self\" rel=\"noopener\">\n\t\t\t\t\t\t\t<img decoding=\"async\" src=\"https:\/\/media.enerconind.com\/wp-content\/uploads\/sites\/5\/2023\/10\/02145853\/narrow-web-corona-treating-300x200.jpg\" alt=\"\" \/>\n\t\t\tNarrow Web\n\t\t<h4>Weniger als 32&#8243; Leckerlibreite<\/h4>\n\t\t\t<p>(Englisch)<\/p>\t\t\n\t\t<\/a>\n\t\t\t<a href=\"\/web-treating\/corona-treaters\/power-supplies\/\" target=\"_self\" rel=\"noopener\">\n\t\t\t\t\t\t\t<img decoding=\"async\" src=\"https:\/\/media.enerconind.com\/wp-content\/uploads\/sites\/5\/2023\/10\/02145852\/power-supplies-300x200.jpg\" alt=\"\" \/>\n\t\t\tNetzteile\n\t\t<h4>Entwickelt f\u00fcr Zuverl\u00e4ssigkeit und Benutzerfreundlichkeit<\/h4>\n\t\t\t<p>(Englisch)<\/p>\t\t\n\t\t<\/a>\n\t\t\t<a href=\"\/web-treating\/ozone\/ozonator-generator\/\" target=\"_self\" rel=\"noopener\">\n\t\t\t\t\t\t\t<img decoding=\"async\" src=\"https:\/\/media.enerconind.com\/wp-content\/uploads\/sites\/5\/2023\/10\/02145851\/ozone-generator-300x200.jpg\" alt=\"\" \/>\n\t\t\tOzongeneratoren\n\t\t<h4>Verbessern Sie die Ergebnisse der Extrusionsbeschichtung<\/h4>\n\t\t\t<p>(Englisch)<\/p>\t\t\n\t\t<\/a>\n\t\t\t<a href=\"\/web-treating\/ozone\/ozone-decomposer\/\" target=\"_self\" rel=\"noopener\">\n\t\t\t\t\t\t\t<img decoding=\"async\" src=\"https:\/\/media.enerconind.com\/wp-content\/uploads\/sites\/5\/2023\/10\/02145851\/ozone-decomposer-300x200.jpg\" alt=\"\" \/>\n\t\t\tOzone Decomposers\n\t\t<h4>Eliminieren Sie Ozon<\/h4>\n\t\t\t<p>(Englisch)<\/p>\t\t\n\t\t<\/a>\n\t\t\t<a href=\"\/web-treating\/corona-treaters\/dyne-pens\/\" target=\"_self\" rel=\"noopener\">\n\t\t\t\t\t\t\t<img decoding=\"async\" src=\"https:\/\/media.enerconind.com\/wp-content\/uploads\/sites\/5\/2023\/10\/02145850\/dyne-pens-300x200.jpg\" alt=\"\" \/>\n\t\t\tDyne-Stifte\n\t\t<h4>Oberfl\u00e4chenenergie messen<\/h4>\n\t\t\t<p>(Englisch)<\/p>\t\t\n\t\t<\/a>\n\t\t<h2>\n\t\t\tPLASMA- und FLAMMENBEHANDLUNGSPRODUKTE\n\t\t\t\t\t\t\t\t\t\t\tBehandlungsausr\u00fcstung &#8211; Web &amp; Film\n\t\t<\/h2>\n\t\t\t<a href=\"\/web-treating\/plasma-flame-treaters\/flame-plasma-for-webs\/\" target=\"_self\" rel=\"noopener\">\n\t\t\t\t\t\t\t<img decoding=\"async\" src=\"https:\/\/media.enerconind.com\/wp-content\/uploads\/sites\/5\/2023\/10\/02145849\/flame-plasma-web-300x200.jpg\" alt=\"\" \/>\n\t\t\tFlame Plasma\n\t\t<h4>Flammbehandlung f\u00fcr Folien und Bahnen<\/h4>\n\t\t\t<p>(Englisch)<\/p>\t\t\n\t\t<\/a>\n\t\t\t<a href=\"\/web-treating\/plasma-flame-treaters\/plasma3\/\" target=\"_self\" rel=\"noopener\">\n\t\t\t\t\t\t\t<img decoding=\"async\" src=\"https:\/\/media.enerconind.com\/wp-content\/uploads\/sites\/5\/2023\/10\/02145848\/plasma3-300x200.jpg\" alt=\"\" \/>\n\t\t\tOberfl\u00e4chenbehandlung mit atmosph\u00e4rischem Plasma\n\t\t<h4>Plasma3\u2122<\/h4>\n\t\t\t<p>(Englisch)<\/p>\t\t\n\t\t<\/a>\n\t\t\t<a href=\"\/web-treating\/plasma-flame-treaters\/plasma4\/\" target=\"_self\" rel=\"noopener\">\n\t\t\t\t\t\t\t<img decoding=\"async\" src=\"https:\/\/media.enerconind.com\/wp-content\/uploads\/sites\/5\/2023\/10\/02145848\/plasma4-main-image-300x200.jpg\" alt=\"\" \/>\n\t\t\tOberfl\u00e4chenbehandlung mit atmosph\u00e4rischem Plasma\n\t\t<h4>Plasma4\u2122<\/h4>\n\t\t\t<p>(Englisch)<\/p>\t\t\n\t\t<\/a>\n\t\t\t<a href=\"\/web-treating\/plasma-flame-treaters\/plasma-ready\/\" target=\"_self\" rel=\"noopener\">\n\t\t\t\t\t\t\t<img decoding=\"async\" src=\"https:\/\/media.enerconind.com\/wp-content\/uploads\/sites\/5\/2023\/10\/02145847\/plasma-ready-300x200.jpg\" alt=\"\" \/>\n\t\t\tOberfl\u00e4chenbehandlung mit atmosph\u00e4rischem Plasma\n\t\t<h4>PlasmaReady\u2122<\/h4>\n\t\t\t<p>(Englisch)<\/p>\t\t\n\t\t<\/a>\n\t\t<h2>\n\t\t\tUNTERST\u00dcTZUNG\n\t\t\t\t\t\t\t\t\t\t\tProdukte\n\t\t<\/h2>\n\t\t\t<p>Unsere Produktpalette umfasst das gr\u00f6sste Angebot an auf dem Markt erh\u00e4ltlichen Oberfl\u00e4chenbehandlungs-L\u00f6sungen einschlielich der Corona- und Flammenverfahren sowie der bahnbrechenden atmospherischen Plasma-Technik. Diese Verfahren k\u00f6nnen sowohl auf schmale, breite und extrem breite Werkstoffbahnen als auch auf die Oberfl\u00e4che dreidimensionaler Objekte angewendet werden.\u00a0<a href=\"\/de\/products-treating\/\">Erfahren Sie mehr \u00fcber die Enercon Oberfl\u00e4chenbehandlungssysteme.<\/a><\/p>\t\t\n\t\t<h2>\n\t\t\t ERFAHREN SIE MEHR\n\t\t\t\t\t\t\t\t\t\t\tFAQ\n\t\t<\/h2>\n\t\t\t<p>M\u00f6chten Sie wissen, wie die Corona-Behandlung funktioniert und wie Sie sich auf die Oberfl\u00e4che Ihrer Substrate auswirkt? Wir haben Fragen wie diese und ein paar andere h\u00e4ufig gestellte Fragen beantwortet.<\/p>\t\t\n\t<a href=\"\/de\/frequently-asked-questions-treating\/\" target=\"_self\" role=\"button\" aria-label=\"FAQ\" rel=\"noopener\">\n\t\t\t\t\t\tFAQ\n\t\t\t\t\t<\/a>\n\t\t<h2>\n\t\t\t ERFAHREN SIE MEHR\n\t\t\t\t\t\t\t\t\t\t\tBehandlungsgrundlagen\n\t\t<\/h2>\n\t\t\t<p>Die Corona-Behandlung erh\u00f6ht die Oberfl\u00e4chenspannung von Plastik und andere Folien, Papier- und Polymerobjekten, um die Benetzbarkeit der Werkstoffe und die Haftkraft von Tinten, Beschichtungen und Klebstoffen zu verbessern. Lesen Sie mehr dar\u00fcber, warum eine Behandlung notwendig ist und wodurch sich ein Corona-Behandlungssystem auszeichnet.<\/p>\t\t\n\t<a href=\"\/de\/basics-treating\/\" target=\"_self\" role=\"button\" aria-label=\"Behandlungsgrundlagen\" rel=\"noopener\">\n\t\t\t\t\t\tBehandlungsgrundlagen\n\t\t\t\t\t<\/a>\n\t\t<h2>\n\t\t\t ERFAHREN SIE MEHR\n\t\t\t\t\t\t\t\t\t\t\tTechnologien zur Oberfl\u00e4chenbehandlung\n\t\t<\/h2>\n\t\t\t<ul><li>Oberfl\u00e4chenbehandlungssysteme: Corona<\/li><li>Oberfl\u00e4chenbehandlungssysteme: Atmosph\u00e4risches Plasma<\/li><li>Oberfl\u00e4chenbehandlungssysteme: Flamme<\/li><\/ul>\t\t\n\t<a href=\"\/de\/about-treating\/\" target=\"_self\" role=\"button\" aria-label=\"Technologien zur Oberfl\u00e4chenbehandlung\" rel=\"noopener\">\n\t\t\t\t\t\tTechnologien zur Oberfl\u00e4chenbehandlung\n\t\t\t\t\t<\/a>\n\n","protected":false},"excerpt":{"rendered":"<p>Enercon Industries &#8211; Unternehmensinfo Unternehmen in den Bereichen Druck, Beschichtung, Kaschierung und Extrusion verlassen sich bei der Oberfl\u00e4chenfunktionalisierung einer Vielzahl von Werkstoffen auf die Oberfl\u00e4chenbehandlungsl\u00f6sungen von Enercon. Wenn es um eine Investition in Oberfl\u00e4chenbehandlungsl\u00f6sungen geht, will nat\u00fcrlich jeder die richtige Wahl treffen.\u00a0 Lesen Sie mehr dar\u00fcber, warum Ihnen Enercon diese Wahl leicht macht. UNSERE PRODUKTE&hellip;<\/p>\n","protected":false},"author":3,"featured_media":0,"parent":0,"menu_order":0,"comment_status":"closed","ping_status":"closed","template":"","meta":{"_acf_changed":false,"footnotes":""},"class_list":["post-239","page","type-page","status-publish","hentry"],"acf":[],"yoast_head":"<!-- This site is optimized with the Yoast SEO plugin v27.4 - https:\/\/yoast.com\/product\/yoast-seo-wordpress\/ -->\n<title>Oberfl\u00e4chenbehandlungs - Enercon Industries - Deutsch<\/title>\n<meta name=\"description\" content=\"Erhalten Sie Einblicke in Anwendungen und bew\u00e4hrte Vorgehensweisen zur Korona-, Plasma- und Flammenoberfl\u00e4chenbehandlung vom Marktf\u00fchrer in der Oberfl\u00e4chenbehandlung.\" \/>\n<meta name=\"robots\" content=\"index, follow, max-snippet:-1, max-image-preview:large, max-video-preview:-1\" \/>\n<link rel=\"canonical\" href=\"https:\/\/www.enerconind.com\/de\/treating\/\" \/>\n<meta property=\"og:locale\" content=\"en_US\" \/>\n<meta property=\"og:type\" content=\"article\" \/>\n<meta property=\"og:title\" content=\"Oberfl\u00e4chenbehandlungs - Enercon Industries - Deutsch\" \/>\n<meta property=\"og:description\" content=\"Erhalten Sie Einblicke in Anwendungen und bew\u00e4hrte Vorgehensweisen zur Korona-, Plasma- und Flammenoberfl\u00e4chenbehandlung vom Marktf\u00fchrer in der Oberfl\u00e4chenbehandlung.\" \/>\n<meta property=\"og:url\" content=\"https:\/\/www.enerconind.com\/de\/treating\/\" \/>\n<meta property=\"og:site_name\" content=\"Enercon Industries - Deutsch\" \/>\n<meta property=\"article:modified_time\" content=\"2024-08-21T13:24:40+00:00\" \/>\n<meta property=\"og:image\" content=\"https:\/\/www.enerconind.com\/de\/wp-content\/uploads\/sites\/5\/2023\/10\/blown-arc-technology.jpg\" \/>\n<meta name=\"twitter:card\" content=\"summary_large_image\" \/>\n<meta name=\"twitter:label1\" content=\"Est. reading time\" \/>\n\t<meta name=\"twitter:data1\" content=\"5 minutes\" \/>\n<script type=\"application\/ld+json\" class=\"yoast-schema-graph\">{\"@context\":\"https:\\\/\\\/schema.org\",\"@graph\":[{\"@type\":\"WebPage\",\"@id\":\"https:\\\/\\\/www.enerconind.com\\\/de\\\/treating\\\/\",\"url\":\"https:\\\/\\\/www.enerconind.com\\\/de\\\/treating\\\/\",\"name\":\"Oberfl\u00e4chenbehandlungs - Enercon Industries - Deutsch\",\"isPartOf\":{\"@id\":\"https:\\\/\\\/www.enerconind.com\\\/de\\\/#website\"},\"primaryImageOfPage\":{\"@id\":\"https:\\\/\\\/www.enerconind.com\\\/de\\\/treating\\\/#primaryimage\"},\"image\":{\"@id\":\"https:\\\/\\\/www.enerconind.com\\\/de\\\/treating\\\/#primaryimage\"},\"thumbnailUrl\":\"https:\\\/\\\/www.enerconind.com\\\/de\\\/wp-content\\\/uploads\\\/sites\\\/5\\\/2023\\\/10\\\/blown-arc-technology.jpg\",\"datePublished\":\"2023-10-10T20:14:56+00:00\",\"dateModified\":\"2024-08-21T13:24:40+00:00\",\"description\":\"Erhalten Sie Einblicke in Anwendungen und bew\u00e4hrte Vorgehensweisen zur Korona-, Plasma- und Flammenoberfl\u00e4chenbehandlung vom Marktf\u00fchrer in der Oberfl\u00e4chenbehandlung.\",\"breadcrumb\":{\"@id\":\"https:\\\/\\\/www.enerconind.com\\\/de\\\/treating\\\/#breadcrumb\"},\"inLanguage\":\"en-US\",\"potentialAction\":[{\"@type\":\"ReadAction\",\"target\":[\"https:\\\/\\\/www.enerconind.com\\\/de\\\/treating\\\/\"]}]},{\"@type\":\"ImageObject\",\"inLanguage\":\"en-US\",\"@id\":\"https:\\\/\\\/www.enerconind.com\\\/de\\\/treating\\\/#primaryimage\",\"url\":\"https:\\\/\\\/media.enerconind.com\\\/wp-content\\\/uploads\\\/sites\\\/5\\\/2023\\\/10\\\/02145903\\\/blown-arc-technology.jpg\",\"contentUrl\":\"https:\\\/\\\/media.enerconind.com\\\/wp-content\\\/uploads\\\/sites\\\/5\\\/2023\\\/10\\\/02145903\\\/blown-arc-technology.jpg\",\"width\":500,\"height\":350},{\"@type\":\"BreadcrumbList\",\"@id\":\"https:\\\/\\\/www.enerconind.com\\\/de\\\/treating\\\/#breadcrumb\",\"itemListElement\":[{\"@type\":\"ListItem\",\"position\":1,\"name\":\"Home\",\"item\":\"https:\\\/\\\/www.enerconind.com\\\/de\\\/\"},{\"@type\":\"ListItem\",\"position\":2,\"name\":\"Oberfl\u00e4chenbehandlungs\"}]},{\"@type\":\"WebSite\",\"@id\":\"https:\\\/\\\/www.enerconind.com\\\/de\\\/#website\",\"url\":\"https:\\\/\\\/www.enerconind.com\\\/de\\\/\",\"name\":\"Enercon Industries - Deutsch\",\"description\":\"\",\"potentialAction\":[{\"@type\":\"SearchAction\",\"target\":{\"@type\":\"EntryPoint\",\"urlTemplate\":\"https:\\\/\\\/www.enerconind.com\\\/de\\\/?s={search_term_string}\"},\"query-input\":{\"@type\":\"PropertyValueSpecification\",\"valueRequired\":true,\"valueName\":\"search_term_string\"}}],\"inLanguage\":\"en-US\"}]}<\/script>\n<!-- \/ Yoast SEO plugin. -->","yoast_head_json":{"title":"Oberfl\u00e4chenbehandlungs - Enercon Industries - Deutsch","description":"Erhalten Sie Einblicke in Anwendungen und bew\u00e4hrte Vorgehensweisen zur Korona-, Plasma- und Flammenoberfl\u00e4chenbehandlung vom Marktf\u00fchrer in der Oberfl\u00e4chenbehandlung.","robots":{"index":"index","follow":"follow","max-snippet":"max-snippet:-1","max-image-preview":"max-image-preview:large","max-video-preview":"max-video-preview:-1"},"canonical":"https:\/\/www.enerconind.com\/de\/treating\/","og_locale":"en_US","og_type":"article","og_title":"Oberfl\u00e4chenbehandlungs - Enercon Industries - Deutsch","og_description":"Erhalten Sie Einblicke in Anwendungen und bew\u00e4hrte Vorgehensweisen zur Korona-, Plasma- und Flammenoberfl\u00e4chenbehandlung vom Marktf\u00fchrer in der Oberfl\u00e4chenbehandlung.","og_url":"https:\/\/www.enerconind.com\/de\/treating\/","og_site_name":"Enercon Industries - Deutsch","article_modified_time":"2024-08-21T13:24:40+00:00","og_image":[{"url":"https:\/\/www.enerconind.com\/de\/wp-content\/uploads\/sites\/5\/2023\/10\/blown-arc-technology.jpg","type":"","width":"","height":""}],"twitter_card":"summary_large_image","twitter_misc":{"Est. reading time":"5 minutes"},"schema":{"@context":"https:\/\/schema.org","@graph":[{"@type":"WebPage","@id":"https:\/\/www.enerconind.com\/de\/treating\/","url":"https:\/\/www.enerconind.com\/de\/treating\/","name":"Oberfl\u00e4chenbehandlungs - Enercon Industries - Deutsch","isPartOf":{"@id":"https:\/\/www.enerconind.com\/de\/#website"},"primaryImageOfPage":{"@id":"https:\/\/www.enerconind.com\/de\/treating\/#primaryimage"},"image":{"@id":"https:\/\/www.enerconind.com\/de\/treating\/#primaryimage"},"thumbnailUrl":"https:\/\/www.enerconind.com\/de\/wp-content\/uploads\/sites\/5\/2023\/10\/blown-arc-technology.jpg","datePublished":"2023-10-10T20:14:56+00:00","dateModified":"2024-08-21T13:24:40+00:00","description":"Erhalten Sie Einblicke in Anwendungen und bew\u00e4hrte Vorgehensweisen zur Korona-, Plasma- und Flammenoberfl\u00e4chenbehandlung vom Marktf\u00fchrer in der Oberfl\u00e4chenbehandlung.","breadcrumb":{"@id":"https:\/\/www.enerconind.com\/de\/treating\/#breadcrumb"},"inLanguage":"en-US","potentialAction":[{"@type":"ReadAction","target":["https:\/\/www.enerconind.com\/de\/treating\/"]}]},{"@type":"ImageObject","inLanguage":"en-US","@id":"https:\/\/www.enerconind.com\/de\/treating\/#primaryimage","url":"https:\/\/media.enerconind.com\/wp-content\/uploads\/sites\/5\/2023\/10\/02145903\/blown-arc-technology.jpg","contentUrl":"https:\/\/media.enerconind.com\/wp-content\/uploads\/sites\/5\/2023\/10\/02145903\/blown-arc-technology.jpg","width":500,"height":350},{"@type":"BreadcrumbList","@id":"https:\/\/www.enerconind.com\/de\/treating\/#breadcrumb","itemListElement":[{"@type":"ListItem","position":1,"name":"Home","item":"https:\/\/www.enerconind.com\/de\/"},{"@type":"ListItem","position":2,"name":"Oberfl\u00e4chenbehandlungs"}]},{"@type":"WebSite","@id":"https:\/\/www.enerconind.com\/de\/#website","url":"https:\/\/www.enerconind.com\/de\/","name":"Enercon Industries - Deutsch","description":"","potentialAction":[{"@type":"SearchAction","target":{"@type":"EntryPoint","urlTemplate":"https:\/\/www.enerconind.com\/de\/?s={search_term_string}"},"query-input":{"@type":"PropertyValueSpecification","valueRequired":true,"valueName":"search_term_string"}}],"inLanguage":"en-US"}]}},"_links":{"self":[{"href":"https:\/\/www.enerconind.com\/de\/wp-json\/wp\/v2\/pages\/239","targetHints":{"allow":["GET"]}}],"collection":[{"href":"https:\/\/www.enerconind.com\/de\/wp-json\/wp\/v2\/pages"}],"about":[{"href":"https:\/\/www.enerconind.com\/de\/wp-json\/wp\/v2\/types\/page"}],"author":[{"embeddable":true,"href":"https:\/\/www.enerconind.com\/de\/wp-json\/wp\/v2\/users\/3"}],"replies":[{"embeddable":true,"href":"https:\/\/www.enerconind.com\/de\/wp-json\/wp\/v2\/comments?post=239"}],"version-history":[{"count":0,"href":"https:\/\/www.enerconind.com\/de\/wp-json\/wp\/v2\/pages\/239\/revisions"}],"wp:attachment":[{"href":"https:\/\/www.enerconind.com\/de\/wp-json\/wp\/v2\/media?parent=239"}],"curies":[{"name":"wp","href":"https:\/\/api.w.org\/{rel}","templated":true}]}}