{"id":223,"date":"2023-10-10T20:13:10","date_gmt":"2023-10-10T20:13:10","guid":{"rendered":"https:\/\/www.enerconind.com\/de\/?page_id=223"},"modified":"2024-08-21T13:23:25","modified_gmt":"2024-08-21T13:23:25","slug":"products-treating","status":"publish","type":"page","link":"https:\/\/www.enerconind.com\/de\/products-treating\/","title":{"rendered":"Produkte &#8211; Oberfl\u00e4chenbehandlungs"},"content":{"rendered":"\n\n\t\t<h1>\n\t\t\tProdukte\n\t\t<\/h1>\n\t\t\t<p>Enercons Oberfl\u00e4chenbehandlungssysteme erh\u00f6hen die Oberfl\u00e4chenspannung, um die Haftkraft bei Druck-, Beschichtungs-, Kaschierungs- und anderen Verarbeitungs- und Extrusionsverfahren zu verbessern.Unsere Produktpalette umfasst das gr\u00f6\u00dfte Angebot an auf dem Markt erh\u00e4ltlichen Oberfl\u00e4chenbehandlungsl\u00f6sungen einschlie\u00dflich der Corona- und Flammenverfahren sowie der bahnbrechenden atmosph\u00e4rischen Plasma-Technik. Diese Verfahren k\u00f6nnen sowohl auf schmale, breite und extrem breite Werkstoffbahnen als auch auf die Oberfl\u00e4che dreidimensionaler Objekte angewendet werden.<\/p>\t\t\n\t\n\t\t<h1>\n\t\t\tProdukte\n\t\t<\/h1>\n\t\t\t<p>In vielen F\u00e4llen ist ein Laborversuch die beste Art festzustellen, welche Technologie sich am besten f\u00fcr Ihre Anwendung eignet. Enercon hilft Ihnen dabei herauszufinden, ob eine Metall- oder aber eine Keramikelektrode die beste Wahl f\u00fcr eine Corona-Behandlung ist, und optimiert Ihre Produktivit\u00e4t durch die Kombination der Elektrode mit der am besten geeigneten Walze. Um Sie bei der Bewertung von Behandlungstechnologien zu unterst\u00fctzen, bieten wir in mehreren Laboreinrichtungen in verschiedenen L\u00e4ndern der Welt kostenlose Oberfl\u00e4chenbehandlungstests an.Viele Kunden nutzen diese Gelegenheit, um in einem unserer Labors unser einzigartiges atmosph\u00e4rische Plasma-System Plasma3\u2122 zu testen. Die F\u00e4higkeit dieser Technologie, langlebige Behandlungsergebnisse bei Materialien zu erzielen, die andernfalls unbehandelbar w\u00e4ren, ist einer der Hauptvorz\u00fcge von Plasma3\u2122. Vor allem jedoch die F\u00e4higkeit, Oberfl\u00e4chen zu reinigen, durch \u00c4tzen zu bearbeiten und zu funktionalisieren, hat Plasma3\u2122 f\u00fcr viele branchenf\u00fchrende Unternehmen zu einer bahnbrechenden L\u00f6sung gemacht.Enercon Oberfl\u00e4chenbehandlungssysteme werden von Hauptbetriebszentren unterst\u00fctzt, die sich an strategischen Orten rund um die Welt befinden und die ihrerseits unsere sehr erfahrene Mitarbeiter im weitl\u00e4ufigen Vertriebs- und Servicenetz des Unternehmens unterst\u00fctzen.<\/p>\t\t\n\t\t<h2>\n\t\t\tCORONA-BEHANDLUNGSPRODUKTE\n\t\t\t\t\t\t\t\t\t\t\tBehandlungsausr\u00fcstung &#8211; Web &amp; Film\n\t\t<\/h2>\n\t\t\t<a href=\"\/web-treating\/corona-treaters\/printing-coating-and-laminating\/\" target=\"_self\" rel=\"noopener\">\n\t\t\t\t\t\t\t<img decoding=\"async\" src=\"https:\/\/media.enerconind.com\/wp-content\/uploads\/sites\/5\/2023\/10\/02145854\/printing-coating-laminating-300x200.jpg\" alt=\"\" \/>\n\t\t\tDrucken, Beschichten, Laminieren\n\t\t<h4>Behandlung mit fester Breite f\u00fcr die Konvertierung<\/h4>\n\t\t\t<p>(Englisch)<\/p>\t\t\n\t\t<\/a>\n\t\t\t<a href=\"\/web-treating\/corona-treaters\/blown-and-cast-film\/\" target=\"_self\" rel=\"noopener\">\n\t\t\t\t\t\t\t<img decoding=\"async\" src=\"https:\/\/media.enerconind.com\/wp-content\/uploads\/sites\/5\/2023\/10\/02145853\/blown-and-cast-film-300x200.jpg\" alt=\"\" \/>\n\t\t\tBlas- und Gie\u00dffolienextrusion\n\t\t<h4>Koronabehandlung mit fester und variabler Breite<\/h4>\n\t\t\t<p>(Englisch)<\/p>\t\t\n\t\t<\/a>\n\t\t\t<a href=\"\/web-treating\/corona-treaters\/narrow-web\/\" target=\"_self\" rel=\"noopener\">\n\t\t\t\t\t\t\t<img decoding=\"async\" src=\"https:\/\/media.enerconind.com\/wp-content\/uploads\/sites\/5\/2023\/10\/02145853\/narrow-web-corona-treating-300x200.jpg\" alt=\"\" \/>\n\t\t\tNarrow Web\n\t\t<h4>Weniger als 32&#8243; Leckerlibreite<\/h4>\n\t\t\t<p>(Englisch)<\/p>\t\t\n\t\t<\/a>\n\t\t\t<a href=\"\/web-treating\/corona-treaters\/power-supplies\/\" target=\"_self\" rel=\"noopener\">\n\t\t\t\t\t\t\t<img decoding=\"async\" src=\"https:\/\/media.enerconind.com\/wp-content\/uploads\/sites\/5\/2023\/10\/02145852\/power-supplies-300x200.jpg\" alt=\"\" \/>\n\t\t\tNetzteile\n\t\t<h4>Entwickelt f\u00fcr Zuverl\u00e4ssigkeit und Benutzerfreundlichkeit<\/h4>\n\t\t\t<p>(Englisch)<\/p>\t\t\n\t\t<\/a>\n\t\t\t<a href=\"\/web-treating\/ozone\/ozonator-generator\/\" target=\"_self\" rel=\"noopener\">\n\t\t\t\t\t\t\t<img decoding=\"async\" src=\"https:\/\/media.enerconind.com\/wp-content\/uploads\/sites\/5\/2023\/10\/02145851\/ozone-generator-300x200.jpg\" alt=\"\" \/>\n\t\t\tOzongeneratoren\n\t\t<h4>Verbessern Sie die Ergebnisse der Extrusionsbeschichtung<\/h4>\n\t\t\t<p>(Englisch)<\/p>\t\t\n\t\t<\/a>\n\t\t\t<a href=\"\/web-treating\/ozone\/ozone-decomposer\/\" target=\"_self\" rel=\"noopener\">\n\t\t\t\t\t\t\t<img decoding=\"async\" src=\"https:\/\/media.enerconind.com\/wp-content\/uploads\/sites\/5\/2023\/10\/02145851\/ozone-decomposer-300x200.jpg\" alt=\"\" \/>\n\t\t\tOzone Decomposers\n\t\t<h4>Eliminieren Sie Ozon<\/h4>\n\t\t\t<p>(Englisch)<\/p>\t\t\n\t\t<\/a>\n\t\t\t<a href=\"\/web-treating\/corona-treaters\/dyne-pens\/\" target=\"_self\" rel=\"noopener\">\n\t\t\t\t\t\t\t<img decoding=\"async\" src=\"https:\/\/media.enerconind.com\/wp-content\/uploads\/sites\/5\/2023\/10\/02145850\/dyne-pens-300x200.jpg\" alt=\"\" \/>\n\t\t\tDyne-Stifte\n\t\t<h4>Oberfl\u00e4chenenergie messen<\/h4>\n\t\t\t<p>(Englisch)<\/p>\t\t\n\t\t<\/a>\n\t\t<h2>\n\t\t\tPLASMA- und FLAMMENBEHANDLUNGSPRODUKTE\n\t\t\t\t\t\t\t\t\t\t\tBehandlungsausr\u00fcstung &#8211; Web &amp; Film\n\t\t<\/h2>\n\t\t\t<a href=\"\/web-treating\/plasma-flame-treaters\/flame-plasma-for-webs\/\" target=\"_self\" rel=\"noopener\">\n\t\t\t\t\t\t\t<img decoding=\"async\" src=\"https:\/\/media.enerconind.com\/wp-content\/uploads\/sites\/5\/2023\/10\/02145849\/flame-plasma-web-300x200.jpg\" alt=\"\" \/>\n\t\t\tFlame Plasma\n\t\t<h4>Flammbehandlung f\u00fcr Folien und Bahnen<\/h4>\n\t\t\t<p>(Englisch)<\/p>\t\t\n\t\t<\/a>\n\t\t\t<a href=\"\/web-treating\/plasma-flame-treaters\/plasma3\/\" target=\"_self\" rel=\"noopener\">\n\t\t\t\t\t\t\t<img decoding=\"async\" src=\"https:\/\/media.enerconind.com\/wp-content\/uploads\/sites\/5\/2023\/10\/02145848\/plasma3-300x200.jpg\" alt=\"\" \/>\n\t\t\tOberfl\u00e4chenbehandlung mit atmosph\u00e4rischem Plasma\n\t\t<h4>Plasma3\u2122<\/h4>\n\t\t\t<p>(Englisch)<\/p>\t\t\n\t\t<\/a>\n\t\t\t<a href=\"\/web-treating\/plasma-flame-treaters\/plasma4\/\" target=\"_self\" rel=\"noopener\">\n\t\t\t\t\t\t\t<img decoding=\"async\" src=\"https:\/\/media.enerconind.com\/wp-content\/uploads\/sites\/5\/2023\/10\/02145848\/plasma4-main-image-300x200.jpg\" alt=\"\" \/>\n\t\t\tOberfl\u00e4chenbehandlung mit atmosph\u00e4rischem Plasma\n\t\t<h4>Plasma4\u2122<\/h4>\n\t\t\t<p>(Englisch)<\/p>\t\t\n\t\t<\/a>\n\t\t\t<a href=\"\/web-treating\/plasma-flame-treaters\/plasma-ready\/\" target=\"_self\" rel=\"noopener\">\n\t\t\t\t\t\t\t<img decoding=\"async\" src=\"https:\/\/media.enerconind.com\/wp-content\/uploads\/sites\/5\/2023\/10\/02145847\/plasma-ready-300x200.jpg\" alt=\"\" \/>\n\t\t\tOberfl\u00e4chenbehandlung mit atmosph\u00e4rischem Plasma\n\t\t<h4>PlasmaReady\u2122<\/h4>\n\t\t\t<p>(Englisch)<\/p>\t\t\n\t\t<\/a>\n\n","protected":false},"excerpt":{"rendered":"<p>Produkte Enercons Oberfl\u00e4chenbehandlungssysteme erh\u00f6hen die Oberfl\u00e4chenspannung, um die Haftkraft bei Druck-, Beschichtungs-, Kaschierungs- und anderen Verarbeitungs- und Extrusionsverfahren zu verbessern.Unsere Produktpalette umfasst das gr\u00f6\u00dfte Angebot an auf dem Markt erh\u00e4ltlichen Oberfl\u00e4chenbehandlungsl\u00f6sungen einschlie\u00dflich der Corona- und Flammenverfahren sowie der bahnbrechenden atmosph\u00e4rischen Plasma-Technik. Diese Verfahren k\u00f6nnen sowohl auf schmale, breite und extrem breite Werkstoffbahnen als auch auf&hellip;<\/p>\n","protected":false},"author":3,"featured_media":0,"parent":0,"menu_order":0,"comment_status":"closed","ping_status":"closed","template":"","meta":{"_acf_changed":false,"footnotes":""},"class_list":["post-223","page","type-page","status-publish","hentry"],"acf":[],"yoast_head":"<!-- This site is optimized with the Yoast SEO plugin v27.4 - https:\/\/yoast.com\/product\/yoast-seo-wordpress\/ -->\n<title>Produkte - Oberfl\u00e4chenbehandlungs - Enercon Industries - Deutsch<\/title>\n<meta name=\"description\" content=\"Erhalten Sie Einblicke in die Oberfl\u00e4chenbehandlung mit Corona, Plasma und Flammen. Gr\u00f6\u00dfte Auswahl an Oberfl\u00e4chenbehandlungstechnologien zum Konvertieren und Extrudieren von Bahnen und Folien.\" \/>\n<meta name=\"robots\" content=\"index, follow, max-snippet:-1, max-image-preview:large, max-video-preview:-1\" \/>\n<link rel=\"canonical\" href=\"https:\/\/www.enerconind.com\/de\/products-treating\/\" \/>\n<meta property=\"og:locale\" content=\"en_US\" \/>\n<meta property=\"og:type\" content=\"article\" \/>\n<meta property=\"og:title\" content=\"Produkte - Oberfl\u00e4chenbehandlungs - Enercon Industries - Deutsch\" \/>\n<meta property=\"og:description\" content=\"Erhalten Sie Einblicke in die Oberfl\u00e4chenbehandlung mit Corona, Plasma und Flammen. Gr\u00f6\u00dfte Auswahl an Oberfl\u00e4chenbehandlungstechnologien zum Konvertieren und Extrudieren von Bahnen und Folien.\" \/>\n<meta property=\"og:url\" content=\"https:\/\/www.enerconind.com\/de\/products-treating\/\" \/>\n<meta property=\"og:site_name\" content=\"Enercon Industries - Deutsch\" \/>\n<meta property=\"article:modified_time\" content=\"2024-08-21T13:23:25+00:00\" \/>\n<meta property=\"og:image\" content=\"https:\/\/www.enerconind.com\/de\/wp-content\/uploads\/sites\/5\/2023\/10\/printing-coating-laminating-300x200.jpg\" \/>\n<meta name=\"twitter:card\" content=\"summary_large_image\" \/>\n<meta name=\"twitter:label1\" content=\"Est. reading time\" \/>\n\t<meta name=\"twitter:data1\" content=\"4 minutes\" \/>\n<script type=\"application\/ld+json\" class=\"yoast-schema-graph\">{\"@context\":\"https:\\\/\\\/schema.org\",\"@graph\":[{\"@type\":\"WebPage\",\"@id\":\"https:\\\/\\\/www.enerconind.com\\\/de\\\/products-treating\\\/\",\"url\":\"https:\\\/\\\/www.enerconind.com\\\/de\\\/products-treating\\\/\",\"name\":\"Produkte - Oberfl\u00e4chenbehandlungs - Enercon Industries - Deutsch\",\"isPartOf\":{\"@id\":\"https:\\\/\\\/www.enerconind.com\\\/de\\\/#website\"},\"primaryImageOfPage\":{\"@id\":\"https:\\\/\\\/www.enerconind.com\\\/de\\\/products-treating\\\/#primaryimage\"},\"image\":{\"@id\":\"https:\\\/\\\/www.enerconind.com\\\/de\\\/products-treating\\\/#primaryimage\"},\"thumbnailUrl\":\"https:\\\/\\\/www.enerconind.com\\\/de\\\/wp-content\\\/uploads\\\/sites\\\/5\\\/2023\\\/10\\\/printing-coating-laminating-300x200.jpg\",\"datePublished\":\"2023-10-10T20:13:10+00:00\",\"dateModified\":\"2024-08-21T13:23:25+00:00\",\"description\":\"Erhalten Sie Einblicke in die Oberfl\u00e4chenbehandlung mit Corona, Plasma und Flammen. Gr\u00f6\u00dfte Auswahl an Oberfl\u00e4chenbehandlungstechnologien zum Konvertieren und Extrudieren von Bahnen und Folien.\",\"breadcrumb\":{\"@id\":\"https:\\\/\\\/www.enerconind.com\\\/de\\\/products-treating\\\/#breadcrumb\"},\"inLanguage\":\"en-US\",\"potentialAction\":[{\"@type\":\"ReadAction\",\"target\":[\"https:\\\/\\\/www.enerconind.com\\\/de\\\/products-treating\\\/\"]}]},{\"@type\":\"ImageObject\",\"inLanguage\":\"en-US\",\"@id\":\"https:\\\/\\\/www.enerconind.com\\\/de\\\/products-treating\\\/#primaryimage\",\"url\":\"https:\\\/\\\/media.enerconind.com\\\/wp-content\\\/uploads\\\/sites\\\/5\\\/2023\\\/10\\\/02145854\\\/printing-coating-laminating.jpg\",\"contentUrl\":\"https:\\\/\\\/media.enerconind.com\\\/wp-content\\\/uploads\\\/sites\\\/5\\\/2023\\\/10\\\/02145854\\\/printing-coating-laminating.jpg\",\"width\":1500,\"height\":1000},{\"@type\":\"BreadcrumbList\",\"@id\":\"https:\\\/\\\/www.enerconind.com\\\/de\\\/products-treating\\\/#breadcrumb\",\"itemListElement\":[{\"@type\":\"ListItem\",\"position\":1,\"name\":\"Home\",\"item\":\"https:\\\/\\\/www.enerconind.com\\\/de\\\/\"},{\"@type\":\"ListItem\",\"position\":2,\"name\":\"Produkte &#8211; Oberfl\u00e4chenbehandlungs\"}]},{\"@type\":\"WebSite\",\"@id\":\"https:\\\/\\\/www.enerconind.com\\\/de\\\/#website\",\"url\":\"https:\\\/\\\/www.enerconind.com\\\/de\\\/\",\"name\":\"Enercon Industries - Deutsch\",\"description\":\"\",\"potentialAction\":[{\"@type\":\"SearchAction\",\"target\":{\"@type\":\"EntryPoint\",\"urlTemplate\":\"https:\\\/\\\/www.enerconind.com\\\/de\\\/?s={search_term_string}\"},\"query-input\":{\"@type\":\"PropertyValueSpecification\",\"valueRequired\":true,\"valueName\":\"search_term_string\"}}],\"inLanguage\":\"en-US\"}]}<\/script>\n<!-- \/ Yoast SEO plugin. -->","yoast_head_json":{"title":"Produkte - Oberfl\u00e4chenbehandlungs - Enercon Industries - Deutsch","description":"Erhalten Sie Einblicke in die Oberfl\u00e4chenbehandlung mit Corona, Plasma und Flammen. Gr\u00f6\u00dfte Auswahl an Oberfl\u00e4chenbehandlungstechnologien zum Konvertieren und Extrudieren von Bahnen und Folien.","robots":{"index":"index","follow":"follow","max-snippet":"max-snippet:-1","max-image-preview":"max-image-preview:large","max-video-preview":"max-video-preview:-1"},"canonical":"https:\/\/www.enerconind.com\/de\/products-treating\/","og_locale":"en_US","og_type":"article","og_title":"Produkte - Oberfl\u00e4chenbehandlungs - Enercon Industries - Deutsch","og_description":"Erhalten Sie Einblicke in die Oberfl\u00e4chenbehandlung mit Corona, Plasma und Flammen. Gr\u00f6\u00dfte Auswahl an Oberfl\u00e4chenbehandlungstechnologien zum Konvertieren und Extrudieren von Bahnen und Folien.","og_url":"https:\/\/www.enerconind.com\/de\/products-treating\/","og_site_name":"Enercon Industries - Deutsch","article_modified_time":"2024-08-21T13:23:25+00:00","og_image":[{"url":"https:\/\/www.enerconind.com\/de\/wp-content\/uploads\/sites\/5\/2023\/10\/printing-coating-laminating-300x200.jpg","type":"","width":"","height":""}],"twitter_card":"summary_large_image","twitter_misc":{"Est. reading time":"4 minutes"},"schema":{"@context":"https:\/\/schema.org","@graph":[{"@type":"WebPage","@id":"https:\/\/www.enerconind.com\/de\/products-treating\/","url":"https:\/\/www.enerconind.com\/de\/products-treating\/","name":"Produkte - Oberfl\u00e4chenbehandlungs - Enercon Industries - Deutsch","isPartOf":{"@id":"https:\/\/www.enerconind.com\/de\/#website"},"primaryImageOfPage":{"@id":"https:\/\/www.enerconind.com\/de\/products-treating\/#primaryimage"},"image":{"@id":"https:\/\/www.enerconind.com\/de\/products-treating\/#primaryimage"},"thumbnailUrl":"https:\/\/www.enerconind.com\/de\/wp-content\/uploads\/sites\/5\/2023\/10\/printing-coating-laminating-300x200.jpg","datePublished":"2023-10-10T20:13:10+00:00","dateModified":"2024-08-21T13:23:25+00:00","description":"Erhalten Sie Einblicke in die Oberfl\u00e4chenbehandlung mit Corona, Plasma und Flammen. Gr\u00f6\u00dfte Auswahl an Oberfl\u00e4chenbehandlungstechnologien zum Konvertieren und Extrudieren von Bahnen und Folien.","breadcrumb":{"@id":"https:\/\/www.enerconind.com\/de\/products-treating\/#breadcrumb"},"inLanguage":"en-US","potentialAction":[{"@type":"ReadAction","target":["https:\/\/www.enerconind.com\/de\/products-treating\/"]}]},{"@type":"ImageObject","inLanguage":"en-US","@id":"https:\/\/www.enerconind.com\/de\/products-treating\/#primaryimage","url":"https:\/\/media.enerconind.com\/wp-content\/uploads\/sites\/5\/2023\/10\/02145854\/printing-coating-laminating.jpg","contentUrl":"https:\/\/media.enerconind.com\/wp-content\/uploads\/sites\/5\/2023\/10\/02145854\/printing-coating-laminating.jpg","width":1500,"height":1000},{"@type":"BreadcrumbList","@id":"https:\/\/www.enerconind.com\/de\/products-treating\/#breadcrumb","itemListElement":[{"@type":"ListItem","position":1,"name":"Home","item":"https:\/\/www.enerconind.com\/de\/"},{"@type":"ListItem","position":2,"name":"Produkte &#8211; Oberfl\u00e4chenbehandlungs"}]},{"@type":"WebSite","@id":"https:\/\/www.enerconind.com\/de\/#website","url":"https:\/\/www.enerconind.com\/de\/","name":"Enercon Industries - Deutsch","description":"","potentialAction":[{"@type":"SearchAction","target":{"@type":"EntryPoint","urlTemplate":"https:\/\/www.enerconind.com\/de\/?s={search_term_string}"},"query-input":{"@type":"PropertyValueSpecification","valueRequired":true,"valueName":"search_term_string"}}],"inLanguage":"en-US"}]}},"_links":{"self":[{"href":"https:\/\/www.enerconind.com\/de\/wp-json\/wp\/v2\/pages\/223","targetHints":{"allow":["GET"]}}],"collection":[{"href":"https:\/\/www.enerconind.com\/de\/wp-json\/wp\/v2\/pages"}],"about":[{"href":"https:\/\/www.enerconind.com\/de\/wp-json\/wp\/v2\/types\/page"}],"author":[{"embeddable":true,"href":"https:\/\/www.enerconind.com\/de\/wp-json\/wp\/v2\/users\/3"}],"replies":[{"embeddable":true,"href":"https:\/\/www.enerconind.com\/de\/wp-json\/wp\/v2\/comments?post=223"}],"version-history":[{"count":0,"href":"https:\/\/www.enerconind.com\/de\/wp-json\/wp\/v2\/pages\/223\/revisions"}],"wp:attachment":[{"href":"https:\/\/www.enerconind.com\/de\/wp-json\/wp\/v2\/media?parent=223"}],"curies":[{"name":"wp","href":"https:\/\/api.w.org\/{rel}","templated":true}]}}