{"id":219,"date":"2023-10-10T20:12:04","date_gmt":"2023-10-10T20:12:04","guid":{"rendered":"https:\/\/www.enerconind.com\/de\/?page_id=219"},"modified":"2024-08-21T13:21:39","modified_gmt":"2024-08-21T13:21:39","slug":"frequently-asked-questions-sealing","status":"publish","type":"page","link":"https:\/\/www.enerconind.com\/de\/frequently-asked-questions-sealing\/","title":{"rendered":"H\u00e4ufig gestellte Fragen &#8211; Induktionssiegelung"},"content":{"rendered":"\n\n\t\t<h1>\n\t\t\tFAQ\n\t\t<\/h1>\n\t\t\t\t Einer von 10 oder 20 Beh\u00e4ltern ist nicht richtig gesiegelt. Die zun\u00e4chst gestellte Frage ist &#8220;Was stimmt nicht mit meinem Siegelsystem?&#8221;\n\t\t\t\t\t<p>Eine konsistente Induktive Siegelung resultiert aus der Konsistenz des Prozesses. Indirekte oder anscheinend unbedeutende Faktoren k\u00f6nnen die Siegelung so beeinflussen, dass letztlich kein akzeptables Ergebnis entsteht. Um \u00fcberhaupt eine gute Siegelqualit\u00e4t zu erzielen muss das Siegel mit dem Beh\u00e4lterrand in gleichm\u00e4\u00dfigem Kontakt, bei gleichm\u00e4\u00dfigem Andruck stehen. Die Materialien des Siegels und des Beh\u00e4lters m\u00fcssen kompatibel sein und das elektrische Feld muss den zu siegelnden Bereich erreichen k\u00f6nnen. Wenn diese Parameter nicht stimmig sind, so darf ein unbefriedigendes Siegelergebnis erwartet werden. Jedoch wird das Problem fast immer zun\u00e4chst bei dem Siegelsystem gesucht.<\/p>\n<p>Die h\u00e4ufigste Ursache f\u00fcr unbefriedigende Siegelergebnisse liegt in inkonsistentem Verschlussmoment der Kappen. Das Siegel wird nicht ausreichend fest auf den Beh\u00e4lterhals aufgedr\u00fcckt. Ein weiterer Grund f\u00fcr Probleme kann darin liegen, dass die zu siegelnde Fl\u00e4che zu weit vom elektrischen Feld entfernt ist. Inkompatibilit\u00e4ten der Materialien sind oft darin begr\u00fcndet, das Zulieferer der Packmittel wechseln oder die Herstellungs-prozesse ge\u00e4ndert werden.<\/p>\n\t\t\t\tWas geschieht im Siegelger\u00e4t?\n\t\t\t\t\t<p>Oft wird ein Induktionssiegelger\u00e4t mit einem Hei\u00dfsiegelsystem gleichgestellt. Der Prozess des induktiven Siegelns resultiert aus der Umwandlung von elektrischer in magnetische Energie, von magnetischer wieder in elektrische Energie und letztendlich elektrischer Energie in thermische, wobei die Siegelung entsteht. Die Energieversorgung des Siegelsystems konvertiert den Netzstrom in einen hochfrequenten, regulierten Wechselstrom, den die Siegelspule in ein magnetisches Feld umsetzt dem die Induktionssiegel ausgesetzt werden. Wenn ein Leiter in ein magnetisches Feld gelangt so wird eine Spannung induziert. Die Siegel wirken aufgrund ihrer Leitf\u00e4higkeit wie ein Widerstand und erhitzen sich. Hierbei schmilzt die Polymerschicht auf dem Siegel und verbindet sich beim Erkalten fest mit dem Beh\u00e4lterhals.<\/p>\n\t\t\t\tWarum gibt das Verschlussmoment nach dem Induktiven Versiegeln nach?\n\t\t\t\t\t<p>Die Induktionssiegel bestehen oft aus einem Verbund von Aluminiumfolie (mit Polymer beschichtet auf der Siegelseite) und einer r\u00fcckw\u00e4rtigen Dichtung aus Schaumstoff oder Pappe. Der Verbund wird durch eine Wachsschicht zusammengehalten. Beim Erhitzen des Siegels muss sich dieser Verbund trennen, d.h. die Wachsschicht schmilzt und wird von der R\u00fcckendichtung absorbiert Der freigewordene Raum, wenn auch nur sehr klein resultiert in der Lockerung des \u00d6ffnungsmomentes.<\/p>\n\t\t\t\tWenn eine Nachziehmaschine f\u00fcr die Verschl\u00fcsse ben\u00f6tigt wird, wie weit muss sie vom Siegelger\u00e4t entfernt stehen?\n\t\t\t\t\t<p>Da lockere Verschlusskappen den Eindruck eines &#8220;unsicheren&#8221; Produktes erwecken k\u00f6nnten, installieren viele Verpackungsbetriebe eine Nachziehmaschine an ihrer Anlage. Damit das Siegel erkalten kann und eine innige Verbindung mit dem Beh\u00e4lterhals eingehen kann, sollte diese Nachziehmaschine m\u00f6glichst weit vom Siegelsystem entfernt stehen.<\/p>\n\t\t\t\tWelche Siegelspule ist die richtige?\n\t\t\t\t\t<p>Das Design der Siegelspule richtet sich nach dem Punkt, wo das Siegel in Relation zur Verschlusskappe sitzt. Wie bereits erl\u00e4utert, wird angestrebt das Feld optimal dort zu fokussieren, wo auch die zu siegelnde Fl\u00e4che ist. Idealerweise sollte die Siegelspule einen Abstand von 3,2 &#8211; 6,4mm vom Siegel haben. Wenn dies nicht ohne weiteres m\u00f6glich ist, z.B. aufgrund der H\u00f6he der Verschl\u00fcsse, wird das elektrische Feld seitlich auf das Siegel gerichtet. d.h. die Siegelspule erh\u00e4lt die Form eines umgekehrten \u201eU&#8221;. man spricht auch von einer \u201eTunnelspule&#8221;.<\/p>\n\n","protected":false},"excerpt":{"rendered":"<p>FAQ Einer von 10 oder 20 Beh\u00e4ltern ist nicht richtig gesiegelt. Die zun\u00e4chst gestellte Frage ist &#8220;Was stimmt nicht mit meinem Siegelsystem?&#8221; Eine konsistente Induktive Siegelung resultiert aus der Konsistenz des Prozesses. Indirekte oder anscheinend unbedeutende Faktoren k\u00f6nnen die Siegelung so beeinflussen, dass letztlich kein akzeptables Ergebnis entsteht. Um \u00fcberhaupt eine gute Siegelqualit\u00e4t zu erzielen&hellip;<\/p>\n","protected":false},"author":3,"featured_media":0,"parent":0,"menu_order":0,"comment_status":"closed","ping_status":"closed","template":"","meta":{"_acf_changed":false,"footnotes":""},"class_list":["post-219","page","type-page","status-publish","hentry"],"acf":[],"yoast_head":"<!-- This site is optimized with the Yoast SEO plugin v27.4 - https:\/\/yoast.com\/product\/yoast-seo-wordpress\/ -->\n<title>H\u00e4ufig gestellte Fragen - Induktionssiegelung - Enercon Industries - Deutsch<\/title>\n<meta name=\"description\" content=\"Sie haben eine grundlegende Frage zur Induktionsversiegelung? Hier finden Sie die Antwort.\" \/>\n<meta name=\"robots\" content=\"index, follow, max-snippet:-1, max-image-preview:large, max-video-preview:-1\" \/>\n<link rel=\"canonical\" href=\"https:\/\/www.enerconind.com\/de\/frequently-asked-questions-sealing\/\" \/>\n<meta property=\"og:locale\" content=\"en_US\" \/>\n<meta property=\"og:type\" content=\"article\" \/>\n<meta property=\"og:title\" content=\"H\u00e4ufig gestellte Fragen - Induktionssiegelung - Enercon Industries - Deutsch\" \/>\n<meta property=\"og:description\" content=\"Sie haben eine grundlegende Frage zur Induktionsversiegelung? Hier finden Sie die Antwort.\" \/>\n<meta property=\"og:url\" content=\"https:\/\/www.enerconind.com\/de\/frequently-asked-questions-sealing\/\" \/>\n<meta property=\"og:site_name\" content=\"Enercon Industries - Deutsch\" \/>\n<meta property=\"article:modified_time\" content=\"2024-08-21T13:21:39+00:00\" \/>\n<meta name=\"twitter:card\" content=\"summary_large_image\" \/>\n<meta name=\"twitter:label1\" content=\"Est. reading time\" \/>\n\t<meta name=\"twitter:data1\" content=\"3 minutes\" \/>\n<script type=\"application\/ld+json\" class=\"yoast-schema-graph\">{\"@context\":\"https:\\\/\\\/schema.org\",\"@graph\":[{\"@type\":\"WebPage\",\"@id\":\"https:\\\/\\\/www.enerconind.com\\\/de\\\/frequently-asked-questions-sealing\\\/\",\"url\":\"https:\\\/\\\/www.enerconind.com\\\/de\\\/frequently-asked-questions-sealing\\\/\",\"name\":\"H\u00e4ufig gestellte Fragen - Induktionssiegelung - Enercon Industries - Deutsch\",\"isPartOf\":{\"@id\":\"https:\\\/\\\/www.enerconind.com\\\/de\\\/#website\"},\"datePublished\":\"2023-10-10T20:12:04+00:00\",\"dateModified\":\"2024-08-21T13:21:39+00:00\",\"description\":\"Sie haben eine grundlegende Frage zur Induktionsversiegelung? Hier finden Sie die Antwort.\",\"breadcrumb\":{\"@id\":\"https:\\\/\\\/www.enerconind.com\\\/de\\\/frequently-asked-questions-sealing\\\/#breadcrumb\"},\"inLanguage\":\"en-US\",\"potentialAction\":[{\"@type\":\"ReadAction\",\"target\":[\"https:\\\/\\\/www.enerconind.com\\\/de\\\/frequently-asked-questions-sealing\\\/\"]}]},{\"@type\":\"BreadcrumbList\",\"@id\":\"https:\\\/\\\/www.enerconind.com\\\/de\\\/frequently-asked-questions-sealing\\\/#breadcrumb\",\"itemListElement\":[{\"@type\":\"ListItem\",\"position\":1,\"name\":\"Home\",\"item\":\"https:\\\/\\\/www.enerconind.com\\\/de\\\/\"},{\"@type\":\"ListItem\",\"position\":2,\"name\":\"H\u00e4ufig gestellte Fragen &#8211; Induktionssiegelung\"}]},{\"@type\":\"WebSite\",\"@id\":\"https:\\\/\\\/www.enerconind.com\\\/de\\\/#website\",\"url\":\"https:\\\/\\\/www.enerconind.com\\\/de\\\/\",\"name\":\"Enercon Industries - Deutsch\",\"description\":\"\",\"potentialAction\":[{\"@type\":\"SearchAction\",\"target\":{\"@type\":\"EntryPoint\",\"urlTemplate\":\"https:\\\/\\\/www.enerconind.com\\\/de\\\/?s={search_term_string}\"},\"query-input\":{\"@type\":\"PropertyValueSpecification\",\"valueRequired\":true,\"valueName\":\"search_term_string\"}}],\"inLanguage\":\"en-US\"}]}<\/script>\n<!-- \/ Yoast SEO plugin. -->","yoast_head_json":{"title":"H\u00e4ufig gestellte Fragen - Induktionssiegelung - Enercon Industries - Deutsch","description":"Sie haben eine grundlegende Frage zur Induktionsversiegelung? Hier finden Sie die Antwort.","robots":{"index":"index","follow":"follow","max-snippet":"max-snippet:-1","max-image-preview":"max-image-preview:large","max-video-preview":"max-video-preview:-1"},"canonical":"https:\/\/www.enerconind.com\/de\/frequently-asked-questions-sealing\/","og_locale":"en_US","og_type":"article","og_title":"H\u00e4ufig gestellte Fragen - Induktionssiegelung - Enercon Industries - Deutsch","og_description":"Sie haben eine grundlegende Frage zur Induktionsversiegelung? Hier finden Sie die Antwort.","og_url":"https:\/\/www.enerconind.com\/de\/frequently-asked-questions-sealing\/","og_site_name":"Enercon Industries - Deutsch","article_modified_time":"2024-08-21T13:21:39+00:00","twitter_card":"summary_large_image","twitter_misc":{"Est. reading time":"3 minutes"},"schema":{"@context":"https:\/\/schema.org","@graph":[{"@type":"WebPage","@id":"https:\/\/www.enerconind.com\/de\/frequently-asked-questions-sealing\/","url":"https:\/\/www.enerconind.com\/de\/frequently-asked-questions-sealing\/","name":"H\u00e4ufig gestellte Fragen - Induktionssiegelung - Enercon Industries - Deutsch","isPartOf":{"@id":"https:\/\/www.enerconind.com\/de\/#website"},"datePublished":"2023-10-10T20:12:04+00:00","dateModified":"2024-08-21T13:21:39+00:00","description":"Sie haben eine grundlegende Frage zur Induktionsversiegelung? Hier finden Sie die Antwort.","breadcrumb":{"@id":"https:\/\/www.enerconind.com\/de\/frequently-asked-questions-sealing\/#breadcrumb"},"inLanguage":"en-US","potentialAction":[{"@type":"ReadAction","target":["https:\/\/www.enerconind.com\/de\/frequently-asked-questions-sealing\/"]}]},{"@type":"BreadcrumbList","@id":"https:\/\/www.enerconind.com\/de\/frequently-asked-questions-sealing\/#breadcrumb","itemListElement":[{"@type":"ListItem","position":1,"name":"Home","item":"https:\/\/www.enerconind.com\/de\/"},{"@type":"ListItem","position":2,"name":"H\u00e4ufig gestellte Fragen &#8211; Induktionssiegelung"}]},{"@type":"WebSite","@id":"https:\/\/www.enerconind.com\/de\/#website","url":"https:\/\/www.enerconind.com\/de\/","name":"Enercon Industries - Deutsch","description":"","potentialAction":[{"@type":"SearchAction","target":{"@type":"EntryPoint","urlTemplate":"https:\/\/www.enerconind.com\/de\/?s={search_term_string}"},"query-input":{"@type":"PropertyValueSpecification","valueRequired":true,"valueName":"search_term_string"}}],"inLanguage":"en-US"}]}},"_links":{"self":[{"href":"https:\/\/www.enerconind.com\/de\/wp-json\/wp\/v2\/pages\/219","targetHints":{"allow":["GET"]}}],"collection":[{"href":"https:\/\/www.enerconind.com\/de\/wp-json\/wp\/v2\/pages"}],"about":[{"href":"https:\/\/www.enerconind.com\/de\/wp-json\/wp\/v2\/types\/page"}],"author":[{"embeddable":true,"href":"https:\/\/www.enerconind.com\/de\/wp-json\/wp\/v2\/users\/3"}],"replies":[{"embeddable":true,"href":"https:\/\/www.enerconind.com\/de\/wp-json\/wp\/v2\/comments?post=219"}],"version-history":[{"count":0,"href":"https:\/\/www.enerconind.com\/de\/wp-json\/wp\/v2\/pages\/219\/revisions"}],"wp:attachment":[{"href":"https:\/\/www.enerconind.com\/de\/wp-json\/wp\/v2\/media?parent=219"}],"curies":[{"name":"wp","href":"https:\/\/api.w.org\/{rel}","templated":true}]}}