{"id":217,"date":"2023-10-10T20:11:24","date_gmt":"2023-10-10T20:11:24","guid":{"rendered":"https:\/\/www.enerconind.com\/de\/?page_id=217"},"modified":"2024-08-21T13:23:03","modified_gmt":"2024-08-21T13:23:03","slug":"products-sealing","status":"publish","type":"page","link":"https:\/\/www.enerconind.com\/de\/products-sealing\/","title":{"rendered":"Produkte &#8211; Induktionssiegelung"},"content":{"rendered":"\n\n\t\t<h1>\n\t\t\tProdukte\n\t\t<\/h1>\n\t\t\t<p>Induktionssiegelsysteme erhalten die Frische Ihres Produktes, verl\u00e4ngern die Haltbarkeit, vermeiden teure Reklamationen wegen Undichtigkeiten und sichern die Originalit\u00e4t. Enercon hat ein breites Lieferprogramm und f\u00fcr jeden Kunden das richtige Siegelsystem. Enercon garantiert f\u00fcr den erfolgreichen Einsatz.<\/p>\t\t\n\t\n\t\t<h1>\n\t\t\tProdukte\n\t\t<\/h1>\n\t\t\t<p>Wie ist solch eine Garantie m\u00f6glich? Enercon hat mehr anwendungsbezogene Systeme entwickelt und ausgeliefert als jeder andere Hersteller auf diesem Gebiet und damit einen unerreichten Schatz an Erfahrung gesammelt und dokumentiert.Diese Leistungsgarantie gilt weltweit f\u00fcr die Pharma- , Lebensmittel-, Kosmetik-, Haushalts-, Schmiermittel- und Chemie-IndustrieEnercon bietet eine weltweite technische Unterst\u00fctzung. Unser Netzwerk an Vertretungen und Servicebetrieben ist strategisch optimal angelegt. Hinzu kommt Enercons 24-Stunden Notdienst und Fehlersuchm\u00f6glichkeiten durch unsere interaktive Website.Ob Ihr Anwendungsfall nach einem Hochleistungs Super Seal\u2122-System verlangt oder ob Sie mit einem manuellen Compak\u2122 Jr schon bestens versorgt sind, k\u00f6nnen Sie sicher sein, dass Ihnen Enercon die optimale L\u00f6sung bietet. Aufgrund der technischen Unterst\u00fctzung, der Erfolgsgarantie, der R\u00fcckgabem\u00f6glichkeit bei Upgrade ist eine Investition in Enercon-System v\u00f6llig risikofrei.<\/p>\t\t\n\t\t\t\t<img loading=\"lazy\" decoding=\"async\" src=\"https:\/\/media.enerconind.com\/wp-content\/uploads\/sites\/5\/2023\/10\/02145918\/Cap-Sealers-cropped-1024x731.png\" alt=\"Cap-Sealers-cropped\" height=\"731\" width=\"1024\" title=\"Cap-Sealers-cropped\" \/>\n\t\t\t\t\t\t\t<img decoding=\"async\" src=\"https:\/\/www.enerconind.com\/sealing\/wp-content\/uploads\/sites\/2\/2023\/08\/enercon-super-seal-max-1250x900-1-1024x737.png\" alt=\"\" \/>\n\t\t\tSUPER SEAL\u2122 MAX\n\t\t<h4><a href=\"https:\/\/www.enercon-industries.de\/produkte-vielseitigste-sortiment-an-induktionsversiegelungs-technologie\/automatische-inline-siegelsysteme\/super-seal-max\/\" target=\"_self\" rel=\"noopener\">Deutsch<\/a><\/h4>\n\t\t\t<p><a href=\"\/sealing\/cap-sealing\/super-seal-max\/\">(Englisch)<\/a><\/p>\t\t\n\t\t\t\t\t\t\t<img decoding=\"async\" src=\"https:\/\/www.enerconind.com\/sealing\/wp-content\/uploads\/sites\/2\/2023\/08\/enercon-super-seal-touch-1250x900-1-1024x737.png\" alt=\"\" \/>\n\t\t\tSUPER SEAL\u2122 TOUCH\n\t\t<h4><a href=\"https:\/\/www.enercon-industries.de\/produkte-vielseitigste-sortiment-an-induktionsversiegelungs-technologie\/automatische-inline-siegelsysteme\/super-seal-touch-induktionssiegelsystem\/\" target=\"_self\" rel=\"noopener\">Deutsch<\/a><\/h4>\n\t\t\t<p><a href=\"\/sealing\/cap-sealing\/super-seal-touch\/\">(Englisch)<\/a><\/p>\t\t\n\t\t\t\t\t\t\t<img decoding=\"async\" src=\"https:\/\/www.enerconind.com\/sealing\/wp-content\/uploads\/sites\/2\/2023\/08\/enercon-super-seal-pro-1250x900-1-1024x737.png\" alt=\"\" \/>\n\t\t\tSUPER SEAL\u2122 PRO\n\t\t<h4><a href=\"\/sealing\/cap-sealing\/super-seal-pro\/\" target=\"_self\" rel=\"noopener\">Englisch<\/a><\/h4>\n\t\t\t\t\t\t\t<img decoding=\"async\" src=\"https:\/\/www.enerconind.com\/sealing\/wp-content\/uploads\/sites\/2\/2023\/08\/enercon-super-seal-1250x900-1-1024x737.png\" alt=\"\" \/>\n\t\t\tSUPER SEAL\u2122\n\t\t<h4><a href=\"https:\/\/www.enercon-industries.de\/produkte-vielseitigste-sortiment-an-induktionsversiegelungs-technologie\/automatische-inline-siegelsysteme\/super-seal-induktionssiegelsysteme\/\" target=\"_self\" rel=\"noopener\">Deutsch<\/a><\/h4>\n\t\t\t<p><a href=\"\/sealing\/cap-sealing\/super-seal\/\">(Englisch)<\/a><\/p>\t\t\n\t\t\t\t\t\t\t<img decoding=\"async\" src=\"https:\/\/www.enerconind.com\/sealing\/wp-content\/uploads\/sites\/2\/2023\/08\/enercon-super-seal-jr-1250x900-1-1024x737.png\" alt=\"\" \/>\n\t\t\tSUPER SEAL\u2122 JR.\n\t\t<h4><a href=\"https:\/\/www.enercon-industries.de\/produkte-vielseitigste-sortiment-an-induktionsversiegelungs-technologie\/handgefuehrter-produktion\/\" target=\"_self\" rel=\"noopener\">Deutsch<\/a><\/h4>\n\t\t\t<p><a href=\"\/sealing\/cap-sealing\/super-seal-jr\/\">(Englisch)<\/a><\/p>\t\t\n\n","protected":false},"excerpt":{"rendered":"<p>Produkte Induktionssiegelsysteme erhalten die Frische Ihres Produktes, verl\u00e4ngern die Haltbarkeit, vermeiden teure Reklamationen wegen Undichtigkeiten und sichern die Originalit\u00e4t. Enercon hat ein breites Lieferprogramm und f\u00fcr jeden Kunden das richtige Siegelsystem. Enercon garantiert f\u00fcr den erfolgreichen Einsatz. Produkte Wie ist solch eine Garantie m\u00f6glich? Enercon hat mehr anwendungsbezogene Systeme entwickelt und ausgeliefert als jeder andere&hellip;<\/p>\n","protected":false},"author":3,"featured_media":0,"parent":0,"menu_order":0,"comment_status":"closed","ping_status":"closed","template":"","meta":{"_acf_changed":false,"footnotes":""},"class_list":["post-217","page","type-page","status-publish","hentry"],"acf":[],"yoast_head":"<!-- This site is optimized with the Yoast SEO plugin v27.4 - https:\/\/yoast.com\/product\/yoast-seo-wordpress\/ -->\n<title>Produkte - Induktionssiegelung - Enercon Industries - Deutsch<\/title>\n<meta name=\"description\" content=\"Entdecken Sie das beste Induktions-Verschlusssiegelger\u00e4t f\u00fcr Ihren Einsatzzweck. Gr\u00f6\u00dfte Auswahl an Super Seal\u2122-Verschlusssiegelmaschinen f\u00fcr alle Liniengeschwindigkeiten und Beh\u00e4ltertypen.\" \/>\n<meta name=\"robots\" content=\"index, follow, max-snippet:-1, max-image-preview:large, max-video-preview:-1\" \/>\n<link rel=\"canonical\" href=\"https:\/\/www.enerconind.com\/de\/products-sealing\/\" \/>\n<meta property=\"og:locale\" content=\"en_US\" \/>\n<meta property=\"og:type\" content=\"article\" \/>\n<meta property=\"og:title\" content=\"Produkte - Induktionssiegelung - Enercon Industries - Deutsch\" \/>\n<meta property=\"og:description\" content=\"Entdecken Sie das beste Induktions-Verschlusssiegelger\u00e4t f\u00fcr Ihren Einsatzzweck. Gr\u00f6\u00dfte Auswahl an Super Seal\u2122-Verschlusssiegelmaschinen f\u00fcr alle Liniengeschwindigkeiten und Beh\u00e4ltertypen.\" \/>\n<meta property=\"og:url\" content=\"https:\/\/www.enerconind.com\/de\/products-sealing\/\" \/>\n<meta property=\"og:site_name\" content=\"Enercon Industries - Deutsch\" \/>\n<meta property=\"article:modified_time\" content=\"2024-08-21T13:23:03+00:00\" \/>\n<meta property=\"og:image\" content=\"https:\/\/www.enerconind.com\/de\/wp-content\/uploads\/sites\/5\/2023\/10\/Cap-Sealers-cropped-1024x731.png\" \/>\n<meta name=\"twitter:card\" content=\"summary_large_image\" \/>\n<meta name=\"twitter:label1\" content=\"Est. reading time\" \/>\n\t<meta name=\"twitter:data1\" content=\"2 minutes\" \/>\n<script type=\"application\/ld+json\" class=\"yoast-schema-graph\">{\"@context\":\"https:\\\/\\\/schema.org\",\"@graph\":[{\"@type\":\"WebPage\",\"@id\":\"https:\\\/\\\/www.enerconind.com\\\/de\\\/products-sealing\\\/\",\"url\":\"https:\\\/\\\/www.enerconind.com\\\/de\\\/products-sealing\\\/\",\"name\":\"Produkte - Induktionssiegelung - Enercon Industries - Deutsch\",\"isPartOf\":{\"@id\":\"https:\\\/\\\/www.enerconind.com\\\/de\\\/#website\"},\"primaryImageOfPage\":{\"@id\":\"https:\\\/\\\/www.enerconind.com\\\/de\\\/products-sealing\\\/#primaryimage\"},\"image\":{\"@id\":\"https:\\\/\\\/www.enerconind.com\\\/de\\\/products-sealing\\\/#primaryimage\"},\"thumbnailUrl\":\"https:\\\/\\\/www.enerconind.com\\\/de\\\/wp-content\\\/uploads\\\/sites\\\/5\\\/2023\\\/10\\\/Cap-Sealers-cropped-1024x731.png\",\"datePublished\":\"2023-10-10T20:11:24+00:00\",\"dateModified\":\"2024-08-21T13:23:03+00:00\",\"description\":\"Entdecken Sie das beste Induktions-Verschlusssiegelger\u00e4t f\u00fcr Ihren Einsatzzweck. Gr\u00f6\u00dfte Auswahl an Super Seal\u2122-Verschlusssiegelmaschinen f\u00fcr alle Liniengeschwindigkeiten und Beh\u00e4ltertypen.\",\"breadcrumb\":{\"@id\":\"https:\\\/\\\/www.enerconind.com\\\/de\\\/products-sealing\\\/#breadcrumb\"},\"inLanguage\":\"en-US\",\"potentialAction\":[{\"@type\":\"ReadAction\",\"target\":[\"https:\\\/\\\/www.enerconind.com\\\/de\\\/products-sealing\\\/\"]}]},{\"@type\":\"ImageObject\",\"inLanguage\":\"en-US\",\"@id\":\"https:\\\/\\\/www.enerconind.com\\\/de\\\/products-sealing\\\/#primaryimage\",\"url\":\"https:\\\/\\\/media.enerconind.com\\\/wp-content\\\/uploads\\\/sites\\\/5\\\/2023\\\/10\\\/02145918\\\/Cap-Sealers-cropped.png\",\"contentUrl\":\"https:\\\/\\\/media.enerconind.com\\\/wp-content\\\/uploads\\\/sites\\\/5\\\/2023\\\/10\\\/02145918\\\/Cap-Sealers-cropped.png\",\"width\":1750,\"height\":1250},{\"@type\":\"BreadcrumbList\",\"@id\":\"https:\\\/\\\/www.enerconind.com\\\/de\\\/products-sealing\\\/#breadcrumb\",\"itemListElement\":[{\"@type\":\"ListItem\",\"position\":1,\"name\":\"Home\",\"item\":\"https:\\\/\\\/www.enerconind.com\\\/de\\\/\"},{\"@type\":\"ListItem\",\"position\":2,\"name\":\"Produkte &#8211; Induktionssiegelung\"}]},{\"@type\":\"WebSite\",\"@id\":\"https:\\\/\\\/www.enerconind.com\\\/de\\\/#website\",\"url\":\"https:\\\/\\\/www.enerconind.com\\\/de\\\/\",\"name\":\"Enercon Industries - Deutsch\",\"description\":\"\",\"potentialAction\":[{\"@type\":\"SearchAction\",\"target\":{\"@type\":\"EntryPoint\",\"urlTemplate\":\"https:\\\/\\\/www.enerconind.com\\\/de\\\/?s={search_term_string}\"},\"query-input\":{\"@type\":\"PropertyValueSpecification\",\"valueRequired\":true,\"valueName\":\"search_term_string\"}}],\"inLanguage\":\"en-US\"}]}<\/script>\n<!-- \/ Yoast SEO plugin. -->","yoast_head_json":{"title":"Produkte - Induktionssiegelung - Enercon Industries - Deutsch","description":"Entdecken Sie das beste Induktions-Verschlusssiegelger\u00e4t f\u00fcr Ihren Einsatzzweck. Gr\u00f6\u00dfte Auswahl an Super Seal\u2122-Verschlusssiegelmaschinen f\u00fcr alle Liniengeschwindigkeiten und Beh\u00e4ltertypen.","robots":{"index":"index","follow":"follow","max-snippet":"max-snippet:-1","max-image-preview":"max-image-preview:large","max-video-preview":"max-video-preview:-1"},"canonical":"https:\/\/www.enerconind.com\/de\/products-sealing\/","og_locale":"en_US","og_type":"article","og_title":"Produkte - Induktionssiegelung - Enercon Industries - Deutsch","og_description":"Entdecken Sie das beste Induktions-Verschlusssiegelger\u00e4t f\u00fcr Ihren Einsatzzweck. Gr\u00f6\u00dfte Auswahl an Super Seal\u2122-Verschlusssiegelmaschinen f\u00fcr alle Liniengeschwindigkeiten und Beh\u00e4ltertypen.","og_url":"https:\/\/www.enerconind.com\/de\/products-sealing\/","og_site_name":"Enercon Industries - Deutsch","article_modified_time":"2024-08-21T13:23:03+00:00","og_image":[{"url":"https:\/\/www.enerconind.com\/de\/wp-content\/uploads\/sites\/5\/2023\/10\/Cap-Sealers-cropped-1024x731.png","type":"","width":"","height":""}],"twitter_card":"summary_large_image","twitter_misc":{"Est. reading time":"2 minutes"},"schema":{"@context":"https:\/\/schema.org","@graph":[{"@type":"WebPage","@id":"https:\/\/www.enerconind.com\/de\/products-sealing\/","url":"https:\/\/www.enerconind.com\/de\/products-sealing\/","name":"Produkte - Induktionssiegelung - Enercon Industries - Deutsch","isPartOf":{"@id":"https:\/\/www.enerconind.com\/de\/#website"},"primaryImageOfPage":{"@id":"https:\/\/www.enerconind.com\/de\/products-sealing\/#primaryimage"},"image":{"@id":"https:\/\/www.enerconind.com\/de\/products-sealing\/#primaryimage"},"thumbnailUrl":"https:\/\/www.enerconind.com\/de\/wp-content\/uploads\/sites\/5\/2023\/10\/Cap-Sealers-cropped-1024x731.png","datePublished":"2023-10-10T20:11:24+00:00","dateModified":"2024-08-21T13:23:03+00:00","description":"Entdecken Sie das beste Induktions-Verschlusssiegelger\u00e4t f\u00fcr Ihren Einsatzzweck. Gr\u00f6\u00dfte Auswahl an Super Seal\u2122-Verschlusssiegelmaschinen f\u00fcr alle Liniengeschwindigkeiten und Beh\u00e4ltertypen.","breadcrumb":{"@id":"https:\/\/www.enerconind.com\/de\/products-sealing\/#breadcrumb"},"inLanguage":"en-US","potentialAction":[{"@type":"ReadAction","target":["https:\/\/www.enerconind.com\/de\/products-sealing\/"]}]},{"@type":"ImageObject","inLanguage":"en-US","@id":"https:\/\/www.enerconind.com\/de\/products-sealing\/#primaryimage","url":"https:\/\/media.enerconind.com\/wp-content\/uploads\/sites\/5\/2023\/10\/02145918\/Cap-Sealers-cropped.png","contentUrl":"https:\/\/media.enerconind.com\/wp-content\/uploads\/sites\/5\/2023\/10\/02145918\/Cap-Sealers-cropped.png","width":1750,"height":1250},{"@type":"BreadcrumbList","@id":"https:\/\/www.enerconind.com\/de\/products-sealing\/#breadcrumb","itemListElement":[{"@type":"ListItem","position":1,"name":"Home","item":"https:\/\/www.enerconind.com\/de\/"},{"@type":"ListItem","position":2,"name":"Produkte &#8211; Induktionssiegelung"}]},{"@type":"WebSite","@id":"https:\/\/www.enerconind.com\/de\/#website","url":"https:\/\/www.enerconind.com\/de\/","name":"Enercon Industries - Deutsch","description":"","potentialAction":[{"@type":"SearchAction","target":{"@type":"EntryPoint","urlTemplate":"https:\/\/www.enerconind.com\/de\/?s={search_term_string}"},"query-input":{"@type":"PropertyValueSpecification","valueRequired":true,"valueName":"search_term_string"}}],"inLanguage":"en-US"}]}},"_links":{"self":[{"href":"https:\/\/www.enerconind.com\/de\/wp-json\/wp\/v2\/pages\/217","targetHints":{"allow":["GET"]}}],"collection":[{"href":"https:\/\/www.enerconind.com\/de\/wp-json\/wp\/v2\/pages"}],"about":[{"href":"https:\/\/www.enerconind.com\/de\/wp-json\/wp\/v2\/types\/page"}],"author":[{"embeddable":true,"href":"https:\/\/www.enerconind.com\/de\/wp-json\/wp\/v2\/users\/3"}],"replies":[{"embeddable":true,"href":"https:\/\/www.enerconind.com\/de\/wp-json\/wp\/v2\/comments?post=217"}],"version-history":[{"count":0,"href":"https:\/\/www.enerconind.com\/de\/wp-json\/wp\/v2\/pages\/217\/revisions"}],"wp:attachment":[{"href":"https:\/\/www.enerconind.com\/de\/wp-json\/wp\/v2\/media?parent=217"}],"curies":[{"name":"wp","href":"https:\/\/api.w.org\/{rel}","templated":true}]}}